{"id":18796,"date":"2018-05-04T21:24:45","date_gmt":"2018-05-05T01:24:45","guid":{"rendered":"http:\/\/www.riacanada.ca\/?page_id=18796"},"modified":"2020-10-23T19:45:32","modified_gmt":"2020-10-23T23:45:32","slug":"home","status":"publish","type":"page","link":"https:\/\/www.riacanada.ca\/fr\/","title":{"rendered":"l&rsquo;Association pour l&rsquo;investissement responsable"},"content":{"rendered":"<p>L&rsquo;investissement responsable (IR) peut g\u00e9n\u00e9rer de meilleurs rendements financiers tout en contribuant \u00e0 un impact social et environnemental positif.<\/p>\n","protected":false},"excerpt":{"rendered":"<p>L&rsquo;investissement responsable (IR) peut g\u00e9n\u00e9rer de meilleurs rendements financiers tout en contribuant \u00e0 un impact social et environnemental positif.<\/p>\n","protected":false},"author":1,"featured_media":0,"parent":0,"menu_order":159,"comment_status":"open","ping_status":"open","template":"front-page.php","meta":{"footnotes":""},"acf":[],"yoast_head":"<!-- This site is optimized with the Yoast SEO plugin v21.0 - https:\/\/yoast.com\/wordpress\/plugins\/seo\/ -->\n<title>l&#039;Association pour l&#039;investissement responsable - Responsible Investment Association<\/title>\n<meta name=\"robots\" content=\"index, follow, max-snippet:-1, max-image-preview:large, max-video-preview:-1\" \/>\n<link rel=\"canonical\" href=\"https:\/\/www.riacanada.ca\/fr\/\" \/>\n<meta property=\"og:locale\" content=\"fr_FR\" \/>\n<meta property=\"og:type\" content=\"article\" \/>\n<meta property=\"og:title\" content=\"l&#039;Association pour l&#039;investissement responsable - Responsible Investment Association\" \/>\n<meta property=\"og:description\" content=\"L&rsquo;investissement responsable (IR) peut g\u00e9n\u00e9rer de meilleurs rendements financiers tout en contribuant \u00e0 un impact social et environnemental positif.\" \/>\n<meta property=\"og:url\" content=\"https:\/\/www.riacanada.ca\/fr\/\" \/>\n<meta property=\"og:site_name\" content=\"Responsible Investment Association\" \/>\n<meta property=\"article:modified_time\" content=\"2020-10-23T23:45:32+00:00\" \/>\n<meta name=\"twitter:card\" content=\"summary_large_image\" \/>\n<script type=\"application\/ld+json\" class=\"yoast-schema-graph\">{\"@context\":\"https:\/\/schema.org\",\"@graph\":[{\"@type\":\"WebPage\",\"@id\":\"https:\/\/www.riacanada.ca\/fr\/\",\"url\":\"https:\/\/www.riacanada.ca\/fr\/\",\"name\":\"l'Association pour l'investissement responsable - Responsible Investment Association\",\"isPartOf\":{\"@id\":\"https:\/\/www.riacanada.ca\/fr\/#website\"},\"datePublished\":\"2018-05-05T01:24:45+00:00\",\"dateModified\":\"2020-10-23T23:45:32+00:00\",\"breadcrumb\":{\"@id\":\"https:\/\/www.riacanada.ca\/fr\/#breadcrumb\"},\"inLanguage\":\"fr-CA\",\"potentialAction\":[{\"@type\":\"ReadAction\",\"target\":[\"https:\/\/www.riacanada.ca\/fr\/\"]}]},{\"@type\":\"BreadcrumbList\",\"@id\":\"https:\/\/www.riacanada.ca\/fr\/#breadcrumb\",\"itemListElement\":[{\"@type\":\"ListItem\",\"position\":1,\"name\":\"Home\",\"item\":\"https:\/\/www.riacanada.ca\/fr\/\"},{\"@type\":\"ListItem\",\"position\":2,\"name\":\"l&rsquo;Association pour l&rsquo;investissement responsable\"}]},{\"@type\":\"WebSite\",\"@id\":\"https:\/\/www.riacanada.ca\/fr\/#website\",\"url\":\"https:\/\/www.riacanada.ca\/fr\/\",\"name\":\"Responsible Investment Association\",\"description\":\"Canada&#039;s membership network for responsible investment\",\"potentialAction\":[{\"@type\":\"SearchAction\",\"target\":{\"@type\":\"EntryPoint\",\"urlTemplate\":\"https:\/\/www.riacanada.ca\/fr\/?s={search_term_string}\"},\"query-input\":\"required name=search_term_string\"}],\"inLanguage\":\"fr-CA\"}]}<\/script>\n<!-- \/ Yoast SEO plugin. -->","yoast_head_json":{"title":"l'Association pour l'investissement responsable - Responsible Investment Association","robots":{"index":"index","follow":"follow","max-snippet":"max-snippet:-1","max-image-preview":"max-image-preview:large","max-video-preview":"max-video-preview:-1"},"canonical":"https:\/\/www.riacanada.ca\/fr\/","og_locale":"fr_FR","og_type":"article","og_title":"l'Association pour l'investissement responsable - Responsible Investment Association","og_description":"L&rsquo;investissement responsable (IR) peut g\u00e9n\u00e9rer de meilleurs rendements financiers tout en contribuant \u00e0 un impact social et environnemental positif.","og_url":"https:\/\/www.riacanada.ca\/fr\/","og_site_name":"Responsible Investment Association","article_modified_time":"2020-10-23T23:45:32+00:00","twitter_card":"summary_large_image","schema":{"@context":"https:\/\/schema.org","@graph":[{"@type":"WebPage","@id":"https:\/\/www.riacanada.ca\/fr\/","url":"https:\/\/www.riacanada.ca\/fr\/","name":"l'Association pour l'investissement responsable - Responsible Investment Association","isPartOf":{"@id":"https:\/\/www.riacanada.ca\/fr\/#website"},"datePublished":"2018-05-05T01:24:45+00:00","dateModified":"2020-10-23T23:45:32+00:00","breadcrumb":{"@id":"https:\/\/www.riacanada.ca\/fr\/#breadcrumb"},"inLanguage":"fr-CA","potentialAction":[{"@type":"ReadAction","target":["https:\/\/www.riacanada.ca\/fr\/"]}]},{"@type":"BreadcrumbList","@id":"https:\/\/www.riacanada.ca\/fr\/#breadcrumb","itemListElement":[{"@type":"ListItem","position":1,"name":"Home","item":"https:\/\/www.riacanada.ca\/fr\/"},{"@type":"ListItem","position":2,"name":"l&rsquo;Association pour l&rsquo;investissement responsable"}]},{"@type":"WebSite","@id":"https:\/\/www.riacanada.ca\/fr\/#website","url":"https:\/\/www.riacanada.ca\/fr\/","name":"Responsible Investment Association","description":"Canada&#039;s membership network for responsible investment","potentialAction":[{"@type":"SearchAction","target":{"@type":"EntryPoint","urlTemplate":"https:\/\/www.riacanada.ca\/fr\/?s={search_term_string}"},"query-input":"required name=search_term_string"}],"inLanguage":"fr-CA"}]}},"_links":{"self":[{"href":"https:\/\/www.riacanada.ca\/fr\/wp-json\/wp\/v2\/pages\/18796"}],"collection":[{"href":"https:\/\/www.riacanada.ca\/fr\/wp-json\/wp\/v2\/pages"}],"about":[{"href":"https:\/\/www.riacanada.ca\/fr\/wp-json\/wp\/v2\/types\/page"}],"author":[{"embeddable":true,"href":"https:\/\/www.riacanada.ca\/fr\/wp-json\/wp\/v2\/users\/1"}],"replies":[{"embeddable":true,"href":"https:\/\/www.riacanada.ca\/fr\/wp-json\/wp\/v2\/comments?post=18796"}],"version-history":[{"count":20,"href":"https:\/\/www.riacanada.ca\/fr\/wp-json\/wp\/v2\/pages\/18796\/revisions"}],"predecessor-version":[{"id":46758,"href":"https:\/\/www.riacanada.ca\/fr\/wp-json\/wp\/v2\/pages\/18796\/revisions\/46758"}],"wp:attachment":[{"href":"https:\/\/www.riacanada.ca\/fr\/wp-json\/wp\/v2\/media?parent=18796"}],"curies":[{"name":"wp","href":"https:\/\/api.w.org\/{rel}","templated":true}]}}