{"id":23561,"date":"2018-09-26T16:58:54","date_gmt":"2018-09-26T20:58:54","guid":{"rendered":"http:\/\/www.riacanada.ca\/conseiller-financier\/"},"modified":"2025-05-22T16:52:14","modified_gmt":"2025-05-22T20:52:14","slug":"conseiller-financier","status":"publish","type":"page","link":"https:\/\/www.riacanada.ca\/fr\/adhesion\/conseiller-financier\/","title":{"rendered":"Conseiller financier"},"content":{"rendered":"<p>L\u2019adh\u00e9sion \u00e0 titre de membre conseiller s\u2019adresse aux conseillers et planificateurs financiers particuliers qui pratiquent et soutiennent l\u2019investissement responsable. L\u2019adh\u00e9sion \u00e0 l\u2019AIR \u00e0 titre de membre conseiller d\u00e9montre votre engagement \u00e0 l\u2019\u00e9gard de l\u2019investissement responsable et augmente votre visibilit\u00e9 aupr\u00e8s de vos clients actuels et potentiels.<\/p>\n","protected":false},"excerpt":{"rendered":"<p>L\u2019adh\u00e9sion \u00e0 titre de membre conseiller s\u2019adresse aux conseillers et planificateurs financiers particuliers qui pratiquent et soutiennent l\u2019investissement responsable. L\u2019adh\u00e9sion \u00e0 l\u2019AIR \u00e0 titre de membre conseiller d\u00e9montre votre engagement \u00e0 l\u2019\u00e9gard de l\u2019investissement responsable et augmente votre visibilit\u00e9 aupr\u00e8s de vos clients actuels et potentiels.<\/p>\n","protected":false},"author":1,"featured_media":24643,"parent":24328,"menu_order":94,"comment_status":"closed","ping_status":"closed","template":"templates\/membership-internal.php","meta":{"footnotes":""},"acf":[],"yoast_head":"<!-- This site is optimized with the Yoast SEO plugin v21.0 - https:\/\/yoast.com\/wordpress\/plugins\/seo\/ -->\n<title>Conseiller financier - Responsible Investment Association<\/title>\n<meta name=\"robots\" content=\"index, follow, max-snippet:-1, max-image-preview:large, max-video-preview:-1\" \/>\n<link rel=\"canonical\" href=\"https:\/\/www.riacanada.ca\/fr\/adhesion\/conseiller-financier\/\" \/>\n<meta property=\"og:locale\" content=\"fr_FR\" \/>\n<meta property=\"og:type\" content=\"article\" \/>\n<meta property=\"og:title\" content=\"Conseiller financier - Responsible Investment Association\" \/>\n<meta property=\"og:description\" content=\"L\u2019adh\u00e9sion \u00e0 titre de membre conseiller s\u2019adresse aux conseillers et planificateurs financiers particuliers qui pratiquent et soutiennent l\u2019investissement responsable. L\u2019adh\u00e9sion \u00e0 l\u2019AIR \u00e0 titre de membre conseiller d\u00e9montre votre engagement \u00e0 l\u2019\u00e9gard de l\u2019investissement responsable et augmente votre visibilit\u00e9 aupr\u00e8s de vos clients actuels et potentiels.\" \/>\n<meta property=\"og:url\" content=\"https:\/\/www.riacanada.ca\/fr\/adhesion\/conseiller-financier\/\" \/>\n<meta property=\"og:site_name\" content=\"Responsible Investment Association\" \/>\n<meta property=\"article:modified_time\" content=\"2025-05-22T20:52:14+00:00\" \/>\n<meta property=\"og:image\" content=\"https:\/\/www.riacanada.ca\/content\/uploads\/2018\/10\/advice-advise-advisor-7096.jpg\" \/>\n\t<meta property=\"og:image:width\" content=\"5472\" \/>\n\t<meta property=\"og:image:height\" content=\"3648\" \/>\n\t<meta property=\"og:image:type\" content=\"image\/jpeg\" \/>\n<meta name=\"twitter:card\" content=\"summary_large_image\" \/>\n<meta name=\"twitter:label1\" content=\"Est. reading time\" \/>\n\t<meta name=\"twitter:data1\" content=\"1 minute\" \/>\n<script type=\"application\/ld+json\" class=\"yoast-schema-graph\">{\"@context\":\"https:\/\/schema.org\",\"@graph\":[{\"@type\":\"WebPage\",\"@id\":\"https:\/\/www.riacanada.ca\/fr\/adhesion\/conseiller-financier\/\",\"url\":\"https:\/\/www.riacanada.ca\/fr\/adhesion\/conseiller-financier\/\",\"name\":\"Conseiller financier - Responsible Investment Association\",\"isPartOf\":{\"@id\":\"https:\/\/www.riacanada.ca\/fr\/#website\"},\"datePublished\":\"2018-09-26T20:58:54+00:00\",\"dateModified\":\"2025-05-22T20:52:14+00:00\",\"breadcrumb\":{\"@id\":\"https:\/\/www.riacanada.ca\/fr\/adhesion\/conseiller-financier\/#breadcrumb\"},\"inLanguage\":\"fr-CA\",\"potentialAction\":[{\"@type\":\"ReadAction\",\"target\":[\"https:\/\/www.riacanada.ca\/fr\/adhesion\/conseiller-financier\/\"]}]},{\"@type\":\"BreadcrumbList\",\"@id\":\"https:\/\/www.riacanada.ca\/fr\/adhesion\/conseiller-financier\/#breadcrumb\",\"itemListElement\":[{\"@type\":\"ListItem\",\"position\":1,\"name\":\"Home\",\"item\":\"https:\/\/www.riacanada.ca\/fr\/\"},{\"@type\":\"ListItem\",\"position\":2,\"name\":\"Adh\u00e9sion\",\"item\":\"https:\/\/www.riacanada.ca\/fr\/adhesion\/\"},{\"@type\":\"ListItem\",\"position\":3,\"name\":\"Conseiller financier\"}]},{\"@type\":\"WebSite\",\"@id\":\"https:\/\/www.riacanada.ca\/fr\/#website\",\"url\":\"https:\/\/www.riacanada.ca\/fr\/\",\"name\":\"Responsible Investment Association\",\"description\":\"Canada&#039;s membership network for responsible investment\",\"potentialAction\":[{\"@type\":\"SearchAction\",\"target\":{\"@type\":\"EntryPoint\",\"urlTemplate\":\"https:\/\/www.riacanada.ca\/fr\/?s={search_term_string}\"},\"query-input\":\"required name=search_term_string\"}],\"inLanguage\":\"fr-CA\"}]}<\/script>\n<!-- \/ Yoast SEO plugin. -->","yoast_head_json":{"title":"Conseiller financier - Responsible Investment Association","robots":{"index":"index","follow":"follow","max-snippet":"max-snippet:-1","max-image-preview":"max-image-preview:large","max-video-preview":"max-video-preview:-1"},"canonical":"https:\/\/www.riacanada.ca\/fr\/adhesion\/conseiller-financier\/","og_locale":"fr_FR","og_type":"article","og_title":"Conseiller financier - Responsible Investment Association","og_description":"L\u2019adh\u00e9sion \u00e0 titre de membre conseiller s\u2019adresse aux conseillers et planificateurs financiers particuliers qui pratiquent et soutiennent l\u2019investissement responsable. L\u2019adh\u00e9sion \u00e0 l\u2019AIR \u00e0 titre de membre conseiller d\u00e9montre votre engagement \u00e0 l\u2019\u00e9gard de l\u2019investissement responsable et augmente votre visibilit\u00e9 aupr\u00e8s de vos clients actuels et potentiels.","og_url":"https:\/\/www.riacanada.ca\/fr\/adhesion\/conseiller-financier\/","og_site_name":"Responsible Investment Association","article_modified_time":"2025-05-22T20:52:14+00:00","og_image":[{"width":5472,"height":3648,"url":"https:\/\/www.riacanada.ca\/content\/uploads\/2018\/10\/advice-advise-advisor-7096.jpg","type":"image\/jpeg"}],"twitter_card":"summary_large_image","twitter_misc":{"Est. reading time":"1 minute"},"schema":{"@context":"https:\/\/schema.org","@graph":[{"@type":"WebPage","@id":"https:\/\/www.riacanada.ca\/fr\/adhesion\/conseiller-financier\/","url":"https:\/\/www.riacanada.ca\/fr\/adhesion\/conseiller-financier\/","name":"Conseiller financier - Responsible Investment Association","isPartOf":{"@id":"https:\/\/www.riacanada.ca\/fr\/#website"},"datePublished":"2018-09-26T20:58:54+00:00","dateModified":"2025-05-22T20:52:14+00:00","breadcrumb":{"@id":"https:\/\/www.riacanada.ca\/fr\/adhesion\/conseiller-financier\/#breadcrumb"},"inLanguage":"fr-CA","potentialAction":[{"@type":"ReadAction","target":["https:\/\/www.riacanada.ca\/fr\/adhesion\/conseiller-financier\/"]}]},{"@type":"BreadcrumbList","@id":"https:\/\/www.riacanada.ca\/fr\/adhesion\/conseiller-financier\/#breadcrumb","itemListElement":[{"@type":"ListItem","position":1,"name":"Home","item":"https:\/\/www.riacanada.ca\/fr\/"},{"@type":"ListItem","position":2,"name":"Adh\u00e9sion","item":"https:\/\/www.riacanada.ca\/fr\/adhesion\/"},{"@type":"ListItem","position":3,"name":"Conseiller financier"}]},{"@type":"WebSite","@id":"https:\/\/www.riacanada.ca\/fr\/#website","url":"https:\/\/www.riacanada.ca\/fr\/","name":"Responsible Investment Association","description":"Canada&#039;s membership network for responsible investment","potentialAction":[{"@type":"SearchAction","target":{"@type":"EntryPoint","urlTemplate":"https:\/\/www.riacanada.ca\/fr\/?s={search_term_string}"},"query-input":"required name=search_term_string"}],"inLanguage":"fr-CA"}]}},"_links":{"self":[{"href":"https:\/\/www.riacanada.ca\/fr\/wp-json\/wp\/v2\/pages\/23561"}],"collection":[{"href":"https:\/\/www.riacanada.ca\/fr\/wp-json\/wp\/v2\/pages"}],"about":[{"href":"https:\/\/www.riacanada.ca\/fr\/wp-json\/wp\/v2\/types\/page"}],"author":[{"embeddable":true,"href":"https:\/\/www.riacanada.ca\/fr\/wp-json\/wp\/v2\/users\/1"}],"replies":[{"embeddable":true,"href":"https:\/\/www.riacanada.ca\/fr\/wp-json\/wp\/v2\/comments?post=23561"}],"version-history":[{"count":9,"href":"https:\/\/www.riacanada.ca\/fr\/wp-json\/wp\/v2\/pages\/23561\/revisions"}],"predecessor-version":[{"id":111467,"href":"https:\/\/www.riacanada.ca\/fr\/wp-json\/wp\/v2\/pages\/23561\/revisions\/111467"}],"up":[{"embeddable":true,"href":"https:\/\/www.riacanada.ca\/fr\/wp-json\/wp\/v2\/pages\/24328"}],"wp:featuredmedia":[{"embeddable":true,"href":"https:\/\/www.riacanada.ca\/fr\/wp-json\/wp\/v2\/media\/24643"}],"wp:attachment":[{"href":"https:\/\/www.riacanada.ca\/fr\/wp-json\/wp\/v2\/media?parent=23561"}],"curies":[{"name":"wp","href":"https:\/\/api.w.org\/{rel}","templated":true}]}}