{"id":23568,"date":"2018-09-26T16:55:09","date_gmt":"2018-09-26T20:55:09","guid":{"rendered":"http:\/\/www.riacanada.ca\/associe\/"},"modified":"2023-02-28T16:28:39","modified_gmt":"2023-02-28T21:28:39","slug":"associe","status":"publish","type":"page","link":"https:\/\/www.riacanada.ca\/fr\/adhesion\/associe\/","title":{"rendered":"Associ\u00e9"},"content":{"rendered":"<p>Les membres associ\u00e9s composent le niveau d\u2019adh\u00e9sion standard de l\u2019AIR pour toutes les organisations qui pratiquent et soutiennent l\u2019investissement responsable. Cette cat\u00e9gorie de membres comprend les soci\u00e9t\u00e9s de fonds, les soci\u00e9t\u00e9s de gestion de placements, les firmes de recherche, les coop\u00e9ratives de cr\u00e9dit, les institutions financi\u00e8res, les maisons de courtage, les compagnies d\u2019assurance et de conseil.<\/p>\n","protected":false},"excerpt":{"rendered":"<p>Les membres associ\u00e9s composent le niveau d\u2019adh\u00e9sion standard de l\u2019AIR pour toutes les organisations qui pratiquent et soutiennent l\u2019investissement responsable. Cette cat\u00e9gorie de membres comprend les soci\u00e9t\u00e9s de fonds, les soci\u00e9t\u00e9s de gestion de placements, les firmes de recherche, les coop\u00e9ratives de cr\u00e9dit, les institutions financi\u00e8res, les maisons de courtage, les compagnies d\u2019assurance et de [&hellip;]<\/p>\n","protected":false},"author":1,"featured_media":24804,"parent":24328,"menu_order":98,"comment_status":"closed","ping_status":"closed","template":"templates\/membership-internal.php","meta":{"footnotes":""},"acf":[],"yoast_head":"<!-- This site is optimized with the Yoast SEO plugin v21.0 - https:\/\/yoast.com\/wordpress\/plugins\/seo\/ -->\n<title>Associ\u00e9 - Responsible Investment Association<\/title>\n<meta name=\"robots\" content=\"index, follow, max-snippet:-1, max-image-preview:large, max-video-preview:-1\" \/>\n<link rel=\"canonical\" href=\"https:\/\/www.riacanada.ca\/fr\/adhesion\/associe\/\" \/>\n<meta property=\"og:locale\" content=\"fr_FR\" \/>\n<meta property=\"og:type\" content=\"article\" \/>\n<meta property=\"og:title\" content=\"Associ\u00e9 - Responsible Investment Association\" \/>\n<meta property=\"og:description\" content=\"Les membres associ\u00e9s composent le niveau d\u2019adh\u00e9sion standard de l\u2019AIR pour toutes les organisations qui pratiquent et soutiennent l\u2019investissement responsable. Cette cat\u00e9gorie de membres comprend les soci\u00e9t\u00e9s de fonds, les soci\u00e9t\u00e9s de gestion de placements, les firmes de recherche, les coop\u00e9ratives de cr\u00e9dit, les institutions financi\u00e8res, les maisons de courtage, les compagnies d\u2019assurance et de [&hellip;]\" \/>\n<meta property=\"og:url\" content=\"https:\/\/www.riacanada.ca\/fr\/adhesion\/associe\/\" \/>\n<meta property=\"og:site_name\" content=\"Responsible Investment Association\" \/>\n<meta property=\"article:modified_time\" content=\"2023-02-28T21:28:39+00:00\" \/>\n<meta property=\"og:image\" content=\"https:\/\/www.riacanada.ca\/content\/uploads\/2018\/10\/architectural-design-architecture-buildings-830891-1000x666.jpg\" \/>\n\t<meta property=\"og:image:width\" content=\"1000\" \/>\n\t<meta property=\"og:image:height\" content=\"666\" \/>\n\t<meta property=\"og:image:type\" content=\"image\/jpeg\" \/>\n<meta name=\"twitter:card\" content=\"summary_large_image\" \/>\n<script type=\"application\/ld+json\" class=\"yoast-schema-graph\">{\"@context\":\"https:\/\/schema.org\",\"@graph\":[{\"@type\":\"WebPage\",\"@id\":\"https:\/\/www.riacanada.ca\/fr\/adhesion\/associe\/\",\"url\":\"https:\/\/www.riacanada.ca\/fr\/adhesion\/associe\/\",\"name\":\"Associ\u00e9 - Responsible Investment Association\",\"isPartOf\":{\"@id\":\"https:\/\/www.riacanada.ca\/fr\/#website\"},\"datePublished\":\"2018-09-26T20:55:09+00:00\",\"dateModified\":\"2023-02-28T21:28:39+00:00\",\"breadcrumb\":{\"@id\":\"https:\/\/www.riacanada.ca\/fr\/adhesion\/associe\/#breadcrumb\"},\"inLanguage\":\"fr-CA\",\"potentialAction\":[{\"@type\":\"ReadAction\",\"target\":[\"https:\/\/www.riacanada.ca\/fr\/adhesion\/associe\/\"]}]},{\"@type\":\"BreadcrumbList\",\"@id\":\"https:\/\/www.riacanada.ca\/fr\/adhesion\/associe\/#breadcrumb\",\"itemListElement\":[{\"@type\":\"ListItem\",\"position\":1,\"name\":\"Home\",\"item\":\"https:\/\/www.riacanada.ca\/fr\/\"},{\"@type\":\"ListItem\",\"position\":2,\"name\":\"Adh\u00e9sion\",\"item\":\"https:\/\/www.riacanada.ca\/fr\/adhesion\/\"},{\"@type\":\"ListItem\",\"position\":3,\"name\":\"Associ\u00e9\"}]},{\"@type\":\"WebSite\",\"@id\":\"https:\/\/www.riacanada.ca\/fr\/#website\",\"url\":\"https:\/\/www.riacanada.ca\/fr\/\",\"name\":\"Responsible Investment Association\",\"description\":\"Canada&#039;s membership network for responsible investment\",\"potentialAction\":[{\"@type\":\"SearchAction\",\"target\":{\"@type\":\"EntryPoint\",\"urlTemplate\":\"https:\/\/www.riacanada.ca\/fr\/?s={search_term_string}\"},\"query-input\":\"required name=search_term_string\"}],\"inLanguage\":\"fr-CA\"}]}<\/script>\n<!-- \/ Yoast SEO plugin. -->","yoast_head_json":{"title":"Associ\u00e9 - Responsible Investment Association","robots":{"index":"index","follow":"follow","max-snippet":"max-snippet:-1","max-image-preview":"max-image-preview:large","max-video-preview":"max-video-preview:-1"},"canonical":"https:\/\/www.riacanada.ca\/fr\/adhesion\/associe\/","og_locale":"fr_FR","og_type":"article","og_title":"Associ\u00e9 - Responsible Investment Association","og_description":"Les membres associ\u00e9s composent le niveau d\u2019adh\u00e9sion standard de l\u2019AIR pour toutes les organisations qui pratiquent et soutiennent l\u2019investissement responsable. Cette cat\u00e9gorie de membres comprend les soci\u00e9t\u00e9s de fonds, les soci\u00e9t\u00e9s de gestion de placements, les firmes de recherche, les coop\u00e9ratives de cr\u00e9dit, les institutions financi\u00e8res, les maisons de courtage, les compagnies d\u2019assurance et de [&hellip;]","og_url":"https:\/\/www.riacanada.ca\/fr\/adhesion\/associe\/","og_site_name":"Responsible Investment Association","article_modified_time":"2023-02-28T21:28:39+00:00","og_image":[{"width":1000,"height":666,"url":"https:\/\/www.riacanada.ca\/content\/uploads\/2018\/10\/architectural-design-architecture-buildings-830891-1000x666.jpg","type":"image\/jpeg"}],"twitter_card":"summary_large_image","schema":{"@context":"https:\/\/schema.org","@graph":[{"@type":"WebPage","@id":"https:\/\/www.riacanada.ca\/fr\/adhesion\/associe\/","url":"https:\/\/www.riacanada.ca\/fr\/adhesion\/associe\/","name":"Associ\u00e9 - Responsible Investment Association","isPartOf":{"@id":"https:\/\/www.riacanada.ca\/fr\/#website"},"datePublished":"2018-09-26T20:55:09+00:00","dateModified":"2023-02-28T21:28:39+00:00","breadcrumb":{"@id":"https:\/\/www.riacanada.ca\/fr\/adhesion\/associe\/#breadcrumb"},"inLanguage":"fr-CA","potentialAction":[{"@type":"ReadAction","target":["https:\/\/www.riacanada.ca\/fr\/adhesion\/associe\/"]}]},{"@type":"BreadcrumbList","@id":"https:\/\/www.riacanada.ca\/fr\/adhesion\/associe\/#breadcrumb","itemListElement":[{"@type":"ListItem","position":1,"name":"Home","item":"https:\/\/www.riacanada.ca\/fr\/"},{"@type":"ListItem","position":2,"name":"Adh\u00e9sion","item":"https:\/\/www.riacanada.ca\/fr\/adhesion\/"},{"@type":"ListItem","position":3,"name":"Associ\u00e9"}]},{"@type":"WebSite","@id":"https:\/\/www.riacanada.ca\/fr\/#website","url":"https:\/\/www.riacanada.ca\/fr\/","name":"Responsible Investment Association","description":"Canada&#039;s membership network for responsible investment","potentialAction":[{"@type":"SearchAction","target":{"@type":"EntryPoint","urlTemplate":"https:\/\/www.riacanada.ca\/fr\/?s={search_term_string}"},"query-input":"required name=search_term_string"}],"inLanguage":"fr-CA"}]}},"_links":{"self":[{"href":"https:\/\/www.riacanada.ca\/fr\/wp-json\/wp\/v2\/pages\/23568"}],"collection":[{"href":"https:\/\/www.riacanada.ca\/fr\/wp-json\/wp\/v2\/pages"}],"about":[{"href":"https:\/\/www.riacanada.ca\/fr\/wp-json\/wp\/v2\/types\/page"}],"author":[{"embeddable":true,"href":"https:\/\/www.riacanada.ca\/fr\/wp-json\/wp\/v2\/users\/1"}],"replies":[{"embeddable":true,"href":"https:\/\/www.riacanada.ca\/fr\/wp-json\/wp\/v2\/comments?post=23568"}],"version-history":[{"count":11,"href":"https:\/\/www.riacanada.ca\/fr\/wp-json\/wp\/v2\/pages\/23568\/revisions"}],"predecessor-version":[{"id":77730,"href":"https:\/\/www.riacanada.ca\/fr\/wp-json\/wp\/v2\/pages\/23568\/revisions\/77730"}],"up":[{"embeddable":true,"href":"https:\/\/www.riacanada.ca\/fr\/wp-json\/wp\/v2\/pages\/24328"}],"wp:featuredmedia":[{"embeddable":true,"href":"https:\/\/www.riacanada.ca\/fr\/wp-json\/wp\/v2\/media\/24804"}],"wp:attachment":[{"href":"https:\/\/www.riacanada.ca\/fr\/wp-json\/wp\/v2\/media?parent=23568"}],"curies":[{"name":"wp","href":"https:\/\/api.w.org\/{rel}","templated":true}]}}