{"id":23570,"date":"2018-09-26T16:52:29","date_gmt":"2018-09-26T20:52:29","guid":{"rendered":"http:\/\/www.riacanada.ca\/caisses-de-retraite\/"},"modified":"2023-02-28T16:35:08","modified_gmt":"2023-02-28T21:35:08","slug":"caisses-de-retraite","status":"publish","type":"page","link":"https:\/\/www.riacanada.ca\/fr\/adhesion\/caisses-de-retraite\/","title":{"rendered":"Caisses de retraite"},"content":{"rendered":"<p>L\u2019adh\u00e9sion \u00e0 l\u2019AIR \u00e0 titre de caisse de retraite est r\u00e9serv\u00e9e aux caisses de retraite canadiennes et aux gestionnaires de caisses de retraite publiques qui pratiquent et soutiennent l\u2019investissement responsable au Canada.<\/p>\n","protected":false},"excerpt":{"rendered":"<p>L\u2019adh\u00e9sion \u00e0 l\u2019AIR \u00e0 titre de caisse de retraite est r\u00e9serv\u00e9e aux caisses de retraite canadiennes et aux gestionnaires de caisses de retraite publiques qui pratiquent et soutiennent l\u2019investissement responsable au Canada.<\/p>\n","protected":false},"author":1,"featured_media":24823,"parent":24328,"menu_order":100,"comment_status":"closed","ping_status":"closed","template":"templates\/membership-internal.php","meta":{"footnotes":""},"acf":[],"yoast_head":"<!-- This site is optimized with the Yoast SEO plugin v21.0 - https:\/\/yoast.com\/wordpress\/plugins\/seo\/ -->\n<title>Caisses de retraite - Responsible Investment Association<\/title>\n<meta name=\"robots\" content=\"index, follow, max-snippet:-1, max-image-preview:large, max-video-preview:-1\" \/>\n<link rel=\"canonical\" href=\"https:\/\/www.riacanada.ca\/fr\/adhesion\/caisses-de-retraite\/\" \/>\n<meta property=\"og:locale\" content=\"fr_FR\" \/>\n<meta property=\"og:type\" content=\"article\" \/>\n<meta property=\"og:title\" content=\"Caisses de retraite - Responsible Investment Association\" \/>\n<meta property=\"og:description\" content=\"L\u2019adh\u00e9sion \u00e0 l\u2019AIR \u00e0 titre de caisse de retraite est r\u00e9serv\u00e9e aux caisses de retraite canadiennes et aux gestionnaires de caisses de retraite publiques qui pratiquent et soutiennent l\u2019investissement responsable au Canada.\" \/>\n<meta property=\"og:url\" content=\"https:\/\/www.riacanada.ca\/fr\/adhesion\/caisses-de-retraite\/\" \/>\n<meta property=\"og:site_name\" content=\"Responsible Investment Association\" \/>\n<meta property=\"article:modified_time\" content=\"2023-02-28T21:35:08+00:00\" \/>\n<meta property=\"og:image\" content=\"https:\/\/www.riacanada.ca\/content\/uploads\/2018\/10\/architecture-building-glass-417363-1000x667.jpg\" \/>\n\t<meta property=\"og:image:width\" content=\"1000\" \/>\n\t<meta property=\"og:image:height\" content=\"667\" \/>\n\t<meta property=\"og:image:type\" content=\"image\/jpeg\" \/>\n<meta name=\"twitter:card\" content=\"summary_large_image\" \/>\n<script type=\"application\/ld+json\" class=\"yoast-schema-graph\">{\"@context\":\"https:\/\/schema.org\",\"@graph\":[{\"@type\":\"WebPage\",\"@id\":\"https:\/\/www.riacanada.ca\/fr\/adhesion\/caisses-de-retraite\/\",\"url\":\"https:\/\/www.riacanada.ca\/fr\/adhesion\/caisses-de-retraite\/\",\"name\":\"Caisses de retraite - Responsible Investment Association\",\"isPartOf\":{\"@id\":\"https:\/\/www.riacanada.ca\/fr\/#website\"},\"datePublished\":\"2018-09-26T20:52:29+00:00\",\"dateModified\":\"2023-02-28T21:35:08+00:00\",\"breadcrumb\":{\"@id\":\"https:\/\/www.riacanada.ca\/fr\/adhesion\/caisses-de-retraite\/#breadcrumb\"},\"inLanguage\":\"fr-CA\",\"potentialAction\":[{\"@type\":\"ReadAction\",\"target\":[\"https:\/\/www.riacanada.ca\/fr\/adhesion\/caisses-de-retraite\/\"]}]},{\"@type\":\"BreadcrumbList\",\"@id\":\"https:\/\/www.riacanada.ca\/fr\/adhesion\/caisses-de-retraite\/#breadcrumb\",\"itemListElement\":[{\"@type\":\"ListItem\",\"position\":1,\"name\":\"Home\",\"item\":\"https:\/\/www.riacanada.ca\/fr\/\"},{\"@type\":\"ListItem\",\"position\":2,\"name\":\"Adh\u00e9sion\",\"item\":\"https:\/\/www.riacanada.ca\/fr\/adhesion\/\"},{\"@type\":\"ListItem\",\"position\":3,\"name\":\"Caisses de retraite\"}]},{\"@type\":\"WebSite\",\"@id\":\"https:\/\/www.riacanada.ca\/fr\/#website\",\"url\":\"https:\/\/www.riacanada.ca\/fr\/\",\"name\":\"Responsible Investment Association\",\"description\":\"Canada&#039;s membership network for responsible investment\",\"potentialAction\":[{\"@type\":\"SearchAction\",\"target\":{\"@type\":\"EntryPoint\",\"urlTemplate\":\"https:\/\/www.riacanada.ca\/fr\/?s={search_term_string}\"},\"query-input\":\"required name=search_term_string\"}],\"inLanguage\":\"fr-CA\"}]}<\/script>\n<!-- \/ Yoast SEO plugin. -->","yoast_head_json":{"title":"Caisses de retraite - Responsible Investment Association","robots":{"index":"index","follow":"follow","max-snippet":"max-snippet:-1","max-image-preview":"max-image-preview:large","max-video-preview":"max-video-preview:-1"},"canonical":"https:\/\/www.riacanada.ca\/fr\/adhesion\/caisses-de-retraite\/","og_locale":"fr_FR","og_type":"article","og_title":"Caisses de retraite - Responsible Investment Association","og_description":"L\u2019adh\u00e9sion \u00e0 l\u2019AIR \u00e0 titre de caisse de retraite est r\u00e9serv\u00e9e aux caisses de retraite canadiennes et aux gestionnaires de caisses de retraite publiques qui pratiquent et soutiennent l\u2019investissement responsable au Canada.","og_url":"https:\/\/www.riacanada.ca\/fr\/adhesion\/caisses-de-retraite\/","og_site_name":"Responsible Investment Association","article_modified_time":"2023-02-28T21:35:08+00:00","og_image":[{"width":1000,"height":667,"url":"https:\/\/www.riacanada.ca\/content\/uploads\/2018\/10\/architecture-building-glass-417363-1000x667.jpg","type":"image\/jpeg"}],"twitter_card":"summary_large_image","schema":{"@context":"https:\/\/schema.org","@graph":[{"@type":"WebPage","@id":"https:\/\/www.riacanada.ca\/fr\/adhesion\/caisses-de-retraite\/","url":"https:\/\/www.riacanada.ca\/fr\/adhesion\/caisses-de-retraite\/","name":"Caisses de retraite - Responsible Investment Association","isPartOf":{"@id":"https:\/\/www.riacanada.ca\/fr\/#website"},"datePublished":"2018-09-26T20:52:29+00:00","dateModified":"2023-02-28T21:35:08+00:00","breadcrumb":{"@id":"https:\/\/www.riacanada.ca\/fr\/adhesion\/caisses-de-retraite\/#breadcrumb"},"inLanguage":"fr-CA","potentialAction":[{"@type":"ReadAction","target":["https:\/\/www.riacanada.ca\/fr\/adhesion\/caisses-de-retraite\/"]}]},{"@type":"BreadcrumbList","@id":"https:\/\/www.riacanada.ca\/fr\/adhesion\/caisses-de-retraite\/#breadcrumb","itemListElement":[{"@type":"ListItem","position":1,"name":"Home","item":"https:\/\/www.riacanada.ca\/fr\/"},{"@type":"ListItem","position":2,"name":"Adh\u00e9sion","item":"https:\/\/www.riacanada.ca\/fr\/adhesion\/"},{"@type":"ListItem","position":3,"name":"Caisses de retraite"}]},{"@type":"WebSite","@id":"https:\/\/www.riacanada.ca\/fr\/#website","url":"https:\/\/www.riacanada.ca\/fr\/","name":"Responsible Investment Association","description":"Canada&#039;s membership network for responsible investment","potentialAction":[{"@type":"SearchAction","target":{"@type":"EntryPoint","urlTemplate":"https:\/\/www.riacanada.ca\/fr\/?s={search_term_string}"},"query-input":"required name=search_term_string"}],"inLanguage":"fr-CA"}]}},"_links":{"self":[{"href":"https:\/\/www.riacanada.ca\/fr\/wp-json\/wp\/v2\/pages\/23570"}],"collection":[{"href":"https:\/\/www.riacanada.ca\/fr\/wp-json\/wp\/v2\/pages"}],"about":[{"href":"https:\/\/www.riacanada.ca\/fr\/wp-json\/wp\/v2\/types\/page"}],"author":[{"embeddable":true,"href":"https:\/\/www.riacanada.ca\/fr\/wp-json\/wp\/v2\/users\/1"}],"replies":[{"embeddable":true,"href":"https:\/\/www.riacanada.ca\/fr\/wp-json\/wp\/v2\/comments?post=23570"}],"version-history":[{"count":8,"href":"https:\/\/www.riacanada.ca\/fr\/wp-json\/wp\/v2\/pages\/23570\/revisions"}],"predecessor-version":[{"id":77735,"href":"https:\/\/www.riacanada.ca\/fr\/wp-json\/wp\/v2\/pages\/23570\/revisions\/77735"}],"up":[{"embeddable":true,"href":"https:\/\/www.riacanada.ca\/fr\/wp-json\/wp\/v2\/pages\/24328"}],"wp:featuredmedia":[{"embeddable":true,"href":"https:\/\/www.riacanada.ca\/fr\/wp-json\/wp\/v2\/media\/24823"}],"wp:attachment":[{"href":"https:\/\/www.riacanada.ca\/fr\/wp-json\/wp\/v2\/media?parent=23570"}],"curies":[{"name":"wp","href":"https:\/\/api.w.org\/{rel}","templated":true}]}}