{"id":23578,"date":"2018-09-26T16:45:34","date_gmt":"2018-09-26T20:45:34","guid":{"rendered":"http:\/\/www.riacanada.ca\/liste-des-membres\/"},"modified":"2020-03-24T20:44:18","modified_gmt":"2020-03-25T00:44:18","slug":"liste-des-membres","status":"publish","type":"page","link":"https:\/\/www.riacanada.ca\/fr\/adhesion\/liste-des-membres\/","title":{"rendered":"Liste des membres"},"content":{"rendered":"<p>Les membres de l&rsquo;AIR sont des leaders du Canada en mati\u00e8re d\u2019investissement responsable. Nous remercions tous les membres pour leurs contributions g\u00e9n\u00e9reuses et leurs efforts soutenus pour catalyser un changement soci\u00e9tal positif par le biais de leurs d\u00e9cisions d&rsquo;affaires.<\/p>\n<p>Trouvez un <a href=\"https:\/\/www.riacanada.ca\/fr\/le-marche-de-lir\/conseils-sur-linvestissement\/conseillers-en-ir\/\">conseiller<\/a><br \/>\nTrouver des <a href=\"https:\/\/www.riacanada.ca\/fr\/le-marche-de-lir\/produits-dinvestissement\/\">produits d&rsquo;investissement responsable<\/a><\/p>\n","protected":false},"excerpt":{"rendered":"<p>Les membres de l&rsquo;AIR sont des leaders du Canada en mati\u00e8re d\u2019investissement responsable. Nous remercions tous les membres pour leurs contributions g\u00e9n\u00e9reuses et leurs efforts soutenus pour catalyser un changement soci\u00e9tal positif par le biais de leurs d\u00e9cisions d&rsquo;affaires. Trouvez un conseiller Trouver des produits d&rsquo;investissement responsable<\/p>\n","protected":false},"author":1,"featured_media":0,"parent":24328,"menu_order":105,"comment_status":"closed","ping_status":"closed","template":"templates\/list.php","meta":{"footnotes":""},"acf":[],"yoast_head":"<!-- This site is optimized with the Yoast SEO plugin v21.0 - https:\/\/yoast.com\/wordpress\/plugins\/seo\/ -->\n<title>Liste des membres - Responsible Investment Association<\/title>\n<meta name=\"robots\" content=\"index, follow, max-snippet:-1, max-image-preview:large, max-video-preview:-1\" \/>\n<link rel=\"canonical\" href=\"https:\/\/www.riacanada.ca\/fr\/adhesion\/liste-des-membres\/\" \/>\n<meta property=\"og:locale\" content=\"fr_FR\" \/>\n<meta property=\"og:type\" content=\"article\" \/>\n<meta property=\"og:title\" content=\"Liste des membres - Responsible Investment Association\" \/>\n<meta property=\"og:description\" content=\"Les membres de l&rsquo;AIR sont des leaders du Canada en mati\u00e8re d\u2019investissement responsable. Nous remercions tous les membres pour leurs contributions g\u00e9n\u00e9reuses et leurs efforts soutenus pour catalyser un changement soci\u00e9tal positif par le biais de leurs d\u00e9cisions d&rsquo;affaires. Trouvez un conseiller Trouver des produits d&rsquo;investissement responsable\" \/>\n<meta property=\"og:url\" content=\"https:\/\/www.riacanada.ca\/fr\/adhesion\/liste-des-membres\/\" \/>\n<meta property=\"og:site_name\" content=\"Responsible Investment Association\" \/>\n<meta property=\"article:modified_time\" content=\"2020-03-25T00:44:18+00:00\" \/>\n<meta name=\"twitter:card\" content=\"summary_large_image\" \/>\n<script type=\"application\/ld+json\" class=\"yoast-schema-graph\">{\"@context\":\"https:\/\/schema.org\",\"@graph\":[{\"@type\":\"WebPage\",\"@id\":\"https:\/\/www.riacanada.ca\/fr\/adhesion\/liste-des-membres\/\",\"url\":\"https:\/\/www.riacanada.ca\/fr\/adhesion\/liste-des-membres\/\",\"name\":\"Liste des membres - Responsible Investment Association\",\"isPartOf\":{\"@id\":\"https:\/\/www.riacanada.ca\/fr\/#website\"},\"datePublished\":\"2018-09-26T20:45:34+00:00\",\"dateModified\":\"2020-03-25T00:44:18+00:00\",\"breadcrumb\":{\"@id\":\"https:\/\/www.riacanada.ca\/fr\/adhesion\/liste-des-membres\/#breadcrumb\"},\"inLanguage\":\"fr-CA\",\"potentialAction\":[{\"@type\":\"ReadAction\",\"target\":[\"https:\/\/www.riacanada.ca\/fr\/adhesion\/liste-des-membres\/\"]}]},{\"@type\":\"BreadcrumbList\",\"@id\":\"https:\/\/www.riacanada.ca\/fr\/adhesion\/liste-des-membres\/#breadcrumb\",\"itemListElement\":[{\"@type\":\"ListItem\",\"position\":1,\"name\":\"Home\",\"item\":\"https:\/\/www.riacanada.ca\/fr\/\"},{\"@type\":\"ListItem\",\"position\":2,\"name\":\"Adh\u00e9sion\",\"item\":\"https:\/\/www.riacanada.ca\/fr\/adhesion\/\"},{\"@type\":\"ListItem\",\"position\":3,\"name\":\"Liste des membres\"}]},{\"@type\":\"WebSite\",\"@id\":\"https:\/\/www.riacanada.ca\/fr\/#website\",\"url\":\"https:\/\/www.riacanada.ca\/fr\/\",\"name\":\"Responsible Investment Association\",\"description\":\"Canada&#039;s membership network for responsible investment\",\"potentialAction\":[{\"@type\":\"SearchAction\",\"target\":{\"@type\":\"EntryPoint\",\"urlTemplate\":\"https:\/\/www.riacanada.ca\/fr\/?s={search_term_string}\"},\"query-input\":\"required name=search_term_string\"}],\"inLanguage\":\"fr-CA\"}]}<\/script>\n<!-- \/ Yoast SEO plugin. -->","yoast_head_json":{"title":"Liste des membres - Responsible Investment Association","robots":{"index":"index","follow":"follow","max-snippet":"max-snippet:-1","max-image-preview":"max-image-preview:large","max-video-preview":"max-video-preview:-1"},"canonical":"https:\/\/www.riacanada.ca\/fr\/adhesion\/liste-des-membres\/","og_locale":"fr_FR","og_type":"article","og_title":"Liste des membres - Responsible Investment Association","og_description":"Les membres de l&rsquo;AIR sont des leaders du Canada en mati\u00e8re d\u2019investissement responsable. Nous remercions tous les membres pour leurs contributions g\u00e9n\u00e9reuses et leurs efforts soutenus pour catalyser un changement soci\u00e9tal positif par le biais de leurs d\u00e9cisions d&rsquo;affaires. Trouvez un conseiller Trouver des produits d&rsquo;investissement responsable","og_url":"https:\/\/www.riacanada.ca\/fr\/adhesion\/liste-des-membres\/","og_site_name":"Responsible Investment Association","article_modified_time":"2020-03-25T00:44:18+00:00","twitter_card":"summary_large_image","schema":{"@context":"https:\/\/schema.org","@graph":[{"@type":"WebPage","@id":"https:\/\/www.riacanada.ca\/fr\/adhesion\/liste-des-membres\/","url":"https:\/\/www.riacanada.ca\/fr\/adhesion\/liste-des-membres\/","name":"Liste des membres - Responsible Investment Association","isPartOf":{"@id":"https:\/\/www.riacanada.ca\/fr\/#website"},"datePublished":"2018-09-26T20:45:34+00:00","dateModified":"2020-03-25T00:44:18+00:00","breadcrumb":{"@id":"https:\/\/www.riacanada.ca\/fr\/adhesion\/liste-des-membres\/#breadcrumb"},"inLanguage":"fr-CA","potentialAction":[{"@type":"ReadAction","target":["https:\/\/www.riacanada.ca\/fr\/adhesion\/liste-des-membres\/"]}]},{"@type":"BreadcrumbList","@id":"https:\/\/www.riacanada.ca\/fr\/adhesion\/liste-des-membres\/#breadcrumb","itemListElement":[{"@type":"ListItem","position":1,"name":"Home","item":"https:\/\/www.riacanada.ca\/fr\/"},{"@type":"ListItem","position":2,"name":"Adh\u00e9sion","item":"https:\/\/www.riacanada.ca\/fr\/adhesion\/"},{"@type":"ListItem","position":3,"name":"Liste des membres"}]},{"@type":"WebSite","@id":"https:\/\/www.riacanada.ca\/fr\/#website","url":"https:\/\/www.riacanada.ca\/fr\/","name":"Responsible Investment Association","description":"Canada&#039;s membership network for responsible investment","potentialAction":[{"@type":"SearchAction","target":{"@type":"EntryPoint","urlTemplate":"https:\/\/www.riacanada.ca\/fr\/?s={search_term_string}"},"query-input":"required name=search_term_string"}],"inLanguage":"fr-CA"}]}},"_links":{"self":[{"href":"https:\/\/www.riacanada.ca\/fr\/wp-json\/wp\/v2\/pages\/23578"}],"collection":[{"href":"https:\/\/www.riacanada.ca\/fr\/wp-json\/wp\/v2\/pages"}],"about":[{"href":"https:\/\/www.riacanada.ca\/fr\/wp-json\/wp\/v2\/types\/page"}],"author":[{"embeddable":true,"href":"https:\/\/www.riacanada.ca\/fr\/wp-json\/wp\/v2\/users\/1"}],"replies":[{"embeddable":true,"href":"https:\/\/www.riacanada.ca\/fr\/wp-json\/wp\/v2\/comments?post=23578"}],"version-history":[{"count":5,"href":"https:\/\/www.riacanada.ca\/fr\/wp-json\/wp\/v2\/pages\/23578\/revisions"}],"predecessor-version":[{"id":41289,"href":"https:\/\/www.riacanada.ca\/fr\/wp-json\/wp\/v2\/pages\/23578\/revisions\/41289"}],"up":[{"embeddable":true,"href":"https:\/\/www.riacanada.ca\/fr\/wp-json\/wp\/v2\/pages\/24328"}],"wp:attachment":[{"href":"https:\/\/www.riacanada.ca\/fr\/wp-json\/wp\/v2\/media?parent=23578"}],"curies":[{"name":"wp","href":"https:\/\/api.w.org\/{rel}","templated":true}]}}