{"id":23582,"date":"2018-09-26T16:03:07","date_gmt":"2018-09-26T20:03:07","guid":{"rendered":"http:\/\/www.riacanada.ca\/soutien\/"},"modified":"2023-02-28T16:33:57","modified_gmt":"2023-02-28T21:33:57","slug":"soutien","status":"publish","type":"page","link":"https:\/\/www.riacanada.ca\/fr\/adhesion\/soutien\/","title":{"rendered":"Soutien"},"content":{"rendered":"<p>L\u2019adh\u00e9sion \u00e0 titre de membre de soutien s\u2019adresse aux petites \u00e9quipes de conseil et aux petites entreprises comptant 15 employ\u00e9s ou moins. Les gestionnaires de fonds de petite taille sont ceux dont l\u2019actif g\u00e9r\u00e9 est inf\u00e9rieur \u00e0 300 millions de dollars. Les \u00e9quipes consultatives et les organisations comptant plus de 15 employ\u00e9s, ainsi que les gestionnaires de fonds ayant plus de 300 millions de dollars d\u2019actifs sous gestion, peuvent souscrire \u00e0 l\u2019adh\u00e9sion en tant que membres associ\u00e9s.<\/p>\n","protected":false},"excerpt":{"rendered":"<p>L\u2019adh\u00e9sion \u00e0 titre de membre de soutien s\u2019adresse aux petites \u00e9quipes de conseil et aux petites entreprises comptant 15 employ\u00e9s ou moins. Les gestionnaires de fonds de petite taille sont ceux dont l\u2019actif g\u00e9r\u00e9 est inf\u00e9rieur \u00e0 300 millions de dollars. Les \u00e9quipes consultatives et les organisations comptant plus de 15 employ\u00e9s, ainsi que les [&hellip;]<\/p>\n","protected":false},"author":1,"featured_media":24821,"parent":24328,"menu_order":106,"comment_status":"closed","ping_status":"closed","template":"templates\/membership-internal.php","meta":{"footnotes":""},"acf":[],"yoast_head":"<!-- This site is optimized with the Yoast SEO plugin v21.0 - https:\/\/yoast.com\/wordpress\/plugins\/seo\/ -->\n<title>Soutien - Responsible Investment Association<\/title>\n<meta name=\"robots\" content=\"index, follow, max-snippet:-1, max-image-preview:large, max-video-preview:-1\" \/>\n<link rel=\"canonical\" href=\"https:\/\/www.riacanada.ca\/fr\/adhesion\/soutien\/\" \/>\n<meta property=\"og:locale\" content=\"fr_FR\" \/>\n<meta property=\"og:type\" content=\"article\" \/>\n<meta property=\"og:title\" content=\"Soutien - Responsible Investment Association\" \/>\n<meta property=\"og:description\" content=\"L\u2019adh\u00e9sion \u00e0 titre de membre de soutien s\u2019adresse aux petites \u00e9quipes de conseil et aux petites entreprises comptant 15 employ\u00e9s ou moins. Les gestionnaires de fonds de petite taille sont ceux dont l\u2019actif g\u00e9r\u00e9 est inf\u00e9rieur \u00e0 300 millions de dollars. Les \u00e9quipes consultatives et les organisations comptant plus de 15 employ\u00e9s, ainsi que les [&hellip;]\" \/>\n<meta property=\"og:url\" content=\"https:\/\/www.riacanada.ca\/fr\/adhesion\/soutien\/\" \/>\n<meta property=\"og:site_name\" content=\"Responsible Investment Association\" \/>\n<meta property=\"article:modified_time\" content=\"2023-02-28T21:33:57+00:00\" \/>\n<meta property=\"og:image\" content=\"https:\/\/www.riacanada.ca\/content\/uploads\/2018\/10\/architectural-design-architecture-building-443383-1000x750.jpg\" \/>\n\t<meta property=\"og:image:width\" content=\"1000\" \/>\n\t<meta property=\"og:image:height\" content=\"750\" \/>\n\t<meta property=\"og:image:type\" content=\"image\/jpeg\" \/>\n<meta name=\"twitter:card\" content=\"summary_large_image\" \/>\n<script type=\"application\/ld+json\" class=\"yoast-schema-graph\">{\"@context\":\"https:\/\/schema.org\",\"@graph\":[{\"@type\":\"WebPage\",\"@id\":\"https:\/\/www.riacanada.ca\/fr\/adhesion\/soutien\/\",\"url\":\"https:\/\/www.riacanada.ca\/fr\/adhesion\/soutien\/\",\"name\":\"Soutien - Responsible Investment Association\",\"isPartOf\":{\"@id\":\"https:\/\/www.riacanada.ca\/fr\/#website\"},\"datePublished\":\"2018-09-26T20:03:07+00:00\",\"dateModified\":\"2023-02-28T21:33:57+00:00\",\"breadcrumb\":{\"@id\":\"https:\/\/www.riacanada.ca\/fr\/adhesion\/soutien\/#breadcrumb\"},\"inLanguage\":\"fr-CA\",\"potentialAction\":[{\"@type\":\"ReadAction\",\"target\":[\"https:\/\/www.riacanada.ca\/fr\/adhesion\/soutien\/\"]}]},{\"@type\":\"BreadcrumbList\",\"@id\":\"https:\/\/www.riacanada.ca\/fr\/adhesion\/soutien\/#breadcrumb\",\"itemListElement\":[{\"@type\":\"ListItem\",\"position\":1,\"name\":\"Home\",\"item\":\"https:\/\/www.riacanada.ca\/fr\/\"},{\"@type\":\"ListItem\",\"position\":2,\"name\":\"Adh\u00e9sion\",\"item\":\"https:\/\/www.riacanada.ca\/fr\/adhesion\/\"},{\"@type\":\"ListItem\",\"position\":3,\"name\":\"Soutien\"}]},{\"@type\":\"WebSite\",\"@id\":\"https:\/\/www.riacanada.ca\/fr\/#website\",\"url\":\"https:\/\/www.riacanada.ca\/fr\/\",\"name\":\"Responsible Investment Association\",\"description\":\"Canada&#039;s membership network for responsible investment\",\"potentialAction\":[{\"@type\":\"SearchAction\",\"target\":{\"@type\":\"EntryPoint\",\"urlTemplate\":\"https:\/\/www.riacanada.ca\/fr\/?s={search_term_string}\"},\"query-input\":\"required name=search_term_string\"}],\"inLanguage\":\"fr-CA\"}]}<\/script>\n<!-- \/ Yoast SEO plugin. -->","yoast_head_json":{"title":"Soutien - Responsible Investment Association","robots":{"index":"index","follow":"follow","max-snippet":"max-snippet:-1","max-image-preview":"max-image-preview:large","max-video-preview":"max-video-preview:-1"},"canonical":"https:\/\/www.riacanada.ca\/fr\/adhesion\/soutien\/","og_locale":"fr_FR","og_type":"article","og_title":"Soutien - Responsible Investment Association","og_description":"L\u2019adh\u00e9sion \u00e0 titre de membre de soutien s\u2019adresse aux petites \u00e9quipes de conseil et aux petites entreprises comptant 15 employ\u00e9s ou moins. Les gestionnaires de fonds de petite taille sont ceux dont l\u2019actif g\u00e9r\u00e9 est inf\u00e9rieur \u00e0 300 millions de dollars. Les \u00e9quipes consultatives et les organisations comptant plus de 15 employ\u00e9s, ainsi que les [&hellip;]","og_url":"https:\/\/www.riacanada.ca\/fr\/adhesion\/soutien\/","og_site_name":"Responsible Investment Association","article_modified_time":"2023-02-28T21:33:57+00:00","og_image":[{"width":1000,"height":750,"url":"https:\/\/www.riacanada.ca\/content\/uploads\/2018\/10\/architectural-design-architecture-building-443383-1000x750.jpg","type":"image\/jpeg"}],"twitter_card":"summary_large_image","schema":{"@context":"https:\/\/schema.org","@graph":[{"@type":"WebPage","@id":"https:\/\/www.riacanada.ca\/fr\/adhesion\/soutien\/","url":"https:\/\/www.riacanada.ca\/fr\/adhesion\/soutien\/","name":"Soutien - Responsible Investment Association","isPartOf":{"@id":"https:\/\/www.riacanada.ca\/fr\/#website"},"datePublished":"2018-09-26T20:03:07+00:00","dateModified":"2023-02-28T21:33:57+00:00","breadcrumb":{"@id":"https:\/\/www.riacanada.ca\/fr\/adhesion\/soutien\/#breadcrumb"},"inLanguage":"fr-CA","potentialAction":[{"@type":"ReadAction","target":["https:\/\/www.riacanada.ca\/fr\/adhesion\/soutien\/"]}]},{"@type":"BreadcrumbList","@id":"https:\/\/www.riacanada.ca\/fr\/adhesion\/soutien\/#breadcrumb","itemListElement":[{"@type":"ListItem","position":1,"name":"Home","item":"https:\/\/www.riacanada.ca\/fr\/"},{"@type":"ListItem","position":2,"name":"Adh\u00e9sion","item":"https:\/\/www.riacanada.ca\/fr\/adhesion\/"},{"@type":"ListItem","position":3,"name":"Soutien"}]},{"@type":"WebSite","@id":"https:\/\/www.riacanada.ca\/fr\/#website","url":"https:\/\/www.riacanada.ca\/fr\/","name":"Responsible Investment Association","description":"Canada&#039;s membership network for responsible investment","potentialAction":[{"@type":"SearchAction","target":{"@type":"EntryPoint","urlTemplate":"https:\/\/www.riacanada.ca\/fr\/?s={search_term_string}"},"query-input":"required name=search_term_string"}],"inLanguage":"fr-CA"}]}},"_links":{"self":[{"href":"https:\/\/www.riacanada.ca\/fr\/wp-json\/wp\/v2\/pages\/23582"}],"collection":[{"href":"https:\/\/www.riacanada.ca\/fr\/wp-json\/wp\/v2\/pages"}],"about":[{"href":"https:\/\/www.riacanada.ca\/fr\/wp-json\/wp\/v2\/types\/page"}],"author":[{"embeddable":true,"href":"https:\/\/www.riacanada.ca\/fr\/wp-json\/wp\/v2\/users\/1"}],"replies":[{"embeddable":true,"href":"https:\/\/www.riacanada.ca\/fr\/wp-json\/wp\/v2\/comments?post=23582"}],"version-history":[{"count":12,"href":"https:\/\/www.riacanada.ca\/fr\/wp-json\/wp\/v2\/pages\/23582\/revisions"}],"predecessor-version":[{"id":77733,"href":"https:\/\/www.riacanada.ca\/fr\/wp-json\/wp\/v2\/pages\/23582\/revisions\/77733"}],"up":[{"embeddable":true,"href":"https:\/\/www.riacanada.ca\/fr\/wp-json\/wp\/v2\/pages\/24328"}],"wp:featuredmedia":[{"embeddable":true,"href":"https:\/\/www.riacanada.ca\/fr\/wp-json\/wp\/v2\/media\/24821"}],"wp:attachment":[{"href":"https:\/\/www.riacanada.ca\/fr\/wp-json\/wp\/v2\/media?parent=23582"}],"curies":[{"name":"wp","href":"https:\/\/api.w.org\/{rel}","templated":true}]}}