{"id":23586,"date":"2018-05-10T21:51:20","date_gmt":"2018-05-11T01:51:20","guid":{"rendered":"http:\/\/www.riacanada.ca\/evenements-lies-a-lir\/"},"modified":"2025-08-26T12:20:12","modified_gmt":"2025-08-26T16:20:12","slug":"evenements","status":"publish","type":"page","link":"https:\/\/www.riacanada.ca\/fr\/evenements\/","title":{"rendered":"\u00c9v\u00e9nements"},"content":{"rendered":"<p>Une liste des \u00e9v\u00e9nements \u00e0 venir de l\u2019AIR et de nos partenaires strat\u00e9giques. Pour plus d\u2019informations sur la conf\u00e9rence annuelle de l\u2019air, veuillez visiter <a href=\"https:\/\/riaconference.ca\/\" target=\"_blank\" rel=\"noopener\">le site Web de la conf\u00e9rence<\/a><\/p>\n<p>Pour obtenir une attestation de pr\u00e9sence \u00e0 un \u00e9v\u00e9nement de l&rsquo;AIR, veuillez remplir ce <a href=\"https:\/\/forms.office.com\/r\/SqDPZpqr02\" target=\"_blank\" rel=\"noopener\">formulaire<\/a><\/p>\n","protected":false},"excerpt":{"rendered":"<p>Une liste des \u00e9v\u00e9nements \u00e0 venir de l\u2019AIR et de nos partenaires strat\u00e9giques. Pour plus d\u2019informations sur la conf\u00e9rence annuelle de l\u2019air, veuillez visiter le site Web de la conf\u00e9rence Pour obtenir une attestation de pr\u00e9sence \u00e0 un \u00e9v\u00e9nement de l&rsquo;AIR, veuillez remplir ce formulaire<\/p>\n","protected":false},"author":1,"featured_media":0,"parent":0,"menu_order":123,"comment_status":"closed","ping_status":"closed","template":"templates\/list.php","meta":{"footnotes":""},"acf":[],"yoast_head":"<!-- This site is optimized with the Yoast SEO plugin v21.0 - https:\/\/yoast.com\/wordpress\/plugins\/seo\/ -->\n<title>\u00c9v\u00e9nements - Responsible Investment Association<\/title>\n<meta name=\"robots\" content=\"index, follow, max-snippet:-1, max-image-preview:large, max-video-preview:-1\" \/>\n<link rel=\"canonical\" href=\"https:\/\/www.riacanada.ca\/fr\/evenements\/\" \/>\n<meta property=\"og:locale\" content=\"fr_FR\" \/>\n<meta property=\"og:type\" content=\"article\" \/>\n<meta property=\"og:title\" content=\"\u00c9v\u00e9nements - Responsible Investment Association\" \/>\n<meta property=\"og:description\" content=\"Une liste des \u00e9v\u00e9nements \u00e0 venir de l\u2019AIR et de nos partenaires strat\u00e9giques. Pour plus d\u2019informations sur la conf\u00e9rence annuelle de l\u2019air, veuillez visiter le site Web de la conf\u00e9rence Pour obtenir une attestation de pr\u00e9sence \u00e0 un \u00e9v\u00e9nement de l&rsquo;AIR, veuillez remplir ce formulaire\" \/>\n<meta property=\"og:url\" content=\"https:\/\/www.riacanada.ca\/fr\/evenements\/\" \/>\n<meta property=\"og:site_name\" content=\"Responsible Investment Association\" \/>\n<meta property=\"article:modified_time\" content=\"2025-08-26T16:20:12+00:00\" \/>\n<meta name=\"twitter:card\" content=\"summary_large_image\" \/>\n<meta name=\"twitter:label1\" content=\"Est. reading time\" \/>\n\t<meta name=\"twitter:data1\" content=\"1 minute\" \/>\n<script type=\"application\/ld+json\" class=\"yoast-schema-graph\">{\"@context\":\"https:\/\/schema.org\",\"@graph\":[{\"@type\":\"WebPage\",\"@id\":\"https:\/\/www.riacanada.ca\/fr\/evenements\/\",\"url\":\"https:\/\/www.riacanada.ca\/fr\/evenements\/\",\"name\":\"\u00c9v\u00e9nements - Responsible Investment Association\",\"isPartOf\":{\"@id\":\"https:\/\/www.riacanada.ca\/fr\/#website\"},\"datePublished\":\"2018-05-11T01:51:20+00:00\",\"dateModified\":\"2025-08-26T16:20:12+00:00\",\"breadcrumb\":{\"@id\":\"https:\/\/www.riacanada.ca\/fr\/evenements\/#breadcrumb\"},\"inLanguage\":\"fr-CA\",\"potentialAction\":[{\"@type\":\"ReadAction\",\"target\":[\"https:\/\/www.riacanada.ca\/fr\/evenements\/\"]}]},{\"@type\":\"BreadcrumbList\",\"@id\":\"https:\/\/www.riacanada.ca\/fr\/evenements\/#breadcrumb\",\"itemListElement\":[{\"@type\":\"ListItem\",\"position\":1,\"name\":\"Home\",\"item\":\"https:\/\/www.riacanada.ca\/fr\/\"},{\"@type\":\"ListItem\",\"position\":2,\"name\":\"\u00c9v\u00e9nements\"}]},{\"@type\":\"WebSite\",\"@id\":\"https:\/\/www.riacanada.ca\/fr\/#website\",\"url\":\"https:\/\/www.riacanada.ca\/fr\/\",\"name\":\"Responsible Investment Association\",\"description\":\"Canada&#039;s membership network for responsible investment\",\"potentialAction\":[{\"@type\":\"SearchAction\",\"target\":{\"@type\":\"EntryPoint\",\"urlTemplate\":\"https:\/\/www.riacanada.ca\/fr\/?s={search_term_string}\"},\"query-input\":\"required name=search_term_string\"}],\"inLanguage\":\"fr-CA\"}]}<\/script>\n<!-- \/ Yoast SEO plugin. -->","yoast_head_json":{"title":"\u00c9v\u00e9nements - Responsible Investment Association","robots":{"index":"index","follow":"follow","max-snippet":"max-snippet:-1","max-image-preview":"max-image-preview:large","max-video-preview":"max-video-preview:-1"},"canonical":"https:\/\/www.riacanada.ca\/fr\/evenements\/","og_locale":"fr_FR","og_type":"article","og_title":"\u00c9v\u00e9nements - Responsible Investment Association","og_description":"Une liste des \u00e9v\u00e9nements \u00e0 venir de l\u2019AIR et de nos partenaires strat\u00e9giques. Pour plus d\u2019informations sur la conf\u00e9rence annuelle de l\u2019air, veuillez visiter le site Web de la conf\u00e9rence Pour obtenir une attestation de pr\u00e9sence \u00e0 un \u00e9v\u00e9nement de l&rsquo;AIR, veuillez remplir ce formulaire","og_url":"https:\/\/www.riacanada.ca\/fr\/evenements\/","og_site_name":"Responsible Investment Association","article_modified_time":"2025-08-26T16:20:12+00:00","twitter_card":"summary_large_image","twitter_misc":{"Est. reading time":"1 minute"},"schema":{"@context":"https:\/\/schema.org","@graph":[{"@type":"WebPage","@id":"https:\/\/www.riacanada.ca\/fr\/evenements\/","url":"https:\/\/www.riacanada.ca\/fr\/evenements\/","name":"\u00c9v\u00e9nements - Responsible Investment Association","isPartOf":{"@id":"https:\/\/www.riacanada.ca\/fr\/#website"},"datePublished":"2018-05-11T01:51:20+00:00","dateModified":"2025-08-26T16:20:12+00:00","breadcrumb":{"@id":"https:\/\/www.riacanada.ca\/fr\/evenements\/#breadcrumb"},"inLanguage":"fr-CA","potentialAction":[{"@type":"ReadAction","target":["https:\/\/www.riacanada.ca\/fr\/evenements\/"]}]},{"@type":"BreadcrumbList","@id":"https:\/\/www.riacanada.ca\/fr\/evenements\/#breadcrumb","itemListElement":[{"@type":"ListItem","position":1,"name":"Home","item":"https:\/\/www.riacanada.ca\/fr\/"},{"@type":"ListItem","position":2,"name":"\u00c9v\u00e9nements"}]},{"@type":"WebSite","@id":"https:\/\/www.riacanada.ca\/fr\/#website","url":"https:\/\/www.riacanada.ca\/fr\/","name":"Responsible Investment Association","description":"Canada&#039;s membership network for responsible investment","potentialAction":[{"@type":"SearchAction","target":{"@type":"EntryPoint","urlTemplate":"https:\/\/www.riacanada.ca\/fr\/?s={search_term_string}"},"query-input":"required name=search_term_string"}],"inLanguage":"fr-CA"}]}},"_links":{"self":[{"href":"https:\/\/www.riacanada.ca\/fr\/wp-json\/wp\/v2\/pages\/23586"}],"collection":[{"href":"https:\/\/www.riacanada.ca\/fr\/wp-json\/wp\/v2\/pages"}],"about":[{"href":"https:\/\/www.riacanada.ca\/fr\/wp-json\/wp\/v2\/types\/page"}],"author":[{"embeddable":true,"href":"https:\/\/www.riacanada.ca\/fr\/wp-json\/wp\/v2\/users\/1"}],"replies":[{"embeddable":true,"href":"https:\/\/www.riacanada.ca\/fr\/wp-json\/wp\/v2\/comments?post=23586"}],"version-history":[{"count":7,"href":"https:\/\/www.riacanada.ca\/fr\/wp-json\/wp\/v2\/pages\/23586\/revisions"}],"predecessor-version":[{"id":114880,"href":"https:\/\/www.riacanada.ca\/fr\/wp-json\/wp\/v2\/pages\/23586\/revisions\/114880"}],"wp:attachment":[{"href":"https:\/\/www.riacanada.ca\/fr\/wp-json\/wp\/v2\/media?parent=23586"}],"curies":[{"name":"wp","href":"https:\/\/api.w.org\/{rel}","templated":true}]}}