{"id":24307,"date":"2018-05-17T15:09:08","date_gmt":"2018-05-17T15:09:08","guid":{"rendered":"http:\/\/www.riacanada.ca\/firmes-de-recherche\/"},"modified":"2018-10-17T16:57:01","modified_gmt":"2018-10-17T16:57:01","slug":"firmes-de-recherche","status":"publish","type":"page","link":"https:\/\/www.riacanada.ca\/fr\/le-marche-de-lir\/fournisseurs-de-services\/firmes-de-recherche\/","title":{"rendered":"Firmes de recherche ESG"},"content":{"rendered":"<p>Trouvez des firmes de recherche qui fournissent des donn\u00e9es de march\u00e9 et des services connexes, notamment des indices, des notations ESG et de risque, des informations sur les performances, des analyses de portefeuille et des donn\u00e9es d\u2019\u00e9valuation, aux soci\u00e9t\u00e9s financi\u00e8res, aux traders et aux investisseurs.<\/p>\n","protected":false},"excerpt":{"rendered":"<p>Trouvez des firmes de recherche qui fournissent des donn\u00e9es de march\u00e9 et des services connexes, notamment des indices, des notations ESG et de risque, des informations sur les performances, des analyses de portefeuille et des donn\u00e9es d\u2019\u00e9valuation, aux soci\u00e9t\u00e9s financi\u00e8res, aux traders et aux investisseurs.<\/p>\n","protected":false},"author":1,"featured_media":0,"parent":24314,"menu_order":120,"comment_status":"closed","ping_status":"closed","template":"templates\/advisors.php","meta":{"footnotes":""},"acf":[],"yoast_head":"<!-- This site is optimized with the Yoast SEO plugin v21.0 - https:\/\/yoast.com\/wordpress\/plugins\/seo\/ -->\n<title>Firmes de recherche ESG - Responsible Investment Association<\/title>\n<meta name=\"robots\" content=\"index, follow, max-snippet:-1, max-image-preview:large, max-video-preview:-1\" \/>\n<link rel=\"canonical\" href=\"https:\/\/www.riacanada.ca\/fr\/le-marche-de-lir\/fournisseurs-de-services\/firmes-de-recherche\/\" \/>\n<meta property=\"og:locale\" content=\"fr_FR\" \/>\n<meta property=\"og:type\" content=\"article\" \/>\n<meta property=\"og:title\" content=\"Firmes de recherche ESG - Responsible Investment Association\" \/>\n<meta property=\"og:description\" content=\"Trouvez des firmes de recherche qui fournissent des donn\u00e9es de march\u00e9 et des services connexes, notamment des indices, des notations ESG et de risque, des informations sur les performances, des analyses de portefeuille et des donn\u00e9es d\u2019\u00e9valuation, aux soci\u00e9t\u00e9s financi\u00e8res, aux traders et aux investisseurs.\" \/>\n<meta property=\"og:url\" content=\"https:\/\/www.riacanada.ca\/fr\/le-marche-de-lir\/fournisseurs-de-services\/firmes-de-recherche\/\" \/>\n<meta property=\"og:site_name\" content=\"Responsible Investment Association\" \/>\n<meta property=\"article:modified_time\" content=\"2018-10-17T16:57:01+00:00\" \/>\n<meta name=\"twitter:card\" content=\"summary_large_image\" \/>\n<script type=\"application\/ld+json\" class=\"yoast-schema-graph\">{\"@context\":\"https:\/\/schema.org\",\"@graph\":[{\"@type\":\"WebPage\",\"@id\":\"https:\/\/www.riacanada.ca\/fr\/le-marche-de-lir\/fournisseurs-de-services\/firmes-de-recherche\/\",\"url\":\"https:\/\/www.riacanada.ca\/fr\/le-marche-de-lir\/fournisseurs-de-services\/firmes-de-recherche\/\",\"name\":\"Firmes de recherche ESG - Responsible Investment Association\",\"isPartOf\":{\"@id\":\"https:\/\/www.riacanada.ca\/fr\/#website\"},\"datePublished\":\"2018-05-17T15:09:08+00:00\",\"dateModified\":\"2018-10-17T16:57:01+00:00\",\"breadcrumb\":{\"@id\":\"https:\/\/www.riacanada.ca\/fr\/le-marche-de-lir\/fournisseurs-de-services\/firmes-de-recherche\/#breadcrumb\"},\"inLanguage\":\"fr-FR\",\"potentialAction\":[{\"@type\":\"ReadAction\",\"target\":[\"https:\/\/www.riacanada.ca\/fr\/le-marche-de-lir\/fournisseurs-de-services\/firmes-de-recherche\/\"]}]},{\"@type\":\"BreadcrumbList\",\"@id\":\"https:\/\/www.riacanada.ca\/fr\/le-marche-de-lir\/fournisseurs-de-services\/firmes-de-recherche\/#breadcrumb\",\"itemListElement\":[{\"@type\":\"ListItem\",\"position\":1,\"name\":\"Home\",\"item\":\"https:\/\/www.riacanada.ca\/fr\/\"},{\"@type\":\"ListItem\",\"position\":2,\"name\":\"Le march\u00e9 de l&rsquo;IR\",\"item\":\"https:\/\/www.riacanada.ca\/fr\/le-marche-de-lir\/\"},{\"@type\":\"ListItem\",\"position\":3,\"name\":\"Fournisseurs de services\",\"item\":\"https:\/\/www.riacanada.ca\/fr\/le-marche-de-lir\/fournisseurs-de-services\/\"},{\"@type\":\"ListItem\",\"position\":4,\"name\":\"Firmes de recherche ESG\"}]},{\"@type\":\"WebSite\",\"@id\":\"https:\/\/www.riacanada.ca\/fr\/#website\",\"url\":\"https:\/\/www.riacanada.ca\/fr\/\",\"name\":\"Responsible Investment Association\",\"description\":\"Canada&#039;s membership network for responsible investment\",\"potentialAction\":[{\"@type\":\"SearchAction\",\"target\":{\"@type\":\"EntryPoint\",\"urlTemplate\":\"https:\/\/www.riacanada.ca\/fr\/?s={search_term_string}\"},\"query-input\":\"required name=search_term_string\"}],\"inLanguage\":\"fr-FR\"}]}<\/script>\n<!-- \/ Yoast SEO plugin. -->","yoast_head_json":{"title":"Firmes de recherche ESG - Responsible Investment Association","robots":{"index":"index","follow":"follow","max-snippet":"max-snippet:-1","max-image-preview":"max-image-preview:large","max-video-preview":"max-video-preview:-1"},"canonical":"https:\/\/www.riacanada.ca\/fr\/le-marche-de-lir\/fournisseurs-de-services\/firmes-de-recherche\/","og_locale":"fr_FR","og_type":"article","og_title":"Firmes de recherche ESG - Responsible Investment Association","og_description":"Trouvez des firmes de recherche qui fournissent des donn\u00e9es de march\u00e9 et des services connexes, notamment des indices, des notations ESG et de risque, des informations sur les performances, des analyses de portefeuille et des donn\u00e9es d\u2019\u00e9valuation, aux soci\u00e9t\u00e9s financi\u00e8res, aux traders et aux investisseurs.","og_url":"https:\/\/www.riacanada.ca\/fr\/le-marche-de-lir\/fournisseurs-de-services\/firmes-de-recherche\/","og_site_name":"Responsible Investment Association","article_modified_time":"2018-10-17T16:57:01+00:00","twitter_card":"summary_large_image","schema":{"@context":"https:\/\/schema.org","@graph":[{"@type":"WebPage","@id":"https:\/\/www.riacanada.ca\/fr\/le-marche-de-lir\/fournisseurs-de-services\/firmes-de-recherche\/","url":"https:\/\/www.riacanada.ca\/fr\/le-marche-de-lir\/fournisseurs-de-services\/firmes-de-recherche\/","name":"Firmes de recherche ESG - Responsible Investment Association","isPartOf":{"@id":"https:\/\/www.riacanada.ca\/fr\/#website"},"datePublished":"2018-05-17T15:09:08+00:00","dateModified":"2018-10-17T16:57:01+00:00","breadcrumb":{"@id":"https:\/\/www.riacanada.ca\/fr\/le-marche-de-lir\/fournisseurs-de-services\/firmes-de-recherche\/#breadcrumb"},"inLanguage":"fr-FR","potentialAction":[{"@type":"ReadAction","target":["https:\/\/www.riacanada.ca\/fr\/le-marche-de-lir\/fournisseurs-de-services\/firmes-de-recherche\/"]}]},{"@type":"BreadcrumbList","@id":"https:\/\/www.riacanada.ca\/fr\/le-marche-de-lir\/fournisseurs-de-services\/firmes-de-recherche\/#breadcrumb","itemListElement":[{"@type":"ListItem","position":1,"name":"Home","item":"https:\/\/www.riacanada.ca\/fr\/"},{"@type":"ListItem","position":2,"name":"Le march\u00e9 de l&rsquo;IR","item":"https:\/\/www.riacanada.ca\/fr\/le-marche-de-lir\/"},{"@type":"ListItem","position":3,"name":"Fournisseurs de services","item":"https:\/\/www.riacanada.ca\/fr\/le-marche-de-lir\/fournisseurs-de-services\/"},{"@type":"ListItem","position":4,"name":"Firmes de recherche ESG"}]},{"@type":"WebSite","@id":"https:\/\/www.riacanada.ca\/fr\/#website","url":"https:\/\/www.riacanada.ca\/fr\/","name":"Responsible Investment Association","description":"Canada&#039;s membership network for responsible investment","potentialAction":[{"@type":"SearchAction","target":{"@type":"EntryPoint","urlTemplate":"https:\/\/www.riacanada.ca\/fr\/?s={search_term_string}"},"query-input":"required name=search_term_string"}],"inLanguage":"fr-FR"}]}},"_links":{"self":[{"href":"https:\/\/www.riacanada.ca\/fr\/wp-json\/wp\/v2\/pages\/24307"}],"collection":[{"href":"https:\/\/www.riacanada.ca\/fr\/wp-json\/wp\/v2\/pages"}],"about":[{"href":"https:\/\/www.riacanada.ca\/fr\/wp-json\/wp\/v2\/types\/page"}],"author":[{"embeddable":true,"href":"https:\/\/www.riacanada.ca\/fr\/wp-json\/wp\/v2\/users\/1"}],"replies":[{"embeddable":true,"href":"https:\/\/www.riacanada.ca\/fr\/wp-json\/wp\/v2\/comments?post=24307"}],"version-history":[{"count":1,"href":"https:\/\/www.riacanada.ca\/fr\/wp-json\/wp\/v2\/pages\/24307\/revisions"}],"predecessor-version":[{"id":26663,"href":"https:\/\/www.riacanada.ca\/fr\/wp-json\/wp\/v2\/pages\/24307\/revisions\/26663"}],"up":[{"embeddable":true,"href":"https:\/\/www.riacanada.ca\/fr\/wp-json\/wp\/v2\/pages\/24314"}],"wp:attachment":[{"href":"https:\/\/www.riacanada.ca\/fr\/wp-json\/wp\/v2\/media?parent=24307"}],"curies":[{"name":"wp","href":"https:\/\/api.w.org\/{rel}","templated":true}]}}