{"id":26517,"date":"2018-05-08T19:21:24","date_gmt":"2018-05-08T19:21:24","guid":{"rendered":"http:\/\/www.riacanada.ca\/recherche-et-politique\/"},"modified":"2018-11-22T21:05:41","modified_gmt":"2018-11-22T21:05:41","slug":"recherche-et-politique","status":"publish","type":"page","link":"https:\/\/www.riacanada.ca\/fr\/recherche-et-politique\/","title":{"rendered":"Recherche et Politique"},"content":{"rendered":"<p><span style=\"font-weight: 400;\">L\u2019AIR m\u00e8ne des recherches sur une vari\u00e9t\u00e9 de sujets pertinents pour nos membres et la communaut\u00e9 d\u2019investissement \u00e9largie, y compris les tendances de l\u2019industrie, la performance des fonds, les opinions des investisseurs et plus encore. La recherche est g\u00e9n\u00e9ralement men\u00e9e en partenariat avec des pairs et des membres de l\u2019industrie. <\/span><\/p>\n","protected":false},"excerpt":{"rendered":"<p>L\u2019AIR m\u00e8ne des recherches sur une vari\u00e9t\u00e9 de sujets pertinents pour nos membres et la communaut\u00e9 d\u2019investissement \u00e9largie, y compris les tendances de l\u2019industrie, la performance des fonds, les opinions des investisseurs et plus encore. La recherche est g\u00e9n\u00e9ralement men\u00e9e en partenariat avec des pairs et des membres de l\u2019industrie.<\/p>\n","protected":false},"author":1,"featured_media":0,"parent":0,"menu_order":146,"comment_status":"closed","ping_status":"closed","template":"","meta":{"footnotes":""},"acf":[],"yoast_head":"<!-- This site is optimized with the Yoast SEO plugin v21.0 - https:\/\/yoast.com\/wordpress\/plugins\/seo\/ -->\n<title>Recherche et Politique - Responsible Investment Association<\/title>\n<meta name=\"robots\" content=\"index, follow, max-snippet:-1, max-image-preview:large, max-video-preview:-1\" \/>\n<link rel=\"canonical\" href=\"https:\/\/www.riacanada.ca\/fr\/recherche-et-politique\/\" \/>\n<meta property=\"og:locale\" content=\"fr_FR\" \/>\n<meta property=\"og:type\" content=\"article\" \/>\n<meta property=\"og:title\" content=\"Recherche et Politique - Responsible Investment Association\" \/>\n<meta property=\"og:description\" content=\"L\u2019AIR m\u00e8ne des recherches sur une vari\u00e9t\u00e9 de sujets pertinents pour nos membres et la communaut\u00e9 d\u2019investissement \u00e9largie, y compris les tendances de l\u2019industrie, la performance des fonds, les opinions des investisseurs et plus encore. La recherche est g\u00e9n\u00e9ralement men\u00e9e en partenariat avec des pairs et des membres de l\u2019industrie.\" \/>\n<meta property=\"og:url\" content=\"https:\/\/www.riacanada.ca\/fr\/recherche-et-politique\/\" \/>\n<meta property=\"og:site_name\" content=\"Responsible Investment Association\" \/>\n<meta property=\"article:modified_time\" content=\"2018-11-22T21:05:41+00:00\" \/>\n<meta name=\"twitter:card\" content=\"summary_large_image\" \/>\n<script type=\"application\/ld+json\" class=\"yoast-schema-graph\">{\"@context\":\"https:\/\/schema.org\",\"@graph\":[{\"@type\":\"WebPage\",\"@id\":\"https:\/\/www.riacanada.ca\/fr\/recherche-et-politique\/\",\"url\":\"https:\/\/www.riacanada.ca\/fr\/recherche-et-politique\/\",\"name\":\"Recherche et Politique - Responsible Investment Association\",\"isPartOf\":{\"@id\":\"https:\/\/www.riacanada.ca\/fr\/#website\"},\"datePublished\":\"2018-05-08T19:21:24+00:00\",\"dateModified\":\"2018-11-22T21:05:41+00:00\",\"breadcrumb\":{\"@id\":\"https:\/\/www.riacanada.ca\/fr\/recherche-et-politique\/#breadcrumb\"},\"inLanguage\":\"fr-CA\",\"potentialAction\":[{\"@type\":\"ReadAction\",\"target\":[\"https:\/\/www.riacanada.ca\/fr\/recherche-et-politique\/\"]}]},{\"@type\":\"BreadcrumbList\",\"@id\":\"https:\/\/www.riacanada.ca\/fr\/recherche-et-politique\/#breadcrumb\",\"itemListElement\":[{\"@type\":\"ListItem\",\"position\":1,\"name\":\"Home\",\"item\":\"https:\/\/www.riacanada.ca\/fr\/\"},{\"@type\":\"ListItem\",\"position\":2,\"name\":\"Recherche et Politique\"}]},{\"@type\":\"WebSite\",\"@id\":\"https:\/\/www.riacanada.ca\/fr\/#website\",\"url\":\"https:\/\/www.riacanada.ca\/fr\/\",\"name\":\"Responsible Investment Association\",\"description\":\"Canada&#039;s membership network for responsible investment\",\"potentialAction\":[{\"@type\":\"SearchAction\",\"target\":{\"@type\":\"EntryPoint\",\"urlTemplate\":\"https:\/\/www.riacanada.ca\/fr\/?s={search_term_string}\"},\"query-input\":\"required name=search_term_string\"}],\"inLanguage\":\"fr-CA\"}]}<\/script>\n<!-- \/ Yoast SEO plugin. -->","yoast_head_json":{"title":"Recherche et Politique - Responsible Investment Association","robots":{"index":"index","follow":"follow","max-snippet":"max-snippet:-1","max-image-preview":"max-image-preview:large","max-video-preview":"max-video-preview:-1"},"canonical":"https:\/\/www.riacanada.ca\/fr\/recherche-et-politique\/","og_locale":"fr_FR","og_type":"article","og_title":"Recherche et Politique - Responsible Investment Association","og_description":"L\u2019AIR m\u00e8ne des recherches sur une vari\u00e9t\u00e9 de sujets pertinents pour nos membres et la communaut\u00e9 d\u2019investissement \u00e9largie, y compris les tendances de l\u2019industrie, la performance des fonds, les opinions des investisseurs et plus encore. La recherche est g\u00e9n\u00e9ralement men\u00e9e en partenariat avec des pairs et des membres de l\u2019industrie.","og_url":"https:\/\/www.riacanada.ca\/fr\/recherche-et-politique\/","og_site_name":"Responsible Investment Association","article_modified_time":"2018-11-22T21:05:41+00:00","twitter_card":"summary_large_image","schema":{"@context":"https:\/\/schema.org","@graph":[{"@type":"WebPage","@id":"https:\/\/www.riacanada.ca\/fr\/recherche-et-politique\/","url":"https:\/\/www.riacanada.ca\/fr\/recherche-et-politique\/","name":"Recherche et Politique - Responsible Investment Association","isPartOf":{"@id":"https:\/\/www.riacanada.ca\/fr\/#website"},"datePublished":"2018-05-08T19:21:24+00:00","dateModified":"2018-11-22T21:05:41+00:00","breadcrumb":{"@id":"https:\/\/www.riacanada.ca\/fr\/recherche-et-politique\/#breadcrumb"},"inLanguage":"fr-CA","potentialAction":[{"@type":"ReadAction","target":["https:\/\/www.riacanada.ca\/fr\/recherche-et-politique\/"]}]},{"@type":"BreadcrumbList","@id":"https:\/\/www.riacanada.ca\/fr\/recherche-et-politique\/#breadcrumb","itemListElement":[{"@type":"ListItem","position":1,"name":"Home","item":"https:\/\/www.riacanada.ca\/fr\/"},{"@type":"ListItem","position":2,"name":"Recherche et Politique"}]},{"@type":"WebSite","@id":"https:\/\/www.riacanada.ca\/fr\/#website","url":"https:\/\/www.riacanada.ca\/fr\/","name":"Responsible Investment Association","description":"Canada&#039;s membership network for responsible investment","potentialAction":[{"@type":"SearchAction","target":{"@type":"EntryPoint","urlTemplate":"https:\/\/www.riacanada.ca\/fr\/?s={search_term_string}"},"query-input":"required name=search_term_string"}],"inLanguage":"fr-CA"}]}},"_links":{"self":[{"href":"https:\/\/www.riacanada.ca\/fr\/wp-json\/wp\/v2\/pages\/26517"}],"collection":[{"href":"https:\/\/www.riacanada.ca\/fr\/wp-json\/wp\/v2\/pages"}],"about":[{"href":"https:\/\/www.riacanada.ca\/fr\/wp-json\/wp\/v2\/types\/page"}],"author":[{"embeddable":true,"href":"https:\/\/www.riacanada.ca\/fr\/wp-json\/wp\/v2\/users\/1"}],"replies":[{"embeddable":true,"href":"https:\/\/www.riacanada.ca\/fr\/wp-json\/wp\/v2\/comments?post=26517"}],"version-history":[{"count":1,"href":"https:\/\/www.riacanada.ca\/fr\/wp-json\/wp\/v2\/pages\/26517\/revisions"}],"predecessor-version":[{"id":30569,"href":"https:\/\/www.riacanada.ca\/fr\/wp-json\/wp\/v2\/pages\/26517\/revisions\/30569"}],"wp:attachment":[{"href":"https:\/\/www.riacanada.ca\/fr\/wp-json\/wp\/v2\/media?parent=26517"}],"curies":[{"name":"wp","href":"https:\/\/api.w.org\/{rel}","templated":true}]}}