{"id":27538,"date":"2018-10-03T20:41:03","date_gmt":"2018-10-03T20:41:03","guid":{"rendered":"http:\/\/www.riacanada.ca\/recherche-et-politique\/policy-advocacy\/"},"modified":"2018-11-22T21:05:23","modified_gmt":"2018-11-22T21:05:23","slug":"politiques-plaidoyers","status":"publish","type":"page","link":"https:\/\/www.riacanada.ca\/fr\/recherche-et-politique\/politiques-plaidoyers\/","title":{"rendered":"Politiques et plaidoyers"},"content":{"rendered":"<p>Dans le cadre de nos efforts pour promouvoir l\u2019IR au Canada, nous collaborons r\u00e9guli\u00e8rement avec les organismes de r\u00e9glementation et le gouvernement pour soutenir l\u2019\u00e9laboration de politiques et de r\u00e8glements qui favorisent la croissance de l\u2019investissement responsable au Canada.<\/p>\n","protected":false},"excerpt":{"rendered":"<p>Dans le cadre de nos efforts pour promouvoir l\u2019IR au Canada, nous collaborons r\u00e9guli\u00e8rement avec les organismes de r\u00e9glementation et le gouvernement pour soutenir l\u2019\u00e9laboration de politiques et de r\u00e8glements qui favorisent la croissance de l\u2019investissement responsable au Canada.<\/p>\n","protected":false},"author":1,"featured_media":0,"parent":26517,"menu_order":79,"comment_status":"closed","ping_status":"closed","template":"templates\/list.php","meta":{"footnotes":""},"acf":[],"yoast_head":"<!-- This site is optimized with the Yoast SEO plugin v21.0 - https:\/\/yoast.com\/wordpress\/plugins\/seo\/ -->\n<title>Politiques et plaidoyers - Responsible Investment Association<\/title>\n<meta name=\"robots\" content=\"index, follow, max-snippet:-1, max-image-preview:large, max-video-preview:-1\" \/>\n<link rel=\"canonical\" href=\"https:\/\/www.riacanada.ca\/fr\/recherche-et-politique\/politiques-plaidoyers\/\" \/>\n<meta property=\"og:locale\" content=\"fr_FR\" \/>\n<meta property=\"og:type\" content=\"article\" \/>\n<meta property=\"og:title\" content=\"Politiques et plaidoyers - Responsible Investment Association\" \/>\n<meta property=\"og:description\" content=\"Dans le cadre de nos efforts pour promouvoir l\u2019IR au Canada, nous collaborons r\u00e9guli\u00e8rement avec les organismes de r\u00e9glementation et le gouvernement pour soutenir l\u2019\u00e9laboration de politiques et de r\u00e8glements qui favorisent la croissance de l\u2019investissement responsable au Canada.\" \/>\n<meta property=\"og:url\" content=\"https:\/\/www.riacanada.ca\/fr\/recherche-et-politique\/politiques-plaidoyers\/\" \/>\n<meta property=\"og:site_name\" content=\"Responsible Investment Association\" \/>\n<meta property=\"article:modified_time\" content=\"2018-11-22T21:05:23+00:00\" \/>\n<meta name=\"twitter:card\" content=\"summary_large_image\" \/>\n<script type=\"application\/ld+json\" class=\"yoast-schema-graph\">{\"@context\":\"https:\/\/schema.org\",\"@graph\":[{\"@type\":\"WebPage\",\"@id\":\"https:\/\/www.riacanada.ca\/fr\/recherche-et-politique\/politiques-plaidoyers\/\",\"url\":\"https:\/\/www.riacanada.ca\/fr\/recherche-et-politique\/politiques-plaidoyers\/\",\"name\":\"Politiques et plaidoyers - Responsible Investment Association\",\"isPartOf\":{\"@id\":\"https:\/\/www.riacanada.ca\/fr\/#website\"},\"datePublished\":\"2018-10-03T20:41:03+00:00\",\"dateModified\":\"2018-11-22T21:05:23+00:00\",\"breadcrumb\":{\"@id\":\"https:\/\/www.riacanada.ca\/fr\/recherche-et-politique\/politiques-plaidoyers\/#breadcrumb\"},\"inLanguage\":\"fr-CA\",\"potentialAction\":[{\"@type\":\"ReadAction\",\"target\":[\"https:\/\/www.riacanada.ca\/fr\/recherche-et-politique\/politiques-plaidoyers\/\"]}]},{\"@type\":\"BreadcrumbList\",\"@id\":\"https:\/\/www.riacanada.ca\/fr\/recherche-et-politique\/politiques-plaidoyers\/#breadcrumb\",\"itemListElement\":[{\"@type\":\"ListItem\",\"position\":1,\"name\":\"Home\",\"item\":\"https:\/\/www.riacanada.ca\/fr\/\"},{\"@type\":\"ListItem\",\"position\":2,\"name\":\"Recherche et Politique\",\"item\":\"https:\/\/www.riacanada.ca\/fr\/recherche-et-politique\/\"},{\"@type\":\"ListItem\",\"position\":3,\"name\":\"Politiques et plaidoyers\"}]},{\"@type\":\"WebSite\",\"@id\":\"https:\/\/www.riacanada.ca\/fr\/#website\",\"url\":\"https:\/\/www.riacanada.ca\/fr\/\",\"name\":\"Responsible Investment Association\",\"description\":\"Canada&#039;s membership network for responsible investment\",\"potentialAction\":[{\"@type\":\"SearchAction\",\"target\":{\"@type\":\"EntryPoint\",\"urlTemplate\":\"https:\/\/www.riacanada.ca\/fr\/?s={search_term_string}\"},\"query-input\":\"required name=search_term_string\"}],\"inLanguage\":\"fr-CA\"}]}<\/script>\n<!-- \/ Yoast SEO plugin. -->","yoast_head_json":{"title":"Politiques et plaidoyers - Responsible Investment Association","robots":{"index":"index","follow":"follow","max-snippet":"max-snippet:-1","max-image-preview":"max-image-preview:large","max-video-preview":"max-video-preview:-1"},"canonical":"https:\/\/www.riacanada.ca\/fr\/recherche-et-politique\/politiques-plaidoyers\/","og_locale":"fr_FR","og_type":"article","og_title":"Politiques et plaidoyers - Responsible Investment Association","og_description":"Dans le cadre de nos efforts pour promouvoir l\u2019IR au Canada, nous collaborons r\u00e9guli\u00e8rement avec les organismes de r\u00e9glementation et le gouvernement pour soutenir l\u2019\u00e9laboration de politiques et de r\u00e8glements qui favorisent la croissance de l\u2019investissement responsable au Canada.","og_url":"https:\/\/www.riacanada.ca\/fr\/recherche-et-politique\/politiques-plaidoyers\/","og_site_name":"Responsible Investment Association","article_modified_time":"2018-11-22T21:05:23+00:00","twitter_card":"summary_large_image","schema":{"@context":"https:\/\/schema.org","@graph":[{"@type":"WebPage","@id":"https:\/\/www.riacanada.ca\/fr\/recherche-et-politique\/politiques-plaidoyers\/","url":"https:\/\/www.riacanada.ca\/fr\/recherche-et-politique\/politiques-plaidoyers\/","name":"Politiques et plaidoyers - Responsible Investment Association","isPartOf":{"@id":"https:\/\/www.riacanada.ca\/fr\/#website"},"datePublished":"2018-10-03T20:41:03+00:00","dateModified":"2018-11-22T21:05:23+00:00","breadcrumb":{"@id":"https:\/\/www.riacanada.ca\/fr\/recherche-et-politique\/politiques-plaidoyers\/#breadcrumb"},"inLanguage":"fr-CA","potentialAction":[{"@type":"ReadAction","target":["https:\/\/www.riacanada.ca\/fr\/recherche-et-politique\/politiques-plaidoyers\/"]}]},{"@type":"BreadcrumbList","@id":"https:\/\/www.riacanada.ca\/fr\/recherche-et-politique\/politiques-plaidoyers\/#breadcrumb","itemListElement":[{"@type":"ListItem","position":1,"name":"Home","item":"https:\/\/www.riacanada.ca\/fr\/"},{"@type":"ListItem","position":2,"name":"Recherche et Politique","item":"https:\/\/www.riacanada.ca\/fr\/recherche-et-politique\/"},{"@type":"ListItem","position":3,"name":"Politiques et plaidoyers"}]},{"@type":"WebSite","@id":"https:\/\/www.riacanada.ca\/fr\/#website","url":"https:\/\/www.riacanada.ca\/fr\/","name":"Responsible Investment Association","description":"Canada&#039;s membership network for responsible investment","potentialAction":[{"@type":"SearchAction","target":{"@type":"EntryPoint","urlTemplate":"https:\/\/www.riacanada.ca\/fr\/?s={search_term_string}"},"query-input":"required name=search_term_string"}],"inLanguage":"fr-CA"}]}},"_links":{"self":[{"href":"https:\/\/www.riacanada.ca\/fr\/wp-json\/wp\/v2\/pages\/27538"}],"collection":[{"href":"https:\/\/www.riacanada.ca\/fr\/wp-json\/wp\/v2\/pages"}],"about":[{"href":"https:\/\/www.riacanada.ca\/fr\/wp-json\/wp\/v2\/types\/page"}],"author":[{"embeddable":true,"href":"https:\/\/www.riacanada.ca\/fr\/wp-json\/wp\/v2\/users\/1"}],"replies":[{"embeddable":true,"href":"https:\/\/www.riacanada.ca\/fr\/wp-json\/wp\/v2\/comments?post=27538"}],"version-history":[{"count":4,"href":"https:\/\/www.riacanada.ca\/fr\/wp-json\/wp\/v2\/pages\/27538\/revisions"}],"predecessor-version":[{"id":30568,"href":"https:\/\/www.riacanada.ca\/fr\/wp-json\/wp\/v2\/pages\/27538\/revisions\/30568"}],"up":[{"embeddable":true,"href":"https:\/\/www.riacanada.ca\/fr\/wp-json\/wp\/v2\/pages\/26517"}],"wp:attachment":[{"href":"https:\/\/www.riacanada.ca\/fr\/wp-json\/wp\/v2\/media?parent=27538"}],"curies":[{"name":"wp","href":"https:\/\/api.w.org\/{rel}","templated":true}]}}