{"id":27539,"date":"2018-10-03T20:40:10","date_gmt":"2018-10-04T00:40:10","guid":{"rendered":"http:\/\/www.riacanada.ca\/recherche-et-politique\/ria-research\/"},"modified":"2018-11-22T21:06:46","modified_gmt":"2018-11-22T21:06:46","slug":"recherches-air","status":"publish","type":"page","link":"https:\/\/www.riacanada.ca\/fr\/recherche-et-politique\/recherches-air\/","title":{"rendered":"Recherches de l\u2019AIR"},"content":{"rendered":"<p><span style=\"font-weight: 400;\">L\u2019AIR m\u00e8ne des recherches sur une vari\u00e9t\u00e9 de sujets pertinents pour nos membres et la communaut\u00e9 d\u2019investissement \u00e9largie, y compris les tendances de l\u2019industrie, la performance des fonds, les opinions des investisseurs et plus encore. <\/span><span style=\"font-weight: 400;\">Veuillez communiquer avec nous pour plus d\u2019informations sur les possibilit\u00e9s de commandite des rapports de recherche de l\u2019AIR.<\/span><\/p>\n","protected":false},"excerpt":{"rendered":"<p>L\u2019AIR m\u00e8ne des recherches sur une vari\u00e9t\u00e9 de sujets pertinents pour nos membres et la communaut\u00e9 d\u2019investissement \u00e9largie, y compris les tendances de l\u2019industrie, la performance des fonds, les opinions des investisseurs et plus encore. Veuillez communiquer avec nous pour plus d\u2019informations sur les possibilit\u00e9s de commandite des rapports de recherche de l\u2019AIR.<\/p>\n","protected":false},"author":1,"featured_media":0,"parent":26517,"menu_order":81,"comment_status":"closed","ping_status":"closed","template":"templates\/list.php","meta":{"footnotes":""},"acf":[],"yoast_head":"<!-- This site is optimized with the Yoast SEO plugin v21.0 - https:\/\/yoast.com\/wordpress\/plugins\/seo\/ -->\n<title>Recherches de l\u2019AIR - Responsible Investment Association<\/title>\n<meta name=\"robots\" content=\"index, follow, max-snippet:-1, max-image-preview:large, max-video-preview:-1\" \/>\n<link rel=\"canonical\" href=\"https:\/\/www.riacanada.ca\/fr\/recherche-et-politique\/recherches-air\/\" \/>\n<meta property=\"og:locale\" content=\"fr_FR\" \/>\n<meta property=\"og:type\" content=\"article\" \/>\n<meta property=\"og:title\" content=\"Recherches de l\u2019AIR - Responsible Investment Association\" \/>\n<meta property=\"og:description\" content=\"L\u2019AIR m\u00e8ne des recherches sur une vari\u00e9t\u00e9 de sujets pertinents pour nos membres et la communaut\u00e9 d\u2019investissement \u00e9largie, y compris les tendances de l\u2019industrie, la performance des fonds, les opinions des investisseurs et plus encore. Veuillez communiquer avec nous pour plus d\u2019informations sur les possibilit\u00e9s de commandite des rapports de recherche de l\u2019AIR.\" \/>\n<meta property=\"og:url\" content=\"https:\/\/www.riacanada.ca\/fr\/recherche-et-politique\/recherches-air\/\" \/>\n<meta property=\"og:site_name\" content=\"Responsible Investment Association\" \/>\n<meta property=\"article:modified_time\" content=\"2018-11-22T21:06:46+00:00\" \/>\n<meta name=\"twitter:card\" content=\"summary_large_image\" \/>\n<script type=\"application\/ld+json\" class=\"yoast-schema-graph\">{\"@context\":\"https:\/\/schema.org\",\"@graph\":[{\"@type\":\"WebPage\",\"@id\":\"https:\/\/www.riacanada.ca\/fr\/recherche-et-politique\/recherches-air\/\",\"url\":\"https:\/\/www.riacanada.ca\/fr\/recherche-et-politique\/recherches-air\/\",\"name\":\"Recherches de l\u2019AIR - Responsible Investment Association\",\"isPartOf\":{\"@id\":\"https:\/\/www.riacanada.ca\/fr\/#website\"},\"datePublished\":\"2018-10-04T00:40:10+00:00\",\"dateModified\":\"2018-11-22T21:06:46+00:00\",\"breadcrumb\":{\"@id\":\"https:\/\/www.riacanada.ca\/fr\/recherche-et-politique\/recherches-air\/#breadcrumb\"},\"inLanguage\":\"fr-CA\",\"potentialAction\":[{\"@type\":\"ReadAction\",\"target\":[\"https:\/\/www.riacanada.ca\/fr\/recherche-et-politique\/recherches-air\/\"]}]},{\"@type\":\"BreadcrumbList\",\"@id\":\"https:\/\/www.riacanada.ca\/fr\/recherche-et-politique\/recherches-air\/#breadcrumb\",\"itemListElement\":[{\"@type\":\"ListItem\",\"position\":1,\"name\":\"Home\",\"item\":\"https:\/\/www.riacanada.ca\/fr\/\"},{\"@type\":\"ListItem\",\"position\":2,\"name\":\"Recherche et Politique\",\"item\":\"https:\/\/www.riacanada.ca\/fr\/recherche-et-politique\/\"},{\"@type\":\"ListItem\",\"position\":3,\"name\":\"Recherches de l\u2019AIR\"}]},{\"@type\":\"WebSite\",\"@id\":\"https:\/\/www.riacanada.ca\/fr\/#website\",\"url\":\"https:\/\/www.riacanada.ca\/fr\/\",\"name\":\"Responsible Investment Association\",\"description\":\"Canada&#039;s membership network for responsible investment\",\"potentialAction\":[{\"@type\":\"SearchAction\",\"target\":{\"@type\":\"EntryPoint\",\"urlTemplate\":\"https:\/\/www.riacanada.ca\/fr\/?s={search_term_string}\"},\"query-input\":\"required name=search_term_string\"}],\"inLanguage\":\"fr-CA\"}]}<\/script>\n<!-- \/ Yoast SEO plugin. -->","yoast_head_json":{"title":"Recherches de l\u2019AIR - Responsible Investment Association","robots":{"index":"index","follow":"follow","max-snippet":"max-snippet:-1","max-image-preview":"max-image-preview:large","max-video-preview":"max-video-preview:-1"},"canonical":"https:\/\/www.riacanada.ca\/fr\/recherche-et-politique\/recherches-air\/","og_locale":"fr_FR","og_type":"article","og_title":"Recherches de l\u2019AIR - Responsible Investment Association","og_description":"L\u2019AIR m\u00e8ne des recherches sur une vari\u00e9t\u00e9 de sujets pertinents pour nos membres et la communaut\u00e9 d\u2019investissement \u00e9largie, y compris les tendances de l\u2019industrie, la performance des fonds, les opinions des investisseurs et plus encore. Veuillez communiquer avec nous pour plus d\u2019informations sur les possibilit\u00e9s de commandite des rapports de recherche de l\u2019AIR.","og_url":"https:\/\/www.riacanada.ca\/fr\/recherche-et-politique\/recherches-air\/","og_site_name":"Responsible Investment Association","article_modified_time":"2018-11-22T21:06:46+00:00","twitter_card":"summary_large_image","schema":{"@context":"https:\/\/schema.org","@graph":[{"@type":"WebPage","@id":"https:\/\/www.riacanada.ca\/fr\/recherche-et-politique\/recherches-air\/","url":"https:\/\/www.riacanada.ca\/fr\/recherche-et-politique\/recherches-air\/","name":"Recherches de l\u2019AIR - Responsible Investment Association","isPartOf":{"@id":"https:\/\/www.riacanada.ca\/fr\/#website"},"datePublished":"2018-10-04T00:40:10+00:00","dateModified":"2018-11-22T21:06:46+00:00","breadcrumb":{"@id":"https:\/\/www.riacanada.ca\/fr\/recherche-et-politique\/recherches-air\/#breadcrumb"},"inLanguage":"fr-CA","potentialAction":[{"@type":"ReadAction","target":["https:\/\/www.riacanada.ca\/fr\/recherche-et-politique\/recherches-air\/"]}]},{"@type":"BreadcrumbList","@id":"https:\/\/www.riacanada.ca\/fr\/recherche-et-politique\/recherches-air\/#breadcrumb","itemListElement":[{"@type":"ListItem","position":1,"name":"Home","item":"https:\/\/www.riacanada.ca\/fr\/"},{"@type":"ListItem","position":2,"name":"Recherche et Politique","item":"https:\/\/www.riacanada.ca\/fr\/recherche-et-politique\/"},{"@type":"ListItem","position":3,"name":"Recherches de l\u2019AIR"}]},{"@type":"WebSite","@id":"https:\/\/www.riacanada.ca\/fr\/#website","url":"https:\/\/www.riacanada.ca\/fr\/","name":"Responsible Investment Association","description":"Canada&#039;s membership network for responsible investment","potentialAction":[{"@type":"SearchAction","target":{"@type":"EntryPoint","urlTemplate":"https:\/\/www.riacanada.ca\/fr\/?s={search_term_string}"},"query-input":"required name=search_term_string"}],"inLanguage":"fr-CA"}]}},"_links":{"self":[{"href":"https:\/\/www.riacanada.ca\/fr\/wp-json\/wp\/v2\/pages\/27539"}],"collection":[{"href":"https:\/\/www.riacanada.ca\/fr\/wp-json\/wp\/v2\/pages"}],"about":[{"href":"https:\/\/www.riacanada.ca\/fr\/wp-json\/wp\/v2\/types\/page"}],"author":[{"embeddable":true,"href":"https:\/\/www.riacanada.ca\/fr\/wp-json\/wp\/v2\/users\/1"}],"replies":[{"embeddable":true,"href":"https:\/\/www.riacanada.ca\/fr\/wp-json\/wp\/v2\/comments?post=27539"}],"version-history":[{"count":3,"href":"https:\/\/www.riacanada.ca\/fr\/wp-json\/wp\/v2\/pages\/27539\/revisions"}],"predecessor-version":[{"id":30570,"href":"https:\/\/www.riacanada.ca\/fr\/wp-json\/wp\/v2\/pages\/27539\/revisions\/30570"}],"up":[{"embeddable":true,"href":"https:\/\/www.riacanada.ca\/fr\/wp-json\/wp\/v2\/pages\/26517"}],"wp:attachment":[{"href":"https:\/\/www.riacanada.ca\/fr\/wp-json\/wp\/v2\/media?parent=27539"}],"curies":[{"name":"wp","href":"https:\/\/api.w.org\/{rel}","templated":true}]}}