{"id":27540,"date":"2018-10-02T21:31:17","date_gmt":"2018-10-03T01:31:17","guid":{"rendered":"http:\/\/www.riacanada.ca\/recherche-et-politique\/industry-research\/"},"modified":"2019-12-03T13:44:53","modified_gmt":"2019-12-03T18:44:53","slug":"recherche-industrie","status":"publish","type":"page","link":"https:\/\/www.riacanada.ca\/fr\/recherche-et-politique\/recherche-industrie\/","title":{"rendered":"Recherche de l\u2019industrie"},"content":{"rendered":"<p>Les publications de l\u2019industrie \u00e0 travers le monde d\u00e9montrent que l\u2019investissement responsable est une opportunit\u00e9 pour les investisseurs et est b\u00e9n\u00e9fique pour les enjeux environnementaux et sociaux.<\/p>\n","protected":false},"excerpt":{"rendered":"<p>Les publications de l\u2019industrie \u00e0 travers le monde d\u00e9montrent que l\u2019investissement responsable est une opportunit\u00e9 pour les investisseurs et est b\u00e9n\u00e9fique pour les enjeux environnementaux et sociaux.<\/p>\n","protected":false},"author":1,"featured_media":0,"parent":26517,"menu_order":91,"comment_status":"closed","ping_status":"closed","template":"templates\/list.php","meta":{"footnotes":""},"acf":[],"yoast_head":"<!-- This site is optimized with the Yoast SEO plugin v21.0 - https:\/\/yoast.com\/wordpress\/plugins\/seo\/ -->\n<title>Recherche de l\u2019industrie - Responsible Investment Association<\/title>\n<meta name=\"robots\" content=\"index, follow, max-snippet:-1, max-image-preview:large, max-video-preview:-1\" \/>\n<link rel=\"canonical\" href=\"https:\/\/www.riacanada.ca\/fr\/recherche-et-politique\/recherche-industrie\/\" \/>\n<meta property=\"og:locale\" content=\"fr_FR\" \/>\n<meta property=\"og:type\" content=\"article\" \/>\n<meta property=\"og:title\" content=\"Recherche de l\u2019industrie - Responsible Investment Association\" \/>\n<meta property=\"og:description\" content=\"Les publications de l\u2019industrie \u00e0 travers le monde d\u00e9montrent que l\u2019investissement responsable est une opportunit\u00e9 pour les investisseurs et est b\u00e9n\u00e9fique pour les enjeux environnementaux et sociaux.\" \/>\n<meta property=\"og:url\" content=\"https:\/\/www.riacanada.ca\/fr\/recherche-et-politique\/recherche-industrie\/\" \/>\n<meta property=\"og:site_name\" content=\"Responsible Investment Association\" \/>\n<meta property=\"article:modified_time\" content=\"2019-12-03T18:44:53+00:00\" \/>\n<meta name=\"twitter:card\" content=\"summary_large_image\" \/>\n<script type=\"application\/ld+json\" class=\"yoast-schema-graph\">{\"@context\":\"https:\/\/schema.org\",\"@graph\":[{\"@type\":\"WebPage\",\"@id\":\"https:\/\/www.riacanada.ca\/fr\/recherche-et-politique\/recherche-industrie\/\",\"url\":\"https:\/\/www.riacanada.ca\/fr\/recherche-et-politique\/recherche-industrie\/\",\"name\":\"Recherche de l\u2019industrie - Responsible Investment Association\",\"isPartOf\":{\"@id\":\"https:\/\/www.riacanada.ca\/fr\/#website\"},\"datePublished\":\"2018-10-03T01:31:17+00:00\",\"dateModified\":\"2019-12-03T18:44:53+00:00\",\"breadcrumb\":{\"@id\":\"https:\/\/www.riacanada.ca\/fr\/recherche-et-politique\/recherche-industrie\/#breadcrumb\"},\"inLanguage\":\"fr-CA\",\"potentialAction\":[{\"@type\":\"ReadAction\",\"target\":[\"https:\/\/www.riacanada.ca\/fr\/recherche-et-politique\/recherche-industrie\/\"]}]},{\"@type\":\"BreadcrumbList\",\"@id\":\"https:\/\/www.riacanada.ca\/fr\/recherche-et-politique\/recherche-industrie\/#breadcrumb\",\"itemListElement\":[{\"@type\":\"ListItem\",\"position\":1,\"name\":\"Home\",\"item\":\"https:\/\/www.riacanada.ca\/fr\/\"},{\"@type\":\"ListItem\",\"position\":2,\"name\":\"Recherche et Politique\",\"item\":\"https:\/\/www.riacanada.ca\/fr\/recherche-et-politique\/\"},{\"@type\":\"ListItem\",\"position\":3,\"name\":\"Recherche de l\u2019industrie\"}]},{\"@type\":\"WebSite\",\"@id\":\"https:\/\/www.riacanada.ca\/fr\/#website\",\"url\":\"https:\/\/www.riacanada.ca\/fr\/\",\"name\":\"Responsible Investment Association\",\"description\":\"Canada&#039;s membership network for responsible investment\",\"potentialAction\":[{\"@type\":\"SearchAction\",\"target\":{\"@type\":\"EntryPoint\",\"urlTemplate\":\"https:\/\/www.riacanada.ca\/fr\/?s={search_term_string}\"},\"query-input\":\"required name=search_term_string\"}],\"inLanguage\":\"fr-CA\"}]}<\/script>\n<!-- \/ Yoast SEO plugin. -->","yoast_head_json":{"title":"Recherche de l\u2019industrie - Responsible Investment Association","robots":{"index":"index","follow":"follow","max-snippet":"max-snippet:-1","max-image-preview":"max-image-preview:large","max-video-preview":"max-video-preview:-1"},"canonical":"https:\/\/www.riacanada.ca\/fr\/recherche-et-politique\/recherche-industrie\/","og_locale":"fr_FR","og_type":"article","og_title":"Recherche de l\u2019industrie - Responsible Investment Association","og_description":"Les publications de l\u2019industrie \u00e0 travers le monde d\u00e9montrent que l\u2019investissement responsable est une opportunit\u00e9 pour les investisseurs et est b\u00e9n\u00e9fique pour les enjeux environnementaux et sociaux.","og_url":"https:\/\/www.riacanada.ca\/fr\/recherche-et-politique\/recherche-industrie\/","og_site_name":"Responsible Investment Association","article_modified_time":"2019-12-03T18:44:53+00:00","twitter_card":"summary_large_image","schema":{"@context":"https:\/\/schema.org","@graph":[{"@type":"WebPage","@id":"https:\/\/www.riacanada.ca\/fr\/recherche-et-politique\/recherche-industrie\/","url":"https:\/\/www.riacanada.ca\/fr\/recherche-et-politique\/recherche-industrie\/","name":"Recherche de l\u2019industrie - Responsible Investment Association","isPartOf":{"@id":"https:\/\/www.riacanada.ca\/fr\/#website"},"datePublished":"2018-10-03T01:31:17+00:00","dateModified":"2019-12-03T18:44:53+00:00","breadcrumb":{"@id":"https:\/\/www.riacanada.ca\/fr\/recherche-et-politique\/recherche-industrie\/#breadcrumb"},"inLanguage":"fr-CA","potentialAction":[{"@type":"ReadAction","target":["https:\/\/www.riacanada.ca\/fr\/recherche-et-politique\/recherche-industrie\/"]}]},{"@type":"BreadcrumbList","@id":"https:\/\/www.riacanada.ca\/fr\/recherche-et-politique\/recherche-industrie\/#breadcrumb","itemListElement":[{"@type":"ListItem","position":1,"name":"Home","item":"https:\/\/www.riacanada.ca\/fr\/"},{"@type":"ListItem","position":2,"name":"Recherche et Politique","item":"https:\/\/www.riacanada.ca\/fr\/recherche-et-politique\/"},{"@type":"ListItem","position":3,"name":"Recherche de l\u2019industrie"}]},{"@type":"WebSite","@id":"https:\/\/www.riacanada.ca\/fr\/#website","url":"https:\/\/www.riacanada.ca\/fr\/","name":"Responsible Investment Association","description":"Canada&#039;s membership network for responsible investment","potentialAction":[{"@type":"SearchAction","target":{"@type":"EntryPoint","urlTemplate":"https:\/\/www.riacanada.ca\/fr\/?s={search_term_string}"},"query-input":"required name=search_term_string"}],"inLanguage":"fr-CA"}]}},"_links":{"self":[{"href":"https:\/\/www.riacanada.ca\/fr\/wp-json\/wp\/v2\/pages\/27540"}],"collection":[{"href":"https:\/\/www.riacanada.ca\/fr\/wp-json\/wp\/v2\/pages"}],"about":[{"href":"https:\/\/www.riacanada.ca\/fr\/wp-json\/wp\/v2\/types\/page"}],"author":[{"embeddable":true,"href":"https:\/\/www.riacanada.ca\/fr\/wp-json\/wp\/v2\/users\/1"}],"replies":[{"embeddable":true,"href":"https:\/\/www.riacanada.ca\/fr\/wp-json\/wp\/v2\/comments?post=27540"}],"version-history":[{"count":5,"href":"https:\/\/www.riacanada.ca\/fr\/wp-json\/wp\/v2\/pages\/27540\/revisions"}],"predecessor-version":[{"id":38661,"href":"https:\/\/www.riacanada.ca\/fr\/wp-json\/wp\/v2\/pages\/27540\/revisions\/38661"}],"up":[{"embeddable":true,"href":"https:\/\/www.riacanada.ca\/fr\/wp-json\/wp\/v2\/pages\/26517"}],"wp:attachment":[{"href":"https:\/\/www.riacanada.ca\/fr\/wp-json\/wp\/v2\/media?parent=27540"}],"curies":[{"name":"wp","href":"https:\/\/api.w.org\/{rel}","templated":true}]}}