{"id":29971,"date":"2018-11-06T21:50:56","date_gmt":"2018-11-07T02:50:56","guid":{"rendered":"http:\/\/www.riacanada.ca\/disclaimer\/"},"modified":"2021-01-12T12:07:35","modified_gmt":"2021-01-12T17:07:35","slug":"avertissement","status":"publish","type":"page","link":"https:\/\/www.riacanada.ca\/fr\/avertissement\/","title":{"rendered":"Avis de non-responsabilit\u00e9 et politique du march\u00e9 de l&rsquo;IR"},"content":{"rendered":"<p><strong>POLITIQUE DU MARCH\u00c9 DE L&rsquo;IR<\/strong><\/p>\n<p>Bienvenue sur le march\u00e9 de l&rsquo;investissement responsable (IR) &#8211; une initiative de l&rsquo;Association pour l&rsquo;investissement responsable (AIR). Le march\u00e9 de l&rsquo;IR est un r\u00e9pertoire des produits et services d&rsquo;IR fournis par les membres de l\u2019AIR. L&rsquo;adh\u00e9sion de l&rsquo;AIR est compos\u00e9e de gestionnaires d&rsquo;actifs, de propri\u00e9taires d&rsquo;actifs, de conseillers et de prestataires de services qui pratiquent et soutiennent l&rsquo;investissement responsable.<\/p>\n<p>Les produits de placement doivent \u00eatre inclus dans le march\u00e9 de l&rsquo;IR selon trois crit\u00e8res:<\/p>\n<p><strong>1.<\/strong> Le produit doit \u00eatre clairement d\u00e9sign\u00e9 comme v\u00e9hicule d&rsquo;investissement responsable par son nom et ses supports marketing.<\/p>\n<p><strong>2.<\/strong> Les pratiques des produit d&rsquo;IR doivent \u00eatre divulgu\u00e9es dans des documents r\u00e9glementaires tels que le prospectus, l&rsquo;aper\u00e7u du fonds et le m\u00e9morandum d&rsquo;offre. Toute politique officielle d&rsquo;IR applicable \u00e0 un produit doit \u00eatre accessible au public par une politique d&rsquo;IR ou une d\u00e9claration de politique d&rsquo;engagement des actionnaires.<\/p>\n<p><strong>3.<\/strong> L&rsquo;\u00e9metteur du produit doit \u00eatre membre en r\u00e8gle de l&rsquo;Association pour l&rsquo;investissement responsable.<\/p>\n<p><strong>AVERTISSEMENT<\/strong><\/p>\n<p>Les informations contenues sur ce site sont uniquement \u00e0 des fins \u00e9ducatives et g\u00e9n\u00e9rales. Les informations contenues dans le pr\u00e9sent document ne constituent pas un conseil, ni une offre de valeurs mobili\u00e8res, ni aucune publicit\u00e9 pour l&rsquo;offre de valeurs mobili\u00e8res. Vous ne devez pas agir ou compter sur les informations sans demander conseil \u00e0 un professionnel. Bien que nous estimons que les informations soient fiables [et que nous nous effor\u00e7ons de les maintenir \u00e0 jour et correctes], nous ne faisons aucune d\u00e9claration ni garantie de quelque nature que ce soit, expresse ou implicite, concernant l&rsquo;int\u00e9gralit\u00e9, l&rsquo;exactitude, la fiabilit\u00e9, l&rsquo;actualit\u00e9, la pertinence ou la disponibilit\u00e9 par rapport au site Web ou les informations, produits, services ou graphiques associ\u00e9s contenus sur le site Web, dans quelque but que ce soit.<\/p>\n<p>L&rsquo;AIR n&rsquo;approuve, ne recommande ni ne garantit aucun produit ou service d&rsquo;investissement figurant sur la place du march\u00e9 de l&rsquo;AIR.<\/p>\n<p>En aucun cas, nous ne serons responsables de pertes ou dommages, y compris, sans limitation, pertes ou dommages directs, indirects ou cons\u00e9cutifs, ou de pertes ou dommages de quelque nature que ce soit r\u00e9sultant de la perte de donn\u00e9es ou de b\u00e9n\u00e9fices r\u00e9sultant de, ou li\u00e9s \u00e0, l&rsquo;utilisation de ce site et du march\u00e9 de l&rsquo;IR. Sans limiter la port\u00e9e g\u00e9n\u00e9rale de ce qui pr\u00e9c\u00e8de, bien que tout soit mis en \u0153uvre pour le bon fonctionnement du site Web, nous ne pouvons \u00eatre tenus pour responsables du fait que le site Web et le march\u00e9 de l&rsquo;IR soient temporairement indisponibles en raison de probl\u00e8mes techniques ind\u00e9pendants de notre volont\u00e9.<\/p>\n<p>Des liens ou des r\u00e9f\u00e9rences \u00e0 d&rsquo;autres sites ou ressources exploit\u00e9s par d&rsquo;autres personnes peuvent \u00eatre fournis pour vous aider \u00e0 identifier et \u00e0 localiser des ressources d&rsquo;int\u00e9r\u00eat. Ces liens ou r\u00e9f\u00e9rences \u00e0 d&rsquo;autres sites sont ind\u00e9pendants de l&rsquo;AIR et celle-ci n&rsquo;a aucune responsabilit\u00e9 ni contr\u00f4le sur le contenu. Ces liens ne doivent pas \u00eatre interpr\u00e9t\u00e9s comme une approbation par l&rsquo;AIR des services ou des produits fournis sur ces sites et l&rsquo;AIR d\u00e9cline toute responsabilit\u00e9 vis-\u00e0-vis de l&rsquo;exactitude ou de la pertinence du contenu de ces sites.<\/p>\n","protected":false},"excerpt":{"rendered":"<p>POLITIQUE DU MARCH\u00c9 DE L&rsquo;IR Bienvenue sur le march\u00e9 de l&rsquo;investissement responsable (IR) &#8211; une initiative de l&rsquo;Association pour l&rsquo;investissement responsable (AIR). Le march\u00e9 de l&rsquo;IR est un r\u00e9pertoire des produits et services d&rsquo;IR fournis par les membres de l\u2019AIR. L&rsquo;adh\u00e9sion de l&rsquo;AIR est compos\u00e9e de gestionnaires d&rsquo;actifs, de propri\u00e9taires d&rsquo;actifs, de conseillers et de [&hellip;]<\/p>\n","protected":false},"author":1,"featured_media":0,"parent":0,"menu_order":76,"comment_status":"closed","ping_status":"closed","template":"templates\/split-content.php","meta":{"footnotes":""},"acf":[],"yoast_head":"<!-- This site is optimized with the Yoast SEO plugin v21.0 - https:\/\/yoast.com\/wordpress\/plugins\/seo\/ -->\n<title>Avis de non-responsabilit\u00e9 et politique du march\u00e9 de l&#039;IR - Responsible Investment Association<\/title>\n<meta name=\"robots\" content=\"index, follow, max-snippet:-1, max-image-preview:large, max-video-preview:-1\" \/>\n<link rel=\"canonical\" href=\"https:\/\/www.riacanada.ca\/fr\/avertissement\/\" \/>\n<meta property=\"og:locale\" content=\"fr_FR\" \/>\n<meta property=\"og:type\" content=\"article\" \/>\n<meta property=\"og:title\" content=\"Avis de non-responsabilit\u00e9 et politique du march\u00e9 de l&#039;IR - Responsible Investment Association\" \/>\n<meta property=\"og:description\" content=\"POLITIQUE DU MARCH\u00c9 DE L&rsquo;IR Bienvenue sur le march\u00e9 de l&rsquo;investissement responsable (IR) &#8211; une initiative de l&rsquo;Association pour l&rsquo;investissement responsable (AIR). Le march\u00e9 de l&rsquo;IR est un r\u00e9pertoire des produits et services d&rsquo;IR fournis par les membres de l\u2019AIR. L&rsquo;adh\u00e9sion de l&rsquo;AIR est compos\u00e9e de gestionnaires d&rsquo;actifs, de propri\u00e9taires d&rsquo;actifs, de conseillers et de [&hellip;]\" \/>\n<meta property=\"og:url\" content=\"https:\/\/www.riacanada.ca\/fr\/avertissement\/\" \/>\n<meta property=\"og:site_name\" content=\"Responsible Investment Association\" \/>\n<meta property=\"article:modified_time\" content=\"2021-01-12T17:07:35+00:00\" \/>\n<meta name=\"twitter:card\" content=\"summary_large_image\" \/>\n<meta name=\"twitter:label1\" content=\"Dur\u00e9e de lecture estim\u00e9e\" \/>\n\t<meta name=\"twitter:data1\" content=\"3 minutes\" \/>\n<script type=\"application\/ld+json\" class=\"yoast-schema-graph\">{\"@context\":\"https:\/\/schema.org\",\"@graph\":[{\"@type\":\"WebPage\",\"@id\":\"https:\/\/www.riacanada.ca\/fr\/avertissement\/\",\"url\":\"https:\/\/www.riacanada.ca\/fr\/avertissement\/\",\"name\":\"Avis de non-responsabilit\u00e9 et politique du march\u00e9 de l'IR - Responsible Investment Association\",\"isPartOf\":{\"@id\":\"https:\/\/www.riacanada.ca\/fr\/#website\"},\"datePublished\":\"2018-11-07T02:50:56+00:00\",\"dateModified\":\"2021-01-12T17:07:35+00:00\",\"breadcrumb\":{\"@id\":\"https:\/\/www.riacanada.ca\/fr\/avertissement\/#breadcrumb\"},\"inLanguage\":\"fr-FR\",\"potentialAction\":[{\"@type\":\"ReadAction\",\"target\":[\"https:\/\/www.riacanada.ca\/fr\/avertissement\/\"]}]},{\"@type\":\"BreadcrumbList\",\"@id\":\"https:\/\/www.riacanada.ca\/fr\/avertissement\/#breadcrumb\",\"itemListElement\":[{\"@type\":\"ListItem\",\"position\":1,\"name\":\"Home\",\"item\":\"https:\/\/www.riacanada.ca\/fr\/\"},{\"@type\":\"ListItem\",\"position\":2,\"name\":\"Avis de non-responsabilit\u00e9 et politique du march\u00e9 de l&rsquo;IR\"}]},{\"@type\":\"WebSite\",\"@id\":\"https:\/\/www.riacanada.ca\/fr\/#website\",\"url\":\"https:\/\/www.riacanada.ca\/fr\/\",\"name\":\"Responsible Investment Association\",\"description\":\"Canada&#039;s membership network for responsible investment\",\"potentialAction\":[{\"@type\":\"SearchAction\",\"target\":{\"@type\":\"EntryPoint\",\"urlTemplate\":\"https:\/\/www.riacanada.ca\/fr\/?s={search_term_string}\"},\"query-input\":\"required name=search_term_string\"}],\"inLanguage\":\"fr-FR\"}]}<\/script>\n<!-- \/ Yoast SEO plugin. -->","yoast_head_json":{"title":"Avis de non-responsabilit\u00e9 et politique du march\u00e9 de l'IR - Responsible Investment Association","robots":{"index":"index","follow":"follow","max-snippet":"max-snippet:-1","max-image-preview":"max-image-preview:large","max-video-preview":"max-video-preview:-1"},"canonical":"https:\/\/www.riacanada.ca\/fr\/avertissement\/","og_locale":"fr_FR","og_type":"article","og_title":"Avis de non-responsabilit\u00e9 et politique du march\u00e9 de l'IR - Responsible Investment Association","og_description":"POLITIQUE DU MARCH\u00c9 DE L&rsquo;IR Bienvenue sur le march\u00e9 de l&rsquo;investissement responsable (IR) &#8211; une initiative de l&rsquo;Association pour l&rsquo;investissement responsable (AIR). Le march\u00e9 de l&rsquo;IR est un r\u00e9pertoire des produits et services d&rsquo;IR fournis par les membres de l\u2019AIR. L&rsquo;adh\u00e9sion de l&rsquo;AIR est compos\u00e9e de gestionnaires d&rsquo;actifs, de propri\u00e9taires d&rsquo;actifs, de conseillers et de [&hellip;]","og_url":"https:\/\/www.riacanada.ca\/fr\/avertissement\/","og_site_name":"Responsible Investment Association","article_modified_time":"2021-01-12T17:07:35+00:00","twitter_card":"summary_large_image","twitter_misc":{"Dur\u00e9e de lecture estim\u00e9e":"3 minutes"},"schema":{"@context":"https:\/\/schema.org","@graph":[{"@type":"WebPage","@id":"https:\/\/www.riacanada.ca\/fr\/avertissement\/","url":"https:\/\/www.riacanada.ca\/fr\/avertissement\/","name":"Avis de non-responsabilit\u00e9 et politique du march\u00e9 de l'IR - Responsible Investment Association","isPartOf":{"@id":"https:\/\/www.riacanada.ca\/fr\/#website"},"datePublished":"2018-11-07T02:50:56+00:00","dateModified":"2021-01-12T17:07:35+00:00","breadcrumb":{"@id":"https:\/\/www.riacanada.ca\/fr\/avertissement\/#breadcrumb"},"inLanguage":"fr-FR","potentialAction":[{"@type":"ReadAction","target":["https:\/\/www.riacanada.ca\/fr\/avertissement\/"]}]},{"@type":"BreadcrumbList","@id":"https:\/\/www.riacanada.ca\/fr\/avertissement\/#breadcrumb","itemListElement":[{"@type":"ListItem","position":1,"name":"Home","item":"https:\/\/www.riacanada.ca\/fr\/"},{"@type":"ListItem","position":2,"name":"Avis de non-responsabilit\u00e9 et politique du march\u00e9 de l&rsquo;IR"}]},{"@type":"WebSite","@id":"https:\/\/www.riacanada.ca\/fr\/#website","url":"https:\/\/www.riacanada.ca\/fr\/","name":"Responsible Investment Association","description":"Canada&#039;s membership network for responsible investment","potentialAction":[{"@type":"SearchAction","target":{"@type":"EntryPoint","urlTemplate":"https:\/\/www.riacanada.ca\/fr\/?s={search_term_string}"},"query-input":"required name=search_term_string"}],"inLanguage":"fr-FR"}]}},"_links":{"self":[{"href":"https:\/\/www.riacanada.ca\/fr\/wp-json\/wp\/v2\/pages\/29971"}],"collection":[{"href":"https:\/\/www.riacanada.ca\/fr\/wp-json\/wp\/v2\/pages"}],"about":[{"href":"https:\/\/www.riacanada.ca\/fr\/wp-json\/wp\/v2\/types\/page"}],"author":[{"embeddable":true,"href":"https:\/\/www.riacanada.ca\/fr\/wp-json\/wp\/v2\/users\/1"}],"replies":[{"embeddable":true,"href":"https:\/\/www.riacanada.ca\/fr\/wp-json\/wp\/v2\/comments?post=29971"}],"version-history":[{"count":8,"href":"https:\/\/www.riacanada.ca\/fr\/wp-json\/wp\/v2\/pages\/29971\/revisions"}],"predecessor-version":[{"id":49785,"href":"https:\/\/www.riacanada.ca\/fr\/wp-json\/wp\/v2\/pages\/29971\/revisions\/49785"}],"wp:attachment":[{"href":"https:\/\/www.riacanada.ca\/fr\/wp-json\/wp\/v2\/media?parent=29971"}],"curies":[{"name":"wp","href":"https:\/\/api.w.org\/{rel}","templated":true}]}}