{"id":40322,"date":"2020-01-27T12:41:32","date_gmt":"2020-01-27T17:41:32","guid":{"rendered":"https:\/\/www.riacanada.ca\/prix\/award-submissions\/"},"modified":"2022-03-01T12:41:19","modified_gmt":"2022-03-01T17:41:19","slug":"soumission-pour-les-prix","status":"publish","type":"page","link":"https:\/\/www.riacanada.ca\/fr\/prix\/soumission-pour-les-prix\/","title":{"rendered":"Soumission de candidature pour les prix"},"content":{"rendered":"<p>Chaque prix reconna\u00eetra le leadership et l\u2019excellence d\u2019un membre de l\u2019AIR pour son travail dans l\u2019une des cinq cat\u00e9gories suivantes : <strong>\u00c9ducation du march\u00e9, Int\u00e9gration, Intendance, Leadership dans les services <\/strong>ou<strong> Leadership individuel<\/strong>. Les gagnants seront reconnus sur la sc\u00e8ne principale lors de la c\u00e9r\u00e9monie d\u2019ouverture de la Conf\u00e9rence virtuelle AIR le 6 juin 2022. Les membres peuvent soumettre leur propre candidature ou celle d\u2019un autre membre du <strong>2 mars au 7 avril, 2022<\/strong>.<\/p>\n<p><a href=\"https:\/\/riacanada.formstack.com\/forms\/ria_awards_nominations_french\" target=\"_blank\" rel=\"noopener\">NOMMEZ UN MEMBRE DE L\u2019AIR ICI<\/a><\/p>\n<p><strong>Informations additionnelles<\/strong><\/p>\n<ul>\n<li>Tous les participants doivent \u00eatre membres de l\u2019AIR depuis au moins un an \u00e0 compter du 1er janvier 2022.<\/li>\n<li>Les projets collaboratifs peuvent \u00eatre soumis dans n\u2019importe quelle cat\u00e9gorie de prix (voir les instructions suppl\u00e9mentaires sur le formulaire de demande).<\/li>\n<li>Les demandes seront \u00e9valu\u00e9es en fonction des r\u00e9sultats d\u00e9clar\u00e9s au cours de l\u2019ann\u00e9e civile 2021.<\/li>\n<li>Les demandes seront accept\u00e9es dans les deux langues officielles.<\/li>\n<\/ul>\n","protected":false},"excerpt":{"rendered":"<p>Chaque prix reconna\u00eetra le leadership et l\u2019excellence d\u2019un membre de l\u2019AIR pour son travail dans l\u2019une des cinq cat\u00e9gories suivantes : \u00c9ducation du march\u00e9, Int\u00e9gration, Intendance, Leadership dans les services ou Leadership individuel. Les gagnants seront reconnus sur la sc\u00e8ne principale lors de la c\u00e9r\u00e9monie d\u2019ouverture de la Conf\u00e9rence virtuelle AIR le 6 juin 2022. [&hellip;]<\/p>\n","protected":false},"author":1,"featured_media":0,"parent":40315,"menu_order":40,"comment_status":"closed","ping_status":"closed","template":"templates\/list-custom.php","meta":{"footnotes":""},"acf":[],"yoast_head":"<!-- This site is optimized with the Yoast SEO plugin v21.0 - https:\/\/yoast.com\/wordpress\/plugins\/seo\/ -->\n<title>Soumission de candidature pour les prix - Responsible Investment Association<\/title>\n<meta name=\"robots\" content=\"index, follow, max-snippet:-1, max-image-preview:large, max-video-preview:-1\" \/>\n<link rel=\"canonical\" href=\"https:\/\/www.riacanada.ca\/fr\/prix\/soumission-pour-les-prix\/\" \/>\n<meta property=\"og:locale\" content=\"fr_FR\" \/>\n<meta property=\"og:type\" content=\"article\" \/>\n<meta property=\"og:title\" content=\"Soumission de candidature pour les prix - Responsible Investment Association\" \/>\n<meta property=\"og:description\" content=\"Chaque prix reconna\u00eetra le leadership et l\u2019excellence d\u2019un membre de l\u2019AIR pour son travail dans l\u2019une des cinq cat\u00e9gories suivantes : \u00c9ducation du march\u00e9, Int\u00e9gration, Intendance, Leadership dans les services ou Leadership individuel. Les gagnants seront reconnus sur la sc\u00e8ne principale lors de la c\u00e9r\u00e9monie d\u2019ouverture de la Conf\u00e9rence virtuelle AIR le 6 juin 2022. [&hellip;]\" \/>\n<meta property=\"og:url\" content=\"https:\/\/www.riacanada.ca\/fr\/prix\/soumission-pour-les-prix\/\" \/>\n<meta property=\"og:site_name\" content=\"Responsible Investment Association\" \/>\n<meta property=\"article:modified_time\" content=\"2022-03-01T17:41:19+00:00\" \/>\n<meta name=\"twitter:card\" content=\"summary_large_image\" \/>\n<meta name=\"twitter:label1\" content=\"Est. reading time\" \/>\n\t<meta name=\"twitter:data1\" content=\"1 minute\" \/>\n<script type=\"application\/ld+json\" class=\"yoast-schema-graph\">{\"@context\":\"https:\/\/schema.org\",\"@graph\":[{\"@type\":\"WebPage\",\"@id\":\"https:\/\/www.riacanada.ca\/fr\/prix\/soumission-pour-les-prix\/\",\"url\":\"https:\/\/www.riacanada.ca\/fr\/prix\/soumission-pour-les-prix\/\",\"name\":\"Soumission de candidature pour les prix - Responsible Investment Association\",\"isPartOf\":{\"@id\":\"https:\/\/www.riacanada.ca\/fr\/#website\"},\"datePublished\":\"2020-01-27T17:41:32+00:00\",\"dateModified\":\"2022-03-01T17:41:19+00:00\",\"breadcrumb\":{\"@id\":\"https:\/\/www.riacanada.ca\/fr\/prix\/soumission-pour-les-prix\/#breadcrumb\"},\"inLanguage\":\"fr-CA\",\"potentialAction\":[{\"@type\":\"ReadAction\",\"target\":[\"https:\/\/www.riacanada.ca\/fr\/prix\/soumission-pour-les-prix\/\"]}]},{\"@type\":\"BreadcrumbList\",\"@id\":\"https:\/\/www.riacanada.ca\/fr\/prix\/soumission-pour-les-prix\/#breadcrumb\",\"itemListElement\":[{\"@type\":\"ListItem\",\"position\":1,\"name\":\"Home\",\"item\":\"https:\/\/www.riacanada.ca\/fr\/\"},{\"@type\":\"ListItem\",\"position\":2,\"name\":\"Prix\",\"item\":\"https:\/\/www.riacanada.ca\/fr\/prix\/\"},{\"@type\":\"ListItem\",\"position\":3,\"name\":\"Soumission de candidature pour les prix\"}]},{\"@type\":\"WebSite\",\"@id\":\"https:\/\/www.riacanada.ca\/fr\/#website\",\"url\":\"https:\/\/www.riacanada.ca\/fr\/\",\"name\":\"Responsible Investment Association\",\"description\":\"Canada&#039;s membership network for responsible investment\",\"potentialAction\":[{\"@type\":\"SearchAction\",\"target\":{\"@type\":\"EntryPoint\",\"urlTemplate\":\"https:\/\/www.riacanada.ca\/fr\/?s={search_term_string}\"},\"query-input\":\"required name=search_term_string\"}],\"inLanguage\":\"fr-CA\"}]}<\/script>\n<!-- \/ Yoast SEO plugin. -->","yoast_head_json":{"title":"Soumission de candidature pour les prix - Responsible Investment Association","robots":{"index":"index","follow":"follow","max-snippet":"max-snippet:-1","max-image-preview":"max-image-preview:large","max-video-preview":"max-video-preview:-1"},"canonical":"https:\/\/www.riacanada.ca\/fr\/prix\/soumission-pour-les-prix\/","og_locale":"fr_FR","og_type":"article","og_title":"Soumission de candidature pour les prix - Responsible Investment Association","og_description":"Chaque prix reconna\u00eetra le leadership et l\u2019excellence d\u2019un membre de l\u2019AIR pour son travail dans l\u2019une des cinq cat\u00e9gories suivantes : \u00c9ducation du march\u00e9, Int\u00e9gration, Intendance, Leadership dans les services ou Leadership individuel. Les gagnants seront reconnus sur la sc\u00e8ne principale lors de la c\u00e9r\u00e9monie d\u2019ouverture de la Conf\u00e9rence virtuelle AIR le 6 juin 2022. [&hellip;]","og_url":"https:\/\/www.riacanada.ca\/fr\/prix\/soumission-pour-les-prix\/","og_site_name":"Responsible Investment Association","article_modified_time":"2022-03-01T17:41:19+00:00","twitter_card":"summary_large_image","twitter_misc":{"Est. reading time":"1 minute"},"schema":{"@context":"https:\/\/schema.org","@graph":[{"@type":"WebPage","@id":"https:\/\/www.riacanada.ca\/fr\/prix\/soumission-pour-les-prix\/","url":"https:\/\/www.riacanada.ca\/fr\/prix\/soumission-pour-les-prix\/","name":"Soumission de candidature pour les prix - Responsible Investment Association","isPartOf":{"@id":"https:\/\/www.riacanada.ca\/fr\/#website"},"datePublished":"2020-01-27T17:41:32+00:00","dateModified":"2022-03-01T17:41:19+00:00","breadcrumb":{"@id":"https:\/\/www.riacanada.ca\/fr\/prix\/soumission-pour-les-prix\/#breadcrumb"},"inLanguage":"fr-CA","potentialAction":[{"@type":"ReadAction","target":["https:\/\/www.riacanada.ca\/fr\/prix\/soumission-pour-les-prix\/"]}]},{"@type":"BreadcrumbList","@id":"https:\/\/www.riacanada.ca\/fr\/prix\/soumission-pour-les-prix\/#breadcrumb","itemListElement":[{"@type":"ListItem","position":1,"name":"Home","item":"https:\/\/www.riacanada.ca\/fr\/"},{"@type":"ListItem","position":2,"name":"Prix","item":"https:\/\/www.riacanada.ca\/fr\/prix\/"},{"@type":"ListItem","position":3,"name":"Soumission de candidature pour les prix"}]},{"@type":"WebSite","@id":"https:\/\/www.riacanada.ca\/fr\/#website","url":"https:\/\/www.riacanada.ca\/fr\/","name":"Responsible Investment Association","description":"Canada&#039;s membership network for responsible investment","potentialAction":[{"@type":"SearchAction","target":{"@type":"EntryPoint","urlTemplate":"https:\/\/www.riacanada.ca\/fr\/?s={search_term_string}"},"query-input":"required name=search_term_string"}],"inLanguage":"fr-CA"}]}},"_links":{"self":[{"href":"https:\/\/www.riacanada.ca\/fr\/wp-json\/wp\/v2\/pages\/40322"}],"collection":[{"href":"https:\/\/www.riacanada.ca\/fr\/wp-json\/wp\/v2\/pages"}],"about":[{"href":"https:\/\/www.riacanada.ca\/fr\/wp-json\/wp\/v2\/types\/page"}],"author":[{"embeddable":true,"href":"https:\/\/www.riacanada.ca\/fr\/wp-json\/wp\/v2\/users\/1"}],"replies":[{"embeddable":true,"href":"https:\/\/www.riacanada.ca\/fr\/wp-json\/wp\/v2\/comments?post=40322"}],"version-history":[{"count":15,"href":"https:\/\/www.riacanada.ca\/fr\/wp-json\/wp\/v2\/pages\/40322\/revisions"}],"predecessor-version":[{"id":61779,"href":"https:\/\/www.riacanada.ca\/fr\/wp-json\/wp\/v2\/pages\/40322\/revisions\/61779"}],"up":[{"embeddable":true,"href":"https:\/\/www.riacanada.ca\/fr\/wp-json\/wp\/v2\/pages\/40315"}],"wp:attachment":[{"href":"https:\/\/www.riacanada.ca\/fr\/wp-json\/wp\/v2\/media?parent=40322"}],"curies":[{"name":"wp","href":"https:\/\/api.w.org\/{rel}","templated":true}]}}