{"id":41193,"date":"2020-03-13T12:31:19","date_gmt":"2020-03-13T16:31:19","guid":{"rendered":"https:\/\/www.riacanada.ca\/amr-addas\/"},"modified":"2022-03-03T10:09:43","modified_gmt":"2022-03-03T15:09:43","slug":"amr-addas","status":"publish","type":"page","link":"https:\/\/www.riacanada.ca\/fr\/amr-addas\/","title":{"rendered":"Amr Addas"},"content":{"rendered":"<p style=\"text-align: center;\"><strong><img decoding=\"async\" loading=\"lazy\" class=\"wp-image-52823 aligncenter\" src=\"https:\/\/www.riacanada.ca\/content\/uploads\/2021\/03\/Amr-Addas.png\" alt=\"\" width=\"251\" height=\"251\" srcset=\"https:\/\/www.riacanada.ca\/content\/uploads\/2021\/03\/Amr-Addas.png 350w, https:\/\/www.riacanada.ca\/content\/uploads\/2021\/03\/Amr-Addas-150x150.png 150w\" sizes=\"(max-width: 251px) 100vw, 251px\" \/><\/strong><br \/>\n<b>Professeur auxiliaire et directeur du programme Van Berkom Investment Management<\/b><b><br \/>\n<\/b>\u00c9cole de gestion John Molson, Universit\u00e9 Concordia<\/p>\n<p style=\"text-align: left;\">Amr Addas est Professeur auxiliaire et directeur du programme de gestion de placements Van Berkom et du concours Van Berkom Small Cap Case \u00e0 l&rsquo;\u00e9cole de John Molson School of Business de l&rsquo;Universit\u00e9 Concordia. Il est \u00e9galement conseiller strat\u00e9gique en d\u00e9veloppement durable chez JMSB et dirige le stage d&rsquo;investissement durable de Concordia en collaboration avec Manuvie. Il est \u00e9galement membre de la facult\u00e9 du certificat professionnel en investissement durable (SIPC) offert par JMSB. Amr a enseign\u00e9 \u00e0 l&rsquo;Universit\u00e9 McGill, \u00e0 la Smith School of Business de l&rsquo;Universit\u00e9 Queen&rsquo;s et \u00e0 l&rsquo;Universit\u00e9 de Sherbrooke.<\/p>\n<p style=\"text-align: left;\">En plus de son travail universitaire, Amr offre des services de consultation aux gestionnaires de portefeuille de Gestion de patrimoine Scotia et une formation en investissement durable aux entreprises clientes et aux institutions financi\u00e8res. Il fait \u00e9galement du b\u00e9n\u00e9volat au sein de plusieurs conseils consultatifs et groupes de travail de l&rsquo;industrie, notamment le groupe de travail de l&rsquo;industrie de l&rsquo;Association canadienne des autorit\u00e9s de contr\u00f4le des r\u00e9gimes de retraite et le conseil consultatif de recherche de l&rsquo;Institute for Sustainable Finance. Amr a \u00e9galement \u00e9t\u00e9 interview\u00e9 par CBC TV, CBC Radio, Global TV, le Toronto Star et CBC News sur des sujets li\u00e9s \u00e0 la finance durable.<\/p>\n<p style=\"text-align: left;\">Amr a obtenu son MBA de l&rsquo;Universit\u00e9 du Michigan \u00e0 Ann Arbor en 1995 et son B.Sc. en g\u00e9nie m\u00e9canique de l&rsquo;Universit\u00e9 am\u00e9ricaine du Caire en 1991.<\/p>\n","protected":false},"excerpt":{"rendered":"<p>Professeur auxiliaire et directeur du programme Van Berkom Investment Management \u00c9cole de gestion John Molson, Universit\u00e9 Concordia Amr Addas est Professeur auxiliaire et directeur du programme de gestion de placements Van Berkom et du concours Van Berkom Small Cap Case \u00e0 l&rsquo;\u00e9cole de John Molson School of Business de l&rsquo;Universit\u00e9 Concordia. Il est \u00e9galement conseiller [&hellip;]<\/p>\n","protected":false},"author":7472,"featured_media":0,"parent":0,"menu_order":29,"comment_status":"closed","ping_status":"closed","template":"","meta":{"footnotes":""},"acf":[],"yoast_head":"<!-- This site is optimized with the Yoast SEO plugin v21.0 - https:\/\/yoast.com\/wordpress\/plugins\/seo\/ -->\n<title>Amr Addas - Responsible Investment Association<\/title>\n<meta name=\"robots\" content=\"index, follow, max-snippet:-1, max-image-preview:large, max-video-preview:-1\" \/>\n<link rel=\"canonical\" href=\"https:\/\/www.riacanada.ca\/fr\/amr-addas\/\" \/>\n<meta property=\"og:locale\" content=\"fr_FR\" \/>\n<meta property=\"og:type\" content=\"article\" \/>\n<meta property=\"og:title\" content=\"Amr Addas - Responsible Investment Association\" \/>\n<meta property=\"og:description\" content=\"Professeur auxiliaire et directeur du programme Van Berkom Investment Management \u00c9cole de gestion John Molson, Universit\u00e9 Concordia Amr Addas est Professeur auxiliaire et directeur du programme de gestion de placements Van Berkom et du concours Van Berkom Small Cap Case \u00e0 l&rsquo;\u00e9cole de John Molson School of Business de l&rsquo;Universit\u00e9 Concordia. Il est \u00e9galement conseiller [&hellip;]\" \/>\n<meta property=\"og:url\" content=\"https:\/\/www.riacanada.ca\/fr\/amr-addas\/\" \/>\n<meta property=\"og:site_name\" content=\"Responsible Investment Association\" \/>\n<meta property=\"article:modified_time\" content=\"2022-03-03T15:09:43+00:00\" \/>\n<meta property=\"og:image\" content=\"https:\/\/www.riacanada.ca\/content\/uploads\/2021\/03\/Amr-Addas.png\" \/>\n<meta name=\"twitter:card\" content=\"summary_large_image\" \/>\n<meta name=\"twitter:label1\" content=\"Est. reading time\" \/>\n\t<meta name=\"twitter:data1\" content=\"1 minute\" \/>\n<script type=\"application\/ld+json\" class=\"yoast-schema-graph\">{\"@context\":\"https:\/\/schema.org\",\"@graph\":[{\"@type\":\"WebPage\",\"@id\":\"https:\/\/www.riacanada.ca\/fr\/amr-addas\/\",\"url\":\"https:\/\/www.riacanada.ca\/fr\/amr-addas\/\",\"name\":\"Amr Addas - Responsible Investment Association\",\"isPartOf\":{\"@id\":\"https:\/\/www.riacanada.ca\/fr\/#website\"},\"datePublished\":\"2020-03-13T16:31:19+00:00\",\"dateModified\":\"2022-03-03T15:09:43+00:00\",\"breadcrumb\":{\"@id\":\"https:\/\/www.riacanada.ca\/fr\/amr-addas\/#breadcrumb\"},\"inLanguage\":\"fr-CA\",\"potentialAction\":[{\"@type\":\"ReadAction\",\"target\":[\"https:\/\/www.riacanada.ca\/fr\/amr-addas\/\"]}]},{\"@type\":\"BreadcrumbList\",\"@id\":\"https:\/\/www.riacanada.ca\/fr\/amr-addas\/#breadcrumb\",\"itemListElement\":[{\"@type\":\"ListItem\",\"position\":1,\"name\":\"Home\",\"item\":\"https:\/\/www.riacanada.ca\/fr\/\"},{\"@type\":\"ListItem\",\"position\":2,\"name\":\"Amr Addas\"}]},{\"@type\":\"WebSite\",\"@id\":\"https:\/\/www.riacanada.ca\/fr\/#website\",\"url\":\"https:\/\/www.riacanada.ca\/fr\/\",\"name\":\"Responsible Investment Association\",\"description\":\"Canada&#039;s membership network for responsible investment\",\"potentialAction\":[{\"@type\":\"SearchAction\",\"target\":{\"@type\":\"EntryPoint\",\"urlTemplate\":\"https:\/\/www.riacanada.ca\/fr\/?s={search_term_string}\"},\"query-input\":\"required name=search_term_string\"}],\"inLanguage\":\"fr-CA\"}]}<\/script>\n<!-- \/ Yoast SEO plugin. -->","yoast_head_json":{"title":"Amr Addas - Responsible Investment Association","robots":{"index":"index","follow":"follow","max-snippet":"max-snippet:-1","max-image-preview":"max-image-preview:large","max-video-preview":"max-video-preview:-1"},"canonical":"https:\/\/www.riacanada.ca\/fr\/amr-addas\/","og_locale":"fr_FR","og_type":"article","og_title":"Amr Addas - Responsible Investment Association","og_description":"Professeur auxiliaire et directeur du programme Van Berkom Investment Management \u00c9cole de gestion John Molson, Universit\u00e9 Concordia Amr Addas est Professeur auxiliaire et directeur du programme de gestion de placements Van Berkom et du concours Van Berkom Small Cap Case \u00e0 l&rsquo;\u00e9cole de John Molson School of Business de l&rsquo;Universit\u00e9 Concordia. Il est \u00e9galement conseiller [&hellip;]","og_url":"https:\/\/www.riacanada.ca\/fr\/amr-addas\/","og_site_name":"Responsible Investment Association","article_modified_time":"2022-03-03T15:09:43+00:00","og_image":[{"url":"https:\/\/www.riacanada.ca\/content\/uploads\/2021\/03\/Amr-Addas.png"}],"twitter_card":"summary_large_image","twitter_misc":{"Est. reading time":"1 minute"},"schema":{"@context":"https:\/\/schema.org","@graph":[{"@type":"WebPage","@id":"https:\/\/www.riacanada.ca\/fr\/amr-addas\/","url":"https:\/\/www.riacanada.ca\/fr\/amr-addas\/","name":"Amr Addas - Responsible Investment Association","isPartOf":{"@id":"https:\/\/www.riacanada.ca\/fr\/#website"},"datePublished":"2020-03-13T16:31:19+00:00","dateModified":"2022-03-03T15:09:43+00:00","breadcrumb":{"@id":"https:\/\/www.riacanada.ca\/fr\/amr-addas\/#breadcrumb"},"inLanguage":"fr-CA","potentialAction":[{"@type":"ReadAction","target":["https:\/\/www.riacanada.ca\/fr\/amr-addas\/"]}]},{"@type":"BreadcrumbList","@id":"https:\/\/www.riacanada.ca\/fr\/amr-addas\/#breadcrumb","itemListElement":[{"@type":"ListItem","position":1,"name":"Home","item":"https:\/\/www.riacanada.ca\/fr\/"},{"@type":"ListItem","position":2,"name":"Amr Addas"}]},{"@type":"WebSite","@id":"https:\/\/www.riacanada.ca\/fr\/#website","url":"https:\/\/www.riacanada.ca\/fr\/","name":"Responsible Investment Association","description":"Canada&#039;s membership network for responsible investment","potentialAction":[{"@type":"SearchAction","target":{"@type":"EntryPoint","urlTemplate":"https:\/\/www.riacanada.ca\/fr\/?s={search_term_string}"},"query-input":"required name=search_term_string"}],"inLanguage":"fr-CA"}]}},"_links":{"self":[{"href":"https:\/\/www.riacanada.ca\/fr\/wp-json\/wp\/v2\/pages\/41193"}],"collection":[{"href":"https:\/\/www.riacanada.ca\/fr\/wp-json\/wp\/v2\/pages"}],"about":[{"href":"https:\/\/www.riacanada.ca\/fr\/wp-json\/wp\/v2\/types\/page"}],"author":[{"embeddable":true,"href":"https:\/\/www.riacanada.ca\/fr\/wp-json\/wp\/v2\/users\/7472"}],"replies":[{"embeddable":true,"href":"https:\/\/www.riacanada.ca\/fr\/wp-json\/wp\/v2\/comments?post=41193"}],"version-history":[{"count":5,"href":"https:\/\/www.riacanada.ca\/fr\/wp-json\/wp\/v2\/pages\/41193\/revisions"}],"predecessor-version":[{"id":61867,"href":"https:\/\/www.riacanada.ca\/fr\/wp-json\/wp\/v2\/pages\/41193\/revisions\/61867"}],"wp:attachment":[{"href":"https:\/\/www.riacanada.ca\/fr\/wp-json\/wp\/v2\/media?parent=41193"}],"curies":[{"name":"wp","href":"https:\/\/api.w.org\/{rel}","templated":true}]}}