{"id":41198,"date":"2020-03-13T12:47:31","date_gmt":"2020-03-13T16:47:31","guid":{"rendered":"https:\/\/www.riacanada.ca\/mritunjay-sinha\/"},"modified":"2020-03-20T12:06:50","modified_gmt":"2020-03-20T16:06:50","slug":"mritunjay-sinha","status":"publish","type":"page","link":"https:\/\/www.riacanada.ca\/fr\/mritunjay-sinha\/","title":{"rendered":"Mritunjay Sinha"},"content":{"rendered":"<p><strong><img decoding=\"async\" loading=\"lazy\" class=\"alignnone wp-image-41045\" src=\"https:\/\/www.riacanada.ca\/content\/uploads\/2020\/03\/Mritunjay-Sinha.jpg\" alt=\"\" width=\"278\" height=\"278\" srcset=\"https:\/\/www.riacanada.ca\/content\/uploads\/2020\/03\/Mritunjay-Sinha.jpg 500w, https:\/\/www.riacanada.ca\/content\/uploads\/2020\/03\/Mritunjay-Sinha-150x150.jpg 150w\" sizes=\"(max-width: 278px) 100vw, 278px\" \/><br \/>\nDirectrice des finances et des investissements,<\/strong><br \/>\nFondation Catherine Donnelly<\/p>\n<p style=\"text-align: left;\">Entrepreneur-op\u00e9rateur social et investisseur, MJ a aid\u00e9 \u00e0 construire un portefeuille de microcr\u00e9dits de plusieurs millions de dollars dans l&rsquo;Inde rurale et a aid\u00e9 \u00e0 cr\u00e9er une coop\u00e9rative qui a servi plus de 200 entrepreneurs. Au cours des derni\u00e8res ann\u00e9es, MJ \u00e0 travailler dans l&rsquo;investissement d&rsquo;impact. Il a commenc\u00e9 avec Grands D\u00e9fis Canada. Par la suite, il a aid\u00e9 plusieurs fondations et family offices dans leurs investissements d&rsquo;impact aidant \u00e0 d\u00e9ployer plus de 30 millions de dollars canadiens. En tant que directeur des finances et des investissements, MJ g\u00e8re la dotation de la Fondation Catherine Donnelly, y compris le portefeuille d\u2019investissement \u00e0 impact. La passion de MJ pour le changement social est compl\u00e9t\u00e9e par son exp\u00e9rience dans les march\u00e9s des capitaux et la strat\u00e9gie d&rsquo;entreprise, et ses dipl\u00f4mes en ing\u00e9nierie et M.B.A.<\/p>\n","protected":false},"excerpt":{"rendered":"<p>Directrice des finances et des investissements, Fondation Catherine Donnelly Entrepreneur-op\u00e9rateur social et investisseur, MJ a aid\u00e9 \u00e0 construire un portefeuille de microcr\u00e9dits de plusieurs millions de dollars dans l&rsquo;Inde rurale et a aid\u00e9 \u00e0 cr\u00e9er une coop\u00e9rative qui a servi plus de 200 entrepreneurs. Au cours des derni\u00e8res ann\u00e9es, MJ \u00e0 travailler dans l&rsquo;investissement d&rsquo;impact. [&hellip;]<\/p>\n","protected":false},"author":7472,"featured_media":0,"parent":0,"menu_order":0,"comment_status":"closed","ping_status":"closed","template":"","meta":{"footnotes":""},"acf":[],"yoast_head":"<!-- This site is optimized with the Yoast SEO plugin v21.0 - https:\/\/yoast.com\/wordpress\/plugins\/seo\/ -->\n<title>Mritunjay Sinha - Responsible Investment Association<\/title>\n<meta name=\"robots\" content=\"index, follow, max-snippet:-1, max-image-preview:large, max-video-preview:-1\" \/>\n<link rel=\"canonical\" href=\"https:\/\/www.riacanada.ca\/fr\/mritunjay-sinha\/\" \/>\n<meta property=\"og:locale\" content=\"fr_FR\" \/>\n<meta property=\"og:type\" content=\"article\" \/>\n<meta property=\"og:title\" content=\"Mritunjay Sinha - Responsible Investment Association\" \/>\n<meta property=\"og:description\" content=\"Directrice des finances et des investissements, Fondation Catherine Donnelly Entrepreneur-op\u00e9rateur social et investisseur, MJ a aid\u00e9 \u00e0 construire un portefeuille de microcr\u00e9dits de plusieurs millions de dollars dans l&rsquo;Inde rurale et a aid\u00e9 \u00e0 cr\u00e9er une coop\u00e9rative qui a servi plus de 200 entrepreneurs. Au cours des derni\u00e8res ann\u00e9es, MJ \u00e0 travailler dans l&rsquo;investissement d&rsquo;impact. [&hellip;]\" \/>\n<meta property=\"og:url\" content=\"https:\/\/www.riacanada.ca\/fr\/mritunjay-sinha\/\" \/>\n<meta property=\"og:site_name\" content=\"Responsible Investment Association\" \/>\n<meta property=\"article:modified_time\" content=\"2020-03-20T16:06:50+00:00\" \/>\n<meta property=\"og:image\" content=\"https:\/\/www.riacanada.ca\/content\/uploads\/2020\/03\/Mritunjay-Sinha.jpg\" \/>\n<meta name=\"twitter:card\" content=\"summary_large_image\" \/>\n<meta name=\"twitter:label1\" content=\"Dur\u00e9e de lecture estim\u00e9e\" \/>\n\t<meta name=\"twitter:data1\" content=\"1 minute\" \/>\n<script type=\"application\/ld+json\" class=\"yoast-schema-graph\">{\"@context\":\"https:\/\/schema.org\",\"@graph\":[{\"@type\":\"WebPage\",\"@id\":\"https:\/\/www.riacanada.ca\/fr\/mritunjay-sinha\/\",\"url\":\"https:\/\/www.riacanada.ca\/fr\/mritunjay-sinha\/\",\"name\":\"Mritunjay Sinha - Responsible Investment Association\",\"isPartOf\":{\"@id\":\"https:\/\/www.riacanada.ca\/fr\/#website\"},\"datePublished\":\"2020-03-13T16:47:31+00:00\",\"dateModified\":\"2020-03-20T16:06:50+00:00\",\"breadcrumb\":{\"@id\":\"https:\/\/www.riacanada.ca\/fr\/mritunjay-sinha\/#breadcrumb\"},\"inLanguage\":\"fr-FR\",\"potentialAction\":[{\"@type\":\"ReadAction\",\"target\":[\"https:\/\/www.riacanada.ca\/fr\/mritunjay-sinha\/\"]}]},{\"@type\":\"BreadcrumbList\",\"@id\":\"https:\/\/www.riacanada.ca\/fr\/mritunjay-sinha\/#breadcrumb\",\"itemListElement\":[{\"@type\":\"ListItem\",\"position\":1,\"name\":\"Home\",\"item\":\"https:\/\/www.riacanada.ca\/fr\/\"},{\"@type\":\"ListItem\",\"position\":2,\"name\":\"Mritunjay Sinha\"}]},{\"@type\":\"WebSite\",\"@id\":\"https:\/\/www.riacanada.ca\/fr\/#website\",\"url\":\"https:\/\/www.riacanada.ca\/fr\/\",\"name\":\"Responsible Investment Association\",\"description\":\"Canada&#039;s membership network for responsible investment\",\"potentialAction\":[{\"@type\":\"SearchAction\",\"target\":{\"@type\":\"EntryPoint\",\"urlTemplate\":\"https:\/\/www.riacanada.ca\/fr\/?s={search_term_string}\"},\"query-input\":\"required name=search_term_string\"}],\"inLanguage\":\"fr-FR\"}]}<\/script>\n<!-- \/ Yoast SEO plugin. -->","yoast_head_json":{"title":"Mritunjay Sinha - Responsible Investment Association","robots":{"index":"index","follow":"follow","max-snippet":"max-snippet:-1","max-image-preview":"max-image-preview:large","max-video-preview":"max-video-preview:-1"},"canonical":"https:\/\/www.riacanada.ca\/fr\/mritunjay-sinha\/","og_locale":"fr_FR","og_type":"article","og_title":"Mritunjay Sinha - Responsible Investment Association","og_description":"Directrice des finances et des investissements, Fondation Catherine Donnelly Entrepreneur-op\u00e9rateur social et investisseur, MJ a aid\u00e9 \u00e0 construire un portefeuille de microcr\u00e9dits de plusieurs millions de dollars dans l&rsquo;Inde rurale et a aid\u00e9 \u00e0 cr\u00e9er une coop\u00e9rative qui a servi plus de 200 entrepreneurs. Au cours des derni\u00e8res ann\u00e9es, MJ \u00e0 travailler dans l&rsquo;investissement d&rsquo;impact. [&hellip;]","og_url":"https:\/\/www.riacanada.ca\/fr\/mritunjay-sinha\/","og_site_name":"Responsible Investment Association","article_modified_time":"2020-03-20T16:06:50+00:00","og_image":[{"url":"https:\/\/www.riacanada.ca\/content\/uploads\/2020\/03\/Mritunjay-Sinha.jpg"}],"twitter_card":"summary_large_image","twitter_misc":{"Dur\u00e9e de lecture estim\u00e9e":"1 minute"},"schema":{"@context":"https:\/\/schema.org","@graph":[{"@type":"WebPage","@id":"https:\/\/www.riacanada.ca\/fr\/mritunjay-sinha\/","url":"https:\/\/www.riacanada.ca\/fr\/mritunjay-sinha\/","name":"Mritunjay Sinha - Responsible Investment Association","isPartOf":{"@id":"https:\/\/www.riacanada.ca\/fr\/#website"},"datePublished":"2020-03-13T16:47:31+00:00","dateModified":"2020-03-20T16:06:50+00:00","breadcrumb":{"@id":"https:\/\/www.riacanada.ca\/fr\/mritunjay-sinha\/#breadcrumb"},"inLanguage":"fr-FR","potentialAction":[{"@type":"ReadAction","target":["https:\/\/www.riacanada.ca\/fr\/mritunjay-sinha\/"]}]},{"@type":"BreadcrumbList","@id":"https:\/\/www.riacanada.ca\/fr\/mritunjay-sinha\/#breadcrumb","itemListElement":[{"@type":"ListItem","position":1,"name":"Home","item":"https:\/\/www.riacanada.ca\/fr\/"},{"@type":"ListItem","position":2,"name":"Mritunjay Sinha"}]},{"@type":"WebSite","@id":"https:\/\/www.riacanada.ca\/fr\/#website","url":"https:\/\/www.riacanada.ca\/fr\/","name":"Responsible Investment Association","description":"Canada&#039;s membership network for responsible investment","potentialAction":[{"@type":"SearchAction","target":{"@type":"EntryPoint","urlTemplate":"https:\/\/www.riacanada.ca\/fr\/?s={search_term_string}"},"query-input":"required name=search_term_string"}],"inLanguage":"fr-FR"}]}},"_links":{"self":[{"href":"https:\/\/www.riacanada.ca\/fr\/wp-json\/wp\/v2\/pages\/41198"}],"collection":[{"href":"https:\/\/www.riacanada.ca\/fr\/wp-json\/wp\/v2\/pages"}],"about":[{"href":"https:\/\/www.riacanada.ca\/fr\/wp-json\/wp\/v2\/types\/page"}],"author":[{"embeddable":true,"href":"https:\/\/www.riacanada.ca\/fr\/wp-json\/wp\/v2\/users\/7472"}],"replies":[{"embeddable":true,"href":"https:\/\/www.riacanada.ca\/fr\/wp-json\/wp\/v2\/comments?post=41198"}],"version-history":[{"count":1,"href":"https:\/\/www.riacanada.ca\/fr\/wp-json\/wp\/v2\/pages\/41198\/revisions"}],"predecessor-version":[{"id":41199,"href":"https:\/\/www.riacanada.ca\/fr\/wp-json\/wp\/v2\/pages\/41198\/revisions\/41199"}],"wp:attachment":[{"href":"https:\/\/www.riacanada.ca\/fr\/wp-json\/wp\/v2\/media?parent=41198"}],"curies":[{"name":"wp","href":"https:\/\/api.w.org\/{rel}","templated":true}]}}