{"id":41200,"date":"2020-03-13T12:47:01","date_gmt":"2020-03-13T16:47:01","guid":{"rendered":"https:\/\/www.riacanada.ca\/melissa-shin\/"},"modified":"2022-03-03T11:02:36","modified_gmt":"2022-03-03T16:02:36","slug":"melissa-shin","status":"publish","type":"page","link":"https:\/\/www.riacanada.ca\/fr\/melissa-shin\/","title":{"rendered":"Melissa Shin"},"content":{"rendered":"<p style=\"text-align: center;\"><strong><img decoding=\"async\" loading=\"lazy\" class=\"alignnone wp-image-41041 aligncenter\" src=\"https:\/\/www.riacanada.ca\/content\/uploads\/2020\/03\/Melissa-Shin.jpg\" alt=\"\" width=\"277\" height=\"277\" srcset=\"https:\/\/www.riacanada.ca\/content\/uploads\/2020\/03\/Melissa-Shin.jpg 500w, https:\/\/www.riacanada.ca\/content\/uploads\/2020\/03\/Melissa-Shin-150x150.jpg 150w\" sizes=\"(max-width: 277px) 100vw, 277px\" \/>Directeur \u00e9ditorial,<\/strong><br \/>\nAdvisor\u2019s Edge et Investment Executive<\/p>\n<p style=\"text-align: left;\">Melissa Shin est directrice \u00e9ditoriale chez Advisor\u2019s Edge and Investment Executive chez Newcom Media Inc. En tant que journaliste prim\u00e9e et directrice \u00e9ditoriale de quatre publications nationales sur les services financiers, Melissa transforme le sujet technique en contenu accessible pour un public averti. Ses reportages ont \u00e9t\u00e9 cit\u00e9s dans les programmes universitaires, dans les manuels et aupr\u00e8s des r\u00e9gulateurs nationaux. Elle est \u00e9galement mod\u00e9ratrice et conf\u00e9renci\u00e8re exp\u00e9riment\u00e9e.<\/p>\n<p style=\"text-align: left;\">Melissa a d\u00e9but\u00e9 chez Advisor\u2019s Edge en 2011. Avant cela, elle \u00e9tait directrice de la r\u00e9daction de Corporate Knights, un magazine nord-am\u00e9ricain consacr\u00e9 au capitalisme propre. Dans le cadre de son r\u00f4le, elle a g\u00e9r\u00e9 le Guide d\u2019investissement responsable, les 50 meilleures entreprises citoyennes et d\u2019autres classements ax\u00e9s sur le d\u00e9veloppement durable. Depuis 2021, Melissa est Secr\u00e9taire du Conseil d&rsquo;administration de Fashion Takes Action, une organisation \u00e0 but non lucratif ax\u00e9e sur la promotion de la durabilit\u00e9 dans l&rsquo;industrie de la mode. Elle est dipl\u00f4m\u00e9e de la Schulich School of Business de l\u2019Universit\u00e9 York.<\/p>\n","protected":false},"excerpt":{"rendered":"<p>Directeur \u00e9ditorial, Advisor\u2019s Edge et Investment Executive Melissa Shin est directrice \u00e9ditoriale chez Advisor\u2019s Edge and Investment Executive chez Newcom Media Inc. En tant que journaliste prim\u00e9e et directrice \u00e9ditoriale de quatre publications nationales sur les services financiers, Melissa transforme le sujet technique en contenu accessible pour un public averti. Ses reportages ont \u00e9t\u00e9 cit\u00e9s [&hellip;]<\/p>\n","protected":false},"author":7472,"featured_media":0,"parent":0,"menu_order":6,"comment_status":"closed","ping_status":"closed","template":"","meta":{"footnotes":""},"acf":[],"yoast_head":"<!-- This site is optimized with the Yoast SEO plugin v21.0 - https:\/\/yoast.com\/wordpress\/plugins\/seo\/ -->\n<title>Melissa Shin - Responsible Investment Association<\/title>\n<meta name=\"robots\" content=\"index, follow, max-snippet:-1, max-image-preview:large, max-video-preview:-1\" \/>\n<link rel=\"canonical\" href=\"https:\/\/www.riacanada.ca\/fr\/melissa-shin\/\" \/>\n<meta property=\"og:locale\" content=\"fr_FR\" \/>\n<meta property=\"og:type\" content=\"article\" \/>\n<meta property=\"og:title\" content=\"Melissa Shin - Responsible Investment Association\" \/>\n<meta property=\"og:description\" content=\"Directeur \u00e9ditorial, Advisor\u2019s Edge et Investment Executive Melissa Shin est directrice \u00e9ditoriale chez Advisor\u2019s Edge and Investment Executive chez Newcom Media Inc. En tant que journaliste prim\u00e9e et directrice \u00e9ditoriale de quatre publications nationales sur les services financiers, Melissa transforme le sujet technique en contenu accessible pour un public averti. Ses reportages ont \u00e9t\u00e9 cit\u00e9s [&hellip;]\" \/>\n<meta property=\"og:url\" content=\"https:\/\/www.riacanada.ca\/fr\/melissa-shin\/\" \/>\n<meta property=\"og:site_name\" content=\"Responsible Investment Association\" \/>\n<meta property=\"article:modified_time\" content=\"2022-03-03T16:02:36+00:00\" \/>\n<meta property=\"og:image\" content=\"https:\/\/www.riacanada.ca\/content\/uploads\/2020\/03\/Melissa-Shin.jpg\" \/>\n<meta name=\"twitter:card\" content=\"summary_large_image\" \/>\n<meta name=\"twitter:label1\" content=\"Dur\u00e9e de lecture estim\u00e9e\" \/>\n\t<meta name=\"twitter:data1\" content=\"1 minute\" \/>\n<script type=\"application\/ld+json\" class=\"yoast-schema-graph\">{\"@context\":\"https:\/\/schema.org\",\"@graph\":[{\"@type\":\"WebPage\",\"@id\":\"https:\/\/www.riacanada.ca\/fr\/melissa-shin\/\",\"url\":\"https:\/\/www.riacanada.ca\/fr\/melissa-shin\/\",\"name\":\"Melissa Shin - Responsible Investment Association\",\"isPartOf\":{\"@id\":\"https:\/\/www.riacanada.ca\/fr\/#website\"},\"datePublished\":\"2020-03-13T16:47:01+00:00\",\"dateModified\":\"2022-03-03T16:02:36+00:00\",\"breadcrumb\":{\"@id\":\"https:\/\/www.riacanada.ca\/fr\/melissa-shin\/#breadcrumb\"},\"inLanguage\":\"fr-FR\",\"potentialAction\":[{\"@type\":\"ReadAction\",\"target\":[\"https:\/\/www.riacanada.ca\/fr\/melissa-shin\/\"]}]},{\"@type\":\"BreadcrumbList\",\"@id\":\"https:\/\/www.riacanada.ca\/fr\/melissa-shin\/#breadcrumb\",\"itemListElement\":[{\"@type\":\"ListItem\",\"position\":1,\"name\":\"Home\",\"item\":\"https:\/\/www.riacanada.ca\/fr\/\"},{\"@type\":\"ListItem\",\"position\":2,\"name\":\"Melissa Shin\"}]},{\"@type\":\"WebSite\",\"@id\":\"https:\/\/www.riacanada.ca\/fr\/#website\",\"url\":\"https:\/\/www.riacanada.ca\/fr\/\",\"name\":\"Responsible Investment Association\",\"description\":\"Canada&#039;s membership network for responsible investment\",\"potentialAction\":[{\"@type\":\"SearchAction\",\"target\":{\"@type\":\"EntryPoint\",\"urlTemplate\":\"https:\/\/www.riacanada.ca\/fr\/?s={search_term_string}\"},\"query-input\":\"required name=search_term_string\"}],\"inLanguage\":\"fr-FR\"}]}<\/script>\n<!-- \/ Yoast SEO plugin. -->","yoast_head_json":{"title":"Melissa Shin - Responsible Investment Association","robots":{"index":"index","follow":"follow","max-snippet":"max-snippet:-1","max-image-preview":"max-image-preview:large","max-video-preview":"max-video-preview:-1"},"canonical":"https:\/\/www.riacanada.ca\/fr\/melissa-shin\/","og_locale":"fr_FR","og_type":"article","og_title":"Melissa Shin - Responsible Investment Association","og_description":"Directeur \u00e9ditorial, Advisor\u2019s Edge et Investment Executive Melissa Shin est directrice \u00e9ditoriale chez Advisor\u2019s Edge and Investment Executive chez Newcom Media Inc. En tant que journaliste prim\u00e9e et directrice \u00e9ditoriale de quatre publications nationales sur les services financiers, Melissa transforme le sujet technique en contenu accessible pour un public averti. Ses reportages ont \u00e9t\u00e9 cit\u00e9s [&hellip;]","og_url":"https:\/\/www.riacanada.ca\/fr\/melissa-shin\/","og_site_name":"Responsible Investment Association","article_modified_time":"2022-03-03T16:02:36+00:00","og_image":[{"url":"https:\/\/www.riacanada.ca\/content\/uploads\/2020\/03\/Melissa-Shin.jpg"}],"twitter_card":"summary_large_image","twitter_misc":{"Dur\u00e9e de lecture estim\u00e9e":"1 minute"},"schema":{"@context":"https:\/\/schema.org","@graph":[{"@type":"WebPage","@id":"https:\/\/www.riacanada.ca\/fr\/melissa-shin\/","url":"https:\/\/www.riacanada.ca\/fr\/melissa-shin\/","name":"Melissa Shin - Responsible Investment Association","isPartOf":{"@id":"https:\/\/www.riacanada.ca\/fr\/#website"},"datePublished":"2020-03-13T16:47:01+00:00","dateModified":"2022-03-03T16:02:36+00:00","breadcrumb":{"@id":"https:\/\/www.riacanada.ca\/fr\/melissa-shin\/#breadcrumb"},"inLanguage":"fr-FR","potentialAction":[{"@type":"ReadAction","target":["https:\/\/www.riacanada.ca\/fr\/melissa-shin\/"]}]},{"@type":"BreadcrumbList","@id":"https:\/\/www.riacanada.ca\/fr\/melissa-shin\/#breadcrumb","itemListElement":[{"@type":"ListItem","position":1,"name":"Home","item":"https:\/\/www.riacanada.ca\/fr\/"},{"@type":"ListItem","position":2,"name":"Melissa Shin"}]},{"@type":"WebSite","@id":"https:\/\/www.riacanada.ca\/fr\/#website","url":"https:\/\/www.riacanada.ca\/fr\/","name":"Responsible Investment Association","description":"Canada&#039;s membership network for responsible investment","potentialAction":[{"@type":"SearchAction","target":{"@type":"EntryPoint","urlTemplate":"https:\/\/www.riacanada.ca\/fr\/?s={search_term_string}"},"query-input":"required name=search_term_string"}],"inLanguage":"fr-FR"}]}},"_links":{"self":[{"href":"https:\/\/www.riacanada.ca\/fr\/wp-json\/wp\/v2\/pages\/41200"}],"collection":[{"href":"https:\/\/www.riacanada.ca\/fr\/wp-json\/wp\/v2\/pages"}],"about":[{"href":"https:\/\/www.riacanada.ca\/fr\/wp-json\/wp\/v2\/types\/page"}],"author":[{"embeddable":true,"href":"https:\/\/www.riacanada.ca\/fr\/wp-json\/wp\/v2\/users\/7472"}],"replies":[{"embeddable":true,"href":"https:\/\/www.riacanada.ca\/fr\/wp-json\/wp\/v2\/comments?post=41200"}],"version-history":[{"count":4,"href":"https:\/\/www.riacanada.ca\/fr\/wp-json\/wp\/v2\/pages\/41200\/revisions"}],"predecessor-version":[{"id":61889,"href":"https:\/\/www.riacanada.ca\/fr\/wp-json\/wp\/v2\/pages\/41200\/revisions\/61889"}],"wp:attachment":[{"href":"https:\/\/www.riacanada.ca\/fr\/wp-json\/wp\/v2\/media?parent=41200"}],"curies":[{"name":"wp","href":"https:\/\/api.w.org\/{rel}","templated":true}]}}