{"id":41206,"date":"2020-03-13T12:46:00","date_gmt":"2020-03-13T16:46:00","guid":{"rendered":"https:\/\/www.riacanada.ca\/sucheta-rajagopal-bio\/"},"modified":"2020-03-20T17:25:17","modified_gmt":"2020-03-20T21:25:17","slug":"sucheta-rajagopal-bio","status":"publish","type":"page","link":"https:\/\/www.riacanada.ca\/fr\/sucheta-rajagopal-bio\/","title":{"rendered":"Sucheta Rajagopal"},"content":{"rendered":"<p><strong><img decoding=\"async\" loading=\"lazy\" class=\"alignnone wp-image-41033\" src=\"https:\/\/www.riacanada.ca\/content\/uploads\/2020\/03\/Sucheta-Rajagopal.jpg\" alt=\"\" width=\"279\" height=\"279\" srcset=\"https:\/\/www.riacanada.ca\/content\/uploads\/2020\/03\/Sucheta-Rajagopal.jpg 500w, https:\/\/www.riacanada.ca\/content\/uploads\/2020\/03\/Sucheta-Rajagopal-150x150.jpg 150w\" sizes=\"(max-width: 279px) 100vw, 279px\" \/><br \/>\n<\/strong><strong>Gestionnaire de portefeuille,<\/strong><br \/>\nMackie Research Capital Corp.<\/p>\n<p style=\"text-align: left;\">Sucheta Rajagopal est impliqu\u00e9e dans l&rsquo;investissement socialement responsable (ISR) depuis plus de 20 ans, conseillant ses clients sur la fa\u00e7on d&rsquo;int\u00e9grer les questions environnementales, sociales et de gouvernance d&rsquo;entreprise dans leurs portefeuilles d&rsquo;investissement.<\/p>\n<p style=\"text-align: left;\">Gestionnaire de portefeuille et planificatrice financi\u00e8re agr\u00e9\u00e9e chez Mackie Research Capital Corp., Sucheta g\u00e8re l&rsquo;un des plus importants livres d&rsquo;affaires exclusivement de l\u2019ISR au Canada. En utilisant un langage simple et une approche pratique, Sucheta aide les clients \u00e0 aligner leurs investissements sur leurs valeurs.<\/p>\n<p style=\"text-align: left;\">Une pionni\u00e8re de l&rsquo;ISR canadien, Sucheta est ravie d&rsquo;aider \u00e0 renforcer les capacit\u00e9s et la communaut\u00e9 en mati\u00e8re d&rsquo;investissement d&rsquo;impact. Elle est actuellement membre du conseil consultatif de Marigold Capital, une soci\u00e9t\u00e9 d&rsquo;investissement bas\u00e9e \u00e0 Toronto qui se concentre sur l&rsquo;investissement d&rsquo;impact et les strat\u00e9gies d&rsquo;investissement ax\u00e9es sur le genre.<\/p>\n<p style=\"text-align: left;\">Elle a \u00e9t\u00e9 pr\u00e9sidente du conseil d&rsquo;administration de l\u2019Association de l\u2019investissement responsable et a \u00e9galement si\u00e9g\u00e9 aux conseils d&rsquo;administration du East End Community Health Centre, de Straight Goods et de Planet in Focus. En 2017, elle a suivi le programme Not For Profit Governance Essentials de l&rsquo;Institut des administrateurs de soci\u00e9t\u00e9s.<\/p>\n<p style=\"text-align: left;\">Sucheta a un LL.B. de la Osgoode Hall Law School. Elle est dipl\u00f4m\u00e9e du ours sur la planification financi\u00e8re de l&rsquo;Institut canadien des valeurs mobili\u00e8res, Certificat en conseils de placements (CIM), membre de l&rsquo;Institut canadien des valeurs mobili\u00e8res (FCSI) et planificatrice financi\u00e8re agr\u00e9\u00e9e (CFP). Sucheta a \u00e9galement obtenu la certification de conseiller en investissement responsable du Canada (RIAC).<\/p>\n","protected":false},"excerpt":{"rendered":"<p>Gestionnaire de portefeuille, Mackie Research Capital Corp. Sucheta Rajagopal est impliqu\u00e9e dans l&rsquo;investissement socialement responsable (ISR) depuis plus de 20 ans, conseillant ses clients sur la fa\u00e7on d&rsquo;int\u00e9grer les questions environnementales, sociales et de gouvernance d&rsquo;entreprise dans leurs portefeuilles d&rsquo;investissement. Gestionnaire de portefeuille et planificatrice financi\u00e8re agr\u00e9\u00e9e chez Mackie Research Capital Corp., Sucheta g\u00e8re l&rsquo;un [&hellip;]<\/p>\n","protected":false},"author":7472,"featured_media":0,"parent":0,"menu_order":22,"comment_status":"closed","ping_status":"closed","template":"","meta":{"footnotes":""},"acf":[],"yoast_head":"<!-- This site is optimized with the Yoast SEO plugin v21.0 - https:\/\/yoast.com\/wordpress\/plugins\/seo\/ -->\n<title>Sucheta Rajagopal - Responsible Investment Association<\/title>\n<meta name=\"robots\" content=\"index, follow, max-snippet:-1, max-image-preview:large, max-video-preview:-1\" \/>\n<link rel=\"canonical\" href=\"https:\/\/www.riacanada.ca\/fr\/sucheta-rajagopal-bio\/\" \/>\n<meta property=\"og:locale\" content=\"fr_FR\" \/>\n<meta property=\"og:type\" content=\"article\" \/>\n<meta property=\"og:title\" content=\"Sucheta Rajagopal - Responsible Investment Association\" \/>\n<meta property=\"og:description\" content=\"Gestionnaire de portefeuille, Mackie Research Capital Corp. Sucheta Rajagopal est impliqu\u00e9e dans l&rsquo;investissement socialement responsable (ISR) depuis plus de 20 ans, conseillant ses clients sur la fa\u00e7on d&rsquo;int\u00e9grer les questions environnementales, sociales et de gouvernance d&rsquo;entreprise dans leurs portefeuilles d&rsquo;investissement. Gestionnaire de portefeuille et planificatrice financi\u00e8re agr\u00e9\u00e9e chez Mackie Research Capital Corp., Sucheta g\u00e8re l&rsquo;un [&hellip;]\" \/>\n<meta property=\"og:url\" content=\"https:\/\/www.riacanada.ca\/fr\/sucheta-rajagopal-bio\/\" \/>\n<meta property=\"og:site_name\" content=\"Responsible Investment Association\" \/>\n<meta property=\"article:modified_time\" content=\"2020-03-20T21:25:17+00:00\" \/>\n<meta property=\"og:image\" content=\"https:\/\/www.riacanada.ca\/content\/uploads\/2020\/03\/Sucheta-Rajagopal.jpg\" \/>\n<meta name=\"twitter:card\" content=\"summary_large_image\" \/>\n<meta name=\"twitter:label1\" content=\"Dur\u00e9e de lecture estim\u00e9e\" \/>\n\t<meta name=\"twitter:data1\" content=\"1 minute\" \/>\n<script type=\"application\/ld+json\" class=\"yoast-schema-graph\">{\"@context\":\"https:\/\/schema.org\",\"@graph\":[{\"@type\":\"WebPage\",\"@id\":\"https:\/\/www.riacanada.ca\/fr\/sucheta-rajagopal-bio\/\",\"url\":\"https:\/\/www.riacanada.ca\/fr\/sucheta-rajagopal-bio\/\",\"name\":\"Sucheta Rajagopal - Responsible Investment Association\",\"isPartOf\":{\"@id\":\"https:\/\/www.riacanada.ca\/fr\/#website\"},\"datePublished\":\"2020-03-13T16:46:00+00:00\",\"dateModified\":\"2020-03-20T21:25:17+00:00\",\"breadcrumb\":{\"@id\":\"https:\/\/www.riacanada.ca\/fr\/sucheta-rajagopal-bio\/#breadcrumb\"},\"inLanguage\":\"fr-FR\",\"potentialAction\":[{\"@type\":\"ReadAction\",\"target\":[\"https:\/\/www.riacanada.ca\/fr\/sucheta-rajagopal-bio\/\"]}]},{\"@type\":\"BreadcrumbList\",\"@id\":\"https:\/\/www.riacanada.ca\/fr\/sucheta-rajagopal-bio\/#breadcrumb\",\"itemListElement\":[{\"@type\":\"ListItem\",\"position\":1,\"name\":\"Home\",\"item\":\"https:\/\/www.riacanada.ca\/fr\/\"},{\"@type\":\"ListItem\",\"position\":2,\"name\":\"Sucheta Rajagopal\"}]},{\"@type\":\"WebSite\",\"@id\":\"https:\/\/www.riacanada.ca\/fr\/#website\",\"url\":\"https:\/\/www.riacanada.ca\/fr\/\",\"name\":\"Responsible Investment Association\",\"description\":\"Canada&#039;s membership network for responsible investment\",\"potentialAction\":[{\"@type\":\"SearchAction\",\"target\":{\"@type\":\"EntryPoint\",\"urlTemplate\":\"https:\/\/www.riacanada.ca\/fr\/?s={search_term_string}\"},\"query-input\":\"required name=search_term_string\"}],\"inLanguage\":\"fr-FR\"}]}<\/script>\n<!-- \/ Yoast SEO plugin. -->","yoast_head_json":{"title":"Sucheta Rajagopal - Responsible Investment Association","robots":{"index":"index","follow":"follow","max-snippet":"max-snippet:-1","max-image-preview":"max-image-preview:large","max-video-preview":"max-video-preview:-1"},"canonical":"https:\/\/www.riacanada.ca\/fr\/sucheta-rajagopal-bio\/","og_locale":"fr_FR","og_type":"article","og_title":"Sucheta Rajagopal - Responsible Investment Association","og_description":"Gestionnaire de portefeuille, Mackie Research Capital Corp. Sucheta Rajagopal est impliqu\u00e9e dans l&rsquo;investissement socialement responsable (ISR) depuis plus de 20 ans, conseillant ses clients sur la fa\u00e7on d&rsquo;int\u00e9grer les questions environnementales, sociales et de gouvernance d&rsquo;entreprise dans leurs portefeuilles d&rsquo;investissement. Gestionnaire de portefeuille et planificatrice financi\u00e8re agr\u00e9\u00e9e chez Mackie Research Capital Corp., Sucheta g\u00e8re l&rsquo;un [&hellip;]","og_url":"https:\/\/www.riacanada.ca\/fr\/sucheta-rajagopal-bio\/","og_site_name":"Responsible Investment Association","article_modified_time":"2020-03-20T21:25:17+00:00","og_image":[{"url":"https:\/\/www.riacanada.ca\/content\/uploads\/2020\/03\/Sucheta-Rajagopal.jpg"}],"twitter_card":"summary_large_image","twitter_misc":{"Dur\u00e9e de lecture estim\u00e9e":"1 minute"},"schema":{"@context":"https:\/\/schema.org","@graph":[{"@type":"WebPage","@id":"https:\/\/www.riacanada.ca\/fr\/sucheta-rajagopal-bio\/","url":"https:\/\/www.riacanada.ca\/fr\/sucheta-rajagopal-bio\/","name":"Sucheta Rajagopal - Responsible Investment Association","isPartOf":{"@id":"https:\/\/www.riacanada.ca\/fr\/#website"},"datePublished":"2020-03-13T16:46:00+00:00","dateModified":"2020-03-20T21:25:17+00:00","breadcrumb":{"@id":"https:\/\/www.riacanada.ca\/fr\/sucheta-rajagopal-bio\/#breadcrumb"},"inLanguage":"fr-FR","potentialAction":[{"@type":"ReadAction","target":["https:\/\/www.riacanada.ca\/fr\/sucheta-rajagopal-bio\/"]}]},{"@type":"BreadcrumbList","@id":"https:\/\/www.riacanada.ca\/fr\/sucheta-rajagopal-bio\/#breadcrumb","itemListElement":[{"@type":"ListItem","position":1,"name":"Home","item":"https:\/\/www.riacanada.ca\/fr\/"},{"@type":"ListItem","position":2,"name":"Sucheta Rajagopal"}]},{"@type":"WebSite","@id":"https:\/\/www.riacanada.ca\/fr\/#website","url":"https:\/\/www.riacanada.ca\/fr\/","name":"Responsible Investment Association","description":"Canada&#039;s membership network for responsible investment","potentialAction":[{"@type":"SearchAction","target":{"@type":"EntryPoint","urlTemplate":"https:\/\/www.riacanada.ca\/fr\/?s={search_term_string}"},"query-input":"required name=search_term_string"}],"inLanguage":"fr-FR"}]}},"_links":{"self":[{"href":"https:\/\/www.riacanada.ca\/fr\/wp-json\/wp\/v2\/pages\/41206"}],"collection":[{"href":"https:\/\/www.riacanada.ca\/fr\/wp-json\/wp\/v2\/pages"}],"about":[{"href":"https:\/\/www.riacanada.ca\/fr\/wp-json\/wp\/v2\/types\/page"}],"author":[{"embeddable":true,"href":"https:\/\/www.riacanada.ca\/fr\/wp-json\/wp\/v2\/users\/7472"}],"replies":[{"embeddable":true,"href":"https:\/\/www.riacanada.ca\/fr\/wp-json\/wp\/v2\/comments?post=41206"}],"version-history":[{"count":3,"href":"https:\/\/www.riacanada.ca\/fr\/wp-json\/wp\/v2\/pages\/41206\/revisions"}],"predecessor-version":[{"id":41234,"href":"https:\/\/www.riacanada.ca\/fr\/wp-json\/wp\/v2\/pages\/41206\/revisions\/41234"}],"wp:attachment":[{"href":"https:\/\/www.riacanada.ca\/fr\/wp-json\/wp\/v2\/media?parent=41206"}],"curies":[{"name":"wp","href":"https:\/\/api.w.org\/{rel}","templated":true}]}}