{"id":41212,"date":"2020-03-13T12:45:13","date_gmt":"2020-03-13T16:45:13","guid":{"rendered":"https:\/\/www.riacanada.ca\/tessa-hebb\/"},"modified":"2020-03-20T17:25:05","modified_gmt":"2020-03-20T21:25:05","slug":"tessa-hebb","status":"publish","type":"page","link":"https:\/\/www.riacanada.ca\/fr\/tessa-hebb\/","title":{"rendered":"Tessa Hebb"},"content":{"rendered":"<p><strong><img decoding=\"async\" loading=\"lazy\" class=\"alignnone wp-image-41029\" src=\"https:\/\/www.riacanada.ca\/content\/uploads\/2020\/03\/Tessa-Hebb.png\" alt=\"\" width=\"278\" height=\"278\" srcset=\"https:\/\/www.riacanada.ca\/content\/uploads\/2020\/03\/Tessa-Hebb.png 500w, https:\/\/www.riacanada.ca\/content\/uploads\/2020\/03\/Tessa-Hebb-150x150.png 150w\" sizes=\"(max-width: 278px) 100vw, 278px\" \/><br \/>\nChercheur \u00e9m\u00e9rite et professeur associ\u00e9e, Sprott School of Business et School of Public Policy and Administration,<\/strong><br \/>\nCarleton University<\/p>\n<p style=\"text-align: left;\">Dr Hebb est un chercheur \u00e9m\u00e9rite et ancienne directrice du Centre Carleton pour l\u2019innovation communautaire, Universit\u00e9 Carleton, Canada. Elle est \u00e9galement professeur associ\u00e9e \u00e0 l\u2019\u00c9cole de politique publique et d\u2019administration et l\u2019\u00c9cole de commerce Sprott de l\u2019Universit\u00e9 Carleton, o\u00f9 elle enseigne un cours de ma\u00eetrise en investissement responsable et \u00e0 impact. Elle travaille avec Ceres pour \u00e9tendre son empreinte au Canada. Elle a dirig\u00e9 un consortium de recherche de dix ans sur l\u2019investissement responsable financ\u00e9 par le Conseil de recherches en sciences humaines du gouvernement du Canada. Dr Hebb est l\u2019ancienne pr\u00e9sidente du comit\u00e9 directeur des Principes pour l\u2019investissement responsable (PRI) soutenus par l\u2019ONU (2009-2014). Elle si\u00e8ge \u00e0 plusieurs conseils d\u2019administration et comit\u00e9s d\u2019investissement au Canada. Elle a r\u00e9cemment copr\u00e9sid\u00e9 le Groupe de travail sur la mesure de l\u2019impact de l\u2019entreprise sociale en Ontario. Elle a \u00e9t\u00e9 membre du conseil d\u2019administration de l\u2019Association de l\u2019investissement responsable (AIR)(Canada) de 2011 \u00e0 2017.<\/p>\n<p style=\"text-align: left;\">Dr. Hebb a obtenu son doctorat de l\u2019Universit\u00e9 d\u2019Oxford et a re\u00e7u la bourse William E. Taylor du Canada en sciences sociales et humaines pour un candidat au doctorat exceptionnel (2002-2003). Elle a \u00e9galement re\u00e7u une bourse Clarendon de l\u2019Universit\u00e9 d\u2019Oxford. Elle a re\u00e7u sa ma\u00eetrise en administration publique de l\u2019Universit\u00e9 Harvard.<\/p>\n<p style=\"text-align: left;\">Dr. Hebb est une conf\u00e9renci\u00e8re invit\u00e9e sur les questions d\u2019investissement d\u2019impact, d\u2019investissement responsable et de mesure d\u2019impact. Elle a publi\u00e9 de nombreux livres et articles sur l\u2019investissement responsable et l\u2019investissement d\u2019impact, y compris les volumes \u2018\u2019Routledge Handbook of Responsible Investment, SRI in the 21st Century: Does it make a Difference to Society; Working Capital: The Power of Labor\u2019s Pensions; No Small Change: Pension Fund Corporate Engagement; and The Next Generation of Responsible Investing\u2019\u2019.<\/p>\n<p>&nbsp;<\/p>\n","protected":false},"excerpt":{"rendered":"<p>Chercheur \u00e9m\u00e9rite et professeur associ\u00e9e, Sprott School of Business et School of Public Policy and Administration, Carleton University Dr Hebb est un chercheur \u00e9m\u00e9rite et ancienne directrice du Centre Carleton pour l\u2019innovation communautaire, Universit\u00e9 Carleton, Canada. Elle est \u00e9galement professeur associ\u00e9e \u00e0 l\u2019\u00c9cole de politique publique et d\u2019administration et l\u2019\u00c9cole de commerce Sprott de l\u2019Universit\u00e9 [&hellip;]<\/p>\n","protected":false},"author":7472,"featured_media":0,"parent":0,"menu_order":24,"comment_status":"closed","ping_status":"closed","template":"","meta":{"footnotes":""},"acf":[],"yoast_head":"<!-- This site is optimized with the Yoast SEO plugin v21.0 - https:\/\/yoast.com\/wordpress\/plugins\/seo\/ -->\n<title>Tessa Hebb - Responsible Investment Association<\/title>\n<meta name=\"robots\" content=\"index, follow, max-snippet:-1, max-image-preview:large, max-video-preview:-1\" \/>\n<link rel=\"canonical\" href=\"https:\/\/www.riacanada.ca\/fr\/tessa-hebb\/\" \/>\n<meta property=\"og:locale\" content=\"fr_FR\" \/>\n<meta property=\"og:type\" content=\"article\" \/>\n<meta property=\"og:title\" content=\"Tessa Hebb - Responsible Investment Association\" \/>\n<meta property=\"og:description\" content=\"Chercheur \u00e9m\u00e9rite et professeur associ\u00e9e, Sprott School of Business et School of Public Policy and Administration, Carleton University Dr Hebb est un chercheur \u00e9m\u00e9rite et ancienne directrice du Centre Carleton pour l\u2019innovation communautaire, Universit\u00e9 Carleton, Canada. Elle est \u00e9galement professeur associ\u00e9e \u00e0 l\u2019\u00c9cole de politique publique et d\u2019administration et l\u2019\u00c9cole de commerce Sprott de l\u2019Universit\u00e9 [&hellip;]\" \/>\n<meta property=\"og:url\" content=\"https:\/\/www.riacanada.ca\/fr\/tessa-hebb\/\" \/>\n<meta property=\"og:site_name\" content=\"Responsible Investment Association\" \/>\n<meta property=\"article:modified_time\" content=\"2020-03-20T21:25:05+00:00\" \/>\n<meta property=\"og:image\" content=\"https:\/\/www.riacanada.ca\/content\/uploads\/2020\/03\/Tessa-Hebb.png\" \/>\n<meta name=\"twitter:card\" content=\"summary_large_image\" \/>\n<meta name=\"twitter:label1\" content=\"Dur\u00e9e de lecture estim\u00e9e\" \/>\n\t<meta name=\"twitter:data1\" content=\"2 minutes\" \/>\n<script type=\"application\/ld+json\" class=\"yoast-schema-graph\">{\"@context\":\"https:\/\/schema.org\",\"@graph\":[{\"@type\":\"WebPage\",\"@id\":\"https:\/\/www.riacanada.ca\/fr\/tessa-hebb\/\",\"url\":\"https:\/\/www.riacanada.ca\/fr\/tessa-hebb\/\",\"name\":\"Tessa Hebb - Responsible Investment Association\",\"isPartOf\":{\"@id\":\"https:\/\/www.riacanada.ca\/fr\/#website\"},\"datePublished\":\"2020-03-13T16:45:13+00:00\",\"dateModified\":\"2020-03-20T21:25:05+00:00\",\"breadcrumb\":{\"@id\":\"https:\/\/www.riacanada.ca\/fr\/tessa-hebb\/#breadcrumb\"},\"inLanguage\":\"fr-FR\",\"potentialAction\":[{\"@type\":\"ReadAction\",\"target\":[\"https:\/\/www.riacanada.ca\/fr\/tessa-hebb\/\"]}]},{\"@type\":\"BreadcrumbList\",\"@id\":\"https:\/\/www.riacanada.ca\/fr\/tessa-hebb\/#breadcrumb\",\"itemListElement\":[{\"@type\":\"ListItem\",\"position\":1,\"name\":\"Home\",\"item\":\"https:\/\/www.riacanada.ca\/fr\/\"},{\"@type\":\"ListItem\",\"position\":2,\"name\":\"Tessa Hebb\"}]},{\"@type\":\"WebSite\",\"@id\":\"https:\/\/www.riacanada.ca\/fr\/#website\",\"url\":\"https:\/\/www.riacanada.ca\/fr\/\",\"name\":\"Responsible Investment Association\",\"description\":\"Canada&#039;s membership network for responsible investment\",\"potentialAction\":[{\"@type\":\"SearchAction\",\"target\":{\"@type\":\"EntryPoint\",\"urlTemplate\":\"https:\/\/www.riacanada.ca\/fr\/?s={search_term_string}\"},\"query-input\":\"required name=search_term_string\"}],\"inLanguage\":\"fr-FR\"}]}<\/script>\n<!-- \/ Yoast SEO plugin. -->","yoast_head_json":{"title":"Tessa Hebb - Responsible Investment Association","robots":{"index":"index","follow":"follow","max-snippet":"max-snippet:-1","max-image-preview":"max-image-preview:large","max-video-preview":"max-video-preview:-1"},"canonical":"https:\/\/www.riacanada.ca\/fr\/tessa-hebb\/","og_locale":"fr_FR","og_type":"article","og_title":"Tessa Hebb - Responsible Investment Association","og_description":"Chercheur \u00e9m\u00e9rite et professeur associ\u00e9e, Sprott School of Business et School of Public Policy and Administration, Carleton University Dr Hebb est un chercheur \u00e9m\u00e9rite et ancienne directrice du Centre Carleton pour l\u2019innovation communautaire, Universit\u00e9 Carleton, Canada. Elle est \u00e9galement professeur associ\u00e9e \u00e0 l\u2019\u00c9cole de politique publique et d\u2019administration et l\u2019\u00c9cole de commerce Sprott de l\u2019Universit\u00e9 [&hellip;]","og_url":"https:\/\/www.riacanada.ca\/fr\/tessa-hebb\/","og_site_name":"Responsible Investment Association","article_modified_time":"2020-03-20T21:25:05+00:00","og_image":[{"url":"https:\/\/www.riacanada.ca\/content\/uploads\/2020\/03\/Tessa-Hebb.png"}],"twitter_card":"summary_large_image","twitter_misc":{"Dur\u00e9e de lecture estim\u00e9e":"2 minutes"},"schema":{"@context":"https:\/\/schema.org","@graph":[{"@type":"WebPage","@id":"https:\/\/www.riacanada.ca\/fr\/tessa-hebb\/","url":"https:\/\/www.riacanada.ca\/fr\/tessa-hebb\/","name":"Tessa Hebb - Responsible Investment Association","isPartOf":{"@id":"https:\/\/www.riacanada.ca\/fr\/#website"},"datePublished":"2020-03-13T16:45:13+00:00","dateModified":"2020-03-20T21:25:05+00:00","breadcrumb":{"@id":"https:\/\/www.riacanada.ca\/fr\/tessa-hebb\/#breadcrumb"},"inLanguage":"fr-FR","potentialAction":[{"@type":"ReadAction","target":["https:\/\/www.riacanada.ca\/fr\/tessa-hebb\/"]}]},{"@type":"BreadcrumbList","@id":"https:\/\/www.riacanada.ca\/fr\/tessa-hebb\/#breadcrumb","itemListElement":[{"@type":"ListItem","position":1,"name":"Home","item":"https:\/\/www.riacanada.ca\/fr\/"},{"@type":"ListItem","position":2,"name":"Tessa Hebb"}]},{"@type":"WebSite","@id":"https:\/\/www.riacanada.ca\/fr\/#website","url":"https:\/\/www.riacanada.ca\/fr\/","name":"Responsible Investment Association","description":"Canada&#039;s membership network for responsible investment","potentialAction":[{"@type":"SearchAction","target":{"@type":"EntryPoint","urlTemplate":"https:\/\/www.riacanada.ca\/fr\/?s={search_term_string}"},"query-input":"required name=search_term_string"}],"inLanguage":"fr-FR"}]}},"_links":{"self":[{"href":"https:\/\/www.riacanada.ca\/fr\/wp-json\/wp\/v2\/pages\/41212"}],"collection":[{"href":"https:\/\/www.riacanada.ca\/fr\/wp-json\/wp\/v2\/pages"}],"about":[{"href":"https:\/\/www.riacanada.ca\/fr\/wp-json\/wp\/v2\/types\/page"}],"author":[{"embeddable":true,"href":"https:\/\/www.riacanada.ca\/fr\/wp-json\/wp\/v2\/users\/7472"}],"replies":[{"embeddable":true,"href":"https:\/\/www.riacanada.ca\/fr\/wp-json\/wp\/v2\/comments?post=41212"}],"version-history":[{"count":3,"href":"https:\/\/www.riacanada.ca\/fr\/wp-json\/wp\/v2\/pages\/41212\/revisions"}],"predecessor-version":[{"id":41233,"href":"https:\/\/www.riacanada.ca\/fr\/wp-json\/wp\/v2\/pages\/41212\/revisions\/41233"}],"wp:attachment":[{"href":"https:\/\/www.riacanada.ca\/fr\/wp-json\/wp\/v2\/media?parent=41212"}],"curies":[{"name":"wp","href":"https:\/\/api.w.org\/{rel}","templated":true}]}}