{"id":41218,"date":"2020-03-13T12:32:14","date_gmt":"2020-03-13T16:32:14","guid":{"rendered":"https:\/\/www.riacanada.ca\/denis-dion\/"},"modified":"2020-03-20T17:23:32","modified_gmt":"2020-03-20T21:23:32","slug":"denis-dion","status":"publish","type":"page","link":"https:\/\/www.riacanada.ca\/fr\/denis-dion\/","title":{"rendered":"Denis Dion"},"content":{"rendered":"<p><strong><img decoding=\"async\" loading=\"lazy\" class=\"alignnone wp-image-41019\" src=\"https:\/\/www.riacanada.ca\/content\/uploads\/2020\/03\/Denis-Dion.jpg\" alt=\"\" width=\"279\" height=\"279\" srcset=\"https:\/\/www.riacanada.ca\/content\/uploads\/2020\/03\/Denis-Dion.jpg 500w, https:\/\/www.riacanada.ca\/content\/uploads\/2020\/03\/Denis-Dion-150x150.jpg 150w\" sizes=\"(max-width: 279px) 100vw, 279px\" \/><br \/>\nChef de produit ESG,<\/strong><br \/>\nDesjardins Investissements<\/p>\n<p style=\"text-align: left;\">Denis Dion est gestionnaire de produits d&rsquo;investissement responsable chez Desjardins et dirige donc le d\u00e9veloppement des fonds et portefeuilles SocieTerra. En plus de suivre les derni\u00e8res tendances en mati\u00e8re d&rsquo;investissement responsable, il assure la performance des produits offerts.<\/p>\n<p style=\"text-align: left;\">Denis poss\u00e8de plus de 30 ans d&rsquo;exp\u00e9rience en gestion de patrimoine. Avant de prendre en charge le d\u00e9veloppement de l&rsquo;offre d&rsquo;investissement responsable en 2007, il a occup\u00e9 divers postes au sein de Desjardins, que ce soit en tant que conseiller financier, planificateur financier, gestionnaire de patrimoine priv\u00e9 ou analyste financier.<\/p>\n<p style=\"text-align: left;\">Expert en investissement responsable, il collabore avec diff\u00e9rentes \u00e9quipes de Desjardins pour int\u00e9grer les consid\u00e9rations environnementales, sociales et de gouvernance dans leur domaine d&rsquo;activit\u00e9.<\/p>\n<p style=\"text-align: left;\">Dipl\u00f4m\u00e9 de l&rsquo;Universit\u00e9 Laval en administration des affaires, Denis est un titulaire de CFA. Il a \u00e9galement suivi le programme de certification professionnelle en investissement durable (SIPC) du Centre des dirigeants John-Molson.<\/p>\n<p>&nbsp;<\/p>\n","protected":false},"excerpt":{"rendered":"<p>Chef de produit ESG, Desjardins Investissements Denis Dion est gestionnaire de produits d&rsquo;investissement responsable chez Desjardins et dirige donc le d\u00e9veloppement des fonds et portefeuilles SocieTerra. En plus de suivre les derni\u00e8res tendances en mati\u00e8re d&rsquo;investissement responsable, il assure la performance des produits offerts. Denis poss\u00e8de plus de 30 ans d&rsquo;exp\u00e9rience en gestion de patrimoine. [&hellip;]<\/p>\n","protected":false},"author":7472,"featured_media":0,"parent":0,"menu_order":28,"comment_status":"closed","ping_status":"closed","template":"","meta":{"footnotes":""},"acf":[],"yoast_head":"<!-- This site is optimized with the Yoast SEO plugin v21.0 - https:\/\/yoast.com\/wordpress\/plugins\/seo\/ -->\n<title>Denis Dion - Responsible Investment Association<\/title>\n<meta name=\"robots\" content=\"index, follow, max-snippet:-1, max-image-preview:large, max-video-preview:-1\" \/>\n<link rel=\"canonical\" href=\"https:\/\/www.riacanada.ca\/fr\/denis-dion\/\" \/>\n<meta property=\"og:locale\" content=\"fr_FR\" \/>\n<meta property=\"og:type\" content=\"article\" \/>\n<meta property=\"og:title\" content=\"Denis Dion - Responsible Investment Association\" \/>\n<meta property=\"og:description\" content=\"Chef de produit ESG, Desjardins Investissements Denis Dion est gestionnaire de produits d&rsquo;investissement responsable chez Desjardins et dirige donc le d\u00e9veloppement des fonds et portefeuilles SocieTerra. En plus de suivre les derni\u00e8res tendances en mati\u00e8re d&rsquo;investissement responsable, il assure la performance des produits offerts. Denis poss\u00e8de plus de 30 ans d&rsquo;exp\u00e9rience en gestion de patrimoine. [&hellip;]\" \/>\n<meta property=\"og:url\" content=\"https:\/\/www.riacanada.ca\/fr\/denis-dion\/\" \/>\n<meta property=\"og:site_name\" content=\"Responsible Investment Association\" \/>\n<meta property=\"article:modified_time\" content=\"2020-03-20T21:23:32+00:00\" \/>\n<meta property=\"og:image\" content=\"https:\/\/www.riacanada.ca\/content\/uploads\/2020\/03\/Denis-Dion.jpg\" \/>\n<meta name=\"twitter:card\" content=\"summary_large_image\" \/>\n<meta name=\"twitter:label1\" content=\"Dur\u00e9e de lecture estim\u00e9e\" \/>\n\t<meta name=\"twitter:data1\" content=\"1 minute\" \/>\n<script type=\"application\/ld+json\" class=\"yoast-schema-graph\">{\"@context\":\"https:\/\/schema.org\",\"@graph\":[{\"@type\":\"WebPage\",\"@id\":\"https:\/\/www.riacanada.ca\/fr\/denis-dion\/\",\"url\":\"https:\/\/www.riacanada.ca\/fr\/denis-dion\/\",\"name\":\"Denis Dion - Responsible Investment Association\",\"isPartOf\":{\"@id\":\"https:\/\/www.riacanada.ca\/fr\/#website\"},\"datePublished\":\"2020-03-13T16:32:14+00:00\",\"dateModified\":\"2020-03-20T21:23:32+00:00\",\"breadcrumb\":{\"@id\":\"https:\/\/www.riacanada.ca\/fr\/denis-dion\/#breadcrumb\"},\"inLanguage\":\"fr-FR\",\"potentialAction\":[{\"@type\":\"ReadAction\",\"target\":[\"https:\/\/www.riacanada.ca\/fr\/denis-dion\/\"]}]},{\"@type\":\"BreadcrumbList\",\"@id\":\"https:\/\/www.riacanada.ca\/fr\/denis-dion\/#breadcrumb\",\"itemListElement\":[{\"@type\":\"ListItem\",\"position\":1,\"name\":\"Home\",\"item\":\"https:\/\/www.riacanada.ca\/fr\/\"},{\"@type\":\"ListItem\",\"position\":2,\"name\":\"Denis Dion\"}]},{\"@type\":\"WebSite\",\"@id\":\"https:\/\/www.riacanada.ca\/fr\/#website\",\"url\":\"https:\/\/www.riacanada.ca\/fr\/\",\"name\":\"Responsible Investment Association\",\"description\":\"Canada&#039;s membership network for responsible investment\",\"potentialAction\":[{\"@type\":\"SearchAction\",\"target\":{\"@type\":\"EntryPoint\",\"urlTemplate\":\"https:\/\/www.riacanada.ca\/fr\/?s={search_term_string}\"},\"query-input\":\"required name=search_term_string\"}],\"inLanguage\":\"fr-FR\"}]}<\/script>\n<!-- \/ Yoast SEO plugin. -->","yoast_head_json":{"title":"Denis Dion - Responsible Investment Association","robots":{"index":"index","follow":"follow","max-snippet":"max-snippet:-1","max-image-preview":"max-image-preview:large","max-video-preview":"max-video-preview:-1"},"canonical":"https:\/\/www.riacanada.ca\/fr\/denis-dion\/","og_locale":"fr_FR","og_type":"article","og_title":"Denis Dion - Responsible Investment Association","og_description":"Chef de produit ESG, Desjardins Investissements Denis Dion est gestionnaire de produits d&rsquo;investissement responsable chez Desjardins et dirige donc le d\u00e9veloppement des fonds et portefeuilles SocieTerra. En plus de suivre les derni\u00e8res tendances en mati\u00e8re d&rsquo;investissement responsable, il assure la performance des produits offerts. Denis poss\u00e8de plus de 30 ans d&rsquo;exp\u00e9rience en gestion de patrimoine. [&hellip;]","og_url":"https:\/\/www.riacanada.ca\/fr\/denis-dion\/","og_site_name":"Responsible Investment Association","article_modified_time":"2020-03-20T21:23:32+00:00","og_image":[{"url":"https:\/\/www.riacanada.ca\/content\/uploads\/2020\/03\/Denis-Dion.jpg"}],"twitter_card":"summary_large_image","twitter_misc":{"Dur\u00e9e de lecture estim\u00e9e":"1 minute"},"schema":{"@context":"https:\/\/schema.org","@graph":[{"@type":"WebPage","@id":"https:\/\/www.riacanada.ca\/fr\/denis-dion\/","url":"https:\/\/www.riacanada.ca\/fr\/denis-dion\/","name":"Denis Dion - Responsible Investment Association","isPartOf":{"@id":"https:\/\/www.riacanada.ca\/fr\/#website"},"datePublished":"2020-03-13T16:32:14+00:00","dateModified":"2020-03-20T21:23:32+00:00","breadcrumb":{"@id":"https:\/\/www.riacanada.ca\/fr\/denis-dion\/#breadcrumb"},"inLanguage":"fr-FR","potentialAction":[{"@type":"ReadAction","target":["https:\/\/www.riacanada.ca\/fr\/denis-dion\/"]}]},{"@type":"BreadcrumbList","@id":"https:\/\/www.riacanada.ca\/fr\/denis-dion\/#breadcrumb","itemListElement":[{"@type":"ListItem","position":1,"name":"Home","item":"https:\/\/www.riacanada.ca\/fr\/"},{"@type":"ListItem","position":2,"name":"Denis Dion"}]},{"@type":"WebSite","@id":"https:\/\/www.riacanada.ca\/fr\/#website","url":"https:\/\/www.riacanada.ca\/fr\/","name":"Responsible Investment Association","description":"Canada&#039;s membership network for responsible investment","potentialAction":[{"@type":"SearchAction","target":{"@type":"EntryPoint","urlTemplate":"https:\/\/www.riacanada.ca\/fr\/?s={search_term_string}"},"query-input":"required name=search_term_string"}],"inLanguage":"fr-FR"}]}},"_links":{"self":[{"href":"https:\/\/www.riacanada.ca\/fr\/wp-json\/wp\/v2\/pages\/41218"}],"collection":[{"href":"https:\/\/www.riacanada.ca\/fr\/wp-json\/wp\/v2\/pages"}],"about":[{"href":"https:\/\/www.riacanada.ca\/fr\/wp-json\/wp\/v2\/types\/page"}],"author":[{"embeddable":true,"href":"https:\/\/www.riacanada.ca\/fr\/wp-json\/wp\/v2\/users\/7472"}],"replies":[{"embeddable":true,"href":"https:\/\/www.riacanada.ca\/fr\/wp-json\/wp\/v2\/comments?post=41218"}],"version-history":[{"count":3,"href":"https:\/\/www.riacanada.ca\/fr\/wp-json\/wp\/v2\/pages\/41218\/revisions"}],"predecessor-version":[{"id":41232,"href":"https:\/\/www.riacanada.ca\/fr\/wp-json\/wp\/v2\/pages\/41218\/revisions\/41232"}],"wp:attachment":[{"href":"https:\/\/www.riacanada.ca\/fr\/wp-json\/wp\/v2\/media?parent=41218"}],"curies":[{"name":"wp","href":"https:\/\/api.w.org\/{rel}","templated":true}]}}