{"id":41221,"date":"2020-03-13T11:57:40","date_gmt":"2020-03-13T15:57:40","guid":{"rendered":"https:\/\/www.riacanada.ca\/adelaide-chiu\/"},"modified":"2020-03-20T17:23:02","modified_gmt":"2020-03-20T21:23:02","slug":"adelaide-chiu","status":"publish","type":"page","link":"https:\/\/www.riacanada.ca\/fr\/adelaide-chiu\/","title":{"rendered":"Adelaide Chiu"},"content":{"rendered":"<p><strong><img decoding=\"async\" loading=\"lazy\" class=\"alignnone wp-image-41013\" src=\"https:\/\/www.riacanada.ca\/content\/uploads\/2020\/03\/Adelaide-Chiu.png\" alt=\"\" width=\"279\" height=\"279\" srcset=\"https:\/\/www.riacanada.ca\/content\/uploads\/2020\/03\/Adelaide-Chiu.png 500w, https:\/\/www.riacanada.ca\/content\/uploads\/2020\/03\/Adelaide-Chiu-150x150.png 150w\" sizes=\"(max-width: 279px) 100vw, 279px\" \/><\/strong><br \/>\n<strong>Gestionnaire de portefeuille,<\/strong><br \/>\nOMERS<\/p>\n<p style=\"text-align: left;\">Adelaide Chiu est gestionnaire de portefeuille d\u2019actions mondiales au sein de l\u2019\u00e9quipe March\u00e9s des capitaux d\u2019OMERS, un des plus grands r\u00e9gimes de retraite \u00e0 prestations d\u00e9termin\u00e9es du Canada. En plus de son r\u00f4le de gestionnaire de portefeuille, Ad\u00e9la\u00efde est un contributeur cl\u00e9 \u00e0 la strat\u00e9gie d\u2019investissement durable de la pension pour les march\u00e9s des capitaux. Avant de rejoindre OMERS en 2019, Adelaide \u00e9tait gestionnaire de portefeuille chez Placements Mackenzie, l\u2019une des plus grandes soci\u00e9t\u00e9s ind\u00e9pendantes de gestion d\u2019actifs au Canada, o\u00f9 elle \u00e9tait \u00e9galement membre du comit\u00e9 d\u2019investissement responsable, supervisant la strat\u00e9gie d\u2019investissement durable de la soci\u00e9t\u00e9 et son int\u00e9gration dans les portefeuilles de son \u00e9quipe.<\/p>\n<p style=\"text-align: left;\">Avant ces r\u00f4les de gestion de portefeuille, Adelaide a occup\u00e9 des postes progressifs chez BMO March\u00e9s des capitaux au sein de Recherche sur l\u2019\u00e9quit\u00e9. Elle a \u00e9galement occup\u00e9 des postes d\u2019entreprise dans l\u2019une des plus grandes soci\u00e9t\u00e9s de m\u00e9dias au Canada. Elle est titulaire de la charte CFA et a obtenu son titre de comptable professionnelle agr\u00e9\u00e9e, CPA, CA chez PwC. Elle d\u00e9tient \u00e9galement le titre de comp\u00e9tence FSA (Fundamentals of Sustainability Accounting) de niveau I. Elle a obtenu un baccalaur\u00e9at en commerce (avec distinction) de l\u2019Universit\u00e9 de Toronto.<\/p>\n","protected":false},"excerpt":{"rendered":"<p>Gestionnaire de portefeuille, OMERS Adelaide Chiu est gestionnaire de portefeuille d\u2019actions mondiales au sein de l\u2019\u00e9quipe March\u00e9s des capitaux d\u2019OMERS, un des plus grands r\u00e9gimes de retraite \u00e0 prestations d\u00e9termin\u00e9es du Canada. En plus de son r\u00f4le de gestionnaire de portefeuille, Ad\u00e9la\u00efde est un contributeur cl\u00e9 \u00e0 la strat\u00e9gie d\u2019investissement durable de la pension pour [&hellip;]<\/p>\n","protected":false},"author":7472,"featured_media":0,"parent":0,"menu_order":32,"comment_status":"closed","ping_status":"closed","template":"","meta":{"footnotes":""},"acf":[],"yoast_head":"<!-- This site is optimized with the Yoast SEO plugin v21.0 - https:\/\/yoast.com\/wordpress\/plugins\/seo\/ -->\n<title>Adelaide Chiu - Responsible Investment Association<\/title>\n<meta name=\"robots\" content=\"index, follow, max-snippet:-1, max-image-preview:large, max-video-preview:-1\" \/>\n<link rel=\"canonical\" href=\"https:\/\/www.riacanada.ca\/fr\/adelaide-chiu\/\" \/>\n<meta property=\"og:locale\" content=\"fr_FR\" \/>\n<meta property=\"og:type\" content=\"article\" \/>\n<meta property=\"og:title\" content=\"Adelaide Chiu - Responsible Investment Association\" \/>\n<meta property=\"og:description\" content=\"Gestionnaire de portefeuille, OMERS Adelaide Chiu est gestionnaire de portefeuille d\u2019actions mondiales au sein de l\u2019\u00e9quipe March\u00e9s des capitaux d\u2019OMERS, un des plus grands r\u00e9gimes de retraite \u00e0 prestations d\u00e9termin\u00e9es du Canada. En plus de son r\u00f4le de gestionnaire de portefeuille, Ad\u00e9la\u00efde est un contributeur cl\u00e9 \u00e0 la strat\u00e9gie d\u2019investissement durable de la pension pour [&hellip;]\" \/>\n<meta property=\"og:url\" content=\"https:\/\/www.riacanada.ca\/fr\/adelaide-chiu\/\" \/>\n<meta property=\"og:site_name\" content=\"Responsible Investment Association\" \/>\n<meta property=\"article:modified_time\" content=\"2020-03-20T21:23:02+00:00\" \/>\n<meta property=\"og:image\" content=\"https:\/\/www.riacanada.ca\/content\/uploads\/2020\/03\/Adelaide-Chiu.png\" \/>\n<meta name=\"twitter:card\" content=\"summary_large_image\" \/>\n<meta name=\"twitter:label1\" content=\"Dur\u00e9e de lecture estim\u00e9e\" \/>\n\t<meta name=\"twitter:data1\" content=\"1 minute\" \/>\n<script type=\"application\/ld+json\" class=\"yoast-schema-graph\">{\"@context\":\"https:\/\/schema.org\",\"@graph\":[{\"@type\":\"WebPage\",\"@id\":\"https:\/\/www.riacanada.ca\/fr\/adelaide-chiu\/\",\"url\":\"https:\/\/www.riacanada.ca\/fr\/adelaide-chiu\/\",\"name\":\"Adelaide Chiu - Responsible Investment Association\",\"isPartOf\":{\"@id\":\"https:\/\/www.riacanada.ca\/fr\/#website\"},\"datePublished\":\"2020-03-13T15:57:40+00:00\",\"dateModified\":\"2020-03-20T21:23:02+00:00\",\"breadcrumb\":{\"@id\":\"https:\/\/www.riacanada.ca\/fr\/adelaide-chiu\/#breadcrumb\"},\"inLanguage\":\"fr-FR\",\"potentialAction\":[{\"@type\":\"ReadAction\",\"target\":[\"https:\/\/www.riacanada.ca\/fr\/adelaide-chiu\/\"]}]},{\"@type\":\"BreadcrumbList\",\"@id\":\"https:\/\/www.riacanada.ca\/fr\/adelaide-chiu\/#breadcrumb\",\"itemListElement\":[{\"@type\":\"ListItem\",\"position\":1,\"name\":\"Home\",\"item\":\"https:\/\/www.riacanada.ca\/fr\/\"},{\"@type\":\"ListItem\",\"position\":2,\"name\":\"Adelaide Chiu\"}]},{\"@type\":\"WebSite\",\"@id\":\"https:\/\/www.riacanada.ca\/fr\/#website\",\"url\":\"https:\/\/www.riacanada.ca\/fr\/\",\"name\":\"Responsible Investment Association\",\"description\":\"Canada&#039;s membership network for responsible investment\",\"potentialAction\":[{\"@type\":\"SearchAction\",\"target\":{\"@type\":\"EntryPoint\",\"urlTemplate\":\"https:\/\/www.riacanada.ca\/fr\/?s={search_term_string}\"},\"query-input\":\"required name=search_term_string\"}],\"inLanguage\":\"fr-FR\"}]}<\/script>\n<!-- \/ Yoast SEO plugin. -->","yoast_head_json":{"title":"Adelaide Chiu - Responsible Investment Association","robots":{"index":"index","follow":"follow","max-snippet":"max-snippet:-1","max-image-preview":"max-image-preview:large","max-video-preview":"max-video-preview:-1"},"canonical":"https:\/\/www.riacanada.ca\/fr\/adelaide-chiu\/","og_locale":"fr_FR","og_type":"article","og_title":"Adelaide Chiu - Responsible Investment Association","og_description":"Gestionnaire de portefeuille, OMERS Adelaide Chiu est gestionnaire de portefeuille d\u2019actions mondiales au sein de l\u2019\u00e9quipe March\u00e9s des capitaux d\u2019OMERS, un des plus grands r\u00e9gimes de retraite \u00e0 prestations d\u00e9termin\u00e9es du Canada. En plus de son r\u00f4le de gestionnaire de portefeuille, Ad\u00e9la\u00efde est un contributeur cl\u00e9 \u00e0 la strat\u00e9gie d\u2019investissement durable de la pension pour [&hellip;]","og_url":"https:\/\/www.riacanada.ca\/fr\/adelaide-chiu\/","og_site_name":"Responsible Investment Association","article_modified_time":"2020-03-20T21:23:02+00:00","og_image":[{"url":"https:\/\/www.riacanada.ca\/content\/uploads\/2020\/03\/Adelaide-Chiu.png"}],"twitter_card":"summary_large_image","twitter_misc":{"Dur\u00e9e de lecture estim\u00e9e":"1 minute"},"schema":{"@context":"https:\/\/schema.org","@graph":[{"@type":"WebPage","@id":"https:\/\/www.riacanada.ca\/fr\/adelaide-chiu\/","url":"https:\/\/www.riacanada.ca\/fr\/adelaide-chiu\/","name":"Adelaide Chiu - Responsible Investment Association","isPartOf":{"@id":"https:\/\/www.riacanada.ca\/fr\/#website"},"datePublished":"2020-03-13T15:57:40+00:00","dateModified":"2020-03-20T21:23:02+00:00","breadcrumb":{"@id":"https:\/\/www.riacanada.ca\/fr\/adelaide-chiu\/#breadcrumb"},"inLanguage":"fr-FR","potentialAction":[{"@type":"ReadAction","target":["https:\/\/www.riacanada.ca\/fr\/adelaide-chiu\/"]}]},{"@type":"BreadcrumbList","@id":"https:\/\/www.riacanada.ca\/fr\/adelaide-chiu\/#breadcrumb","itemListElement":[{"@type":"ListItem","position":1,"name":"Home","item":"https:\/\/www.riacanada.ca\/fr\/"},{"@type":"ListItem","position":2,"name":"Adelaide Chiu"}]},{"@type":"WebSite","@id":"https:\/\/www.riacanada.ca\/fr\/#website","url":"https:\/\/www.riacanada.ca\/fr\/","name":"Responsible Investment Association","description":"Canada&#039;s membership network for responsible investment","potentialAction":[{"@type":"SearchAction","target":{"@type":"EntryPoint","urlTemplate":"https:\/\/www.riacanada.ca\/fr\/?s={search_term_string}"},"query-input":"required name=search_term_string"}],"inLanguage":"fr-FR"}]}},"_links":{"self":[{"href":"https:\/\/www.riacanada.ca\/fr\/wp-json\/wp\/v2\/pages\/41221"}],"collection":[{"href":"https:\/\/www.riacanada.ca\/fr\/wp-json\/wp\/v2\/pages"}],"about":[{"href":"https:\/\/www.riacanada.ca\/fr\/wp-json\/wp\/v2\/types\/page"}],"author":[{"embeddable":true,"href":"https:\/\/www.riacanada.ca\/fr\/wp-json\/wp\/v2\/users\/7472"}],"replies":[{"embeddable":true,"href":"https:\/\/www.riacanada.ca\/fr\/wp-json\/wp\/v2\/comments?post=41221"}],"version-history":[{"count":3,"href":"https:\/\/www.riacanada.ca\/fr\/wp-json\/wp\/v2\/pages\/41221\/revisions"}],"predecessor-version":[{"id":41230,"href":"https:\/\/www.riacanada.ca\/fr\/wp-json\/wp\/v2\/pages\/41221\/revisions\/41230"}],"wp:attachment":[{"href":"https:\/\/www.riacanada.ca\/fr\/wp-json\/wp\/v2\/media?parent=41221"}],"curies":[{"name":"wp","href":"https:\/\/api.w.org\/{rel}","templated":true}]}}