{"id":41224,"date":"2019-01-23T22:15:45","date_gmt":"2019-01-24T03:15:45","guid":{"rendered":"https:\/\/www.riacanada.ca\/alexa-blain\/"},"modified":"2020-03-20T17:21:52","modified_gmt":"2020-03-20T21:21:52","slug":"alexa-blain","status":"publish","type":"page","link":"https:\/\/www.riacanada.ca\/fr\/alexa-blain\/","title":{"rendered":"Alexa Blain"},"content":{"rendered":"<p><strong><img decoding=\"async\" loading=\"lazy\" class=\"alignnone wp-image-41009\" src=\"https:\/\/www.riacanada.ca\/content\/uploads\/2020\/03\/Alexa-Blain.jpg\" alt=\"\" width=\"275\" height=\"275\" srcset=\"https:\/\/www.riacanada.ca\/content\/uploads\/2020\/03\/Alexa-Blain.jpg 500w, https:\/\/www.riacanada.ca\/content\/uploads\/2020\/03\/Alexa-Blain-150x150.jpg 150w\" sizes=\"(max-width: 275px) 100vw, 275px\" \/><\/strong><br \/>\n<strong>Associ\u00e9 directeur,<\/strong><br \/>\nDeetken Impact<\/p>\n<p style=\"text-align: left;\">Alexa est cofondatrice et associ\u00e9e directrice de Deetken Impact, qui g\u00e8re et distribue des produits d\u2019investissement d\u2019impact aux investisseurs canadiens et mondiaux. Avant de se joindre \u00e0 Deetken, Alexa \u00e9tait ex\u00e9cutive chez African Alliance, un groupe panafricain de services financiers, associ\u00e9 \u00e0 l\u2019Office d\u2019investissement du R\u00e9gime de pensions du Canada et au Groupe Macquarie \u00e0 Toronto.<\/p>\n<p style=\"text-align: left;\">R\u00e9cemment reconnue comme l\u2019une des \u2018\u2019Vancouver\u2019s Top Forty Under 40\u2019\u2019 par le magazine Business in Vancouver, Alexa est titulaire du CFA, \u00c9valuateur d\u2019entreprises agr\u00e9\u00e9 et d\u00e9tient une ma\u00eetrise en \u00e9conomie financi\u00e8re de l\u2019Universit\u00e9 de Toronto.<\/p>\n<p style=\"text-align: left;\">Alexa est \u00e9galement directrice de la Central City Foundation, une fondation de 36 millions de dollars qui finance et soutient des programmes, des projets d\u2019immobilisations et des biens immobiliers \u00e0 vocation sociale pour les voisins dans le besoin du centre-ville de Vancouver.<\/p>\n","protected":false},"excerpt":{"rendered":"<p>Associ\u00e9 directeur, Deetken Impact Alexa est cofondatrice et associ\u00e9e directrice de Deetken Impact, qui g\u00e8re et distribue des produits d\u2019investissement d\u2019impact aux investisseurs canadiens et mondiaux. Avant de se joindre \u00e0 Deetken, Alexa \u00e9tait ex\u00e9cutive chez African Alliance, un groupe panafricain de services financiers, associ\u00e9 \u00e0 l\u2019Office d\u2019investissement du R\u00e9gime de pensions du Canada et [&hellip;]<\/p>\n","protected":false},"author":7472,"featured_media":0,"parent":0,"menu_order":67,"comment_status":"closed","ping_status":"closed","template":"","meta":{"footnotes":""},"acf":[],"yoast_head":"<!-- This site is optimized with the Yoast SEO plugin v21.0 - https:\/\/yoast.com\/wordpress\/plugins\/seo\/ -->\n<title>Alexa Blain - Responsible Investment Association<\/title>\n<meta name=\"robots\" content=\"index, follow, max-snippet:-1, max-image-preview:large, max-video-preview:-1\" \/>\n<link rel=\"canonical\" href=\"https:\/\/www.riacanada.ca\/fr\/alexa-blain\/\" \/>\n<meta property=\"og:locale\" content=\"fr_FR\" \/>\n<meta property=\"og:type\" content=\"article\" \/>\n<meta property=\"og:title\" content=\"Alexa Blain - Responsible Investment Association\" \/>\n<meta property=\"og:description\" content=\"Associ\u00e9 directeur, Deetken Impact Alexa est cofondatrice et associ\u00e9e directrice de Deetken Impact, qui g\u00e8re et distribue des produits d\u2019investissement d\u2019impact aux investisseurs canadiens et mondiaux. Avant de se joindre \u00e0 Deetken, Alexa \u00e9tait ex\u00e9cutive chez African Alliance, un groupe panafricain de services financiers, associ\u00e9 \u00e0 l\u2019Office d\u2019investissement du R\u00e9gime de pensions du Canada et [&hellip;]\" \/>\n<meta property=\"og:url\" content=\"https:\/\/www.riacanada.ca\/fr\/alexa-blain\/\" \/>\n<meta property=\"og:site_name\" content=\"Responsible Investment Association\" \/>\n<meta property=\"article:modified_time\" content=\"2020-03-20T21:21:52+00:00\" \/>\n<meta property=\"og:image\" content=\"https:\/\/www.riacanada.ca\/content\/uploads\/2020\/03\/Alexa-Blain.jpg\" \/>\n<meta name=\"twitter:card\" content=\"summary_large_image\" \/>\n<meta name=\"twitter:label1\" content=\"Dur\u00e9e de lecture estim\u00e9e\" \/>\n\t<meta name=\"twitter:data1\" content=\"1 minute\" \/>\n<script type=\"application\/ld+json\" class=\"yoast-schema-graph\">{\"@context\":\"https:\/\/schema.org\",\"@graph\":[{\"@type\":\"WebPage\",\"@id\":\"https:\/\/www.riacanada.ca\/fr\/alexa-blain\/\",\"url\":\"https:\/\/www.riacanada.ca\/fr\/alexa-blain\/\",\"name\":\"Alexa Blain - Responsible Investment Association\",\"isPartOf\":{\"@id\":\"https:\/\/www.riacanada.ca\/fr\/#website\"},\"datePublished\":\"2019-01-24T03:15:45+00:00\",\"dateModified\":\"2020-03-20T21:21:52+00:00\",\"breadcrumb\":{\"@id\":\"https:\/\/www.riacanada.ca\/fr\/alexa-blain\/#breadcrumb\"},\"inLanguage\":\"fr-FR\",\"potentialAction\":[{\"@type\":\"ReadAction\",\"target\":[\"https:\/\/www.riacanada.ca\/fr\/alexa-blain\/\"]}]},{\"@type\":\"BreadcrumbList\",\"@id\":\"https:\/\/www.riacanada.ca\/fr\/alexa-blain\/#breadcrumb\",\"itemListElement\":[{\"@type\":\"ListItem\",\"position\":1,\"name\":\"Home\",\"item\":\"https:\/\/www.riacanada.ca\/fr\/\"},{\"@type\":\"ListItem\",\"position\":2,\"name\":\"Alexa Blain\"}]},{\"@type\":\"WebSite\",\"@id\":\"https:\/\/www.riacanada.ca\/fr\/#website\",\"url\":\"https:\/\/www.riacanada.ca\/fr\/\",\"name\":\"Responsible Investment Association\",\"description\":\"Canada&#039;s membership network for responsible investment\",\"potentialAction\":[{\"@type\":\"SearchAction\",\"target\":{\"@type\":\"EntryPoint\",\"urlTemplate\":\"https:\/\/www.riacanada.ca\/fr\/?s={search_term_string}\"},\"query-input\":\"required name=search_term_string\"}],\"inLanguage\":\"fr-FR\"}]}<\/script>\n<!-- \/ Yoast SEO plugin. -->","yoast_head_json":{"title":"Alexa Blain - Responsible Investment Association","robots":{"index":"index","follow":"follow","max-snippet":"max-snippet:-1","max-image-preview":"max-image-preview:large","max-video-preview":"max-video-preview:-1"},"canonical":"https:\/\/www.riacanada.ca\/fr\/alexa-blain\/","og_locale":"fr_FR","og_type":"article","og_title":"Alexa Blain - Responsible Investment Association","og_description":"Associ\u00e9 directeur, Deetken Impact Alexa est cofondatrice et associ\u00e9e directrice de Deetken Impact, qui g\u00e8re et distribue des produits d\u2019investissement d\u2019impact aux investisseurs canadiens et mondiaux. Avant de se joindre \u00e0 Deetken, Alexa \u00e9tait ex\u00e9cutive chez African Alliance, un groupe panafricain de services financiers, associ\u00e9 \u00e0 l\u2019Office d\u2019investissement du R\u00e9gime de pensions du Canada et [&hellip;]","og_url":"https:\/\/www.riacanada.ca\/fr\/alexa-blain\/","og_site_name":"Responsible Investment Association","article_modified_time":"2020-03-20T21:21:52+00:00","og_image":[{"url":"https:\/\/www.riacanada.ca\/content\/uploads\/2020\/03\/Alexa-Blain.jpg"}],"twitter_card":"summary_large_image","twitter_misc":{"Dur\u00e9e de lecture estim\u00e9e":"1 minute"},"schema":{"@context":"https:\/\/schema.org","@graph":[{"@type":"WebPage","@id":"https:\/\/www.riacanada.ca\/fr\/alexa-blain\/","url":"https:\/\/www.riacanada.ca\/fr\/alexa-blain\/","name":"Alexa Blain - Responsible Investment Association","isPartOf":{"@id":"https:\/\/www.riacanada.ca\/fr\/#website"},"datePublished":"2019-01-24T03:15:45+00:00","dateModified":"2020-03-20T21:21:52+00:00","breadcrumb":{"@id":"https:\/\/www.riacanada.ca\/fr\/alexa-blain\/#breadcrumb"},"inLanguage":"fr-FR","potentialAction":[{"@type":"ReadAction","target":["https:\/\/www.riacanada.ca\/fr\/alexa-blain\/"]}]},{"@type":"BreadcrumbList","@id":"https:\/\/www.riacanada.ca\/fr\/alexa-blain\/#breadcrumb","itemListElement":[{"@type":"ListItem","position":1,"name":"Home","item":"https:\/\/www.riacanada.ca\/fr\/"},{"@type":"ListItem","position":2,"name":"Alexa Blain"}]},{"@type":"WebSite","@id":"https:\/\/www.riacanada.ca\/fr\/#website","url":"https:\/\/www.riacanada.ca\/fr\/","name":"Responsible Investment Association","description":"Canada&#039;s membership network for responsible investment","potentialAction":[{"@type":"SearchAction","target":{"@type":"EntryPoint","urlTemplate":"https:\/\/www.riacanada.ca\/fr\/?s={search_term_string}"},"query-input":"required name=search_term_string"}],"inLanguage":"fr-FR"}]}},"_links":{"self":[{"href":"https:\/\/www.riacanada.ca\/fr\/wp-json\/wp\/v2\/pages\/41224"}],"collection":[{"href":"https:\/\/www.riacanada.ca\/fr\/wp-json\/wp\/v2\/pages"}],"about":[{"href":"https:\/\/www.riacanada.ca\/fr\/wp-json\/wp\/v2\/types\/page"}],"author":[{"embeddable":true,"href":"https:\/\/www.riacanada.ca\/fr\/wp-json\/wp\/v2\/users\/7472"}],"replies":[{"embeddable":true,"href":"https:\/\/www.riacanada.ca\/fr\/wp-json\/wp\/v2\/comments?post=41224"}],"version-history":[{"count":3,"href":"https:\/\/www.riacanada.ca\/fr\/wp-json\/wp\/v2\/pages\/41224\/revisions"}],"predecessor-version":[{"id":41228,"href":"https:\/\/www.riacanada.ca\/fr\/wp-json\/wp\/v2\/pages\/41224\/revisions\/41228"}],"wp:attachment":[{"href":"https:\/\/www.riacanada.ca\/fr\/wp-json\/wp\/v2\/media?parent=41224"}],"curies":[{"name":"wp","href":"https:\/\/api.w.org\/{rel}","templated":true}]}}