{"id":52096,"date":"2021-02-22T12:19:20","date_gmt":"2021-02-22T17:19:20","guid":{"rendered":"https:\/\/www.riacanada.ca\/?page_id=52096"},"modified":"2021-02-22T15:35:31","modified_gmt":"2021-02-22T20:35:31","slug":"juges-des-prix-de-leadership-de-lair-2021","status":"publish","type":"page","link":"https:\/\/www.riacanada.ca\/fr\/prix\/juges-des-prix-de-leadership-de-lair-2021\/","title":{"rendered":"Juges des Prix de leadership de l\u2019AIR 2021"},"content":{"rendered":"<p>Le panel des juges 2020 \u00e9tait compos\u00e9 de 12 b\u00e9n\u00e9voles ayant une expertise en investissement responsable au Canada. La composition du Panel a pris en compte des facteurs tels que la g\u00e9ographie, le sexe et la diversit\u00e9 raciale, conform\u00e9ment \u00e0 la politique de diversit\u00e9 du Conseil de l&rsquo;AIR, et une repr\u00e9sentation \u00e9quilibr\u00e9e des secteurs suivants:<\/p>\n<ul>\n<li>Universitaires<\/li>\n<li>Conseillers<\/li>\n<li>Gestionnaires d\u2019actifs<\/li>\n<li>D\u00e9tenteurs d\u2019actifs<\/li>\n<li>Entreprise\/Consultant\/Fournisseur de service<\/li>\n<li>Institutions financi\u00e8res (banques et coop\u00e9ratives de cr\u00e9dit)<\/li>\n<li>M\u00e9dias<\/li>\n<li>Organisations d\u2019IR<\/li>\n<\/ul>\n<p><a href=\"https:\/\/www.riacanada.ca\/fr\/prix\/\">En savoir plus sur les des Prix de leadership de l\u2019AIR de cette ann\u00e9e<\/a><\/p>\n","protected":false},"excerpt":{"rendered":"<p>Le panel des juges 2020 \u00e9tait compos\u00e9 de 12 b\u00e9n\u00e9voles ayant une expertise en investissement responsable au Canada. La composition du Panel a pris en compte des facteurs tels que la g\u00e9ographie, le sexe et la diversit\u00e9 raciale, conform\u00e9ment \u00e0 la politique de diversit\u00e9 du Conseil de l&rsquo;AIR, et une repr\u00e9sentation \u00e9quilibr\u00e9e des secteurs suivants: [&hellip;]<\/p>\n","protected":false},"author":7472,"featured_media":0,"parent":40315,"menu_order":0,"comment_status":"closed","ping_status":"closed","template":"templates\/list-custom.php","meta":{"footnotes":""},"acf":[],"yoast_head":"<!-- This site is optimized with the Yoast SEO plugin v21.0 - https:\/\/yoast.com\/wordpress\/plugins\/seo\/ -->\n<title>Juges des Prix de leadership de l\u2019AIR 2021 - Responsible Investment Association<\/title>\n<meta name=\"robots\" content=\"index, follow, max-snippet:-1, max-image-preview:large, max-video-preview:-1\" \/>\n<link rel=\"canonical\" href=\"https:\/\/www.riacanada.ca\/fr\/prix\/juges-des-prix-de-leadership-de-lair-2021\/\" \/>\n<meta property=\"og:locale\" content=\"fr_FR\" \/>\n<meta property=\"og:type\" content=\"article\" \/>\n<meta property=\"og:title\" content=\"Juges des Prix de leadership de l\u2019AIR 2021 - Responsible Investment Association\" \/>\n<meta property=\"og:description\" content=\"Le panel des juges 2020 \u00e9tait compos\u00e9 de 12 b\u00e9n\u00e9voles ayant une expertise en investissement responsable au Canada. La composition du Panel a pris en compte des facteurs tels que la g\u00e9ographie, le sexe et la diversit\u00e9 raciale, conform\u00e9ment \u00e0 la politique de diversit\u00e9 du Conseil de l&rsquo;AIR, et une repr\u00e9sentation \u00e9quilibr\u00e9e des secteurs suivants: [&hellip;]\" \/>\n<meta property=\"og:url\" content=\"https:\/\/www.riacanada.ca\/fr\/prix\/juges-des-prix-de-leadership-de-lair-2021\/\" \/>\n<meta property=\"og:site_name\" content=\"Responsible Investment Association\" \/>\n<meta property=\"article:modified_time\" content=\"2021-02-22T20:35:31+00:00\" \/>\n<meta name=\"twitter:card\" content=\"summary_large_image\" \/>\n<meta name=\"twitter:label1\" content=\"Est. reading time\" \/>\n\t<meta name=\"twitter:data1\" content=\"1 minute\" \/>\n<script type=\"application\/ld+json\" class=\"yoast-schema-graph\">{\"@context\":\"https:\/\/schema.org\",\"@graph\":[{\"@type\":\"WebPage\",\"@id\":\"https:\/\/www.riacanada.ca\/fr\/prix\/juges-des-prix-de-leadership-de-lair-2021\/\",\"url\":\"https:\/\/www.riacanada.ca\/fr\/prix\/juges-des-prix-de-leadership-de-lair-2021\/\",\"name\":\"Juges des Prix de leadership de l\u2019AIR 2021 - Responsible Investment Association\",\"isPartOf\":{\"@id\":\"https:\/\/www.riacanada.ca\/fr\/#website\"},\"datePublished\":\"2021-02-22T17:19:20+00:00\",\"dateModified\":\"2021-02-22T20:35:31+00:00\",\"breadcrumb\":{\"@id\":\"https:\/\/www.riacanada.ca\/fr\/prix\/juges-des-prix-de-leadership-de-lair-2021\/#breadcrumb\"},\"inLanguage\":\"fr-CA\",\"potentialAction\":[{\"@type\":\"ReadAction\",\"target\":[\"https:\/\/www.riacanada.ca\/fr\/prix\/juges-des-prix-de-leadership-de-lair-2021\/\"]}]},{\"@type\":\"BreadcrumbList\",\"@id\":\"https:\/\/www.riacanada.ca\/fr\/prix\/juges-des-prix-de-leadership-de-lair-2021\/#breadcrumb\",\"itemListElement\":[{\"@type\":\"ListItem\",\"position\":1,\"name\":\"Home\",\"item\":\"https:\/\/www.riacanada.ca\/fr\/\"},{\"@type\":\"ListItem\",\"position\":2,\"name\":\"Prix\",\"item\":\"https:\/\/www.riacanada.ca\/fr\/prix\/\"},{\"@type\":\"ListItem\",\"position\":3,\"name\":\"Juges des Prix de leadership de l\u2019AIR 2021\"}]},{\"@type\":\"WebSite\",\"@id\":\"https:\/\/www.riacanada.ca\/fr\/#website\",\"url\":\"https:\/\/www.riacanada.ca\/fr\/\",\"name\":\"Responsible Investment Association\",\"description\":\"Canada&#039;s membership network for responsible investment\",\"potentialAction\":[{\"@type\":\"SearchAction\",\"target\":{\"@type\":\"EntryPoint\",\"urlTemplate\":\"https:\/\/www.riacanada.ca\/fr\/?s={search_term_string}\"},\"query-input\":\"required name=search_term_string\"}],\"inLanguage\":\"fr-CA\"}]}<\/script>\n<!-- \/ Yoast SEO plugin. -->","yoast_head_json":{"title":"Juges des Prix de leadership de l\u2019AIR 2021 - Responsible Investment Association","robots":{"index":"index","follow":"follow","max-snippet":"max-snippet:-1","max-image-preview":"max-image-preview:large","max-video-preview":"max-video-preview:-1"},"canonical":"https:\/\/www.riacanada.ca\/fr\/prix\/juges-des-prix-de-leadership-de-lair-2021\/","og_locale":"fr_FR","og_type":"article","og_title":"Juges des Prix de leadership de l\u2019AIR 2021 - Responsible Investment Association","og_description":"Le panel des juges 2020 \u00e9tait compos\u00e9 de 12 b\u00e9n\u00e9voles ayant une expertise en investissement responsable au Canada. La composition du Panel a pris en compte des facteurs tels que la g\u00e9ographie, le sexe et la diversit\u00e9 raciale, conform\u00e9ment \u00e0 la politique de diversit\u00e9 du Conseil de l&rsquo;AIR, et une repr\u00e9sentation \u00e9quilibr\u00e9e des secteurs suivants: [&hellip;]","og_url":"https:\/\/www.riacanada.ca\/fr\/prix\/juges-des-prix-de-leadership-de-lair-2021\/","og_site_name":"Responsible Investment Association","article_modified_time":"2021-02-22T20:35:31+00:00","twitter_card":"summary_large_image","twitter_misc":{"Est. reading time":"1 minute"},"schema":{"@context":"https:\/\/schema.org","@graph":[{"@type":"WebPage","@id":"https:\/\/www.riacanada.ca\/fr\/prix\/juges-des-prix-de-leadership-de-lair-2021\/","url":"https:\/\/www.riacanada.ca\/fr\/prix\/juges-des-prix-de-leadership-de-lair-2021\/","name":"Juges des Prix de leadership de l\u2019AIR 2021 - Responsible Investment Association","isPartOf":{"@id":"https:\/\/www.riacanada.ca\/fr\/#website"},"datePublished":"2021-02-22T17:19:20+00:00","dateModified":"2021-02-22T20:35:31+00:00","breadcrumb":{"@id":"https:\/\/www.riacanada.ca\/fr\/prix\/juges-des-prix-de-leadership-de-lair-2021\/#breadcrumb"},"inLanguage":"fr-CA","potentialAction":[{"@type":"ReadAction","target":["https:\/\/www.riacanada.ca\/fr\/prix\/juges-des-prix-de-leadership-de-lair-2021\/"]}]},{"@type":"BreadcrumbList","@id":"https:\/\/www.riacanada.ca\/fr\/prix\/juges-des-prix-de-leadership-de-lair-2021\/#breadcrumb","itemListElement":[{"@type":"ListItem","position":1,"name":"Home","item":"https:\/\/www.riacanada.ca\/fr\/"},{"@type":"ListItem","position":2,"name":"Prix","item":"https:\/\/www.riacanada.ca\/fr\/prix\/"},{"@type":"ListItem","position":3,"name":"Juges des Prix de leadership de l\u2019AIR 2021"}]},{"@type":"WebSite","@id":"https:\/\/www.riacanada.ca\/fr\/#website","url":"https:\/\/www.riacanada.ca\/fr\/","name":"Responsible Investment Association","description":"Canada&#039;s membership network for responsible investment","potentialAction":[{"@type":"SearchAction","target":{"@type":"EntryPoint","urlTemplate":"https:\/\/www.riacanada.ca\/fr\/?s={search_term_string}"},"query-input":"required name=search_term_string"}],"inLanguage":"fr-CA"}]}},"_links":{"self":[{"href":"https:\/\/www.riacanada.ca\/fr\/wp-json\/wp\/v2\/pages\/52096"}],"collection":[{"href":"https:\/\/www.riacanada.ca\/fr\/wp-json\/wp\/v2\/pages"}],"about":[{"href":"https:\/\/www.riacanada.ca\/fr\/wp-json\/wp\/v2\/types\/page"}],"author":[{"embeddable":true,"href":"https:\/\/www.riacanada.ca\/fr\/wp-json\/wp\/v2\/users\/7472"}],"replies":[{"embeddable":true,"href":"https:\/\/www.riacanada.ca\/fr\/wp-json\/wp\/v2\/comments?post=52096"}],"version-history":[{"count":1,"href":"https:\/\/www.riacanada.ca\/fr\/wp-json\/wp\/v2\/pages\/52096\/revisions"}],"predecessor-version":[{"id":52097,"href":"https:\/\/www.riacanada.ca\/fr\/wp-json\/wp\/v2\/pages\/52096\/revisions\/52097"}],"up":[{"embeddable":true,"href":"https:\/\/www.riacanada.ca\/fr\/wp-json\/wp\/v2\/pages\/40315"}],"wp:attachment":[{"href":"https:\/\/www.riacanada.ca\/fr\/wp-json\/wp\/v2\/media?parent=52096"}],"curies":[{"name":"wp","href":"https:\/\/api.w.org\/{rel}","templated":true}]}}