{"id":52869,"date":"2019-06-10T11:48:23","date_gmt":"2019-06-10T15:48:23","guid":{"rendered":"https:\/\/www.riacanada.ca\/?page_id=52869"},"modified":"2022-03-03T10:38:15","modified_gmt":"2022-03-03T15:38:15","slug":"patti-dolan","status":"publish","type":"page","link":"https:\/\/www.riacanada.ca\/fr\/patti-dolan\/","title":{"rendered":"Patti Dolan"},"content":{"rendered":"<p style=\"text-align: center;\"><b><img decoding=\"async\" loading=\"lazy\" class=\"wp-image-52826 aligncenter\" src=\"https:\/\/www.riacanada.ca\/content\/uploads\/2021\/03\/Patti-Dolan.png\" alt=\"\" width=\"239\" height=\"239\" srcset=\"https:\/\/www.riacanada.ca\/content\/uploads\/2021\/03\/Patti-Dolan.png 350w, https:\/\/www.riacanada.ca\/content\/uploads\/2021\/03\/Patti-Dolan-150x150.png 150w\" sizes=\"(max-width: 239px) 100vw, 239px\" \/><br \/>\nConseill\u00e8re principale en patrimoine, gestionnaire de portefeuille, \u00c9quipe de gestion des investissements Wagner<br \/>\n<\/b>Gestion priv\u00e9e Wellington-Altus inc.<b><br \/>\n<\/b><\/p>\n<p style=\"text-align: left;\">Patti Dolan est Conseill\u00e8re principale en patrimoine, gestionnaire de portefeuille chez Wellington-Altus Private Wealth, bas\u00e9e \u00e0 Calgary. Patti travaille dans le secteur de l&rsquo;investissement depuis plus de 30 ans et pratique l&rsquo;investissement responsable (IR) depuis 1995. Patti travaille avec des particuliers, des familles, des organisations \u00e0 but non lucratif et des fondations pour aligner leurs investissements sur leurs valeurs.<\/p>\n<p style=\"text-align: left;\">Elle a si\u00e9g\u00e9 au Conseil d\u2019administration de l\u2019Association pour l\u2019investissement responsable (2010-2019). Elle est pr\u00e9sidente de Vibrant Communities Calgary, une organisation \u00e0 but non lucratif qui pr\u00e9conise des strat\u00e9gies \u00e0 long terme qui s\u2019attaquent aux causes profondes de la pauvret\u00e9 \u00e0 Calgary, membre du Women\u2019s Executive Network et de Be Local YYC, une organisation commerciale durable. Elle est membre du conseil du Corporate Responsibility and Sustainability Council, le Conference Board du Canada.<\/p>\n<p style=\"text-align: left;\">Patti est membre de l\u2019Institut canadien des valeurs mobili\u00e8res, gestionnaire de patrimoine international certifi\u00e9e, gestionnaire de placements \u00e0 charte, conseill\u00e8re certifi\u00e9e en investissement responsable et planificatrice financi\u00e8re certifi\u00e9e. Elle d\u00e9tient \u00e9galement une licence am\u00e9ricaine s\u00e9ries 7 et 63.<\/p>\n<p style=\"text-align: left;\">Patti a enseign\u00e9 un cours de finance sociale \u00e0 l&rsquo;Universit\u00e9 Ambrose et donne fr\u00e9quemment des conf\u00e9rences \u00e0 l&rsquo;Universit\u00e9 de Calgary. Elle est souvent conf\u00e9renci\u00e8re invit\u00e9e au programme de MBA de l&rsquo;Universit\u00e9 de Calgary.<\/p>\n","protected":false},"excerpt":{"rendered":"<p>Conseill\u00e8re principale en patrimoine, gestionnaire de portefeuille, \u00c9quipe de gestion des investissements Wagner Gestion priv\u00e9e Wellington-Altus inc. Patti Dolan est Conseill\u00e8re principale en patrimoine, gestionnaire de portefeuille chez Wellington-Altus Private Wealth, bas\u00e9e \u00e0 Calgary. Patti travaille dans le secteur de l&rsquo;investissement depuis plus de 30 ans et pratique l&rsquo;investissement responsable (IR) depuis 1995. Patti travaille [&hellip;]<\/p>\n","protected":false},"author":7472,"featured_media":0,"parent":0,"menu_order":58,"comment_status":"closed","ping_status":"closed","template":"","meta":{"footnotes":""},"acf":[],"yoast_head":"<!-- This site is optimized with the Yoast SEO plugin v21.0 - https:\/\/yoast.com\/wordpress\/plugins\/seo\/ -->\n<title>Patti Dolan - Responsible Investment Association<\/title>\n<meta name=\"robots\" content=\"index, follow, max-snippet:-1, max-image-preview:large, max-video-preview:-1\" \/>\n<link rel=\"canonical\" href=\"https:\/\/www.riacanada.ca\/fr\/patti-dolan\/\" \/>\n<meta property=\"og:locale\" content=\"fr_FR\" \/>\n<meta property=\"og:type\" content=\"article\" \/>\n<meta property=\"og:title\" content=\"Patti Dolan - Responsible Investment Association\" \/>\n<meta property=\"og:description\" content=\"Conseill\u00e8re principale en patrimoine, gestionnaire de portefeuille, \u00c9quipe de gestion des investissements Wagner Gestion priv\u00e9e Wellington-Altus inc. Patti Dolan est Conseill\u00e8re principale en patrimoine, gestionnaire de portefeuille chez Wellington-Altus Private Wealth, bas\u00e9e \u00e0 Calgary. Patti travaille dans le secteur de l&rsquo;investissement depuis plus de 30 ans et pratique l&rsquo;investissement responsable (IR) depuis 1995. Patti travaille [&hellip;]\" \/>\n<meta property=\"og:url\" content=\"https:\/\/www.riacanada.ca\/fr\/patti-dolan\/\" \/>\n<meta property=\"og:site_name\" content=\"Responsible Investment Association\" \/>\n<meta property=\"article:modified_time\" content=\"2022-03-03T15:38:15+00:00\" \/>\n<meta property=\"og:image\" content=\"https:\/\/www.riacanada.ca\/content\/uploads\/2021\/03\/Patti-Dolan.png\" \/>\n<meta name=\"twitter:card\" content=\"summary_large_image\" \/>\n<meta name=\"twitter:label1\" content=\"Est. reading time\" \/>\n\t<meta name=\"twitter:data1\" content=\"1 minute\" \/>\n<script type=\"application\/ld+json\" class=\"yoast-schema-graph\">{\"@context\":\"https:\/\/schema.org\",\"@graph\":[{\"@type\":\"WebPage\",\"@id\":\"https:\/\/www.riacanada.ca\/fr\/patti-dolan\/\",\"url\":\"https:\/\/www.riacanada.ca\/fr\/patti-dolan\/\",\"name\":\"Patti Dolan - Responsible Investment Association\",\"isPartOf\":{\"@id\":\"https:\/\/www.riacanada.ca\/fr\/#website\"},\"datePublished\":\"2019-06-10T15:48:23+00:00\",\"dateModified\":\"2022-03-03T15:38:15+00:00\",\"breadcrumb\":{\"@id\":\"https:\/\/www.riacanada.ca\/fr\/patti-dolan\/#breadcrumb\"},\"inLanguage\":\"fr-CA\",\"potentialAction\":[{\"@type\":\"ReadAction\",\"target\":[\"https:\/\/www.riacanada.ca\/fr\/patti-dolan\/\"]}]},{\"@type\":\"BreadcrumbList\",\"@id\":\"https:\/\/www.riacanada.ca\/fr\/patti-dolan\/#breadcrumb\",\"itemListElement\":[{\"@type\":\"ListItem\",\"position\":1,\"name\":\"Home\",\"item\":\"https:\/\/www.riacanada.ca\/fr\/\"},{\"@type\":\"ListItem\",\"position\":2,\"name\":\"Patti Dolan\"}]},{\"@type\":\"WebSite\",\"@id\":\"https:\/\/www.riacanada.ca\/fr\/#website\",\"url\":\"https:\/\/www.riacanada.ca\/fr\/\",\"name\":\"Responsible Investment Association\",\"description\":\"Canada&#039;s membership network for responsible investment\",\"potentialAction\":[{\"@type\":\"SearchAction\",\"target\":{\"@type\":\"EntryPoint\",\"urlTemplate\":\"https:\/\/www.riacanada.ca\/fr\/?s={search_term_string}\"},\"query-input\":\"required name=search_term_string\"}],\"inLanguage\":\"fr-CA\"}]}<\/script>\n<!-- \/ Yoast SEO plugin. -->","yoast_head_json":{"title":"Patti Dolan - Responsible Investment Association","robots":{"index":"index","follow":"follow","max-snippet":"max-snippet:-1","max-image-preview":"max-image-preview:large","max-video-preview":"max-video-preview:-1"},"canonical":"https:\/\/www.riacanada.ca\/fr\/patti-dolan\/","og_locale":"fr_FR","og_type":"article","og_title":"Patti Dolan - Responsible Investment Association","og_description":"Conseill\u00e8re principale en patrimoine, gestionnaire de portefeuille, \u00c9quipe de gestion des investissements Wagner Gestion priv\u00e9e Wellington-Altus inc. Patti Dolan est Conseill\u00e8re principale en patrimoine, gestionnaire de portefeuille chez Wellington-Altus Private Wealth, bas\u00e9e \u00e0 Calgary. Patti travaille dans le secteur de l&rsquo;investissement depuis plus de 30 ans et pratique l&rsquo;investissement responsable (IR) depuis 1995. Patti travaille [&hellip;]","og_url":"https:\/\/www.riacanada.ca\/fr\/patti-dolan\/","og_site_name":"Responsible Investment Association","article_modified_time":"2022-03-03T15:38:15+00:00","og_image":[{"url":"https:\/\/www.riacanada.ca\/content\/uploads\/2021\/03\/Patti-Dolan.png"}],"twitter_card":"summary_large_image","twitter_misc":{"Est. reading time":"1 minute"},"schema":{"@context":"https:\/\/schema.org","@graph":[{"@type":"WebPage","@id":"https:\/\/www.riacanada.ca\/fr\/patti-dolan\/","url":"https:\/\/www.riacanada.ca\/fr\/patti-dolan\/","name":"Patti Dolan - Responsible Investment Association","isPartOf":{"@id":"https:\/\/www.riacanada.ca\/fr\/#website"},"datePublished":"2019-06-10T15:48:23+00:00","dateModified":"2022-03-03T15:38:15+00:00","breadcrumb":{"@id":"https:\/\/www.riacanada.ca\/fr\/patti-dolan\/#breadcrumb"},"inLanguage":"fr-CA","potentialAction":[{"@type":"ReadAction","target":["https:\/\/www.riacanada.ca\/fr\/patti-dolan\/"]}]},{"@type":"BreadcrumbList","@id":"https:\/\/www.riacanada.ca\/fr\/patti-dolan\/#breadcrumb","itemListElement":[{"@type":"ListItem","position":1,"name":"Home","item":"https:\/\/www.riacanada.ca\/fr\/"},{"@type":"ListItem","position":2,"name":"Patti Dolan"}]},{"@type":"WebSite","@id":"https:\/\/www.riacanada.ca\/fr\/#website","url":"https:\/\/www.riacanada.ca\/fr\/","name":"Responsible Investment Association","description":"Canada&#039;s membership network for responsible investment","potentialAction":[{"@type":"SearchAction","target":{"@type":"EntryPoint","urlTemplate":"https:\/\/www.riacanada.ca\/fr\/?s={search_term_string}"},"query-input":"required name=search_term_string"}],"inLanguage":"fr-CA"}]}},"_links":{"self":[{"href":"https:\/\/www.riacanada.ca\/fr\/wp-json\/wp\/v2\/pages\/52869"}],"collection":[{"href":"https:\/\/www.riacanada.ca\/fr\/wp-json\/wp\/v2\/pages"}],"about":[{"href":"https:\/\/www.riacanada.ca\/fr\/wp-json\/wp\/v2\/types\/page"}],"author":[{"embeddable":true,"href":"https:\/\/www.riacanada.ca\/fr\/wp-json\/wp\/v2\/users\/7472"}],"replies":[{"embeddable":true,"href":"https:\/\/www.riacanada.ca\/fr\/wp-json\/wp\/v2\/comments?post=52869"}],"version-history":[{"count":2,"href":"https:\/\/www.riacanada.ca\/fr\/wp-json\/wp\/v2\/pages\/52869\/revisions"}],"predecessor-version":[{"id":61877,"href":"https:\/\/www.riacanada.ca\/fr\/wp-json\/wp\/v2\/pages\/52869\/revisions\/61877"}],"wp:attachment":[{"href":"https:\/\/www.riacanada.ca\/fr\/wp-json\/wp\/v2\/media?parent=52869"}],"curies":[{"name":"wp","href":"https:\/\/api.w.org\/{rel}","templated":true}]}}