{"id":52871,"date":"2021-03-24T15:53:50","date_gmt":"2021-03-24T19:53:50","guid":{"rendered":"https:\/\/www.riacanada.ca\/?page_id=52871"},"modified":"2022-03-02T15:46:16","modified_gmt":"2022-03-02T20:46:16","slug":"christian-hansen","status":"publish","type":"page","link":"https:\/\/www.riacanada.ca\/fr\/christian-hansen\/","title":{"rendered":"Christian Hansen"},"content":{"rendered":"<p style=\"text-align: center;\"><img decoding=\"async\" loading=\"lazy\" class=\"wp-image-52830 aligncenter\" src=\"https:\/\/www.riacanada.ca\/content\/uploads\/2021\/03\/Christian-Hansen.png\" alt=\"\" width=\"247\" height=\"247\" srcset=\"https:\/\/www.riacanada.ca\/content\/uploads\/2021\/03\/Christian-Hansen.png 350w, https:\/\/www.riacanada.ca\/content\/uploads\/2021\/03\/Christian-Hansen-150x150.png 150w\" sizes=\"(max-width: 247px) 100vw, 247px\" \/><b>Gestion de la conformit\u00e9 et des revenus<\/b><br \/>\nThe Real Estate Foundation of BC<\/p>\n<p style=\"text-align: left;\">Christian travaille depuis 12 ans \u00e0 la Real Estate Foundation of British Columbia, o\u00f9 il supervise les sources de revenus et les investissements de la Fondation. Au cours des derni\u00e8res ann\u00e9es, Christian a g\u00e9r\u00e9 la transformation du portefeuille d\u2019investissement de la Fondation en un portefeuille enti\u00e8rement ESG et a \u00e9galement lanc\u00e9 un programme d\u2019investissement d\u2019impact dans lequel la Fondation effectue des investissements dans des emprunts publics et priv\u00e9s et des investissements en actions qui correspondent aux domaines th\u00e9matiques du programme de subvention de la Fondation.<\/p>\n<p style=\"text-align: left;\">Christian est titulaire d\u2019un baccalaur\u00e9at en sciences de l\u2019Universit\u00e9 Simon Fraser en sciences de la gestion et des syst\u00e8mes et a \u00e9galement obtenu son titre de Comptable professionnel agr\u00e9\u00e9. Dans ses temps libres, il aime voyager en Colombie-Britannique avec sa famille dans leur fourgonnette Volkswagen, et reste \u00e9galement actif dans la course \u00e0 pied, le cyclisme et participe \u00e0 des courses de triathlon.<\/p>\n","protected":false},"excerpt":{"rendered":"<p>Gestion de la conformit\u00e9 et des revenus The Real Estate Foundation of BC Christian travaille depuis 12 ans \u00e0 la Real Estate Foundation of British Columbia, o\u00f9 il supervise les sources de revenus et les investissements de la Fondation. Au cours des derni\u00e8res ann\u00e9es, Christian a g\u00e9r\u00e9 la transformation du portefeuille d\u2019investissement de la Fondation [&hellip;]<\/p>\n","protected":false},"author":7472,"featured_media":0,"parent":0,"menu_order":0,"comment_status":"closed","ping_status":"closed","template":"","meta":{"footnotes":""},"acf":[],"yoast_head":"<!-- This site is optimized with the Yoast SEO plugin v21.0 - https:\/\/yoast.com\/wordpress\/plugins\/seo\/ -->\n<title>Christian Hansen - Responsible Investment Association<\/title>\n<meta name=\"robots\" content=\"index, follow, max-snippet:-1, max-image-preview:large, max-video-preview:-1\" \/>\n<link rel=\"canonical\" href=\"https:\/\/www.riacanada.ca\/fr\/christian-hansen\/\" \/>\n<meta property=\"og:locale\" content=\"fr_FR\" \/>\n<meta property=\"og:type\" content=\"article\" \/>\n<meta property=\"og:title\" content=\"Christian Hansen - Responsible Investment Association\" \/>\n<meta property=\"og:description\" content=\"Gestion de la conformit\u00e9 et des revenus The Real Estate Foundation of BC Christian travaille depuis 12 ans \u00e0 la Real Estate Foundation of British Columbia, o\u00f9 il supervise les sources de revenus et les investissements de la Fondation. Au cours des derni\u00e8res ann\u00e9es, Christian a g\u00e9r\u00e9 la transformation du portefeuille d\u2019investissement de la Fondation [&hellip;]\" \/>\n<meta property=\"og:url\" content=\"https:\/\/www.riacanada.ca\/fr\/christian-hansen\/\" \/>\n<meta property=\"og:site_name\" content=\"Responsible Investment Association\" \/>\n<meta property=\"article:modified_time\" content=\"2022-03-02T20:46:16+00:00\" \/>\n<meta property=\"og:image\" content=\"https:\/\/www.riacanada.ca\/content\/uploads\/2021\/03\/Christian-Hansen.png\" \/>\n<meta name=\"twitter:card\" content=\"summary_large_image\" \/>\n<meta name=\"twitter:label1\" content=\"Dur\u00e9e de lecture estim\u00e9e\" \/>\n\t<meta name=\"twitter:data1\" content=\"1 minute\" \/>\n<script type=\"application\/ld+json\" class=\"yoast-schema-graph\">{\"@context\":\"https:\/\/schema.org\",\"@graph\":[{\"@type\":\"WebPage\",\"@id\":\"https:\/\/www.riacanada.ca\/fr\/christian-hansen\/\",\"url\":\"https:\/\/www.riacanada.ca\/fr\/christian-hansen\/\",\"name\":\"Christian Hansen - Responsible Investment Association\",\"isPartOf\":{\"@id\":\"https:\/\/www.riacanada.ca\/fr\/#website\"},\"datePublished\":\"2021-03-24T19:53:50+00:00\",\"dateModified\":\"2022-03-02T20:46:16+00:00\",\"breadcrumb\":{\"@id\":\"https:\/\/www.riacanada.ca\/fr\/christian-hansen\/#breadcrumb\"},\"inLanguage\":\"fr-FR\",\"potentialAction\":[{\"@type\":\"ReadAction\",\"target\":[\"https:\/\/www.riacanada.ca\/fr\/christian-hansen\/\"]}]},{\"@type\":\"BreadcrumbList\",\"@id\":\"https:\/\/www.riacanada.ca\/fr\/christian-hansen\/#breadcrumb\",\"itemListElement\":[{\"@type\":\"ListItem\",\"position\":1,\"name\":\"Home\",\"item\":\"https:\/\/www.riacanada.ca\/fr\/\"},{\"@type\":\"ListItem\",\"position\":2,\"name\":\"Christian Hansen\"}]},{\"@type\":\"WebSite\",\"@id\":\"https:\/\/www.riacanada.ca\/fr\/#website\",\"url\":\"https:\/\/www.riacanada.ca\/fr\/\",\"name\":\"Responsible Investment Association\",\"description\":\"Canada&#039;s membership network for responsible investment\",\"potentialAction\":[{\"@type\":\"SearchAction\",\"target\":{\"@type\":\"EntryPoint\",\"urlTemplate\":\"https:\/\/www.riacanada.ca\/fr\/?s={search_term_string}\"},\"query-input\":\"required name=search_term_string\"}],\"inLanguage\":\"fr-FR\"}]}<\/script>\n<!-- \/ Yoast SEO plugin. -->","yoast_head_json":{"title":"Christian Hansen - Responsible Investment Association","robots":{"index":"index","follow":"follow","max-snippet":"max-snippet:-1","max-image-preview":"max-image-preview:large","max-video-preview":"max-video-preview:-1"},"canonical":"https:\/\/www.riacanada.ca\/fr\/christian-hansen\/","og_locale":"fr_FR","og_type":"article","og_title":"Christian Hansen - Responsible Investment Association","og_description":"Gestion de la conformit\u00e9 et des revenus The Real Estate Foundation of BC Christian travaille depuis 12 ans \u00e0 la Real Estate Foundation of British Columbia, o\u00f9 il supervise les sources de revenus et les investissements de la Fondation. Au cours des derni\u00e8res ann\u00e9es, Christian a g\u00e9r\u00e9 la transformation du portefeuille d\u2019investissement de la Fondation [&hellip;]","og_url":"https:\/\/www.riacanada.ca\/fr\/christian-hansen\/","og_site_name":"Responsible Investment Association","article_modified_time":"2022-03-02T20:46:16+00:00","og_image":[{"url":"https:\/\/www.riacanada.ca\/content\/uploads\/2021\/03\/Christian-Hansen.png"}],"twitter_card":"summary_large_image","twitter_misc":{"Dur\u00e9e de lecture estim\u00e9e":"1 minute"},"schema":{"@context":"https:\/\/schema.org","@graph":[{"@type":"WebPage","@id":"https:\/\/www.riacanada.ca\/fr\/christian-hansen\/","url":"https:\/\/www.riacanada.ca\/fr\/christian-hansen\/","name":"Christian Hansen - Responsible Investment Association","isPartOf":{"@id":"https:\/\/www.riacanada.ca\/fr\/#website"},"datePublished":"2021-03-24T19:53:50+00:00","dateModified":"2022-03-02T20:46:16+00:00","breadcrumb":{"@id":"https:\/\/www.riacanada.ca\/fr\/christian-hansen\/#breadcrumb"},"inLanguage":"fr-FR","potentialAction":[{"@type":"ReadAction","target":["https:\/\/www.riacanada.ca\/fr\/christian-hansen\/"]}]},{"@type":"BreadcrumbList","@id":"https:\/\/www.riacanada.ca\/fr\/christian-hansen\/#breadcrumb","itemListElement":[{"@type":"ListItem","position":1,"name":"Home","item":"https:\/\/www.riacanada.ca\/fr\/"},{"@type":"ListItem","position":2,"name":"Christian Hansen"}]},{"@type":"WebSite","@id":"https:\/\/www.riacanada.ca\/fr\/#website","url":"https:\/\/www.riacanada.ca\/fr\/","name":"Responsible Investment Association","description":"Canada&#039;s membership network for responsible investment","potentialAction":[{"@type":"SearchAction","target":{"@type":"EntryPoint","urlTemplate":"https:\/\/www.riacanada.ca\/fr\/?s={search_term_string}"},"query-input":"required name=search_term_string"}],"inLanguage":"fr-FR"}]}},"_links":{"self":[{"href":"https:\/\/www.riacanada.ca\/fr\/wp-json\/wp\/v2\/pages\/52871"}],"collection":[{"href":"https:\/\/www.riacanada.ca\/fr\/wp-json\/wp\/v2\/pages"}],"about":[{"href":"https:\/\/www.riacanada.ca\/fr\/wp-json\/wp\/v2\/types\/page"}],"author":[{"embeddable":true,"href":"https:\/\/www.riacanada.ca\/fr\/wp-json\/wp\/v2\/users\/7472"}],"replies":[{"embeddable":true,"href":"https:\/\/www.riacanada.ca\/fr\/wp-json\/wp\/v2\/comments?post=52871"}],"version-history":[{"count":2,"href":"https:\/\/www.riacanada.ca\/fr\/wp-json\/wp\/v2\/pages\/52871\/revisions"}],"predecessor-version":[{"id":61835,"href":"https:\/\/www.riacanada.ca\/fr\/wp-json\/wp\/v2\/pages\/52871\/revisions\/61835"}],"wp:attachment":[{"href":"https:\/\/www.riacanada.ca\/fr\/wp-json\/wp\/v2\/media?parent=52871"}],"curies":[{"name":"wp","href":"https:\/\/api.w.org\/{rel}","templated":true}]}}