{"id":52874,"date":"2021-03-24T16:21:20","date_gmt":"2021-03-24T20:21:20","guid":{"rendered":"https:\/\/www.riacanada.ca\/?page_id=52874"},"modified":"2022-03-03T09:59:06","modified_gmt":"2022-03-03T14:59:06","slug":"emily-lawrence","status":"publish","type":"page","link":"https:\/\/www.riacanada.ca\/fr\/emily-lawrence\/","title":{"rendered":"Emily Lawrence"},"content":{"rendered":"<p style=\"text-align: center;\"><img decoding=\"async\" loading=\"lazy\" class=\"wp-image-52835 aligncenter\" src=\"https:\/\/www.riacanada.ca\/content\/uploads\/2021\/03\/Emily-Lawrence.png\" alt=\"\" width=\"253\" height=\"253\" srcset=\"https:\/\/www.riacanada.ca\/content\/uploads\/2021\/03\/Emily-Lawrence.png 350w, https:\/\/www.riacanada.ca\/content\/uploads\/2021\/03\/Emily-Lawrence-150x150.png 150w\" sizes=\"(max-width: 253px) 100vw, 253px\" \/><br \/>\n<b>Directrice de l\u2019investissement durable<\/b><br \/>\nNorthern Trust Asset Management<\/p>\n<p>Emily Lawrence est Directrice, l\u2019investissement durable pour l&rsquo;Am\u00e9rique du Nord chez Northern Trust Asset Management, o\u00f9 elle est responsable de l&rsquo;engagement des clients et des partenariats concernant les capacit\u00e9s d&rsquo;investissement durable de Northern Trust. Emily a 15 ans d&rsquo;exp\u00e9rience de collaboration avec des clients pour soutenir le d\u00e9veloppement d&rsquo;approches concr\u00e8tes d&rsquo;investissement durable. En plus de repr\u00e9senter la plateforme d&rsquo;investissement, Emily collabore directement avec les clients pour organiser des formations et animer des discussions sur des concepts, des th\u00e8mes et des tendances par le biais de r\u00e9unions individuelles, de webinaires et d&rsquo;un leadership \u00e9clair\u00e9. Elle est \u00e9galement membre active du Northern Trust Sustainable Investing Council, du Comit\u00e9 de vote par procuration et du Executive CSR Council. En 2019, Emily a \u00e9t\u00e9 nomm\u00e9e co-pr\u00e9sidente du Comit\u00e9 des \u00e9v\u00e9nements du Diversity Project North America. Elle participe activement \u00e0 divers comit\u00e9s et groupes de travail ESG, notamment de l\u2019AIR, DCIIA, ICI et ABA. Auparavant, Emily a \u00e9t\u00e9 s\u00e9lectionn\u00e9e pour rejoindre le groupe de travail sur les principes d&rsquo;investissement responsable ax\u00e9 sur la propri\u00e9t\u00e9 active et les objectifs de d\u00e9veloppement durable et le groupe de travail sur le plan d&rsquo;action et de r\u00e9silience pour le climat pour le gouvernement d&rsquo;Evanston, Illinois.<\/p>\n<p>\u200b\u200bAvant de se joindre \u00e0 Northern Trust, Emily a g\u00e9r\u00e9 la production de la recherche pour les \u00e9quipes de recherche de d\u00e9pistage et de recherche sur mesure de MSCI ESG Research. Au moment de se joindre \u00e0 MSCI ESG Research via KLD en 2007, Emily \u00e9tait charg\u00e9e de superviser la collecte de donn\u00e9es cl\u00e9s, l\u2019analyse et les initiatives de qualit\u00e9, notamment en tant que membre du Comit\u00e9 de m\u00e9thodologie de recherche sur l\u2019implication des entreprises. Emily a \u00e9galement si\u00e9g\u00e9 aux comit\u00e9s directeurs de l\u2019Indice 2013 d\u2019acc\u00e8s \u00e0 la nutrition et de l\u2019Indice 2012 d\u2019acc\u00e8s aux m\u00e9dicaments.<\/p>\n<p>Emily a re\u00e7u sa Ma\u00eetrise de recherche (M.Res.) en r\u00e9solution de conflits internationaux de l\u2019Institut Catholique de Paris. Elle est aussi titulaire d\u2019une Ma\u00eetrise en sciences (MSc.) En Politique europ\u00e9enne et en gouvernance de la London School of Economics. De plus, Emily est titulaire d\u2019un B.A. en langue et litt\u00e9rature fran\u00e7aises de l\u2019Universit\u00e9 du New Hampshire. Elle parle le fran\u00e7ais.<\/p>\n","protected":false},"excerpt":{"rendered":"<p>Directrice de l\u2019investissement durable Northern Trust Asset Management Emily Lawrence est Directrice, l\u2019investissement durable pour l&rsquo;Am\u00e9rique du Nord chez Northern Trust Asset Management, o\u00f9 elle est responsable de l&rsquo;engagement des clients et des partenariats concernant les capacit\u00e9s d&rsquo;investissement durable de Northern Trust. Emily a 15 ans d&rsquo;exp\u00e9rience de collaboration avec des clients pour soutenir le [&hellip;]<\/p>\n","protected":false},"author":7472,"featured_media":0,"parent":0,"menu_order":0,"comment_status":"closed","ping_status":"closed","template":"","meta":{"footnotes":""},"acf":[],"yoast_head":"<!-- This site is optimized with the Yoast SEO plugin v21.0 - https:\/\/yoast.com\/wordpress\/plugins\/seo\/ -->\n<title>Emily Lawrence - Responsible Investment Association<\/title>\n<meta name=\"robots\" content=\"index, follow, max-snippet:-1, max-image-preview:large, max-video-preview:-1\" \/>\n<link rel=\"canonical\" href=\"https:\/\/www.riacanada.ca\/fr\/emily-lawrence\/\" \/>\n<meta property=\"og:locale\" content=\"fr_FR\" \/>\n<meta property=\"og:type\" content=\"article\" \/>\n<meta property=\"og:title\" content=\"Emily Lawrence - Responsible Investment Association\" \/>\n<meta property=\"og:description\" content=\"Directrice de l\u2019investissement durable Northern Trust Asset Management Emily Lawrence est Directrice, l\u2019investissement durable pour l&rsquo;Am\u00e9rique du Nord chez Northern Trust Asset Management, o\u00f9 elle est responsable de l&rsquo;engagement des clients et des partenariats concernant les capacit\u00e9s d&rsquo;investissement durable de Northern Trust. Emily a 15 ans d&rsquo;exp\u00e9rience de collaboration avec des clients pour soutenir le [&hellip;]\" \/>\n<meta property=\"og:url\" content=\"https:\/\/www.riacanada.ca\/fr\/emily-lawrence\/\" \/>\n<meta property=\"og:site_name\" content=\"Responsible Investment Association\" \/>\n<meta property=\"article:modified_time\" content=\"2022-03-03T14:59:06+00:00\" \/>\n<meta property=\"og:image\" content=\"https:\/\/www.riacanada.ca\/content\/uploads\/2021\/03\/Emily-Lawrence.png\" \/>\n<meta name=\"twitter:card\" content=\"summary_large_image\" \/>\n<meta name=\"twitter:label1\" content=\"Est. reading time\" \/>\n\t<meta name=\"twitter:data1\" content=\"2 minutes\" \/>\n<script type=\"application\/ld+json\" class=\"yoast-schema-graph\">{\"@context\":\"https:\/\/schema.org\",\"@graph\":[{\"@type\":\"WebPage\",\"@id\":\"https:\/\/www.riacanada.ca\/fr\/emily-lawrence\/\",\"url\":\"https:\/\/www.riacanada.ca\/fr\/emily-lawrence\/\",\"name\":\"Emily Lawrence - Responsible Investment Association\",\"isPartOf\":{\"@id\":\"https:\/\/www.riacanada.ca\/fr\/#website\"},\"datePublished\":\"2021-03-24T20:21:20+00:00\",\"dateModified\":\"2022-03-03T14:59:06+00:00\",\"breadcrumb\":{\"@id\":\"https:\/\/www.riacanada.ca\/fr\/emily-lawrence\/#breadcrumb\"},\"inLanguage\":\"fr-CA\",\"potentialAction\":[{\"@type\":\"ReadAction\",\"target\":[\"https:\/\/www.riacanada.ca\/fr\/emily-lawrence\/\"]}]},{\"@type\":\"BreadcrumbList\",\"@id\":\"https:\/\/www.riacanada.ca\/fr\/emily-lawrence\/#breadcrumb\",\"itemListElement\":[{\"@type\":\"ListItem\",\"position\":1,\"name\":\"Home\",\"item\":\"https:\/\/www.riacanada.ca\/fr\/\"},{\"@type\":\"ListItem\",\"position\":2,\"name\":\"Emily Lawrence\"}]},{\"@type\":\"WebSite\",\"@id\":\"https:\/\/www.riacanada.ca\/fr\/#website\",\"url\":\"https:\/\/www.riacanada.ca\/fr\/\",\"name\":\"Responsible Investment Association\",\"description\":\"Canada&#039;s membership network for responsible investment\",\"potentialAction\":[{\"@type\":\"SearchAction\",\"target\":{\"@type\":\"EntryPoint\",\"urlTemplate\":\"https:\/\/www.riacanada.ca\/fr\/?s={search_term_string}\"},\"query-input\":\"required name=search_term_string\"}],\"inLanguage\":\"fr-CA\"}]}<\/script>\n<!-- \/ Yoast SEO plugin. -->","yoast_head_json":{"title":"Emily Lawrence - Responsible Investment Association","robots":{"index":"index","follow":"follow","max-snippet":"max-snippet:-1","max-image-preview":"max-image-preview:large","max-video-preview":"max-video-preview:-1"},"canonical":"https:\/\/www.riacanada.ca\/fr\/emily-lawrence\/","og_locale":"fr_FR","og_type":"article","og_title":"Emily Lawrence - Responsible Investment Association","og_description":"Directrice de l\u2019investissement durable Northern Trust Asset Management Emily Lawrence est Directrice, l\u2019investissement durable pour l&rsquo;Am\u00e9rique du Nord chez Northern Trust Asset Management, o\u00f9 elle est responsable de l&rsquo;engagement des clients et des partenariats concernant les capacit\u00e9s d&rsquo;investissement durable de Northern Trust. Emily a 15 ans d&rsquo;exp\u00e9rience de collaboration avec des clients pour soutenir le [&hellip;]","og_url":"https:\/\/www.riacanada.ca\/fr\/emily-lawrence\/","og_site_name":"Responsible Investment Association","article_modified_time":"2022-03-03T14:59:06+00:00","og_image":[{"url":"https:\/\/www.riacanada.ca\/content\/uploads\/2021\/03\/Emily-Lawrence.png"}],"twitter_card":"summary_large_image","twitter_misc":{"Est. reading time":"2 minutes"},"schema":{"@context":"https:\/\/schema.org","@graph":[{"@type":"WebPage","@id":"https:\/\/www.riacanada.ca\/fr\/emily-lawrence\/","url":"https:\/\/www.riacanada.ca\/fr\/emily-lawrence\/","name":"Emily Lawrence - Responsible Investment Association","isPartOf":{"@id":"https:\/\/www.riacanada.ca\/fr\/#website"},"datePublished":"2021-03-24T20:21:20+00:00","dateModified":"2022-03-03T14:59:06+00:00","breadcrumb":{"@id":"https:\/\/www.riacanada.ca\/fr\/emily-lawrence\/#breadcrumb"},"inLanguage":"fr-CA","potentialAction":[{"@type":"ReadAction","target":["https:\/\/www.riacanada.ca\/fr\/emily-lawrence\/"]}]},{"@type":"BreadcrumbList","@id":"https:\/\/www.riacanada.ca\/fr\/emily-lawrence\/#breadcrumb","itemListElement":[{"@type":"ListItem","position":1,"name":"Home","item":"https:\/\/www.riacanada.ca\/fr\/"},{"@type":"ListItem","position":2,"name":"Emily Lawrence"}]},{"@type":"WebSite","@id":"https:\/\/www.riacanada.ca\/fr\/#website","url":"https:\/\/www.riacanada.ca\/fr\/","name":"Responsible Investment Association","description":"Canada&#039;s membership network for responsible investment","potentialAction":[{"@type":"SearchAction","target":{"@type":"EntryPoint","urlTemplate":"https:\/\/www.riacanada.ca\/fr\/?s={search_term_string}"},"query-input":"required name=search_term_string"}],"inLanguage":"fr-CA"}]}},"_links":{"self":[{"href":"https:\/\/www.riacanada.ca\/fr\/wp-json\/wp\/v2\/pages\/52874"}],"collection":[{"href":"https:\/\/www.riacanada.ca\/fr\/wp-json\/wp\/v2\/pages"}],"about":[{"href":"https:\/\/www.riacanada.ca\/fr\/wp-json\/wp\/v2\/types\/page"}],"author":[{"embeddable":true,"href":"https:\/\/www.riacanada.ca\/fr\/wp-json\/wp\/v2\/users\/7472"}],"replies":[{"embeddable":true,"href":"https:\/\/www.riacanada.ca\/fr\/wp-json\/wp\/v2\/comments?post=52874"}],"version-history":[{"count":2,"href":"https:\/\/www.riacanada.ca\/fr\/wp-json\/wp\/v2\/pages\/52874\/revisions"}],"predecessor-version":[{"id":61861,"href":"https:\/\/www.riacanada.ca\/fr\/wp-json\/wp\/v2\/pages\/52874\/revisions\/61861"}],"wp:attachment":[{"href":"https:\/\/www.riacanada.ca\/fr\/wp-json\/wp\/v2\/media?parent=52874"}],"curies":[{"name":"wp","href":"https:\/\/api.w.org\/{rel}","templated":true}]}}