{"id":52876,"date":"2021-03-24T16:26:40","date_gmt":"2021-03-24T20:26:40","guid":{"rendered":"https:\/\/www.riacanada.ca\/?page_id=52876"},"modified":"2022-03-03T10:02:24","modified_gmt":"2022-03-03T15:02:24","slug":"michelle-mcculloch","status":"publish","type":"page","link":"https:\/\/www.riacanada.ca\/fr\/michelle-mcculloch\/","title":{"rendered":"Michelle McCulloch"},"content":{"rendered":"<p style=\"text-align: center;\"><img decoding=\"async\" loading=\"lazy\" class=\"wp-image-52840 aligncenter\" src=\"https:\/\/www.riacanada.ca\/content\/uploads\/2021\/03\/Michelle-McCulloch.png\" alt=\"\" width=\"276\" height=\"276\" srcset=\"https:\/\/www.riacanada.ca\/content\/uploads\/2021\/03\/Michelle-McCulloch.png 350w, https:\/\/www.riacanada.ca\/content\/uploads\/2021\/03\/Michelle-McCulloch-150x150.png 150w\" sizes=\"(max-width: 276px) 100vw, 276px\" \/><b>Directrice, Produits de recherche<br \/>\n<\/b>Sustainalytics<\/p>\n<p style=\"text-align: left;\">Michelle dirige l\u2019\u00e9quipe de recherche th\u00e9matique au sein du d\u00e9partement de produits de recherche chez Sustainalytics et est \u00e9galement en charge de l\u2019\u00e9quipe de recherche avanc\u00e9e. Elle a \u00e9t\u00e9 gestionnaire de secteur \u00e0 la fois \u00e0 la t\u00eate de l\u2019\u00e9quipe de recherche sur les finances et sur l\u2019\u00e9quipe de recherche sur les industries extractives. Avant de se joindre \u00e0 Sustainalytics, Michelle a travaill\u00e9 pour la Banque TD \u00e0 la cr\u00e9ation de programmes ESG et de d\u00e9veloppement durable dans l\u2019ensemble de l\u2019organisation. Elle a repr\u00e9sent\u00e9 la Banque TD \u00e0 l\u2019UNPRI, aux Principes de l\u2019\u00c9quateur et \u00e0 d\u2019autres associations industrielles similaires. Michelle a d\u00e9but\u00e9 sa carri\u00e8re dans l\u2019ESG, l\u2019IR et le d\u00e9veloppement durable il y a 24 ans, chez Innovest, o\u00f9 elle a pass\u00e9 11\u00a0ans \u00e0 contribuer \u00e0 la croissance des notations ESG des \u00e9metteurs pour les investisseurs institutionnels. Michelle est titulaire d\u2019un BA de l\u2019Universit\u00e9 York \u00e0 Toronto et est une Professionnelle de l\u2019environnement (EP) accr\u00e9dit\u00e9e au Canada.<\/p>\n","protected":false},"excerpt":{"rendered":"<p>Directrice, Produits de recherche Sustainalytics Michelle dirige l\u2019\u00e9quipe de recherche th\u00e9matique au sein du d\u00e9partement de produits de recherche chez Sustainalytics et est \u00e9galement en charge de l\u2019\u00e9quipe de recherche avanc\u00e9e. Elle a \u00e9t\u00e9 gestionnaire de secteur \u00e0 la fois \u00e0 la t\u00eate de l\u2019\u00e9quipe de recherche sur les finances et sur l\u2019\u00e9quipe de recherche [&hellip;]<\/p>\n","protected":false},"author":7472,"featured_media":0,"parent":0,"menu_order":0,"comment_status":"closed","ping_status":"closed","template":"","meta":{"footnotes":""},"acf":[],"yoast_head":"<!-- This site is optimized with the Yoast SEO plugin v21.0 - https:\/\/yoast.com\/wordpress\/plugins\/seo\/ -->\n<title>Michelle McCulloch - Responsible Investment Association<\/title>\n<meta name=\"robots\" content=\"index, follow, max-snippet:-1, max-image-preview:large, max-video-preview:-1\" \/>\n<link rel=\"canonical\" href=\"https:\/\/www.riacanada.ca\/fr\/michelle-mcculloch\/\" \/>\n<meta property=\"og:locale\" content=\"fr_FR\" \/>\n<meta property=\"og:type\" content=\"article\" \/>\n<meta property=\"og:title\" content=\"Michelle McCulloch - Responsible Investment Association\" \/>\n<meta property=\"og:description\" content=\"Directrice, Produits de recherche Sustainalytics Michelle dirige l\u2019\u00e9quipe de recherche th\u00e9matique au sein du d\u00e9partement de produits de recherche chez Sustainalytics et est \u00e9galement en charge de l\u2019\u00e9quipe de recherche avanc\u00e9e. Elle a \u00e9t\u00e9 gestionnaire de secteur \u00e0 la fois \u00e0 la t\u00eate de l\u2019\u00e9quipe de recherche sur les finances et sur l\u2019\u00e9quipe de recherche [&hellip;]\" \/>\n<meta property=\"og:url\" content=\"https:\/\/www.riacanada.ca\/fr\/michelle-mcculloch\/\" \/>\n<meta property=\"og:site_name\" content=\"Responsible Investment Association\" \/>\n<meta property=\"article:modified_time\" content=\"2022-03-03T15:02:24+00:00\" \/>\n<meta property=\"og:image\" content=\"https:\/\/www.riacanada.ca\/content\/uploads\/2021\/03\/Michelle-McCulloch.png\" \/>\n<meta name=\"twitter:card\" content=\"summary_large_image\" \/>\n<meta name=\"twitter:label1\" content=\"Est. reading time\" \/>\n\t<meta name=\"twitter:data1\" content=\"1 minute\" \/>\n<script type=\"application\/ld+json\" class=\"yoast-schema-graph\">{\"@context\":\"https:\/\/schema.org\",\"@graph\":[{\"@type\":\"WebPage\",\"@id\":\"https:\/\/www.riacanada.ca\/fr\/michelle-mcculloch\/\",\"url\":\"https:\/\/www.riacanada.ca\/fr\/michelle-mcculloch\/\",\"name\":\"Michelle McCulloch - Responsible Investment Association\",\"isPartOf\":{\"@id\":\"https:\/\/www.riacanada.ca\/fr\/#website\"},\"datePublished\":\"2021-03-24T20:26:40+00:00\",\"dateModified\":\"2022-03-03T15:02:24+00:00\",\"breadcrumb\":{\"@id\":\"https:\/\/www.riacanada.ca\/fr\/michelle-mcculloch\/#breadcrumb\"},\"inLanguage\":\"fr-CA\",\"potentialAction\":[{\"@type\":\"ReadAction\",\"target\":[\"https:\/\/www.riacanada.ca\/fr\/michelle-mcculloch\/\"]}]},{\"@type\":\"BreadcrumbList\",\"@id\":\"https:\/\/www.riacanada.ca\/fr\/michelle-mcculloch\/#breadcrumb\",\"itemListElement\":[{\"@type\":\"ListItem\",\"position\":1,\"name\":\"Home\",\"item\":\"https:\/\/www.riacanada.ca\/fr\/\"},{\"@type\":\"ListItem\",\"position\":2,\"name\":\"Michelle McCulloch\"}]},{\"@type\":\"WebSite\",\"@id\":\"https:\/\/www.riacanada.ca\/fr\/#website\",\"url\":\"https:\/\/www.riacanada.ca\/fr\/\",\"name\":\"Responsible Investment Association\",\"description\":\"Canada&#039;s membership network for responsible investment\",\"potentialAction\":[{\"@type\":\"SearchAction\",\"target\":{\"@type\":\"EntryPoint\",\"urlTemplate\":\"https:\/\/www.riacanada.ca\/fr\/?s={search_term_string}\"},\"query-input\":\"required name=search_term_string\"}],\"inLanguage\":\"fr-CA\"}]}<\/script>\n<!-- \/ Yoast SEO plugin. -->","yoast_head_json":{"title":"Michelle McCulloch - Responsible Investment Association","robots":{"index":"index","follow":"follow","max-snippet":"max-snippet:-1","max-image-preview":"max-image-preview:large","max-video-preview":"max-video-preview:-1"},"canonical":"https:\/\/www.riacanada.ca\/fr\/michelle-mcculloch\/","og_locale":"fr_FR","og_type":"article","og_title":"Michelle McCulloch - Responsible Investment Association","og_description":"Directrice, Produits de recherche Sustainalytics Michelle dirige l\u2019\u00e9quipe de recherche th\u00e9matique au sein du d\u00e9partement de produits de recherche chez Sustainalytics et est \u00e9galement en charge de l\u2019\u00e9quipe de recherche avanc\u00e9e. Elle a \u00e9t\u00e9 gestionnaire de secteur \u00e0 la fois \u00e0 la t\u00eate de l\u2019\u00e9quipe de recherche sur les finances et sur l\u2019\u00e9quipe de recherche [&hellip;]","og_url":"https:\/\/www.riacanada.ca\/fr\/michelle-mcculloch\/","og_site_name":"Responsible Investment Association","article_modified_time":"2022-03-03T15:02:24+00:00","og_image":[{"url":"https:\/\/www.riacanada.ca\/content\/uploads\/2021\/03\/Michelle-McCulloch.png"}],"twitter_card":"summary_large_image","twitter_misc":{"Est. reading time":"1 minute"},"schema":{"@context":"https:\/\/schema.org","@graph":[{"@type":"WebPage","@id":"https:\/\/www.riacanada.ca\/fr\/michelle-mcculloch\/","url":"https:\/\/www.riacanada.ca\/fr\/michelle-mcculloch\/","name":"Michelle McCulloch - Responsible Investment Association","isPartOf":{"@id":"https:\/\/www.riacanada.ca\/fr\/#website"},"datePublished":"2021-03-24T20:26:40+00:00","dateModified":"2022-03-03T15:02:24+00:00","breadcrumb":{"@id":"https:\/\/www.riacanada.ca\/fr\/michelle-mcculloch\/#breadcrumb"},"inLanguage":"fr-CA","potentialAction":[{"@type":"ReadAction","target":["https:\/\/www.riacanada.ca\/fr\/michelle-mcculloch\/"]}]},{"@type":"BreadcrumbList","@id":"https:\/\/www.riacanada.ca\/fr\/michelle-mcculloch\/#breadcrumb","itemListElement":[{"@type":"ListItem","position":1,"name":"Home","item":"https:\/\/www.riacanada.ca\/fr\/"},{"@type":"ListItem","position":2,"name":"Michelle McCulloch"}]},{"@type":"WebSite","@id":"https:\/\/www.riacanada.ca\/fr\/#website","url":"https:\/\/www.riacanada.ca\/fr\/","name":"Responsible Investment Association","description":"Canada&#039;s membership network for responsible investment","potentialAction":[{"@type":"SearchAction","target":{"@type":"EntryPoint","urlTemplate":"https:\/\/www.riacanada.ca\/fr\/?s={search_term_string}"},"query-input":"required name=search_term_string"}],"inLanguage":"fr-CA"}]}},"_links":{"self":[{"href":"https:\/\/www.riacanada.ca\/fr\/wp-json\/wp\/v2\/pages\/52876"}],"collection":[{"href":"https:\/\/www.riacanada.ca\/fr\/wp-json\/wp\/v2\/pages"}],"about":[{"href":"https:\/\/www.riacanada.ca\/fr\/wp-json\/wp\/v2\/types\/page"}],"author":[{"embeddable":true,"href":"https:\/\/www.riacanada.ca\/fr\/wp-json\/wp\/v2\/users\/7472"}],"replies":[{"embeddable":true,"href":"https:\/\/www.riacanada.ca\/fr\/wp-json\/wp\/v2\/comments?post=52876"}],"version-history":[{"count":3,"href":"https:\/\/www.riacanada.ca\/fr\/wp-json\/wp\/v2\/pages\/52876\/revisions"}],"predecessor-version":[{"id":61865,"href":"https:\/\/www.riacanada.ca\/fr\/wp-json\/wp\/v2\/pages\/52876\/revisions\/61865"}],"wp:attachment":[{"href":"https:\/\/www.riacanada.ca\/fr\/wp-json\/wp\/v2\/media?parent=52876"}],"curies":[{"name":"wp","href":"https:\/\/api.w.org\/{rel}","templated":true}]}}