{"id":52886,"date":"2021-03-24T16:39:16","date_gmt":"2021-03-24T20:39:16","guid":{"rendered":"https:\/\/www.riacanada.ca\/?page_id=52886"},"modified":"2022-03-03T10:54:00","modified_gmt":"2022-03-03T15:54:00","slug":"sarah-takaki","status":"publish","type":"page","link":"https:\/\/www.riacanada.ca\/fr\/sarah-takaki\/","title":{"rendered":"Sarah Takaki"},"content":{"rendered":"<p style=\"text-align: center;\"><img decoding=\"async\" loading=\"lazy\" class=\"wp-image-52848 aligncenter\" src=\"https:\/\/www.riacanada.ca\/content\/uploads\/2021\/03\/Sarah-Takaki.png\" alt=\"\" width=\"266\" height=\"266\" srcset=\"https:\/\/www.riacanada.ca\/content\/uploads\/2021\/03\/Sarah-Takaki.png 350w, https:\/\/www.riacanada.ca\/content\/uploads\/2021\/03\/Sarah-Takaki-150x150.png 150w\" sizes=\"(max-width: 266px) 100vw, 266px\" \/><strong>Responsable de l&rsquo;investissement durable<\/strong><br \/>\nHealthcare of Ontario Pension Plan (HOOPP)<\/p>\n<p style=\"text-align: left;\">Sarah Takaki est la responsable de l&rsquo;investissement durable, au Healthcare of Ontario Pension Plan (HOOPP), o\u00f9 elle dirige le programme d\u2019investissement durable. Sarah \u00e9tait membre du secr\u00e9tariat du Groupe d\u2019experts canadien sur la finance durable cr\u00e9\u00e9 par les ministres de l\u2019Environnement et Changement climatique (ECC) et des Finances. Sarah est titulaire d\u2019une ma\u00eetrise en g\u00e9nie biom\u00e9dical de l\u2019Universit\u00e9 Western Ontario et un MBA de l\u2019Universit\u00e9 de Cambridge.<\/p>\n","protected":false},"excerpt":{"rendered":"<p>Responsable de l&rsquo;investissement durable Healthcare of Ontario Pension Plan (HOOPP) Sarah Takaki est la responsable de l&rsquo;investissement durable, au Healthcare of Ontario Pension Plan (HOOPP), o\u00f9 elle dirige le programme d\u2019investissement durable. Sarah \u00e9tait membre du secr\u00e9tariat du Groupe d\u2019experts canadien sur la finance durable cr\u00e9\u00e9 par les ministres de l\u2019Environnement et Changement climatique (ECC) [&hellip;]<\/p>\n","protected":false},"author":7472,"featured_media":0,"parent":0,"menu_order":0,"comment_status":"closed","ping_status":"closed","template":"","meta":{"footnotes":""},"acf":[],"yoast_head":"<!-- This site is optimized with the Yoast SEO plugin v21.0 - https:\/\/yoast.com\/wordpress\/plugins\/seo\/ -->\n<title>Sarah Takaki - Responsible Investment Association<\/title>\n<meta name=\"robots\" content=\"index, follow, max-snippet:-1, max-image-preview:large, max-video-preview:-1\" \/>\n<link rel=\"canonical\" href=\"https:\/\/www.riacanada.ca\/fr\/sarah-takaki\/\" \/>\n<meta property=\"og:locale\" content=\"fr_FR\" \/>\n<meta property=\"og:type\" content=\"article\" \/>\n<meta property=\"og:title\" content=\"Sarah Takaki - Responsible Investment Association\" \/>\n<meta property=\"og:description\" content=\"Responsable de l&rsquo;investissement durable Healthcare of Ontario Pension Plan (HOOPP) Sarah Takaki est la responsable de l&rsquo;investissement durable, au Healthcare of Ontario Pension Plan (HOOPP), o\u00f9 elle dirige le programme d\u2019investissement durable. Sarah \u00e9tait membre du secr\u00e9tariat du Groupe d\u2019experts canadien sur la finance durable cr\u00e9\u00e9 par les ministres de l\u2019Environnement et Changement climatique (ECC) [&hellip;]\" \/>\n<meta property=\"og:url\" content=\"https:\/\/www.riacanada.ca\/fr\/sarah-takaki\/\" \/>\n<meta property=\"og:site_name\" content=\"Responsible Investment Association\" \/>\n<meta property=\"article:modified_time\" content=\"2022-03-03T15:54:00+00:00\" \/>\n<meta property=\"og:image\" content=\"https:\/\/www.riacanada.ca\/content\/uploads\/2021\/03\/Sarah-Takaki.png\" \/>\n<meta name=\"twitter:card\" content=\"summary_large_image\" \/>\n<script type=\"application\/ld+json\" class=\"yoast-schema-graph\">{\"@context\":\"https:\/\/schema.org\",\"@graph\":[{\"@type\":\"WebPage\",\"@id\":\"https:\/\/www.riacanada.ca\/fr\/sarah-takaki\/\",\"url\":\"https:\/\/www.riacanada.ca\/fr\/sarah-takaki\/\",\"name\":\"Sarah Takaki - Responsible Investment Association\",\"isPartOf\":{\"@id\":\"https:\/\/www.riacanada.ca\/fr\/#website\"},\"datePublished\":\"2021-03-24T20:39:16+00:00\",\"dateModified\":\"2022-03-03T15:54:00+00:00\",\"breadcrumb\":{\"@id\":\"https:\/\/www.riacanada.ca\/fr\/sarah-takaki\/#breadcrumb\"},\"inLanguage\":\"fr-CA\",\"potentialAction\":[{\"@type\":\"ReadAction\",\"target\":[\"https:\/\/www.riacanada.ca\/fr\/sarah-takaki\/\"]}]},{\"@type\":\"BreadcrumbList\",\"@id\":\"https:\/\/www.riacanada.ca\/fr\/sarah-takaki\/#breadcrumb\",\"itemListElement\":[{\"@type\":\"ListItem\",\"position\":1,\"name\":\"Home\",\"item\":\"https:\/\/www.riacanada.ca\/fr\/\"},{\"@type\":\"ListItem\",\"position\":2,\"name\":\"Sarah Takaki\"}]},{\"@type\":\"WebSite\",\"@id\":\"https:\/\/www.riacanada.ca\/fr\/#website\",\"url\":\"https:\/\/www.riacanada.ca\/fr\/\",\"name\":\"Responsible Investment Association\",\"description\":\"Canada&#039;s membership network for responsible investment\",\"potentialAction\":[{\"@type\":\"SearchAction\",\"target\":{\"@type\":\"EntryPoint\",\"urlTemplate\":\"https:\/\/www.riacanada.ca\/fr\/?s={search_term_string}\"},\"query-input\":\"required name=search_term_string\"}],\"inLanguage\":\"fr-CA\"}]}<\/script>\n<!-- \/ Yoast SEO plugin. -->","yoast_head_json":{"title":"Sarah Takaki - Responsible Investment Association","robots":{"index":"index","follow":"follow","max-snippet":"max-snippet:-1","max-image-preview":"max-image-preview:large","max-video-preview":"max-video-preview:-1"},"canonical":"https:\/\/www.riacanada.ca\/fr\/sarah-takaki\/","og_locale":"fr_FR","og_type":"article","og_title":"Sarah Takaki - Responsible Investment Association","og_description":"Responsable de l&rsquo;investissement durable Healthcare of Ontario Pension Plan (HOOPP) Sarah Takaki est la responsable de l&rsquo;investissement durable, au Healthcare of Ontario Pension Plan (HOOPP), o\u00f9 elle dirige le programme d\u2019investissement durable. Sarah \u00e9tait membre du secr\u00e9tariat du Groupe d\u2019experts canadien sur la finance durable cr\u00e9\u00e9 par les ministres de l\u2019Environnement et Changement climatique (ECC) [&hellip;]","og_url":"https:\/\/www.riacanada.ca\/fr\/sarah-takaki\/","og_site_name":"Responsible Investment Association","article_modified_time":"2022-03-03T15:54:00+00:00","og_image":[{"url":"https:\/\/www.riacanada.ca\/content\/uploads\/2021\/03\/Sarah-Takaki.png"}],"twitter_card":"summary_large_image","schema":{"@context":"https:\/\/schema.org","@graph":[{"@type":"WebPage","@id":"https:\/\/www.riacanada.ca\/fr\/sarah-takaki\/","url":"https:\/\/www.riacanada.ca\/fr\/sarah-takaki\/","name":"Sarah Takaki - Responsible Investment Association","isPartOf":{"@id":"https:\/\/www.riacanada.ca\/fr\/#website"},"datePublished":"2021-03-24T20:39:16+00:00","dateModified":"2022-03-03T15:54:00+00:00","breadcrumb":{"@id":"https:\/\/www.riacanada.ca\/fr\/sarah-takaki\/#breadcrumb"},"inLanguage":"fr-CA","potentialAction":[{"@type":"ReadAction","target":["https:\/\/www.riacanada.ca\/fr\/sarah-takaki\/"]}]},{"@type":"BreadcrumbList","@id":"https:\/\/www.riacanada.ca\/fr\/sarah-takaki\/#breadcrumb","itemListElement":[{"@type":"ListItem","position":1,"name":"Home","item":"https:\/\/www.riacanada.ca\/fr\/"},{"@type":"ListItem","position":2,"name":"Sarah Takaki"}]},{"@type":"WebSite","@id":"https:\/\/www.riacanada.ca\/fr\/#website","url":"https:\/\/www.riacanada.ca\/fr\/","name":"Responsible Investment Association","description":"Canada&#039;s membership network for responsible investment","potentialAction":[{"@type":"SearchAction","target":{"@type":"EntryPoint","urlTemplate":"https:\/\/www.riacanada.ca\/fr\/?s={search_term_string}"},"query-input":"required name=search_term_string"}],"inLanguage":"fr-CA"}]}},"_links":{"self":[{"href":"https:\/\/www.riacanada.ca\/fr\/wp-json\/wp\/v2\/pages\/52886"}],"collection":[{"href":"https:\/\/www.riacanada.ca\/fr\/wp-json\/wp\/v2\/pages"}],"about":[{"href":"https:\/\/www.riacanada.ca\/fr\/wp-json\/wp\/v2\/types\/page"}],"author":[{"embeddable":true,"href":"https:\/\/www.riacanada.ca\/fr\/wp-json\/wp\/v2\/users\/7472"}],"replies":[{"embeddable":true,"href":"https:\/\/www.riacanada.ca\/fr\/wp-json\/wp\/v2\/comments?post=52886"}],"version-history":[{"count":2,"href":"https:\/\/www.riacanada.ca\/fr\/wp-json\/wp\/v2\/pages\/52886\/revisions"}],"predecessor-version":[{"id":61885,"href":"https:\/\/www.riacanada.ca\/fr\/wp-json\/wp\/v2\/pages\/52886\/revisions\/61885"}],"wp:attachment":[{"href":"https:\/\/www.riacanada.ca\/fr\/wp-json\/wp\/v2\/media?parent=52886"}],"curies":[{"name":"wp","href":"https:\/\/api.w.org\/{rel}","templated":true}]}}