{"id":54431,"date":"2021-06-07T10:46:28","date_gmt":"2021-06-07T14:46:28","guid":{"rendered":"https:\/\/www.riacanada.ca\/?page_id=54431"},"modified":"2021-06-09T11:39:11","modified_gmt":"2021-06-09T15:39:11","slug":"gagnant-de-leducation-du-marche-2021","status":"publish","type":"page","link":"https:\/\/www.riacanada.ca\/fr\/gagnant-de-leducation-du-marche-2021\/","title":{"rendered":"Gagnant de l&rsquo;\u00c9ducation du march\u00e9 (2021)"},"content":{"rendered":"<p><img decoding=\"async\" loading=\"lazy\" class=\"wp-image-54561 aligncenter\" src=\"https:\/\/www.riacanada.ca\/content\/uploads\/2021\/06\/BMOGAM_STACKED1_T2_F.jpg\" alt=\"\" width=\"270\" height=\"188\" srcset=\"https:\/\/www.riacanada.ca\/content\/uploads\/2021\/06\/BMOGAM_STACKED1_T2_F.jpg 1160w, https:\/\/www.riacanada.ca\/content\/uploads\/2021\/06\/BMOGAM_STACKED1_T2_F-500x348.jpg 500w, https:\/\/www.riacanada.ca\/content\/uploads\/2021\/06\/BMOGAM_STACKED1_T2_F-768x535.jpg 768w, https:\/\/www.riacanada.ca\/content\/uploads\/2021\/06\/BMOGAM_STACKED1_T2_F-1000x697.jpg 1000w\" sizes=\"(max-width: 270px) 100vw, 270px\" \/><\/p>\n<h4 style=\"text-align: center;\">BMO Gestion mondiale d\u2019actifs<\/h4>\n<p style=\"text-align: center;\"><strong>Projet : Campagne MonprofilESG : Aligner croyances et investissements<\/strong><\/p>\n<p style=\"text-align: left;\">La campagne MonprofilESG a \u00e9t\u00e9 cr\u00e9\u00e9e pour \u00e9duquer le march\u00e9 et int\u00e9grer davantage l\u2019ESG dans la conversation gr\u00e2ce \u00e0 une analyse approfondie, de nouvelles perspectives et des outils et ressources novateurs \u00e0 la fois pour les investisseurs canadiens et leurs conseillers :<\/p>\n<ul style=\"text-align: left;\">\n<li>\u00a0 Aller plus loin : aller au-del\u00e0 des statistiques principales pour vraiment comprendre l\u2019\u00e9tat d\u2019esprit individuel autour de l\u2019investissement ESG gr\u00e2ce \u00e0 une recherche pionni\u00e8re aupr\u00e8s de 2000 investisseurs fortun\u00e9s au Canada et aux \u00c9tats-Unis.<\/li>\n<li>\u00a0 La recherche a identifi\u00e9 quatre types de personnalit\u00e9 ESG distincts : il a \u00e9t\u00e9 prouv\u00e9 que l\u2019investissement ESG a un large \u00e9ventail de pr\u00e9f\u00e9rences et de croyances, ce qui est essentiel pour s\u2019attaquer au fait qu\u2019il n\u2019y a pas de conversation \u00ab universelle \u00bb (Motiv\u00e9, Pr\u00eat, Pragmatique et Sceptique)<\/li>\n<li>\u00a0 Donner vie \u00e0 la recherche gr\u00e2ce \u00e0 un outil p\u00e9dagogique simple mais efficace : cr\u00e9ation du questionnaire num\u00e9rique intuitif MonprofilESG, qui permet aux conseillers d\u2019avoir des conversations ESG plus significatives avec les clients en captant la personnalit\u00e9 unique de l\u2019investisseur.<\/li>\n<li>Approfondir les relations :prend en charge des conversations de qualit\u00e9 en abordant les probl\u00e8mes les plus importants pour le client avec des ressources suppl\u00e9mentaires \u00e0 valeur ajout\u00e9e, y compris la Bo\u00eete \u00e0 outils des conseillers ESG, le Guide de discussion ESG, le document client, la FAQ, le Podcast et un Livre de r\u00e9sultats de recherche<\/li>\n<\/ul>\n<p style=\"text-align: left;\"><strong><i>Finaliste :<\/i> Desjardins<\/strong><br \/>\n<strong><i>Titre :<\/i> Le Programme de certification d\u2019IR : Permettre aux conseillers d\u2019int\u00e9grer l\u2019IR \u00e0 leur pratique et d\u2019\u00e9duquer leurs clients<\/strong><\/p>\n<p style=\"text-align: left;\">Les fiches de pointage des gagnants et des finalistes sont disponibles <a href=\"https:\/\/www.riacanada.ca\/content\/uploads\/2021\/06\/2021-Individual-Scorecards_Market-Education_PUBLIC.pdf\">ici<\/a>.<\/p>\n<p style=\"text-align: left;\"><a href=\"https:\/\/www.riacanada.ca\/fr\/news\/prix-du-leadership-de-lair-2021-gagnants-et-finalistes\/\">En savoir plus sur les Prix du leadership de l\u2019AIR 2021.<\/a><\/p>\n","protected":false},"excerpt":{"rendered":"<p>BMO Gestion mondiale d\u2019actifs Projet : Campagne MonprofilESG : Aligner croyances et investissements La campagne MonprofilESG a \u00e9t\u00e9 cr\u00e9\u00e9e pour \u00e9duquer le march\u00e9 et int\u00e9grer davantage l\u2019ESG dans la conversation gr\u00e2ce \u00e0 une analyse approfondie, de nouvelles perspectives et des outils et ressources novateurs \u00e0 la fois pour les investisseurs canadiens et leurs conseillers : [&hellip;]<\/p>\n","protected":false},"author":7472,"featured_media":0,"parent":0,"menu_order":0,"comment_status":"closed","ping_status":"closed","template":"","meta":{"footnotes":""},"acf":[],"yoast_head":"<!-- This site is optimized with the Yoast SEO plugin v21.0 - https:\/\/yoast.com\/wordpress\/plugins\/seo\/ -->\n<title>Gagnant de l&#039;\u00c9ducation du march\u00e9 (2021) - Responsible Investment Association<\/title>\n<meta name=\"robots\" content=\"index, follow, max-snippet:-1, max-image-preview:large, max-video-preview:-1\" \/>\n<link rel=\"canonical\" href=\"https:\/\/www.riacanada.ca\/fr\/gagnant-de-leducation-du-marche-2021\/\" \/>\n<meta property=\"og:locale\" content=\"fr_FR\" \/>\n<meta property=\"og:type\" content=\"article\" \/>\n<meta property=\"og:title\" content=\"Gagnant de l&#039;\u00c9ducation du march\u00e9 (2021) - Responsible Investment Association\" \/>\n<meta property=\"og:description\" content=\"BMO Gestion mondiale d\u2019actifs Projet : Campagne MonprofilESG : Aligner croyances et investissements La campagne MonprofilESG a \u00e9t\u00e9 cr\u00e9\u00e9e pour \u00e9duquer le march\u00e9 et int\u00e9grer davantage l\u2019ESG dans la conversation gr\u00e2ce \u00e0 une analyse approfondie, de nouvelles perspectives et des outils et ressources novateurs \u00e0 la fois pour les investisseurs canadiens et leurs conseillers : [&hellip;]\" \/>\n<meta property=\"og:url\" content=\"https:\/\/www.riacanada.ca\/fr\/gagnant-de-leducation-du-marche-2021\/\" \/>\n<meta property=\"og:site_name\" content=\"Responsible Investment Association\" \/>\n<meta property=\"article:modified_time\" content=\"2021-06-09T15:39:11+00:00\" \/>\n<meta property=\"og:image\" content=\"https:\/\/www.riacanada.ca\/content\/uploads\/2021\/06\/BMOGAM_STACKED1_T2_F.jpg\" \/>\n<meta name=\"twitter:card\" content=\"summary_large_image\" \/>\n<meta name=\"twitter:label1\" content=\"Est. reading time\" \/>\n\t<meta name=\"twitter:data1\" content=\"1 minute\" \/>\n<script type=\"application\/ld+json\" class=\"yoast-schema-graph\">{\"@context\":\"https:\/\/schema.org\",\"@graph\":[{\"@type\":\"WebPage\",\"@id\":\"https:\/\/www.riacanada.ca\/fr\/gagnant-de-leducation-du-marche-2021\/\",\"url\":\"https:\/\/www.riacanada.ca\/fr\/gagnant-de-leducation-du-marche-2021\/\",\"name\":\"Gagnant de l'\u00c9ducation du march\u00e9 (2021) - Responsible Investment Association\",\"isPartOf\":{\"@id\":\"https:\/\/www.riacanada.ca\/fr\/#website\"},\"datePublished\":\"2021-06-07T14:46:28+00:00\",\"dateModified\":\"2021-06-09T15:39:11+00:00\",\"breadcrumb\":{\"@id\":\"https:\/\/www.riacanada.ca\/fr\/gagnant-de-leducation-du-marche-2021\/#breadcrumb\"},\"inLanguage\":\"fr-CA\",\"potentialAction\":[{\"@type\":\"ReadAction\",\"target\":[\"https:\/\/www.riacanada.ca\/fr\/gagnant-de-leducation-du-marche-2021\/\"]}]},{\"@type\":\"BreadcrumbList\",\"@id\":\"https:\/\/www.riacanada.ca\/fr\/gagnant-de-leducation-du-marche-2021\/#breadcrumb\",\"itemListElement\":[{\"@type\":\"ListItem\",\"position\":1,\"name\":\"Home\",\"item\":\"https:\/\/www.riacanada.ca\/fr\/\"},{\"@type\":\"ListItem\",\"position\":2,\"name\":\"Gagnant de l&rsquo;\u00c9ducation du march\u00e9 (2021)\"}]},{\"@type\":\"WebSite\",\"@id\":\"https:\/\/www.riacanada.ca\/fr\/#website\",\"url\":\"https:\/\/www.riacanada.ca\/fr\/\",\"name\":\"Responsible Investment Association\",\"description\":\"Canada&#039;s membership network for responsible investment\",\"potentialAction\":[{\"@type\":\"SearchAction\",\"target\":{\"@type\":\"EntryPoint\",\"urlTemplate\":\"https:\/\/www.riacanada.ca\/fr\/?s={search_term_string}\"},\"query-input\":\"required name=search_term_string\"}],\"inLanguage\":\"fr-CA\"}]}<\/script>\n<!-- \/ Yoast SEO plugin. -->","yoast_head_json":{"title":"Gagnant de l'\u00c9ducation du march\u00e9 (2021) - Responsible Investment Association","robots":{"index":"index","follow":"follow","max-snippet":"max-snippet:-1","max-image-preview":"max-image-preview:large","max-video-preview":"max-video-preview:-1"},"canonical":"https:\/\/www.riacanada.ca\/fr\/gagnant-de-leducation-du-marche-2021\/","og_locale":"fr_FR","og_type":"article","og_title":"Gagnant de l'\u00c9ducation du march\u00e9 (2021) - Responsible Investment Association","og_description":"BMO Gestion mondiale d\u2019actifs Projet : Campagne MonprofilESG : Aligner croyances et investissements La campagne MonprofilESG a \u00e9t\u00e9 cr\u00e9\u00e9e pour \u00e9duquer le march\u00e9 et int\u00e9grer davantage l\u2019ESG dans la conversation gr\u00e2ce \u00e0 une analyse approfondie, de nouvelles perspectives et des outils et ressources novateurs \u00e0 la fois pour les investisseurs canadiens et leurs conseillers : [&hellip;]","og_url":"https:\/\/www.riacanada.ca\/fr\/gagnant-de-leducation-du-marche-2021\/","og_site_name":"Responsible Investment Association","article_modified_time":"2021-06-09T15:39:11+00:00","og_image":[{"url":"https:\/\/www.riacanada.ca\/content\/uploads\/2021\/06\/BMOGAM_STACKED1_T2_F.jpg"}],"twitter_card":"summary_large_image","twitter_misc":{"Est. reading time":"1 minute"},"schema":{"@context":"https:\/\/schema.org","@graph":[{"@type":"WebPage","@id":"https:\/\/www.riacanada.ca\/fr\/gagnant-de-leducation-du-marche-2021\/","url":"https:\/\/www.riacanada.ca\/fr\/gagnant-de-leducation-du-marche-2021\/","name":"Gagnant de l'\u00c9ducation du march\u00e9 (2021) - Responsible Investment Association","isPartOf":{"@id":"https:\/\/www.riacanada.ca\/fr\/#website"},"datePublished":"2021-06-07T14:46:28+00:00","dateModified":"2021-06-09T15:39:11+00:00","breadcrumb":{"@id":"https:\/\/www.riacanada.ca\/fr\/gagnant-de-leducation-du-marche-2021\/#breadcrumb"},"inLanguage":"fr-CA","potentialAction":[{"@type":"ReadAction","target":["https:\/\/www.riacanada.ca\/fr\/gagnant-de-leducation-du-marche-2021\/"]}]},{"@type":"BreadcrumbList","@id":"https:\/\/www.riacanada.ca\/fr\/gagnant-de-leducation-du-marche-2021\/#breadcrumb","itemListElement":[{"@type":"ListItem","position":1,"name":"Home","item":"https:\/\/www.riacanada.ca\/fr\/"},{"@type":"ListItem","position":2,"name":"Gagnant de l&rsquo;\u00c9ducation du march\u00e9 (2021)"}]},{"@type":"WebSite","@id":"https:\/\/www.riacanada.ca\/fr\/#website","url":"https:\/\/www.riacanada.ca\/fr\/","name":"Responsible Investment Association","description":"Canada&#039;s membership network for responsible investment","potentialAction":[{"@type":"SearchAction","target":{"@type":"EntryPoint","urlTemplate":"https:\/\/www.riacanada.ca\/fr\/?s={search_term_string}"},"query-input":"required name=search_term_string"}],"inLanguage":"fr-CA"}]}},"_links":{"self":[{"href":"https:\/\/www.riacanada.ca\/fr\/wp-json\/wp\/v2\/pages\/54431"}],"collection":[{"href":"https:\/\/www.riacanada.ca\/fr\/wp-json\/wp\/v2\/pages"}],"about":[{"href":"https:\/\/www.riacanada.ca\/fr\/wp-json\/wp\/v2\/types\/page"}],"author":[{"embeddable":true,"href":"https:\/\/www.riacanada.ca\/fr\/wp-json\/wp\/v2\/users\/7472"}],"replies":[{"embeddable":true,"href":"https:\/\/www.riacanada.ca\/fr\/wp-json\/wp\/v2\/comments?post=54431"}],"version-history":[{"count":9,"href":"https:\/\/www.riacanada.ca\/fr\/wp-json\/wp\/v2\/pages\/54431\/revisions"}],"predecessor-version":[{"id":54636,"href":"https:\/\/www.riacanada.ca\/fr\/wp-json\/wp\/v2\/pages\/54431\/revisions\/54636"}],"wp:attachment":[{"href":"https:\/\/www.riacanada.ca\/fr\/wp-json\/wp\/v2\/media?parent=54431"}],"curies":[{"name":"wp","href":"https:\/\/api.w.org\/{rel}","templated":true}]}}