{"id":54439,"date":"2021-06-07T10:13:09","date_gmt":"2021-06-07T14:13:09","guid":{"rendered":"https:\/\/www.riacanada.ca\/?page_id=54439"},"modified":"2021-06-09T10:06:08","modified_gmt":"2021-06-09T14:06:08","slug":"education-du-marche-finaliste-2021","status":"publish","type":"page","link":"https:\/\/www.riacanada.ca\/fr\/education-du-marche-finaliste-2021\/","title":{"rendered":"Finaliste de l\u2019\u00c9ducation du march\u00e9 (2021)"},"content":{"rendered":"<p><img decoding=\"async\" loading=\"lazy\" class=\" wp-image-43189 aligncenter\" src=\"https:\/\/www.riacanada.ca\/content\/uploads\/2018\/10\/d15-desjardins-logo-rgb-1.png\" alt=\"\" width=\"353\" height=\"108\" srcset=\"https:\/\/www.riacanada.ca\/content\/uploads\/2018\/10\/d15-desjardins-logo-rgb-1.png 1373w, https:\/\/www.riacanada.ca\/content\/uploads\/2018\/10\/d15-desjardins-logo-rgb-1-500x153.png 500w, https:\/\/www.riacanada.ca\/content\/uploads\/2018\/10\/d15-desjardins-logo-rgb-1-768x234.png 768w, https:\/\/www.riacanada.ca\/content\/uploads\/2018\/10\/d15-desjardins-logo-rgb-1-1000x305.png 1000w\" sizes=\"(max-width: 353px) 100vw, 353px\" \/><\/p>\n<p style=\"text-align: center;\"><strong>Desjardins<\/strong><\/p>\n<p style=\"text-align: center;\"><strong><i>Projet :<\/i> Le Programme de certification d\u2019IR : Permettre aux conseillers d\u2019int\u00e9grer l\u2019IR \u00e0 leur pratique et d\u2019\u00e9duquer leurs clients<\/strong><\/p>\n<p style=\"text-align: left;\">Les r\u00e9sultats d\u2019un sondage men\u00e9 par Desjardins \u00e0 la fin de 2018 ont confirm\u00e9 ce qui \u00e9tait d\u00e9j\u00e0 observ\u00e9 dans l\u2019industrie depuis quelques ann\u00e9es. Seulement un investisseur canadien sur deux conna\u00eet l\u2019IR, mais lorsqu\u2019il entend parler de ce type d\u2019investissement, 63 % incluraient l\u2019IR dans leur portefeuille. Pourtant, seulement 14 % des conseillers en placement (CP) ont parl\u00e9 de l\u2019IR avec leurs clients.<\/p>\n<p style=\"text-align: left;\">En tant que pionnier et chef de file de l\u2019IR, nous pensons que nous devrions soutenir l\u2019\u00e9ducation des conseillers et des investisseurs pour accro\u00eetre la sensibilisation et la compr\u00e9hension, afin que les CP puissent offrir \u00e0 leurs clients une solution de placement qui r\u00e9pond vraiment \u00e0 leurs besoins pour gagner de l\u2019argent et faire en sorte que leur argent compte.<\/p>\n<p style=\"text-align: left;\">Le Programme de certification IR Desjardins (PCIR) est un programme d\u2019une demi-journ\u00e9e qui donne un aper\u00e7u de l\u2019un des segments les plus dynamiques du march\u00e9 des placements. Il pr\u00e9cise en quoi l\u2019IR repr\u00e9sente une opportunit\u00e9 pour les CP, quelle est la valeur ajout\u00e9e de l\u2019IR en termes de rendement financier et extra-financier et approfondit une strat\u00e9gie sp\u00e9cifique pr\u00e9sent\u00e9e par l\u2019un de nos gestionnaires de portefeuille IR.<\/p>\n<p style=\"text-align: left;\">Le PCIR a rejoint plus de 800 conseillers de l\u2019OCRCVM, de l\u2019ACFM et de l\u2019AGA provenant de douzaines de firmes diff\u00e9rentes dans toutes les provinces.<\/p>\n<p style=\"text-align: left;\">En plus d\u2019\u00e9duquer les CP, nous les \u00e9quipons afin qu\u2019ils puissent, \u00e0 leur tour, \u00e9duquer et responsabiliser leurs clients avec l\u2019IR. Nous avons mis sur pied une bo\u00eete \u00e0 outils \u00e0 la disposition de tous les CP afin de les aider \u00e0 int\u00e9grer l\u2019IR dans la conversation client. Elle comprend la possibilit\u00e9 d\u2019h\u00e9berger des s\u00e9minaires clients \u00e9ducatifs cl\u00e9s en main o\u00f9 nous offrons un soutien logistique, du contenu et un conf\u00e9rencier. Le s\u00e9minaire a touch\u00e9 plus de 2000 clients.<\/p>\n<p style=\"text-align: left;\">Les fiches de pointage des gagnants et des finalistes sont disponibles <a href=\"https:\/\/www.riacanada.ca\/content\/uploads\/2021\/06\/2021-Individual-Scorecards_Market-Education_PUBLIC.pdf\">ici<\/a>.<\/p>\n<p style=\"text-align: left;\"><a href=\"https:\/\/www.riacanada.ca\/fr\/news\/prix-du-leadership-de-lair-2021-gagnants-et-finalistes\/\">En savoir plus sur les Prix du leadership de l\u2019AIR 2021.<\/a><\/p>\n","protected":false},"excerpt":{"rendered":"<p>Desjardins Projet : Le Programme de certification d\u2019IR : Permettre aux conseillers d\u2019int\u00e9grer l\u2019IR \u00e0 leur pratique et d\u2019\u00e9duquer leurs clients Les r\u00e9sultats d\u2019un sondage men\u00e9 par Desjardins \u00e0 la fin de 2018 ont confirm\u00e9 ce qui \u00e9tait d\u00e9j\u00e0 observ\u00e9 dans l\u2019industrie depuis quelques ann\u00e9es. Seulement un investisseur canadien sur deux conna\u00eet l\u2019IR, mais lorsqu\u2019il [&hellip;]<\/p>\n","protected":false},"author":7472,"featured_media":0,"parent":0,"menu_order":0,"comment_status":"closed","ping_status":"closed","template":"","meta":{"footnotes":""},"acf":[],"yoast_head":"<!-- This site is optimized with the Yoast SEO plugin v21.0 - https:\/\/yoast.com\/wordpress\/plugins\/seo\/ -->\n<title>Finaliste de l\u2019\u00c9ducation du march\u00e9 (2021) - Responsible Investment Association<\/title>\n<meta name=\"robots\" content=\"index, follow, max-snippet:-1, max-image-preview:large, max-video-preview:-1\" \/>\n<link rel=\"canonical\" href=\"https:\/\/www.riacanada.ca\/fr\/education-du-marche-finaliste-2021\/\" \/>\n<meta property=\"og:locale\" content=\"fr_FR\" \/>\n<meta property=\"og:type\" content=\"article\" \/>\n<meta property=\"og:title\" content=\"Finaliste de l\u2019\u00c9ducation du march\u00e9 (2021) - Responsible Investment Association\" \/>\n<meta property=\"og:description\" content=\"Desjardins Projet : Le Programme de certification d\u2019IR : Permettre aux conseillers d\u2019int\u00e9grer l\u2019IR \u00e0 leur pratique et d\u2019\u00e9duquer leurs clients Les r\u00e9sultats d\u2019un sondage men\u00e9 par Desjardins \u00e0 la fin de 2018 ont confirm\u00e9 ce qui \u00e9tait d\u00e9j\u00e0 observ\u00e9 dans l\u2019industrie depuis quelques ann\u00e9es. Seulement un investisseur canadien sur deux conna\u00eet l\u2019IR, mais lorsqu\u2019il [&hellip;]\" \/>\n<meta property=\"og:url\" content=\"https:\/\/www.riacanada.ca\/fr\/education-du-marche-finaliste-2021\/\" \/>\n<meta property=\"og:site_name\" content=\"Responsible Investment Association\" \/>\n<meta property=\"article:modified_time\" content=\"2021-06-09T14:06:08+00:00\" \/>\n<meta property=\"og:image\" content=\"https:\/\/www.riacanada.ca\/content\/uploads\/2018\/10\/d15-desjardins-logo-rgb-1.png\" \/>\n<meta name=\"twitter:card\" content=\"summary_large_image\" \/>\n<meta name=\"twitter:label1\" content=\"Est. reading time\" \/>\n\t<meta name=\"twitter:data1\" content=\"2 minutes\" \/>\n<script type=\"application\/ld+json\" class=\"yoast-schema-graph\">{\"@context\":\"https:\/\/schema.org\",\"@graph\":[{\"@type\":\"WebPage\",\"@id\":\"https:\/\/www.riacanada.ca\/fr\/education-du-marche-finaliste-2021\/\",\"url\":\"https:\/\/www.riacanada.ca\/fr\/education-du-marche-finaliste-2021\/\",\"name\":\"Finaliste de l\u2019\u00c9ducation du march\u00e9 (2021) - Responsible Investment Association\",\"isPartOf\":{\"@id\":\"https:\/\/www.riacanada.ca\/fr\/#website\"},\"datePublished\":\"2021-06-07T14:13:09+00:00\",\"dateModified\":\"2021-06-09T14:06:08+00:00\",\"breadcrumb\":{\"@id\":\"https:\/\/www.riacanada.ca\/fr\/education-du-marche-finaliste-2021\/#breadcrumb\"},\"inLanguage\":\"fr-CA\",\"potentialAction\":[{\"@type\":\"ReadAction\",\"target\":[\"https:\/\/www.riacanada.ca\/fr\/education-du-marche-finaliste-2021\/\"]}]},{\"@type\":\"BreadcrumbList\",\"@id\":\"https:\/\/www.riacanada.ca\/fr\/education-du-marche-finaliste-2021\/#breadcrumb\",\"itemListElement\":[{\"@type\":\"ListItem\",\"position\":1,\"name\":\"Home\",\"item\":\"https:\/\/www.riacanada.ca\/fr\/\"},{\"@type\":\"ListItem\",\"position\":2,\"name\":\"Finaliste de l\u2019\u00c9ducation du march\u00e9 (2021)\"}]},{\"@type\":\"WebSite\",\"@id\":\"https:\/\/www.riacanada.ca\/fr\/#website\",\"url\":\"https:\/\/www.riacanada.ca\/fr\/\",\"name\":\"Responsible Investment Association\",\"description\":\"Canada&#039;s membership network for responsible investment\",\"potentialAction\":[{\"@type\":\"SearchAction\",\"target\":{\"@type\":\"EntryPoint\",\"urlTemplate\":\"https:\/\/www.riacanada.ca\/fr\/?s={search_term_string}\"},\"query-input\":\"required name=search_term_string\"}],\"inLanguage\":\"fr-CA\"}]}<\/script>\n<!-- \/ Yoast SEO plugin. -->","yoast_head_json":{"title":"Finaliste de l\u2019\u00c9ducation du march\u00e9 (2021) - Responsible Investment Association","robots":{"index":"index","follow":"follow","max-snippet":"max-snippet:-1","max-image-preview":"max-image-preview:large","max-video-preview":"max-video-preview:-1"},"canonical":"https:\/\/www.riacanada.ca\/fr\/education-du-marche-finaliste-2021\/","og_locale":"fr_FR","og_type":"article","og_title":"Finaliste de l\u2019\u00c9ducation du march\u00e9 (2021) - Responsible Investment Association","og_description":"Desjardins Projet : Le Programme de certification d\u2019IR : Permettre aux conseillers d\u2019int\u00e9grer l\u2019IR \u00e0 leur pratique et d\u2019\u00e9duquer leurs clients Les r\u00e9sultats d\u2019un sondage men\u00e9 par Desjardins \u00e0 la fin de 2018 ont confirm\u00e9 ce qui \u00e9tait d\u00e9j\u00e0 observ\u00e9 dans l\u2019industrie depuis quelques ann\u00e9es. Seulement un investisseur canadien sur deux conna\u00eet l\u2019IR, mais lorsqu\u2019il [&hellip;]","og_url":"https:\/\/www.riacanada.ca\/fr\/education-du-marche-finaliste-2021\/","og_site_name":"Responsible Investment Association","article_modified_time":"2021-06-09T14:06:08+00:00","og_image":[{"url":"https:\/\/www.riacanada.ca\/content\/uploads\/2018\/10\/d15-desjardins-logo-rgb-1.png"}],"twitter_card":"summary_large_image","twitter_misc":{"Est. reading time":"2 minutes"},"schema":{"@context":"https:\/\/schema.org","@graph":[{"@type":"WebPage","@id":"https:\/\/www.riacanada.ca\/fr\/education-du-marche-finaliste-2021\/","url":"https:\/\/www.riacanada.ca\/fr\/education-du-marche-finaliste-2021\/","name":"Finaliste de l\u2019\u00c9ducation du march\u00e9 (2021) - Responsible Investment Association","isPartOf":{"@id":"https:\/\/www.riacanada.ca\/fr\/#website"},"datePublished":"2021-06-07T14:13:09+00:00","dateModified":"2021-06-09T14:06:08+00:00","breadcrumb":{"@id":"https:\/\/www.riacanada.ca\/fr\/education-du-marche-finaliste-2021\/#breadcrumb"},"inLanguage":"fr-CA","potentialAction":[{"@type":"ReadAction","target":["https:\/\/www.riacanada.ca\/fr\/education-du-marche-finaliste-2021\/"]}]},{"@type":"BreadcrumbList","@id":"https:\/\/www.riacanada.ca\/fr\/education-du-marche-finaliste-2021\/#breadcrumb","itemListElement":[{"@type":"ListItem","position":1,"name":"Home","item":"https:\/\/www.riacanada.ca\/fr\/"},{"@type":"ListItem","position":2,"name":"Finaliste de l\u2019\u00c9ducation du march\u00e9 (2021)"}]},{"@type":"WebSite","@id":"https:\/\/www.riacanada.ca\/fr\/#website","url":"https:\/\/www.riacanada.ca\/fr\/","name":"Responsible Investment Association","description":"Canada&#039;s membership network for responsible investment","potentialAction":[{"@type":"SearchAction","target":{"@type":"EntryPoint","urlTemplate":"https:\/\/www.riacanada.ca\/fr\/?s={search_term_string}"},"query-input":"required name=search_term_string"}],"inLanguage":"fr-CA"}]}},"_links":{"self":[{"href":"https:\/\/www.riacanada.ca\/fr\/wp-json\/wp\/v2\/pages\/54439"}],"collection":[{"href":"https:\/\/www.riacanada.ca\/fr\/wp-json\/wp\/v2\/pages"}],"about":[{"href":"https:\/\/www.riacanada.ca\/fr\/wp-json\/wp\/v2\/types\/page"}],"author":[{"embeddable":true,"href":"https:\/\/www.riacanada.ca\/fr\/wp-json\/wp\/v2\/users\/7472"}],"replies":[{"embeddable":true,"href":"https:\/\/www.riacanada.ca\/fr\/wp-json\/wp\/v2\/comments?post=54439"}],"version-history":[{"count":4,"href":"https:\/\/www.riacanada.ca\/fr\/wp-json\/wp\/v2\/pages\/54439\/revisions"}],"predecessor-version":[{"id":54621,"href":"https:\/\/www.riacanada.ca\/fr\/wp-json\/wp\/v2\/pages\/54439\/revisions\/54621"}],"wp:attachment":[{"href":"https:\/\/www.riacanada.ca\/fr\/wp-json\/wp\/v2\/media?parent=54439"}],"curies":[{"name":"wp","href":"https:\/\/api.w.org\/{rel}","templated":true}]}}