{"id":54446,"date":"2021-06-07T10:18:31","date_gmt":"2021-06-07T14:18:31","guid":{"rendered":"https:\/\/www.riacanada.ca\/?page_id=54446"},"modified":"2021-06-09T10:16:51","modified_gmt":"2021-06-09T14:16:51","slug":"gagnant-de-lintegration-2021","status":"publish","type":"page","link":"https:\/\/www.riacanada.ca\/fr\/gagnant-de-lintegration-2021\/","title":{"rendered":"Gagnant de l\u2019Int\u00e9gration (2021)"},"content":{"rendered":"<p><img decoding=\"async\" loading=\"lazy\" class=\" wp-image-54443 aligncenter\" src=\"https:\/\/www.riacanada.ca\/content\/uploads\/2021\/06\/BCI-Logo.png\" alt=\"\" width=\"219\" height=\"103\" \/><\/p>\n<p style=\"text-align: center;\"><strong>British Columbia Investment Management Corporation (BCI)<\/strong><\/p>\n<p style=\"text-align: center;\"><strong><i>Projet :<\/i> Cadre de Gestion des risques et des opportunit\u00e9s ESG de BCI<\/strong><\/p>\n<p style=\"text-align: left;\">Confront\u00e9e au d\u00e9fi d\u2019int\u00e9grer l\u2019analyse ESG dans tous les processus d\u2019investissement et de mesurer et surveiller les implications potentielles des risques et opportunit\u00e9s ESG syst\u00e9miques au niveau du portefeuille total, BCI a d\u00e9velopp\u00e9 un cadre interne de risque et d\u2019opportunit\u00e9 ESG. Son \u00e9laboration s\u2019est d\u00e9roul\u00e9e sur plusieurs ann\u00e9es avec des avanc\u00e9es majeures en 2020 et a impliqu\u00e9 la collaboration entre BCI et les commentaires des clients.<\/p>\n<p style=\"text-align: left;\">Le cadre est utilis\u00e9 pour comprendre les impacts futurs des risques et opportunit\u00e9s ESG syst\u00e9miques sur le portefeuille actuel et pour surveiller l\u2019\u00e9volution de l\u2019exposition \u00e0 ces risques \u00e0 mesure que les strat\u00e9gies d\u2019investissement et les nouvelles d\u00e9cisions d\u2019investissement sont prises en compte. Ainsi, BCI prend des d\u00e9cisions \u00e9clair\u00e9es en mati\u00e8re d\u2019investissement et de politique au profit de ses clients \u00e0 long terme.<\/p>\n<p style=\"text-align: left;\">Le cadre se compose de cinq modules utilis\u00e9s pour (1) identifier les risques syst\u00e9miques importants pour l\u2019ensemble du portefeuille; (2) \u00e9laborer et mettre \u00e0 jour des sc\u00e9narios pour chaque risque syst\u00e9mique important; (3) quantifier l\u2019impact financier des risques syst\u00e9miques sur chaque sous-secteur; (4) quantifier les impacts potentiels des risques financiers sur le portefeuille au fil du temps; et (5) rapporter et diffuser les donn\u00e9es et les r\u00e9sultats pour chaque d\u00e9cision d\u2019investissement. En testant la sensibilit\u00e9 des secteurs et des titres en portefeuille \u00e0 ces risques syst\u00e9miques, nous pouvons \u00e9galement identifier et cibler les domaines d\u2019opportunit\u00e9 qui pourraient \u00eatre avantageux dans diff\u00e9rents sc\u00e9narios. Le cadre est con\u00e7u pour permettre des modifications \u00e0 mesure que de nouvelles informations ou approches deviennent disponibles.<\/p>\n<p style=\"text-align: left;\"><strong><i>Finaliste :<\/i> Fondation Inspirit<\/strong><br \/>\n<strong><i>Titre<\/i> : Portefeuille 100 % d\u2019impact<\/strong><\/p>\n<p style=\"text-align: left;\">Les fiches de pointage des gagnants et des finalistes sont disponibles <a href=\"https:\/\/www.riacanada.ca\/content\/uploads\/2021\/06\/RIA-Awards-Scorecard_Integration_PUBLIC-1.pdf\">ici<\/a>.<\/p>\n<p style=\"text-align: left;\"><a href=\"https:\/\/www.riacanada.ca\/fr\/news\/prix-du-leadership-de-lair-2021-gagnants-et-finalistes\/\">En savoir plus sur les Prix du leadership de l\u2019AIR 2021.<\/a><\/p>\n","protected":false},"excerpt":{"rendered":"<p>British Columbia Investment Management Corporation (BCI) Projet : Cadre de Gestion des risques et des opportunit\u00e9s ESG de BCI Confront\u00e9e au d\u00e9fi d\u2019int\u00e9grer l\u2019analyse ESG dans tous les processus d\u2019investissement et de mesurer et surveiller les implications potentielles des risques et opportunit\u00e9s ESG syst\u00e9miques au niveau du portefeuille total, BCI a d\u00e9velopp\u00e9 un cadre interne [&hellip;]<\/p>\n","protected":false},"author":7472,"featured_media":0,"parent":0,"menu_order":0,"comment_status":"closed","ping_status":"closed","template":"","meta":{"footnotes":""},"acf":[],"yoast_head":"<!-- This site is optimized with the Yoast SEO plugin v21.0 - https:\/\/yoast.com\/wordpress\/plugins\/seo\/ -->\n<title>Gagnant de l\u2019Int\u00e9gration (2021) - Responsible Investment Association<\/title>\n<meta name=\"robots\" content=\"index, follow, max-snippet:-1, max-image-preview:large, max-video-preview:-1\" \/>\n<link rel=\"canonical\" href=\"https:\/\/www.riacanada.ca\/fr\/gagnant-de-lintegration-2021\/\" \/>\n<meta property=\"og:locale\" content=\"fr_FR\" \/>\n<meta property=\"og:type\" content=\"article\" \/>\n<meta property=\"og:title\" content=\"Gagnant de l\u2019Int\u00e9gration (2021) - Responsible Investment Association\" \/>\n<meta property=\"og:description\" content=\"British Columbia Investment Management Corporation (BCI) Projet : Cadre de Gestion des risques et des opportunit\u00e9s ESG de BCI Confront\u00e9e au d\u00e9fi d\u2019int\u00e9grer l\u2019analyse ESG dans tous les processus d\u2019investissement et de mesurer et surveiller les implications potentielles des risques et opportunit\u00e9s ESG syst\u00e9miques au niveau du portefeuille total, BCI a d\u00e9velopp\u00e9 un cadre interne [&hellip;]\" \/>\n<meta property=\"og:url\" content=\"https:\/\/www.riacanada.ca\/fr\/gagnant-de-lintegration-2021\/\" \/>\n<meta property=\"og:site_name\" content=\"Responsible Investment Association\" \/>\n<meta property=\"article:modified_time\" content=\"2021-06-09T14:16:51+00:00\" \/>\n<meta property=\"og:image\" content=\"https:\/\/www.riacanada.ca\/content\/uploads\/2021\/06\/BCI-Logo.png\" \/>\n<meta name=\"twitter:card\" content=\"summary_large_image\" \/>\n<meta name=\"twitter:label1\" content=\"Est. reading time\" \/>\n\t<meta name=\"twitter:data1\" content=\"2 minutes\" \/>\n<script type=\"application\/ld+json\" class=\"yoast-schema-graph\">{\"@context\":\"https:\/\/schema.org\",\"@graph\":[{\"@type\":\"WebPage\",\"@id\":\"https:\/\/www.riacanada.ca\/fr\/gagnant-de-lintegration-2021\/\",\"url\":\"https:\/\/www.riacanada.ca\/fr\/gagnant-de-lintegration-2021\/\",\"name\":\"Gagnant de l\u2019Int\u00e9gration (2021) - Responsible Investment Association\",\"isPartOf\":{\"@id\":\"https:\/\/www.riacanada.ca\/fr\/#website\"},\"datePublished\":\"2021-06-07T14:18:31+00:00\",\"dateModified\":\"2021-06-09T14:16:51+00:00\",\"breadcrumb\":{\"@id\":\"https:\/\/www.riacanada.ca\/fr\/gagnant-de-lintegration-2021\/#breadcrumb\"},\"inLanguage\":\"fr-CA\",\"potentialAction\":[{\"@type\":\"ReadAction\",\"target\":[\"https:\/\/www.riacanada.ca\/fr\/gagnant-de-lintegration-2021\/\"]}]},{\"@type\":\"BreadcrumbList\",\"@id\":\"https:\/\/www.riacanada.ca\/fr\/gagnant-de-lintegration-2021\/#breadcrumb\",\"itemListElement\":[{\"@type\":\"ListItem\",\"position\":1,\"name\":\"Home\",\"item\":\"https:\/\/www.riacanada.ca\/fr\/\"},{\"@type\":\"ListItem\",\"position\":2,\"name\":\"Gagnant de l\u2019Int\u00e9gration (2021)\"}]},{\"@type\":\"WebSite\",\"@id\":\"https:\/\/www.riacanada.ca\/fr\/#website\",\"url\":\"https:\/\/www.riacanada.ca\/fr\/\",\"name\":\"Responsible Investment Association\",\"description\":\"Canada&#039;s membership network for responsible investment\",\"potentialAction\":[{\"@type\":\"SearchAction\",\"target\":{\"@type\":\"EntryPoint\",\"urlTemplate\":\"https:\/\/www.riacanada.ca\/fr\/?s={search_term_string}\"},\"query-input\":\"required name=search_term_string\"}],\"inLanguage\":\"fr-CA\"}]}<\/script>\n<!-- \/ Yoast SEO plugin. -->","yoast_head_json":{"title":"Gagnant de l\u2019Int\u00e9gration (2021) - Responsible Investment Association","robots":{"index":"index","follow":"follow","max-snippet":"max-snippet:-1","max-image-preview":"max-image-preview:large","max-video-preview":"max-video-preview:-1"},"canonical":"https:\/\/www.riacanada.ca\/fr\/gagnant-de-lintegration-2021\/","og_locale":"fr_FR","og_type":"article","og_title":"Gagnant de l\u2019Int\u00e9gration (2021) - Responsible Investment Association","og_description":"British Columbia Investment Management Corporation (BCI) Projet : Cadre de Gestion des risques et des opportunit\u00e9s ESG de BCI Confront\u00e9e au d\u00e9fi d\u2019int\u00e9grer l\u2019analyse ESG dans tous les processus d\u2019investissement et de mesurer et surveiller les implications potentielles des risques et opportunit\u00e9s ESG syst\u00e9miques au niveau du portefeuille total, BCI a d\u00e9velopp\u00e9 un cadre interne [&hellip;]","og_url":"https:\/\/www.riacanada.ca\/fr\/gagnant-de-lintegration-2021\/","og_site_name":"Responsible Investment Association","article_modified_time":"2021-06-09T14:16:51+00:00","og_image":[{"url":"https:\/\/www.riacanada.ca\/content\/uploads\/2021\/06\/BCI-Logo.png"}],"twitter_card":"summary_large_image","twitter_misc":{"Est. reading time":"2 minutes"},"schema":{"@context":"https:\/\/schema.org","@graph":[{"@type":"WebPage","@id":"https:\/\/www.riacanada.ca\/fr\/gagnant-de-lintegration-2021\/","url":"https:\/\/www.riacanada.ca\/fr\/gagnant-de-lintegration-2021\/","name":"Gagnant de l\u2019Int\u00e9gration (2021) - Responsible Investment Association","isPartOf":{"@id":"https:\/\/www.riacanada.ca\/fr\/#website"},"datePublished":"2021-06-07T14:18:31+00:00","dateModified":"2021-06-09T14:16:51+00:00","breadcrumb":{"@id":"https:\/\/www.riacanada.ca\/fr\/gagnant-de-lintegration-2021\/#breadcrumb"},"inLanguage":"fr-CA","potentialAction":[{"@type":"ReadAction","target":["https:\/\/www.riacanada.ca\/fr\/gagnant-de-lintegration-2021\/"]}]},{"@type":"BreadcrumbList","@id":"https:\/\/www.riacanada.ca\/fr\/gagnant-de-lintegration-2021\/#breadcrumb","itemListElement":[{"@type":"ListItem","position":1,"name":"Home","item":"https:\/\/www.riacanada.ca\/fr\/"},{"@type":"ListItem","position":2,"name":"Gagnant de l\u2019Int\u00e9gration (2021)"}]},{"@type":"WebSite","@id":"https:\/\/www.riacanada.ca\/fr\/#website","url":"https:\/\/www.riacanada.ca\/fr\/","name":"Responsible Investment Association","description":"Canada&#039;s membership network for responsible investment","potentialAction":[{"@type":"SearchAction","target":{"@type":"EntryPoint","urlTemplate":"https:\/\/www.riacanada.ca\/fr\/?s={search_term_string}"},"query-input":"required name=search_term_string"}],"inLanguage":"fr-CA"}]}},"_links":{"self":[{"href":"https:\/\/www.riacanada.ca\/fr\/wp-json\/wp\/v2\/pages\/54446"}],"collection":[{"href":"https:\/\/www.riacanada.ca\/fr\/wp-json\/wp\/v2\/pages"}],"about":[{"href":"https:\/\/www.riacanada.ca\/fr\/wp-json\/wp\/v2\/types\/page"}],"author":[{"embeddable":true,"href":"https:\/\/www.riacanada.ca\/fr\/wp-json\/wp\/v2\/users\/7472"}],"replies":[{"embeddable":true,"href":"https:\/\/www.riacanada.ca\/fr\/wp-json\/wp\/v2\/comments?post=54446"}],"version-history":[{"count":3,"href":"https:\/\/www.riacanada.ca\/fr\/wp-json\/wp\/v2\/pages\/54446\/revisions"}],"predecessor-version":[{"id":54624,"href":"https:\/\/www.riacanada.ca\/fr\/wp-json\/wp\/v2\/pages\/54446\/revisions\/54624"}],"wp:attachment":[{"href":"https:\/\/www.riacanada.ca\/fr\/wp-json\/wp\/v2\/media?parent=54446"}],"curies":[{"name":"wp","href":"https:\/\/api.w.org\/{rel}","templated":true}]}}