{"id":54450,"date":"2021-06-07T10:33:35","date_gmt":"2021-06-07T14:33:35","guid":{"rendered":"https:\/\/www.riacanada.ca\/?page_id=54450"},"modified":"2021-06-09T10:37:53","modified_gmt":"2021-06-09T14:37:53","slug":"finaliste-de-lintegration-2021","status":"publish","type":"page","link":"https:\/\/www.riacanada.ca\/fr\/finaliste-de-lintegration-2021\/","title":{"rendered":"Finaliste de l\u2019Int\u00e9gration (2021)"},"content":{"rendered":"<p><img decoding=\"async\" loading=\"lazy\" class=\" wp-image-42456 aligncenter\" src=\"https:\/\/www.riacanada.ca\/content\/uploads\/2020\/06\/Inspirit-Foundation-Logo.png\" alt=\"\" width=\"372\" height=\"124\" srcset=\"https:\/\/www.riacanada.ca\/content\/uploads\/2020\/06\/Inspirit-Foundation-Logo.png 810w, https:\/\/www.riacanada.ca\/content\/uploads\/2020\/06\/Inspirit-Foundation-Logo-500x167.png 500w, https:\/\/www.riacanada.ca\/content\/uploads\/2020\/06\/Inspirit-Foundation-Logo-768x256.png 768w\" sizes=\"(max-width: 372px) 100vw, 372px\" \/><\/p>\n<p style=\"text-align: center;\"><strong>Fondation Inspirit<\/strong><\/p>\n<p style=\"text-align: center;\"><strong><i>Projet<\/i> : Portefeuille 100 % d\u2019impact<\/strong><\/p>\n<p style=\"text-align: left;\">Les fondations au Canada sont tenues d\u2019affecter au moins 3,5 % de leurs actifs chaque ann\u00e9e \u00e0 des activit\u00e9s caritatives. Les 96,5 % restant de l\u2019actif d\u2019une fondation ne doivent pas \u00eatre affect\u00e9s \u00e0 des activit\u00e9s caritatives. Seul le fait de tirer parti de 3,5 % de notre base d\u2019actifs pour le bien public ne nous convenait pas chez Inspirit. Travailler \u00e0 la mission d\u2019inclusion et de pluralisme d\u2019Inspirit n\u00e9cessite de mobiliser notre capital d\u2019investissement. Nous nous engageons \u00e0 avoir un portefeuille \u00e0 100 % d\u2019impact dans le but d\u2019activer l\u2019ensemble de notre base d\u2019actifs afin de poursuivre notre mission organisationnelle. Notre engagement envers un portefeuille \u00e0 100 % d\u2019impact est un imp\u00e9ratif pour cr\u00e9er le changement syst\u00e9mique n\u00e9cessaire \u00e0 la r\u00e9alisation de notre mission.<\/p>\n<p style=\"text-align: left;\">Nous reconnaissons que l\u2019investissement d\u2019impact est un outil important pour contribuer \u00e0 un changement soci\u00e9tal positif. En investissant dans des entreprises dont les valeurs s\u2019alignent sur notre propre mission organisationnelle de pluralisme et d\u2019inclusion, nous pouvons cr\u00e9er un changement syst\u00e9mique indispensable. C\u2019est pourquoi nous nous sommes engag\u00e9s \u00e0 transformer nos actifs en un portefeuille \u00e0 100 % d\u2019impact, o\u00f9 chacun de nos investissements g\u00e9n\u00e8re un impact social et environnemental positif. En prenant cet engagement, nous croyons pouvoir utiliser nos actifs pour g\u00e9n\u00e9rer des rendements financiers.<\/p>\n<p style=\"text-align: left;\">\u00c0 la fin de 2019, 77 % de notre portefeuille a \u00e9t\u00e9 transf\u00e9r\u00e9 afin d\u2019accro\u00eetre son impact. Fin 2020, 98 % de notre portefeuille pourrait \u00eatre class\u00e9 comme des investissements d\u2019impact. Gr\u00e2ce \u00e0 nos placements d\u2019impact, notre portefeuille a financi\u00e8rement surclass\u00e9 l\u2019indice de r\u00e9f\u00e9rence de plus de 7 % au cours de l\u2019exercice. C\u2019est beaucoup!<\/p>\n<p style=\"text-align: left;\">Les fiches de pointage des gagnants et des finalistes sont disponibles <a href=\"https:\/\/www.riacanada.ca\/content\/uploads\/2021\/06\/RIA-Awards-Scorecard_Integration_PUBLIC-1.pdf\">ici<\/a>.<\/p>\n<p style=\"text-align: left;\"><a href=\"https:\/\/www.riacanada.ca\/fr\/news\/prix-du-leadership-de-lair-2021-gagnants-et-finalistes\/\">En savoir plus sur les Prix du leadership de l\u2019AIR 2021.<\/a><\/p>\n","protected":false},"excerpt":{"rendered":"<p>Fondation Inspirit Projet : Portefeuille 100 % d\u2019impact Les fondations au Canada sont tenues d\u2019affecter au moins 3,5 % de leurs actifs chaque ann\u00e9e \u00e0 des activit\u00e9s caritatives. Les 96,5 % restant de l\u2019actif d\u2019une fondation ne doivent pas \u00eatre affect\u00e9s \u00e0 des activit\u00e9s caritatives. Seul le fait de tirer parti de 3,5 % de [&hellip;]<\/p>\n","protected":false},"author":7472,"featured_media":0,"parent":0,"menu_order":0,"comment_status":"closed","ping_status":"closed","template":"","meta":{"footnotes":""},"acf":[],"yoast_head":"<!-- This site is optimized with the Yoast SEO plugin v21.0 - https:\/\/yoast.com\/wordpress\/plugins\/seo\/ -->\n<title>Finaliste de l\u2019Int\u00e9gration (2021) - Responsible Investment Association<\/title>\n<meta name=\"robots\" content=\"index, follow, max-snippet:-1, max-image-preview:large, max-video-preview:-1\" \/>\n<link rel=\"canonical\" href=\"https:\/\/www.riacanada.ca\/fr\/finaliste-de-lintegration-2021\/\" \/>\n<meta property=\"og:locale\" content=\"fr_FR\" \/>\n<meta property=\"og:type\" content=\"article\" \/>\n<meta property=\"og:title\" content=\"Finaliste de l\u2019Int\u00e9gration (2021) - Responsible Investment Association\" \/>\n<meta property=\"og:description\" content=\"Fondation Inspirit Projet : Portefeuille 100 % d\u2019impact Les fondations au Canada sont tenues d\u2019affecter au moins 3,5 % de leurs actifs chaque ann\u00e9e \u00e0 des activit\u00e9s caritatives. Les 96,5 % restant de l\u2019actif d\u2019une fondation ne doivent pas \u00eatre affect\u00e9s \u00e0 des activit\u00e9s caritatives. Seul le fait de tirer parti de 3,5 % de [&hellip;]\" \/>\n<meta property=\"og:url\" content=\"https:\/\/www.riacanada.ca\/fr\/finaliste-de-lintegration-2021\/\" \/>\n<meta property=\"og:site_name\" content=\"Responsible Investment Association\" \/>\n<meta property=\"article:modified_time\" content=\"2021-06-09T14:37:53+00:00\" \/>\n<meta property=\"og:image\" content=\"https:\/\/www.riacanada.ca\/content\/uploads\/2020\/06\/Inspirit-Foundation-Logo.png\" \/>\n<meta name=\"twitter:card\" content=\"summary_large_image\" \/>\n<meta name=\"twitter:label1\" content=\"Dur\u00e9e de lecture estim\u00e9e\" \/>\n\t<meta name=\"twitter:data1\" content=\"2 minutes\" \/>\n<script type=\"application\/ld+json\" class=\"yoast-schema-graph\">{\"@context\":\"https:\/\/schema.org\",\"@graph\":[{\"@type\":\"WebPage\",\"@id\":\"https:\/\/www.riacanada.ca\/fr\/finaliste-de-lintegration-2021\/\",\"url\":\"https:\/\/www.riacanada.ca\/fr\/finaliste-de-lintegration-2021\/\",\"name\":\"Finaliste de l\u2019Int\u00e9gration (2021) - Responsible Investment Association\",\"isPartOf\":{\"@id\":\"https:\/\/www.riacanada.ca\/fr\/#website\"},\"datePublished\":\"2021-06-07T14:33:35+00:00\",\"dateModified\":\"2021-06-09T14:37:53+00:00\",\"breadcrumb\":{\"@id\":\"https:\/\/www.riacanada.ca\/fr\/finaliste-de-lintegration-2021\/#breadcrumb\"},\"inLanguage\":\"fr-FR\",\"potentialAction\":[{\"@type\":\"ReadAction\",\"target\":[\"https:\/\/www.riacanada.ca\/fr\/finaliste-de-lintegration-2021\/\"]}]},{\"@type\":\"BreadcrumbList\",\"@id\":\"https:\/\/www.riacanada.ca\/fr\/finaliste-de-lintegration-2021\/#breadcrumb\",\"itemListElement\":[{\"@type\":\"ListItem\",\"position\":1,\"name\":\"Home\",\"item\":\"https:\/\/www.riacanada.ca\/fr\/\"},{\"@type\":\"ListItem\",\"position\":2,\"name\":\"Finaliste de l\u2019Int\u00e9gration (2021)\"}]},{\"@type\":\"WebSite\",\"@id\":\"https:\/\/www.riacanada.ca\/fr\/#website\",\"url\":\"https:\/\/www.riacanada.ca\/fr\/\",\"name\":\"Responsible Investment Association\",\"description\":\"Canada&#039;s membership network for responsible investment\",\"potentialAction\":[{\"@type\":\"SearchAction\",\"target\":{\"@type\":\"EntryPoint\",\"urlTemplate\":\"https:\/\/www.riacanada.ca\/fr\/?s={search_term_string}\"},\"query-input\":\"required name=search_term_string\"}],\"inLanguage\":\"fr-FR\"}]}<\/script>\n<!-- \/ Yoast SEO plugin. -->","yoast_head_json":{"title":"Finaliste de l\u2019Int\u00e9gration (2021) - Responsible Investment Association","robots":{"index":"index","follow":"follow","max-snippet":"max-snippet:-1","max-image-preview":"max-image-preview:large","max-video-preview":"max-video-preview:-1"},"canonical":"https:\/\/www.riacanada.ca\/fr\/finaliste-de-lintegration-2021\/","og_locale":"fr_FR","og_type":"article","og_title":"Finaliste de l\u2019Int\u00e9gration (2021) - Responsible Investment Association","og_description":"Fondation Inspirit Projet : Portefeuille 100 % d\u2019impact Les fondations au Canada sont tenues d\u2019affecter au moins 3,5 % de leurs actifs chaque ann\u00e9e \u00e0 des activit\u00e9s caritatives. Les 96,5 % restant de l\u2019actif d\u2019une fondation ne doivent pas \u00eatre affect\u00e9s \u00e0 des activit\u00e9s caritatives. Seul le fait de tirer parti de 3,5 % de [&hellip;]","og_url":"https:\/\/www.riacanada.ca\/fr\/finaliste-de-lintegration-2021\/","og_site_name":"Responsible Investment Association","article_modified_time":"2021-06-09T14:37:53+00:00","og_image":[{"url":"https:\/\/www.riacanada.ca\/content\/uploads\/2020\/06\/Inspirit-Foundation-Logo.png"}],"twitter_card":"summary_large_image","twitter_misc":{"Dur\u00e9e de lecture estim\u00e9e":"2 minutes"},"schema":{"@context":"https:\/\/schema.org","@graph":[{"@type":"WebPage","@id":"https:\/\/www.riacanada.ca\/fr\/finaliste-de-lintegration-2021\/","url":"https:\/\/www.riacanada.ca\/fr\/finaliste-de-lintegration-2021\/","name":"Finaliste de l\u2019Int\u00e9gration (2021) - Responsible Investment Association","isPartOf":{"@id":"https:\/\/www.riacanada.ca\/fr\/#website"},"datePublished":"2021-06-07T14:33:35+00:00","dateModified":"2021-06-09T14:37:53+00:00","breadcrumb":{"@id":"https:\/\/www.riacanada.ca\/fr\/finaliste-de-lintegration-2021\/#breadcrumb"},"inLanguage":"fr-FR","potentialAction":[{"@type":"ReadAction","target":["https:\/\/www.riacanada.ca\/fr\/finaliste-de-lintegration-2021\/"]}]},{"@type":"BreadcrumbList","@id":"https:\/\/www.riacanada.ca\/fr\/finaliste-de-lintegration-2021\/#breadcrumb","itemListElement":[{"@type":"ListItem","position":1,"name":"Home","item":"https:\/\/www.riacanada.ca\/fr\/"},{"@type":"ListItem","position":2,"name":"Finaliste de l\u2019Int\u00e9gration (2021)"}]},{"@type":"WebSite","@id":"https:\/\/www.riacanada.ca\/fr\/#website","url":"https:\/\/www.riacanada.ca\/fr\/","name":"Responsible Investment Association","description":"Canada&#039;s membership network for responsible investment","potentialAction":[{"@type":"SearchAction","target":{"@type":"EntryPoint","urlTemplate":"https:\/\/www.riacanada.ca\/fr\/?s={search_term_string}"},"query-input":"required name=search_term_string"}],"inLanguage":"fr-FR"}]}},"_links":{"self":[{"href":"https:\/\/www.riacanada.ca\/fr\/wp-json\/wp\/v2\/pages\/54450"}],"collection":[{"href":"https:\/\/www.riacanada.ca\/fr\/wp-json\/wp\/v2\/pages"}],"about":[{"href":"https:\/\/www.riacanada.ca\/fr\/wp-json\/wp\/v2\/types\/page"}],"author":[{"embeddable":true,"href":"https:\/\/www.riacanada.ca\/fr\/wp-json\/wp\/v2\/users\/7472"}],"replies":[{"embeddable":true,"href":"https:\/\/www.riacanada.ca\/fr\/wp-json\/wp\/v2\/comments?post=54450"}],"version-history":[{"count":3,"href":"https:\/\/www.riacanada.ca\/fr\/wp-json\/wp\/v2\/pages\/54450\/revisions"}],"predecessor-version":[{"id":54629,"href":"https:\/\/www.riacanada.ca\/fr\/wp-json\/wp\/v2\/pages\/54450\/revisions\/54629"}],"wp:attachment":[{"href":"https:\/\/www.riacanada.ca\/fr\/wp-json\/wp\/v2\/media?parent=54450"}],"curies":[{"name":"wp","href":"https:\/\/api.w.org\/{rel}","templated":true}]}}