{"id":54455,"date":"2021-06-07T10:25:00","date_gmt":"2021-06-07T14:25:00","guid":{"rendered":"https:\/\/www.riacanada.ca\/?page_id=54455"},"modified":"2021-06-09T10:36:40","modified_gmt":"2021-06-09T14:36:40","slug":"gagnant-de-lintendance-2021","status":"publish","type":"page","link":"https:\/\/www.riacanada.ca\/fr\/gagnant-de-lintendance-2021\/","title":{"rendered":"Gagnant de l\u2019Intendance (2021)"},"content":{"rendered":"<p><img decoding=\"async\" loading=\"lazy\" class=\"wp-image-54561 aligncenter\" src=\"https:\/\/www.riacanada.ca\/content\/uploads\/2021\/06\/BMOGAM_STACKED1_T2_F.jpg\" alt=\"\" width=\"238\" height=\"166\" srcset=\"https:\/\/www.riacanada.ca\/content\/uploads\/2021\/06\/BMOGAM_STACKED1_T2_F.jpg 1160w, https:\/\/www.riacanada.ca\/content\/uploads\/2021\/06\/BMOGAM_STACKED1_T2_F-500x348.jpg 500w, https:\/\/www.riacanada.ca\/content\/uploads\/2021\/06\/BMOGAM_STACKED1_T2_F-768x535.jpg 768w, https:\/\/www.riacanada.ca\/content\/uploads\/2021\/06\/BMOGAM_STACKED1_T2_F-1000x697.jpg 1000w\" sizes=\"(max-width: 238px) 100vw, 238px\" \/><\/p>\n<p style=\"text-align: center;\"><strong>BMO Gestion mondiale d\u2019actifs<\/strong><\/p>\n<p style=\"text-align: center;\"><strong><i>Projet :<\/i> Engagement envers la diversit\u00e9 et l\u2019inclusion (D&amp;I) au Canada : aller au-del\u00e0 du genre<\/strong><\/p>\n<p style=\"text-align: left;\">Faire bouger les choses : alors que les efforts de D&amp;I se sont acc\u00e9l\u00e9r\u00e9s \u00e0 l\u2019\u00e9chelle mondiale en 2020, nous avons men\u00e9 la charge en soutenant les meilleures pratiques du nouveau mandat de la Loi canadienne sur les soci\u00e9t\u00e9s par actions (LCSA) et en nous engageant activement aupr\u00e8s des \u00e9metteurs inscrits au Canada pour une divulgation plus large des donn\u00e9es sur la diversit\u00e9.<\/p>\n<p style=\"text-align: left;\">Approche proactive en quatre volets : \u00e9largir la D&amp;I au-del\u00e0 du genre \u00e0 lui seul et faire progresser le march\u00e9 canadien en s\u2019engageant avec :<\/p>\n<ol style=\"text-align: left;\">\n<li>94 entreprises canadiennes sur les progr\u00e8s en mati\u00e8re de diversit\u00e9\u2009; 102 activit\u00e9s de mobilisation ayant un impact. Cela comprenait des demandes effectu\u00e9es aupr\u00e8s de certaines entreprises afin qu\u2019elles divulguent des donn\u00e9es sur la diversit\u00e9 et l\u2019\u00e9quit\u00e9 de la main-d\u2019\u0153uvre dans le cadre de l\u2019Initiative de divulgation de la main-d\u2019\u0153uvre (IDH).<\/li>\n<li>Les d\u00e9cideurs, comme le Groupe de travail sur la modernisation relative aux march\u00e9s des capitaux de l\u2019Ontario, doivent tenir compte d\u2019un contexte plus large.<\/li>\n<li>Des pairs gr\u00e2ce \u00e0 la collaboration (p. ex., co-r\u00e9daction de la D\u00e9claration des investisseurs canadiens sur la D&amp;I\u2009; U. S. Racial Justice Investing coalition\u2009; WDI).<\/li>\n<li>Les fournisseurs de services sur la fa\u00e7on de d\u00e9clarer des donn\u00e9es ethniques et raciales robustes.<\/li>\n<\/ol>\n<p style=\"text-align: left;\">Leadership \u00e9clair\u00e9 en mati\u00e8re de D&amp;I : communiqu\u00e9 aux parties prenantes par le biais de r\u00e9unions, de publications sur le leadership \u00e9clair\u00e9 et de webinaires, soutenus par des recherches sp\u00e9cialis\u00e9es exclusives et l\u2019\u00e9quipe d\u2019investissement responsable (IR) de BMO<\/p>\n<p style=\"text-align: left;\">Objectif g\u00e9n\u00e9ral (2020-2022) : cr\u00e9er des progr\u00e8s tangibles en mati\u00e8re de diversit\u00e9 au-del\u00e0 du genre au sein des conseils d\u2019administration et de la haute direction des soci\u00e9t\u00e9s \u00e9mettrices, cr\u00e9er en toute confiance des directives de vote sur la diversit\u00e9 au-del\u00e0 du genre pour le march\u00e9 canadien, d\u00e9velopper une strat\u00e9gie d\u2019engagement D&amp;I compl\u00e8te pour refl\u00e9ter l\u2019expansion de l\u2019\u00e9cole de la pens\u00e9e.<\/p>\n<p style=\"text-align: left;\"><strong><i>Finaliste<\/i> : British Columbia Investment Management Corporation (BCI)<\/strong><br \/>\n<strong><i>Projet<\/i> : L\u2019intendance de premier plan de BCI en mati\u00e8re de gouvernance du conseil d\u2019administration et de pratiques de divulgation li\u00e9es au climat<\/strong><\/p>\n<p style=\"text-align: left;\">Les fiches de pointage des gagnants et des finalistes sont disponibles <a href=\"https:\/\/www.riacanada.ca\/content\/uploads\/2021\/06\/2021-Individual-Scorecards_Stewardship_PUBLIC.pdf\">ici<\/a>.<\/p>\n<p style=\"text-align: left;\"><a href=\"https:\/\/www.riacanada.ca\/fr\/news\/prix-du-leadership-de-lair-2021-gagnants-et-finalistes\/\">En savoir plus sur les Prix du leadership de l\u2019AIR 2021.<\/a><\/p>\n","protected":false},"excerpt":{"rendered":"<p>BMO Gestion mondiale d\u2019actifs Projet : Engagement envers la diversit\u00e9 et l\u2019inclusion (D&amp;I) au Canada : aller au-del\u00e0 du genre Faire bouger les choses : alors que les efforts de D&amp;I se sont acc\u00e9l\u00e9r\u00e9s \u00e0 l\u2019\u00e9chelle mondiale en 2020, nous avons men\u00e9 la charge en soutenant les meilleures pratiques du nouveau mandat de la Loi [&hellip;]<\/p>\n","protected":false},"author":7472,"featured_media":0,"parent":0,"menu_order":0,"comment_status":"closed","ping_status":"closed","template":"","meta":{"footnotes":""},"acf":[],"yoast_head":"<!-- This site is optimized with the Yoast SEO plugin v21.0 - https:\/\/yoast.com\/wordpress\/plugins\/seo\/ -->\n<title>Gagnant de l\u2019Intendance (2021) - Responsible Investment Association<\/title>\n<meta name=\"robots\" content=\"index, follow, max-snippet:-1, max-image-preview:large, max-video-preview:-1\" \/>\n<link rel=\"canonical\" href=\"https:\/\/www.riacanada.ca\/fr\/gagnant-de-lintendance-2021\/\" \/>\n<meta property=\"og:locale\" content=\"fr_FR\" \/>\n<meta property=\"og:type\" content=\"article\" \/>\n<meta property=\"og:title\" content=\"Gagnant de l\u2019Intendance (2021) - Responsible Investment Association\" \/>\n<meta property=\"og:description\" content=\"BMO Gestion mondiale d\u2019actifs Projet : Engagement envers la diversit\u00e9 et l\u2019inclusion (D&amp;I) au Canada : aller au-del\u00e0 du genre Faire bouger les choses : alors que les efforts de D&amp;I se sont acc\u00e9l\u00e9r\u00e9s \u00e0 l\u2019\u00e9chelle mondiale en 2020, nous avons men\u00e9 la charge en soutenant les meilleures pratiques du nouveau mandat de la Loi [&hellip;]\" \/>\n<meta property=\"og:url\" content=\"https:\/\/www.riacanada.ca\/fr\/gagnant-de-lintendance-2021\/\" \/>\n<meta property=\"og:site_name\" content=\"Responsible Investment Association\" \/>\n<meta property=\"article:modified_time\" content=\"2021-06-09T14:36:40+00:00\" \/>\n<meta property=\"og:image\" content=\"https:\/\/www.riacanada.ca\/content\/uploads\/2021\/06\/BMOGAM_STACKED1_T2_F.jpg\" \/>\n<meta name=\"twitter:card\" content=\"summary_large_image\" \/>\n<meta name=\"twitter:label1\" content=\"Est. reading time\" \/>\n\t<meta name=\"twitter:data1\" content=\"2 minutes\" \/>\n<script type=\"application\/ld+json\" class=\"yoast-schema-graph\">{\"@context\":\"https:\/\/schema.org\",\"@graph\":[{\"@type\":\"WebPage\",\"@id\":\"https:\/\/www.riacanada.ca\/fr\/gagnant-de-lintendance-2021\/\",\"url\":\"https:\/\/www.riacanada.ca\/fr\/gagnant-de-lintendance-2021\/\",\"name\":\"Gagnant de l\u2019Intendance (2021) - Responsible Investment Association\",\"isPartOf\":{\"@id\":\"https:\/\/www.riacanada.ca\/fr\/#website\"},\"datePublished\":\"2021-06-07T14:25:00+00:00\",\"dateModified\":\"2021-06-09T14:36:40+00:00\",\"breadcrumb\":{\"@id\":\"https:\/\/www.riacanada.ca\/fr\/gagnant-de-lintendance-2021\/#breadcrumb\"},\"inLanguage\":\"fr-CA\",\"potentialAction\":[{\"@type\":\"ReadAction\",\"target\":[\"https:\/\/www.riacanada.ca\/fr\/gagnant-de-lintendance-2021\/\"]}]},{\"@type\":\"BreadcrumbList\",\"@id\":\"https:\/\/www.riacanada.ca\/fr\/gagnant-de-lintendance-2021\/#breadcrumb\",\"itemListElement\":[{\"@type\":\"ListItem\",\"position\":1,\"name\":\"Home\",\"item\":\"https:\/\/www.riacanada.ca\/fr\/\"},{\"@type\":\"ListItem\",\"position\":2,\"name\":\"Gagnant de l\u2019Intendance (2021)\"}]},{\"@type\":\"WebSite\",\"@id\":\"https:\/\/www.riacanada.ca\/fr\/#website\",\"url\":\"https:\/\/www.riacanada.ca\/fr\/\",\"name\":\"Responsible Investment Association\",\"description\":\"Canada&#039;s membership network for responsible investment\",\"potentialAction\":[{\"@type\":\"SearchAction\",\"target\":{\"@type\":\"EntryPoint\",\"urlTemplate\":\"https:\/\/www.riacanada.ca\/fr\/?s={search_term_string}\"},\"query-input\":\"required name=search_term_string\"}],\"inLanguage\":\"fr-CA\"}]}<\/script>\n<!-- \/ Yoast SEO plugin. -->","yoast_head_json":{"title":"Gagnant de l\u2019Intendance (2021) - Responsible Investment Association","robots":{"index":"index","follow":"follow","max-snippet":"max-snippet:-1","max-image-preview":"max-image-preview:large","max-video-preview":"max-video-preview:-1"},"canonical":"https:\/\/www.riacanada.ca\/fr\/gagnant-de-lintendance-2021\/","og_locale":"fr_FR","og_type":"article","og_title":"Gagnant de l\u2019Intendance (2021) - Responsible Investment Association","og_description":"BMO Gestion mondiale d\u2019actifs Projet : Engagement envers la diversit\u00e9 et l\u2019inclusion (D&amp;I) au Canada : aller au-del\u00e0 du genre Faire bouger les choses : alors que les efforts de D&amp;I se sont acc\u00e9l\u00e9r\u00e9s \u00e0 l\u2019\u00e9chelle mondiale en 2020, nous avons men\u00e9 la charge en soutenant les meilleures pratiques du nouveau mandat de la Loi [&hellip;]","og_url":"https:\/\/www.riacanada.ca\/fr\/gagnant-de-lintendance-2021\/","og_site_name":"Responsible Investment Association","article_modified_time":"2021-06-09T14:36:40+00:00","og_image":[{"url":"https:\/\/www.riacanada.ca\/content\/uploads\/2021\/06\/BMOGAM_STACKED1_T2_F.jpg"}],"twitter_card":"summary_large_image","twitter_misc":{"Est. reading time":"2 minutes"},"schema":{"@context":"https:\/\/schema.org","@graph":[{"@type":"WebPage","@id":"https:\/\/www.riacanada.ca\/fr\/gagnant-de-lintendance-2021\/","url":"https:\/\/www.riacanada.ca\/fr\/gagnant-de-lintendance-2021\/","name":"Gagnant de l\u2019Intendance (2021) - Responsible Investment Association","isPartOf":{"@id":"https:\/\/www.riacanada.ca\/fr\/#website"},"datePublished":"2021-06-07T14:25:00+00:00","dateModified":"2021-06-09T14:36:40+00:00","breadcrumb":{"@id":"https:\/\/www.riacanada.ca\/fr\/gagnant-de-lintendance-2021\/#breadcrumb"},"inLanguage":"fr-CA","potentialAction":[{"@type":"ReadAction","target":["https:\/\/www.riacanada.ca\/fr\/gagnant-de-lintendance-2021\/"]}]},{"@type":"BreadcrumbList","@id":"https:\/\/www.riacanada.ca\/fr\/gagnant-de-lintendance-2021\/#breadcrumb","itemListElement":[{"@type":"ListItem","position":1,"name":"Home","item":"https:\/\/www.riacanada.ca\/fr\/"},{"@type":"ListItem","position":2,"name":"Gagnant de l\u2019Intendance (2021)"}]},{"@type":"WebSite","@id":"https:\/\/www.riacanada.ca\/fr\/#website","url":"https:\/\/www.riacanada.ca\/fr\/","name":"Responsible Investment Association","description":"Canada&#039;s membership network for responsible investment","potentialAction":[{"@type":"SearchAction","target":{"@type":"EntryPoint","urlTemplate":"https:\/\/www.riacanada.ca\/fr\/?s={search_term_string}"},"query-input":"required name=search_term_string"}],"inLanguage":"fr-CA"}]}},"_links":{"self":[{"href":"https:\/\/www.riacanada.ca\/fr\/wp-json\/wp\/v2\/pages\/54455"}],"collection":[{"href":"https:\/\/www.riacanada.ca\/fr\/wp-json\/wp\/v2\/pages"}],"about":[{"href":"https:\/\/www.riacanada.ca\/fr\/wp-json\/wp\/v2\/types\/page"}],"author":[{"embeddable":true,"href":"https:\/\/www.riacanada.ca\/fr\/wp-json\/wp\/v2\/users\/7472"}],"replies":[{"embeddable":true,"href":"https:\/\/www.riacanada.ca\/fr\/wp-json\/wp\/v2\/comments?post=54455"}],"version-history":[{"count":4,"href":"https:\/\/www.riacanada.ca\/fr\/wp-json\/wp\/v2\/pages\/54455\/revisions"}],"predecessor-version":[{"id":54628,"href":"https:\/\/www.riacanada.ca\/fr\/wp-json\/wp\/v2\/pages\/54455\/revisions\/54628"}],"wp:attachment":[{"href":"https:\/\/www.riacanada.ca\/fr\/wp-json\/wp\/v2\/media?parent=54455"}],"curies":[{"name":"wp","href":"https:\/\/api.w.org\/{rel}","templated":true}]}}