{"id":54460,"date":"2021-06-07T10:51:10","date_gmt":"2021-06-07T14:51:10","guid":{"rendered":"https:\/\/www.riacanada.ca\/?page_id=54460"},"modified":"2021-06-09T11:40:44","modified_gmt":"2021-06-09T15:40:44","slug":"finaliste-de-lintendance-2021","status":"publish","type":"page","link":"https:\/\/www.riacanada.ca\/fr\/finaliste-de-lintendance-2021\/","title":{"rendered":"Finaliste de l\u2019Intendance (2021)"},"content":{"rendered":"<p><img decoding=\"async\" loading=\"lazy\" class=\" wp-image-54443 aligncenter\" src=\"https:\/\/www.riacanada.ca\/content\/uploads\/2021\/06\/BCI-Logo.png\" alt=\"\" width=\"226\" height=\"106\" \/><\/p>\n<p style=\"text-align: center;\"><strong>British Columbia Investment Management Corporation (BCI)<\/strong><\/p>\n<p style=\"text-align: center;\"><strong><i>Projet<\/i> : L\u2019intendance de premier plan de BCI en mati\u00e8re de gouvernance du conseil d\u2019administration et de pratiques de divulgation li\u00e9es au climat<\/strong><\/p>\n<p style=\"text-align: left;\">BCI a fait preuve de pratiques d\u2019intendance de premier plan dans son approche d\u2019engagement, qui a fourni des r\u00e9sultats mesurables et des r\u00e9sultats positifs pour faire progresser la mise en \u0153uvre g\u00e9n\u00e9ralis\u00e9e des pratiques ESG. BCI a dirig\u00e9 et particip\u00e9 \u00e0 une grande vari\u00e9t\u00e9 d\u2019activit\u00e9s d\u2019engagement telles que les collaborations directes aupr\u00e8s d\u2019entreprises, diff\u00e9rentes collaborations entre pairs, le vote par procuration et le travail sur les politiques. Pour faire preuve de leadership en mati\u00e8re d\u2019intendance, nous mettrons en \u00e9vidence deux domaines d\u2019int\u00e9r\u00eat pour 2020 : la diversit\u00e9 des sexes au conseil d\u2019administration et la divulgation li\u00e9e au climat.<\/p>\n<p style=\"text-align: left;\">BCI est le pr\u00e9sident du Groupe d\u2019investisseurs de 30 % Club Canada et a jou\u00e9 un r\u00f4le d\u00e9terminant dans l\u2019\u00e9laboration de la D\u00e9claration d\u2019intention des investisseurs du 30 % Club Canada. BCI est \u00e9galement l\u2019un des premiers r\u00e9gimes de retraite \u00e0 utiliser le droit de vote pour encourager une repr\u00e9sentation f\u00e9minine accrue au sein des conseils d\u2019administration et une meilleure divulgation des risques climatiques, comme en t\u00e9moignent les plus r\u00e9centes Lignes directrices sur le vote par procuration, qui ont \u00e9t\u00e9 \u00e9labor\u00e9es en 2020 et publi\u00e9es au d\u00e9but de 2021.<\/p>\n<p style=\"text-align: left;\">BCI a apport\u00e9 des contributions significatives \u00e0 Climate Action 100+, en dirigeant\/co-dirigeant ou en soutenant des engagements aupr\u00e8s de 10 entreprises. Des progr\u00e8s significatifs ont \u00e9t\u00e9 r\u00e9alis\u00e9s dans l\u2019ensemble de l\u2019initiative en 2020 et depuis que BCI a sign\u00e9 en 2017.<\/p>\n<p style=\"text-align: left;\">Dans l\u2019ensemble, BCI estime que la combinaison de toutes les approches d\u2019engagement influence les propri\u00e9taires d\u2019actifs et les investisseurs pour am\u00e9liorer leurs processus ESG et guide les entreprises vers de meilleures pratiques commerciales.<\/p>\n<p style=\"text-align: left;\">Les fiches de pointage des gagnants et des finalistes sont disponibles <a href=\"https:\/\/www.riacanada.ca\/content\/uploads\/2021\/06\/2021-Individual-Scorecards_Stewardship_PUBLIC.pdf\">ici<\/a>.<\/p>\n<p style=\"text-align: left;\"><a href=\"https:\/\/www.riacanada.ca\/fr\/news\/prix-du-leadership-de-lair-2021-gagnants-et-finalistes\/\">En savoir plus sur les Prix du leadership de l\u2019AIR 2021.<\/a><\/p>\n","protected":false},"excerpt":{"rendered":"<p>British Columbia Investment Management Corporation (BCI) Projet : L\u2019intendance de premier plan de BCI en mati\u00e8re de gouvernance du conseil d\u2019administration et de pratiques de divulgation li\u00e9es au climat BCI a fait preuve de pratiques d\u2019intendance de premier plan dans son approche d\u2019engagement, qui a fourni des r\u00e9sultats mesurables et des r\u00e9sultats positifs pour faire [&hellip;]<\/p>\n","protected":false},"author":7472,"featured_media":0,"parent":0,"menu_order":0,"comment_status":"closed","ping_status":"closed","template":"","meta":{"footnotes":""},"acf":[],"yoast_head":"<!-- This site is optimized with the Yoast SEO plugin v21.0 - https:\/\/yoast.com\/wordpress\/plugins\/seo\/ -->\n<title>Finaliste de l\u2019Intendance (2021) - Responsible Investment Association<\/title>\n<meta name=\"robots\" content=\"index, follow, max-snippet:-1, max-image-preview:large, max-video-preview:-1\" \/>\n<link rel=\"canonical\" href=\"https:\/\/www.riacanada.ca\/fr\/finaliste-de-lintendance-2021\/\" \/>\n<meta property=\"og:locale\" content=\"fr_FR\" \/>\n<meta property=\"og:type\" content=\"article\" \/>\n<meta property=\"og:title\" content=\"Finaliste de l\u2019Intendance (2021) - Responsible Investment Association\" \/>\n<meta property=\"og:description\" content=\"British Columbia Investment Management Corporation (BCI) Projet : L\u2019intendance de premier plan de BCI en mati\u00e8re de gouvernance du conseil d\u2019administration et de pratiques de divulgation li\u00e9es au climat BCI a fait preuve de pratiques d\u2019intendance de premier plan dans son approche d\u2019engagement, qui a fourni des r\u00e9sultats mesurables et des r\u00e9sultats positifs pour faire [&hellip;]\" \/>\n<meta property=\"og:url\" content=\"https:\/\/www.riacanada.ca\/fr\/finaliste-de-lintendance-2021\/\" \/>\n<meta property=\"og:site_name\" content=\"Responsible Investment Association\" \/>\n<meta property=\"article:modified_time\" content=\"2021-06-09T15:40:44+00:00\" \/>\n<meta property=\"og:image\" content=\"https:\/\/www.riacanada.ca\/content\/uploads\/2021\/06\/BCI-Logo.png\" \/>\n<meta name=\"twitter:card\" content=\"summary_large_image\" \/>\n<meta name=\"twitter:label1\" content=\"Dur\u00e9e de lecture estim\u00e9e\" \/>\n\t<meta name=\"twitter:data1\" content=\"2 minutes\" \/>\n<script type=\"application\/ld+json\" class=\"yoast-schema-graph\">{\"@context\":\"https:\/\/schema.org\",\"@graph\":[{\"@type\":\"WebPage\",\"@id\":\"https:\/\/www.riacanada.ca\/fr\/finaliste-de-lintendance-2021\/\",\"url\":\"https:\/\/www.riacanada.ca\/fr\/finaliste-de-lintendance-2021\/\",\"name\":\"Finaliste de l\u2019Intendance (2021) - Responsible Investment Association\",\"isPartOf\":{\"@id\":\"https:\/\/www.riacanada.ca\/fr\/#website\"},\"datePublished\":\"2021-06-07T14:51:10+00:00\",\"dateModified\":\"2021-06-09T15:40:44+00:00\",\"breadcrumb\":{\"@id\":\"https:\/\/www.riacanada.ca\/fr\/finaliste-de-lintendance-2021\/#breadcrumb\"},\"inLanguage\":\"fr-FR\",\"potentialAction\":[{\"@type\":\"ReadAction\",\"target\":[\"https:\/\/www.riacanada.ca\/fr\/finaliste-de-lintendance-2021\/\"]}]},{\"@type\":\"BreadcrumbList\",\"@id\":\"https:\/\/www.riacanada.ca\/fr\/finaliste-de-lintendance-2021\/#breadcrumb\",\"itemListElement\":[{\"@type\":\"ListItem\",\"position\":1,\"name\":\"Home\",\"item\":\"https:\/\/www.riacanada.ca\/fr\/\"},{\"@type\":\"ListItem\",\"position\":2,\"name\":\"Finaliste de l\u2019Intendance (2021)\"}]},{\"@type\":\"WebSite\",\"@id\":\"https:\/\/www.riacanada.ca\/fr\/#website\",\"url\":\"https:\/\/www.riacanada.ca\/fr\/\",\"name\":\"Responsible Investment Association\",\"description\":\"Canada&#039;s membership network for responsible investment\",\"potentialAction\":[{\"@type\":\"SearchAction\",\"target\":{\"@type\":\"EntryPoint\",\"urlTemplate\":\"https:\/\/www.riacanada.ca\/fr\/?s={search_term_string}\"},\"query-input\":\"required name=search_term_string\"}],\"inLanguage\":\"fr-FR\"}]}<\/script>\n<!-- \/ Yoast SEO plugin. -->","yoast_head_json":{"title":"Finaliste de l\u2019Intendance (2021) - Responsible Investment Association","robots":{"index":"index","follow":"follow","max-snippet":"max-snippet:-1","max-image-preview":"max-image-preview:large","max-video-preview":"max-video-preview:-1"},"canonical":"https:\/\/www.riacanada.ca\/fr\/finaliste-de-lintendance-2021\/","og_locale":"fr_FR","og_type":"article","og_title":"Finaliste de l\u2019Intendance (2021) - Responsible Investment Association","og_description":"British Columbia Investment Management Corporation (BCI) Projet : L\u2019intendance de premier plan de BCI en mati\u00e8re de gouvernance du conseil d\u2019administration et de pratiques de divulgation li\u00e9es au climat BCI a fait preuve de pratiques d\u2019intendance de premier plan dans son approche d\u2019engagement, qui a fourni des r\u00e9sultats mesurables et des r\u00e9sultats positifs pour faire [&hellip;]","og_url":"https:\/\/www.riacanada.ca\/fr\/finaliste-de-lintendance-2021\/","og_site_name":"Responsible Investment Association","article_modified_time":"2021-06-09T15:40:44+00:00","og_image":[{"url":"https:\/\/www.riacanada.ca\/content\/uploads\/2021\/06\/BCI-Logo.png"}],"twitter_card":"summary_large_image","twitter_misc":{"Dur\u00e9e de lecture estim\u00e9e":"2 minutes"},"schema":{"@context":"https:\/\/schema.org","@graph":[{"@type":"WebPage","@id":"https:\/\/www.riacanada.ca\/fr\/finaliste-de-lintendance-2021\/","url":"https:\/\/www.riacanada.ca\/fr\/finaliste-de-lintendance-2021\/","name":"Finaliste de l\u2019Intendance (2021) - Responsible Investment Association","isPartOf":{"@id":"https:\/\/www.riacanada.ca\/fr\/#website"},"datePublished":"2021-06-07T14:51:10+00:00","dateModified":"2021-06-09T15:40:44+00:00","breadcrumb":{"@id":"https:\/\/www.riacanada.ca\/fr\/finaliste-de-lintendance-2021\/#breadcrumb"},"inLanguage":"fr-FR","potentialAction":[{"@type":"ReadAction","target":["https:\/\/www.riacanada.ca\/fr\/finaliste-de-lintendance-2021\/"]}]},{"@type":"BreadcrumbList","@id":"https:\/\/www.riacanada.ca\/fr\/finaliste-de-lintendance-2021\/#breadcrumb","itemListElement":[{"@type":"ListItem","position":1,"name":"Home","item":"https:\/\/www.riacanada.ca\/fr\/"},{"@type":"ListItem","position":2,"name":"Finaliste de l\u2019Intendance (2021)"}]},{"@type":"WebSite","@id":"https:\/\/www.riacanada.ca\/fr\/#website","url":"https:\/\/www.riacanada.ca\/fr\/","name":"Responsible Investment Association","description":"Canada&#039;s membership network for responsible investment","potentialAction":[{"@type":"SearchAction","target":{"@type":"EntryPoint","urlTemplate":"https:\/\/www.riacanada.ca\/fr\/?s={search_term_string}"},"query-input":"required name=search_term_string"}],"inLanguage":"fr-FR"}]}},"_links":{"self":[{"href":"https:\/\/www.riacanada.ca\/fr\/wp-json\/wp\/v2\/pages\/54460"}],"collection":[{"href":"https:\/\/www.riacanada.ca\/fr\/wp-json\/wp\/v2\/pages"}],"about":[{"href":"https:\/\/www.riacanada.ca\/fr\/wp-json\/wp\/v2\/types\/page"}],"author":[{"embeddable":true,"href":"https:\/\/www.riacanada.ca\/fr\/wp-json\/wp\/v2\/users\/7472"}],"replies":[{"embeddable":true,"href":"https:\/\/www.riacanada.ca\/fr\/wp-json\/wp\/v2\/comments?post=54460"}],"version-history":[{"count":3,"href":"https:\/\/www.riacanada.ca\/fr\/wp-json\/wp\/v2\/pages\/54460\/revisions"}],"predecessor-version":[{"id":54638,"href":"https:\/\/www.riacanada.ca\/fr\/wp-json\/wp\/v2\/pages\/54460\/revisions\/54638"}],"wp:attachment":[{"href":"https:\/\/www.riacanada.ca\/fr\/wp-json\/wp\/v2\/media?parent=54460"}],"curies":[{"name":"wp","href":"https:\/\/api.w.org\/{rel}","templated":true}]}}