{"id":54464,"date":"2021-06-07T10:35:17","date_gmt":"2021-06-07T14:35:17","guid":{"rendered":"https:\/\/www.riacanada.ca\/?page_id=54464"},"modified":"2021-06-09T10:39:05","modified_gmt":"2021-06-09T14:39:05","slug":"gagnant-du-leadership-individuel-2021","status":"publish","type":"page","link":"https:\/\/www.riacanada.ca\/fr\/gagnant-du-leadership-individuel-2021\/","title":{"rendered":"Gagnant du Leadership individuel (2021)"},"content":{"rendered":"<p><img decoding=\"async\" loading=\"lazy\" class=\"wp-image-54381 aligncenter\" src=\"https:\/\/www.riacanada.ca\/content\/uploads\/2021\/06\/Dr.-Edward-T.-Jackson-Square.png\" alt=\"\" width=\"229\" height=\"229\" srcset=\"https:\/\/www.riacanada.ca\/content\/uploads\/2021\/06\/Dr.-Edward-T.-Jackson-Square.png 300w, https:\/\/www.riacanada.ca\/content\/uploads\/2021\/06\/Dr.-Edward-T.-Jackson-Square-150x150.png 150w\" sizes=\"(max-width: 229px) 100vw, 229px\" \/><\/p>\n<p style=\"text-align: center;\"><strong>Dr Edward T. Jackson<\/strong><\/p>\n<p style=\"text-align: center;\"><strong><i>Projet <\/i>:\u00a0 \u00c9valuer le renforcement des \u00e9cosyst\u00e8mes : l\u2019\u00e9valuation de la plateforme de financement mixte de convergence<\/strong><\/p>\n<p style=\"text-align: left;\">L\u2019\u00e9valuation de l\u2019efficacit\u00e9 et de l\u2019efficience des m\u00e9canismes de construction d\u2019\u00e9cosyst\u00e8mes est cruciale pour la croissance et l\u2019am\u00e9lioration de l\u2019investissement responsable. Le projet soumis ici est une \u00e9valuation de la plateforme Convergence Blended Finance (financement mixte de convergence) bas\u00e9e \u00e0 Toronto command\u00e9e par Affaires mondiales Canada (AMC) et r\u00e9alis\u00e9e en 2019-2020 par E. T. Jackson and Associates Ltd., membre fondateur de l\u2019AIR.<\/p>\n<p style=\"text-align: left;\">La convergence d\u00e9finit la finance mixte comme \u00ab l\u2019utilisation de capitaux catalytiques provenant de sources philanthropiques publiques ou priv\u00e9es pour augmenter les investissements du secteur priv\u00e9 dans le d\u00e9veloppement durable \u00bb, dans les pays en d\u00e9veloppement (par exemple, pour les \u00e9nergies renouvelables, l\u2019agriculture durable, l\u2019\u00e9galit\u00e9 des sexes). \u00c0 travers des outils d\u2019\u00e9valuation organisationnelle, la th\u00e9orie de l\u2019analyse du changement, l\u2019analyse du portefeuille de subventions, 70 entretiens avec des personnes cl\u00e9s, les ratios de d\u00e9penses comparatifs des r\u00e9seaux des pairs et un atelier compos\u00e9 des parties prenantes afin de valider les conclusions pr\u00e9liminaires, l\u2019\u00e9valuation a g\u00e9n\u00e9r\u00e9 des recommandations qui ont \u00e9t\u00e9 des facteurs importants dans la d\u00e9cision du ministre d\u2019AMC au d\u00e9but de 2021 d\u2019\u00e9tendre le projet et d\u2019augmenter son budget et les actions de convergence pour renforcer ses performances en mati\u00e8re d\u2019\u00e9galit\u00e9 hommes-femmes et diversifier davantage ses sources de financement. \u00c0 son tour, la convergence est mieux plac\u00e9e pour b\u00e2tir l\u2019espace mondial de financement mixte de 200 milliards de dollars.<\/p>\n<p style=\"text-align: left;\">L\u2019\u00e9quipe d\u2019\u00e9valuation, M. Edward Jackson et M. Karim Harji, tous deux membres de longue date de l\u2019AIR, sont des leaders d\u2019opinion internationaux dans la gestion et la mesure de l\u2019impact du financement mixte et de l\u2019investissement d\u2019impact.<\/p>\n<p style=\"text-align: left;\"><strong><i>Finaliste : <\/i>Tony Pringle<\/strong><br \/>\n<strong>Projet<i> : <\/i>Soutenir le leadership ESG parmi les investisseurs alternatifs canadiens<\/strong><\/p>\n<p style=\"text-align: left;\">Les fiches de pointage des gagnants et des finalistes sont disponibles <a href=\"https:\/\/www.riacanada.ca\/content\/uploads\/2021\/06\/2021-Individual-Scorecards_Individual_PUBLIC.pdf\">ici<\/a>.<\/p>\n<p style=\"text-align: left;\"><a href=\"https:\/\/www.riacanada.ca\/fr\/news\/prix-du-leadership-de-lair-2021-gagnants-et-finalistes\/\">En savoir plus sur les Prix du leadership de l\u2019AIR 2021.<\/a><\/p>\n","protected":false},"excerpt":{"rendered":"<p>Dr Edward T. Jackson Projet :\u00a0 \u00c9valuer le renforcement des \u00e9cosyst\u00e8mes : l\u2019\u00e9valuation de la plateforme de financement mixte de convergence L\u2019\u00e9valuation de l\u2019efficacit\u00e9 et de l\u2019efficience des m\u00e9canismes de construction d\u2019\u00e9cosyst\u00e8mes est cruciale pour la croissance et l\u2019am\u00e9lioration de l\u2019investissement responsable. Le projet soumis ici est une \u00e9valuation de la plateforme Convergence Blended Finance [&hellip;]<\/p>\n","protected":false},"author":7472,"featured_media":0,"parent":0,"menu_order":0,"comment_status":"closed","ping_status":"closed","template":"","meta":{"footnotes":""},"acf":[],"yoast_head":"<!-- This site is optimized with the Yoast SEO plugin v21.0 - https:\/\/yoast.com\/wordpress\/plugins\/seo\/ -->\n<title>Gagnant du Leadership individuel (2021) - Responsible Investment Association<\/title>\n<meta name=\"robots\" content=\"index, follow, max-snippet:-1, max-image-preview:large, max-video-preview:-1\" \/>\n<link rel=\"canonical\" href=\"https:\/\/www.riacanada.ca\/fr\/gagnant-du-leadership-individuel-2021\/\" \/>\n<meta property=\"og:locale\" content=\"fr_FR\" \/>\n<meta property=\"og:type\" content=\"article\" \/>\n<meta property=\"og:title\" content=\"Gagnant du Leadership individuel (2021) - Responsible Investment Association\" \/>\n<meta property=\"og:description\" content=\"Dr Edward T. Jackson Projet :\u00a0 \u00c9valuer le renforcement des \u00e9cosyst\u00e8mes : l\u2019\u00e9valuation de la plateforme de financement mixte de convergence L\u2019\u00e9valuation de l\u2019efficacit\u00e9 et de l\u2019efficience des m\u00e9canismes de construction d\u2019\u00e9cosyst\u00e8mes est cruciale pour la croissance et l\u2019am\u00e9lioration de l\u2019investissement responsable. Le projet soumis ici est une \u00e9valuation de la plateforme Convergence Blended Finance [&hellip;]\" \/>\n<meta property=\"og:url\" content=\"https:\/\/www.riacanada.ca\/fr\/gagnant-du-leadership-individuel-2021\/\" \/>\n<meta property=\"og:site_name\" content=\"Responsible Investment Association\" \/>\n<meta property=\"article:modified_time\" content=\"2021-06-09T14:39:05+00:00\" \/>\n<meta property=\"og:image\" content=\"https:\/\/www.riacanada.ca\/content\/uploads\/2021\/06\/Dr.-Edward-T.-Jackson-Square.png\" \/>\n<meta name=\"twitter:card\" content=\"summary_large_image\" \/>\n<meta name=\"twitter:label1\" content=\"Dur\u00e9e de lecture estim\u00e9e\" \/>\n\t<meta name=\"twitter:data1\" content=\"2 minutes\" \/>\n<script type=\"application\/ld+json\" class=\"yoast-schema-graph\">{\"@context\":\"https:\/\/schema.org\",\"@graph\":[{\"@type\":\"WebPage\",\"@id\":\"https:\/\/www.riacanada.ca\/fr\/gagnant-du-leadership-individuel-2021\/\",\"url\":\"https:\/\/www.riacanada.ca\/fr\/gagnant-du-leadership-individuel-2021\/\",\"name\":\"Gagnant du Leadership individuel (2021) - Responsible Investment Association\",\"isPartOf\":{\"@id\":\"https:\/\/www.riacanada.ca\/fr\/#website\"},\"datePublished\":\"2021-06-07T14:35:17+00:00\",\"dateModified\":\"2021-06-09T14:39:05+00:00\",\"breadcrumb\":{\"@id\":\"https:\/\/www.riacanada.ca\/fr\/gagnant-du-leadership-individuel-2021\/#breadcrumb\"},\"inLanguage\":\"fr-FR\",\"potentialAction\":[{\"@type\":\"ReadAction\",\"target\":[\"https:\/\/www.riacanada.ca\/fr\/gagnant-du-leadership-individuel-2021\/\"]}]},{\"@type\":\"BreadcrumbList\",\"@id\":\"https:\/\/www.riacanada.ca\/fr\/gagnant-du-leadership-individuel-2021\/#breadcrumb\",\"itemListElement\":[{\"@type\":\"ListItem\",\"position\":1,\"name\":\"Home\",\"item\":\"https:\/\/www.riacanada.ca\/fr\/\"},{\"@type\":\"ListItem\",\"position\":2,\"name\":\"Gagnant du Leadership individuel (2021)\"}]},{\"@type\":\"WebSite\",\"@id\":\"https:\/\/www.riacanada.ca\/fr\/#website\",\"url\":\"https:\/\/www.riacanada.ca\/fr\/\",\"name\":\"Responsible Investment Association\",\"description\":\"Canada&#039;s membership network for responsible investment\",\"potentialAction\":[{\"@type\":\"SearchAction\",\"target\":{\"@type\":\"EntryPoint\",\"urlTemplate\":\"https:\/\/www.riacanada.ca\/fr\/?s={search_term_string}\"},\"query-input\":\"required name=search_term_string\"}],\"inLanguage\":\"fr-FR\"}]}<\/script>\n<!-- \/ Yoast SEO plugin. -->","yoast_head_json":{"title":"Gagnant du Leadership individuel (2021) - Responsible Investment Association","robots":{"index":"index","follow":"follow","max-snippet":"max-snippet:-1","max-image-preview":"max-image-preview:large","max-video-preview":"max-video-preview:-1"},"canonical":"https:\/\/www.riacanada.ca\/fr\/gagnant-du-leadership-individuel-2021\/","og_locale":"fr_FR","og_type":"article","og_title":"Gagnant du Leadership individuel (2021) - Responsible Investment Association","og_description":"Dr Edward T. Jackson Projet :\u00a0 \u00c9valuer le renforcement des \u00e9cosyst\u00e8mes : l\u2019\u00e9valuation de la plateforme de financement mixte de convergence L\u2019\u00e9valuation de l\u2019efficacit\u00e9 et de l\u2019efficience des m\u00e9canismes de construction d\u2019\u00e9cosyst\u00e8mes est cruciale pour la croissance et l\u2019am\u00e9lioration de l\u2019investissement responsable. Le projet soumis ici est une \u00e9valuation de la plateforme Convergence Blended Finance [&hellip;]","og_url":"https:\/\/www.riacanada.ca\/fr\/gagnant-du-leadership-individuel-2021\/","og_site_name":"Responsible Investment Association","article_modified_time":"2021-06-09T14:39:05+00:00","og_image":[{"url":"https:\/\/www.riacanada.ca\/content\/uploads\/2021\/06\/Dr.-Edward-T.-Jackson-Square.png"}],"twitter_card":"summary_large_image","twitter_misc":{"Dur\u00e9e de lecture estim\u00e9e":"2 minutes"},"schema":{"@context":"https:\/\/schema.org","@graph":[{"@type":"WebPage","@id":"https:\/\/www.riacanada.ca\/fr\/gagnant-du-leadership-individuel-2021\/","url":"https:\/\/www.riacanada.ca\/fr\/gagnant-du-leadership-individuel-2021\/","name":"Gagnant du Leadership individuel (2021) - Responsible Investment Association","isPartOf":{"@id":"https:\/\/www.riacanada.ca\/fr\/#website"},"datePublished":"2021-06-07T14:35:17+00:00","dateModified":"2021-06-09T14:39:05+00:00","breadcrumb":{"@id":"https:\/\/www.riacanada.ca\/fr\/gagnant-du-leadership-individuel-2021\/#breadcrumb"},"inLanguage":"fr-FR","potentialAction":[{"@type":"ReadAction","target":["https:\/\/www.riacanada.ca\/fr\/gagnant-du-leadership-individuel-2021\/"]}]},{"@type":"BreadcrumbList","@id":"https:\/\/www.riacanada.ca\/fr\/gagnant-du-leadership-individuel-2021\/#breadcrumb","itemListElement":[{"@type":"ListItem","position":1,"name":"Home","item":"https:\/\/www.riacanada.ca\/fr\/"},{"@type":"ListItem","position":2,"name":"Gagnant du Leadership individuel (2021)"}]},{"@type":"WebSite","@id":"https:\/\/www.riacanada.ca\/fr\/#website","url":"https:\/\/www.riacanada.ca\/fr\/","name":"Responsible Investment Association","description":"Canada&#039;s membership network for responsible investment","potentialAction":[{"@type":"SearchAction","target":{"@type":"EntryPoint","urlTemplate":"https:\/\/www.riacanada.ca\/fr\/?s={search_term_string}"},"query-input":"required name=search_term_string"}],"inLanguage":"fr-FR"}]}},"_links":{"self":[{"href":"https:\/\/www.riacanada.ca\/fr\/wp-json\/wp\/v2\/pages\/54464"}],"collection":[{"href":"https:\/\/www.riacanada.ca\/fr\/wp-json\/wp\/v2\/pages"}],"about":[{"href":"https:\/\/www.riacanada.ca\/fr\/wp-json\/wp\/v2\/types\/page"}],"author":[{"embeddable":true,"href":"https:\/\/www.riacanada.ca\/fr\/wp-json\/wp\/v2\/users\/7472"}],"replies":[{"embeddable":true,"href":"https:\/\/www.riacanada.ca\/fr\/wp-json\/wp\/v2\/comments?post=54464"}],"version-history":[{"count":3,"href":"https:\/\/www.riacanada.ca\/fr\/wp-json\/wp\/v2\/pages\/54464\/revisions"}],"predecessor-version":[{"id":54632,"href":"https:\/\/www.riacanada.ca\/fr\/wp-json\/wp\/v2\/pages\/54464\/revisions\/54632"}],"wp:attachment":[{"href":"https:\/\/www.riacanada.ca\/fr\/wp-json\/wp\/v2\/media?parent=54464"}],"curies":[{"name":"wp","href":"https:\/\/api.w.org\/{rel}","templated":true}]}}