{"id":54503,"date":"2021-06-07T10:08:39","date_gmt":"2021-06-07T14:08:39","guid":{"rendered":"https:\/\/www.riacanada.ca\/?page_id=54503"},"modified":"2021-06-09T10:04:45","modified_gmt":"2021-06-09T14:04:45","slug":"leadership-dans-les-services-finaliste-2021","status":"publish","type":"page","link":"https:\/\/www.riacanada.ca\/fr\/leadership-dans-les-services-finaliste-2021\/","title":{"rendered":"Finaliste en Leadership dans les services (2021)"},"content":{"rendered":"<p><img decoding=\"async\" loading=\"lazy\" class=\"wp-image-54505 aligncenter\" src=\"https:\/\/www.riacanada.ca\/content\/uploads\/2021\/06\/MSCI-Logo.png\" alt=\"\" width=\"281\" height=\"75\" \/><\/p>\n<p style=\"text-align: center;\"><strong>MSCI<\/strong><\/p>\n<p style=\"text-align: center;\"><strong>Projet : Faire progresser l\u2019investissement climatique au Canada : doter les investisseurs institutionnels d\u2019outils climatiques essentiels<\/strong><\/p>\n<p style=\"text-align: left;\">L&rsquo;urgence climatique est la menace d\u00e9terminante de notre g\u00e9n\u00e9ration. MSCI s&rsquo;engage \u00e0 soutenir la transformation des march\u00e9s des capitaux vers un monde net z\u00e9ro. Nous pensons que le changement climatique posera un risque syst\u00e9mique pour le secteur financier, tout en cr\u00e9ant de nouvelles opportunit\u00e9s d&rsquo;investissement.<\/p>\n<p style=\"text-align: left;\">Depuis plus de 40 ans, MSCI mesure et mod\u00e9lise les risques ESG et climatiques. Notre objectif est de fournir aux investisseurs les outils n\u00e9cessaires pour comparer, mesurer et g\u00e9rer l&rsquo;exposition au risque climatique et identifier les opportunit\u00e9s d&rsquo;investissement durable.<\/p>\n<p style=\"text-align: left;\">En 2020, nous avons introduit des outils et des services climatiques essentiels pour r\u00e9pondre aux besoins des investisseurs institutionnels au Canada et dans le monde qui cherchent \u00e0 aller au-del\u00e0 de l&#8217;empreinte carbone et \u00e0 mieux comprendre les risques futurs.<\/p>\n<p style=\"text-align: left;\">En f\u00e9vrier 2020, MSCI a lanc\u00e9 Climate Value-at-Risk, une mesure du risque climatique innovante et pionni\u00e8re qui calcule l&rsquo;impact du changement climatique sur la valeur marchande d&rsquo;une entreprise et aide les investisseurs \u00e0 comprendre et \u00e0 quantifier ces risques au sein de leur portefeuille, fournie par MSCI ESG Research.<\/p>\n<p style=\"text-align: left;\">En octobre 2020, MSCI a cr\u00e9\u00e9 les Climate Paris Aligned Indexes, une nouvelle suite d&rsquo;indices climatiques pour aider les investisseurs cherchant \u00e0 lutter contre le changement climatique de mani\u00e8re holistique.<\/p>\n<p style=\"text-align: left;\">Tout au long de 2020, notre \u00e9quipe d\u00e9vou\u00e9e \u00e0 Toronto, en Ontario, a fourni une formation et un engagement continus pour soutenir les investisseurs institutionnels canadiens qui cherchent \u00e0 agir sur le climat.<\/p>\n<p style=\"text-align: left;\">Les fiches de pointage des gagnants et des finalistes sont disponibles <a href=\"https:\/\/www.riacanada.ca\/content\/uploads\/2021\/06\/RIA-Awards-Scorecard_Service-Leadership_PUBLIC-1.pdf\">ici<\/a>.<\/p>\n<p style=\"text-align: left;\"><a href=\"https:\/\/www.riacanada.ca\/fr\/news\/prix-du-leadership-de-lair-2021-gagnants-et-finalistes\/\">En savoir plus sur les Prix du leadership de l\u2019AIR 2021.<\/a><\/p>\n","protected":false},"excerpt":{"rendered":"<p>MSCI Projet : Faire progresser l\u2019investissement climatique au Canada : doter les investisseurs institutionnels d\u2019outils climatiques essentiels L&rsquo;urgence climatique est la menace d\u00e9terminante de notre g\u00e9n\u00e9ration. MSCI s&rsquo;engage \u00e0 soutenir la transformation des march\u00e9s des capitaux vers un monde net z\u00e9ro. Nous pensons que le changement climatique posera un risque syst\u00e9mique pour le secteur financier, [&hellip;]<\/p>\n","protected":false},"author":7472,"featured_media":0,"parent":0,"menu_order":0,"comment_status":"closed","ping_status":"closed","template":"","meta":{"footnotes":""},"acf":[],"yoast_head":"<!-- This site is optimized with the Yoast SEO plugin v21.0 - https:\/\/yoast.com\/wordpress\/plugins\/seo\/ -->\n<title>Finaliste en Leadership dans les services (2021) - Responsible Investment Association<\/title>\n<meta name=\"robots\" content=\"index, follow, max-snippet:-1, max-image-preview:large, max-video-preview:-1\" \/>\n<link rel=\"canonical\" href=\"https:\/\/www.riacanada.ca\/fr\/leadership-dans-les-services-finaliste-2021\/\" \/>\n<meta property=\"og:locale\" content=\"fr_FR\" \/>\n<meta property=\"og:type\" content=\"article\" \/>\n<meta property=\"og:title\" content=\"Finaliste en Leadership dans les services (2021) - Responsible Investment Association\" \/>\n<meta property=\"og:description\" content=\"MSCI Projet : Faire progresser l\u2019investissement climatique au Canada : doter les investisseurs institutionnels d\u2019outils climatiques essentiels L&rsquo;urgence climatique est la menace d\u00e9terminante de notre g\u00e9n\u00e9ration. MSCI s&rsquo;engage \u00e0 soutenir la transformation des march\u00e9s des capitaux vers un monde net z\u00e9ro. Nous pensons que le changement climatique posera un risque syst\u00e9mique pour le secteur financier, [&hellip;]\" \/>\n<meta property=\"og:url\" content=\"https:\/\/www.riacanada.ca\/fr\/leadership-dans-les-services-finaliste-2021\/\" \/>\n<meta property=\"og:site_name\" content=\"Responsible Investment Association\" \/>\n<meta property=\"article:modified_time\" content=\"2021-06-09T14:04:45+00:00\" \/>\n<meta property=\"og:image\" content=\"https:\/\/www.riacanada.ca\/content\/uploads\/2021\/06\/MSCI-Logo.png\" \/>\n<meta name=\"twitter:card\" content=\"summary_large_image\" \/>\n<meta name=\"twitter:label1\" content=\"Est. reading time\" \/>\n\t<meta name=\"twitter:data1\" content=\"1 minute\" \/>\n<script type=\"application\/ld+json\" class=\"yoast-schema-graph\">{\"@context\":\"https:\/\/schema.org\",\"@graph\":[{\"@type\":\"WebPage\",\"@id\":\"https:\/\/www.riacanada.ca\/fr\/leadership-dans-les-services-finaliste-2021\/\",\"url\":\"https:\/\/www.riacanada.ca\/fr\/leadership-dans-les-services-finaliste-2021\/\",\"name\":\"Finaliste en Leadership dans les services (2021) - Responsible Investment Association\",\"isPartOf\":{\"@id\":\"https:\/\/www.riacanada.ca\/fr\/#website\"},\"datePublished\":\"2021-06-07T14:08:39+00:00\",\"dateModified\":\"2021-06-09T14:04:45+00:00\",\"breadcrumb\":{\"@id\":\"https:\/\/www.riacanada.ca\/fr\/leadership-dans-les-services-finaliste-2021\/#breadcrumb\"},\"inLanguage\":\"fr-CA\",\"potentialAction\":[{\"@type\":\"ReadAction\",\"target\":[\"https:\/\/www.riacanada.ca\/fr\/leadership-dans-les-services-finaliste-2021\/\"]}]},{\"@type\":\"BreadcrumbList\",\"@id\":\"https:\/\/www.riacanada.ca\/fr\/leadership-dans-les-services-finaliste-2021\/#breadcrumb\",\"itemListElement\":[{\"@type\":\"ListItem\",\"position\":1,\"name\":\"Home\",\"item\":\"https:\/\/www.riacanada.ca\/fr\/\"},{\"@type\":\"ListItem\",\"position\":2,\"name\":\"Finaliste en Leadership dans les services (2021)\"}]},{\"@type\":\"WebSite\",\"@id\":\"https:\/\/www.riacanada.ca\/fr\/#website\",\"url\":\"https:\/\/www.riacanada.ca\/fr\/\",\"name\":\"Responsible Investment Association\",\"description\":\"Canada&#039;s membership network for responsible investment\",\"potentialAction\":[{\"@type\":\"SearchAction\",\"target\":{\"@type\":\"EntryPoint\",\"urlTemplate\":\"https:\/\/www.riacanada.ca\/fr\/?s={search_term_string}\"},\"query-input\":\"required name=search_term_string\"}],\"inLanguage\":\"fr-CA\"}]}<\/script>\n<!-- \/ Yoast SEO plugin. -->","yoast_head_json":{"title":"Finaliste en Leadership dans les services (2021) - Responsible Investment Association","robots":{"index":"index","follow":"follow","max-snippet":"max-snippet:-1","max-image-preview":"max-image-preview:large","max-video-preview":"max-video-preview:-1"},"canonical":"https:\/\/www.riacanada.ca\/fr\/leadership-dans-les-services-finaliste-2021\/","og_locale":"fr_FR","og_type":"article","og_title":"Finaliste en Leadership dans les services (2021) - Responsible Investment Association","og_description":"MSCI Projet : Faire progresser l\u2019investissement climatique au Canada : doter les investisseurs institutionnels d\u2019outils climatiques essentiels L&rsquo;urgence climatique est la menace d\u00e9terminante de notre g\u00e9n\u00e9ration. MSCI s&rsquo;engage \u00e0 soutenir la transformation des march\u00e9s des capitaux vers un monde net z\u00e9ro. Nous pensons que le changement climatique posera un risque syst\u00e9mique pour le secteur financier, [&hellip;]","og_url":"https:\/\/www.riacanada.ca\/fr\/leadership-dans-les-services-finaliste-2021\/","og_site_name":"Responsible Investment Association","article_modified_time":"2021-06-09T14:04:45+00:00","og_image":[{"url":"https:\/\/www.riacanada.ca\/content\/uploads\/2021\/06\/MSCI-Logo.png"}],"twitter_card":"summary_large_image","twitter_misc":{"Est. reading time":"1 minute"},"schema":{"@context":"https:\/\/schema.org","@graph":[{"@type":"WebPage","@id":"https:\/\/www.riacanada.ca\/fr\/leadership-dans-les-services-finaliste-2021\/","url":"https:\/\/www.riacanada.ca\/fr\/leadership-dans-les-services-finaliste-2021\/","name":"Finaliste en Leadership dans les services (2021) - Responsible Investment Association","isPartOf":{"@id":"https:\/\/www.riacanada.ca\/fr\/#website"},"datePublished":"2021-06-07T14:08:39+00:00","dateModified":"2021-06-09T14:04:45+00:00","breadcrumb":{"@id":"https:\/\/www.riacanada.ca\/fr\/leadership-dans-les-services-finaliste-2021\/#breadcrumb"},"inLanguage":"fr-CA","potentialAction":[{"@type":"ReadAction","target":["https:\/\/www.riacanada.ca\/fr\/leadership-dans-les-services-finaliste-2021\/"]}]},{"@type":"BreadcrumbList","@id":"https:\/\/www.riacanada.ca\/fr\/leadership-dans-les-services-finaliste-2021\/#breadcrumb","itemListElement":[{"@type":"ListItem","position":1,"name":"Home","item":"https:\/\/www.riacanada.ca\/fr\/"},{"@type":"ListItem","position":2,"name":"Finaliste en Leadership dans les services (2021)"}]},{"@type":"WebSite","@id":"https:\/\/www.riacanada.ca\/fr\/#website","url":"https:\/\/www.riacanada.ca\/fr\/","name":"Responsible Investment Association","description":"Canada&#039;s membership network for responsible investment","potentialAction":[{"@type":"SearchAction","target":{"@type":"EntryPoint","urlTemplate":"https:\/\/www.riacanada.ca\/fr\/?s={search_term_string}"},"query-input":"required name=search_term_string"}],"inLanguage":"fr-CA"}]}},"_links":{"self":[{"href":"https:\/\/www.riacanada.ca\/fr\/wp-json\/wp\/v2\/pages\/54503"}],"collection":[{"href":"https:\/\/www.riacanada.ca\/fr\/wp-json\/wp\/v2\/pages"}],"about":[{"href":"https:\/\/www.riacanada.ca\/fr\/wp-json\/wp\/v2\/types\/page"}],"author":[{"embeddable":true,"href":"https:\/\/www.riacanada.ca\/fr\/wp-json\/wp\/v2\/users\/7472"}],"replies":[{"embeddable":true,"href":"https:\/\/www.riacanada.ca\/fr\/wp-json\/wp\/v2\/comments?post=54503"}],"version-history":[{"count":6,"href":"https:\/\/www.riacanada.ca\/fr\/wp-json\/wp\/v2\/pages\/54503\/revisions"}],"predecessor-version":[{"id":54619,"href":"https:\/\/www.riacanada.ca\/fr\/wp-json\/wp\/v2\/pages\/54503\/revisions\/54619"}],"wp:attachment":[{"href":"https:\/\/www.riacanada.ca\/fr\/wp-json\/wp\/v2\/media?parent=54503"}],"curies":[{"name":"wp","href":"https:\/\/api.w.org\/{rel}","templated":true}]}}