{"id":57322,"date":"2019-10-22T14:45:23","date_gmt":"2019-10-22T18:45:23","guid":{"rendered":"https:\/\/www.riacanada.ca\/?page_id=57322"},"modified":"2025-11-06T15:35:38","modified_gmt":"2025-11-06T20:35:38","slug":"politique-de-confidentialite-de-lair","status":"publish","type":"page","link":"https:\/\/www.riacanada.ca\/fr\/politique-de-confidentialite-de-lair\/","title":{"rendered":"Politique de confidentialit\u00e9 de l\u2019AIR"},"content":{"rendered":"<p class=\"p1\" style=\"text-align: left;\"><b>1. Introduction<\/b><\/p>\n<p class=\"p1\" style=\"text-align: left;\">Cette politique de confidentialit\u00e9 explique et r\u00e9git la mani\u00e8re dont l\u2019Association pour l\u2019investissement responsable (AIR) traite les informations personnelles. Cette politique s\u2019applique aux sites Web de l\u2019AIR et aux autres moyens de collecte et de stockage des donn\u00e9es.<\/p>\n<p class=\"p1\" style=\"text-align: left;\">L\u2019AIR peut collecter, utiliser et divulguer des informations personnelles sur ses utilisateurs conform\u00e9ment \u00e0 cette politique et \u00e0 toutes les lois applicables en mati\u00e8re de confidentialit\u00e9. En utilisant les sites Web de l\u2019AIR, vous confirmez votre acceptation de cette Politique et acceptez que l\u2019AIR puisse recueillir, utiliser et divulguer des informations personnelles comme d\u00e9crit dans cette Politique et comme autoris\u00e9 ou requis par la loi. Nous respectons la vie priv\u00e9e de nos utilisateurs et visons \u00e0 prot\u00e9ger les informations personnelles des membres de l\u2019AIR et des autres personnes qui utilisent notre site Web et nos services.<\/p>\n<p class=\"p1\" style=\"text-align: left;\">Cette politique explique comment nous traitons, collectons, g\u00e9rons et stockons les informations personnelles. Nos coordonn\u00e9es sont fournies \u00e0 la section 10 de la pr\u00e9sente politique si vous avez des questions.<\/p>\n<p class=\"p1\" style=\"text-align: left;\"><b>2. Comment nous utilisons vos donn\u00e9es personnelles<\/b><\/p>\n<p class=\"p1\" style=\"text-align: left;\">Dans cette section, nous exposons\u00a0:<\/p>\n<ul class=\"ul1\" style=\"text-align: left;\">\n<li class=\"li2\"><span class=\"s2\">les cat\u00e9gories g\u00e9n\u00e9rales de donn\u00e9es personnelles que nous pouvons traiter;<\/span><\/li>\n<li class=\"li2\"><span class=\"s2\">dans le cas de donn\u00e9es personnelles que nous n\u2019avons pas obtenues directement de votre part, la source et les cat\u00e9gories sp\u00e9cifiques de ces donn\u00e9es;<\/span><\/li>\n<li class=\"li2\"><span class=\"s2\">les finalit\u00e9s pour lesquelles nous pouvons traiter les donn\u00e9es personnelles.<\/span><\/li>\n<\/ul>\n<p class=\"p1\" style=\"text-align: left;\">Nous pouvons traiter vos donn\u00e9es personnelles aux fins principales \u00e9num\u00e9r\u00e9es ci-dessous.<\/p>\n<ul class=\"ul1\" style=\"text-align: left;\">\n<li class=\"li2\"><span class=\"s2\"><b>Donn\u00e9es du compte\u00a0<\/b>\u2013 votre nom, titre du poste, employeur et adresse courriel, entre autres donn\u00e9es personnelles. La source des donn\u00e9es du compte est vous ou votre employeur. Les donn\u00e9es du compte peuvent \u00eatre trait\u00e9es dans le but d\u2019exploiter notre site Web, de fournir nos services, d\u2019assurer la s\u00e9curit\u00e9 de notre site Web et de nos services, de maintenir des sauvegardes de nos bases de donn\u00e9es et de communiquer avec vous.<\/span><\/li>\n<li class=\"li2\"><span class=\"s2\"><b>Donn\u00e9es d\u2019utilisation\u00a0<\/b>\u2013 donn\u00e9es concernant l\u2019utilisation de notre site Web et de nos services. Les donn\u00e9es d\u2019utilisation peuvent inclure votre adresse IP, votre emplacement g\u00e9ographique, le type et la version de votre navigateur, votre syst\u00e8me d\u2019exploitation, la source de r\u00e9f\u00e9rence, la dur\u00e9e de la visite, les pages consult\u00e9es et les chemins de navigation du site Web, ainsi que des informations sur le moment, la fr\u00e9quence et le mod\u00e8le d\u2019utilisation de votre service. La source des donn\u00e9es d\u2019utilisation est notre syst\u00e8me de suivi analytique. Ces donn\u00e9es d\u2019utilisation peuvent \u00eatre trait\u00e9es dans le but d\u2019analyser l\u2019utilisation du site Web et des services.<\/span><\/li>\n<li class=\"li2\"><span class=\"s2\"><b>Donn\u00e9es sur le profil\u00a0<\/b>\u2013 les informations de votre profil personnel sur notre site Web. Les donn\u00e9es sur le profil peuvent inclure votre nom, votre adresse, votre num\u00e9ro de t\u00e9l\u00e9phone, votre adresse \u00e9lectronique, des photos de profil, des informations sur votre formation et votre emploi. Les donn\u00e9es sur le profil peuvent \u00eatre trait\u00e9es dans le but de permettre et de surveiller votre utilisation de notre site Web et de nos services.<\/span><\/li>\n<li class=\"li2\"><span class=\"s2\"><b>Donn\u00e9es sur le service\u00a0<\/b>\u2013 les donn\u00e9es fournies dans le cadre de l\u2019utilisation de nos services. Les donn\u00e9es sur le service peuvent inclure des donn\u00e9es d\u2019utilisation du site Web. La source des donn\u00e9es sur le service est vous ou votre employeur. Les donn\u00e9es sur le service peuvent \u00eatre trait\u00e9es dans le but d\u2019exploiter notre site Web, de fournir nos services, d\u2019assurer la s\u00e9curit\u00e9 de notre site Web et de nos services, de maintenir des sauvegardes de nos bases de donn\u00e9es et de communiquer avec vous.<\/span><\/li>\n<li class=\"li2\"><span class=\"s2\"><b>Donn\u00e9es de publication\u00a0<\/b>\u2013 les informations que vous publiez en tant que publication sur notre site Web ou via nos services. Les donn\u00e9es de publication peuvent \u00eatre trait\u00e9es dans le but de permettre cette publication et d\u2019administrer notre site Web et nos services.<\/span><\/li>\n<\/ul>\n<p class=\"p1\" style=\"text-align: left;\">Les autres finalit\u00e9s du traitement comprennent\u00a0:<\/p>\n<ul class=\"ul1\" style=\"text-align: left;\">\n<li class=\"li2\"><span class=\"s2\"><b>Donn\u00e9es relatives aux demandes de renseignements ou \u00e0 la correspondance\u00a0<\/b>\u2013 Il s\u2019agit des informations contenues dans toute demande de renseignements que vous nous soumettez au sujet de produits et\/ou de services et, plus g\u00e9n\u00e9ralement, dans ou en rapport avec toute communication que vous nous envoyez. Les donn\u00e9es peuvent inclure le contenu de la communication et les m\u00e9tadonn\u00e9es associ\u00e9es \u00e0 la communication. En nous soumettant une demande, nous traiterons vos donn\u00e9es personnelles dans le but d\u2019y r\u00e9pondre. Vos donn\u00e9es peuvent \u00eatre trait\u00e9es dans le but de vous offrir, de commercialiser et de vendre des produits et\/ou des services pertinents.<\/span><\/li>\n<li class=\"li2\"><span class=\"s2\"><b>Donn\u00e9es de transaction\u00a0<\/b>\u2013 Les donn\u00e9es de transaction peuvent inclure vos coordonn\u00e9es, votre carte et les d\u00e9tails de la transaction pour les achats de biens et de services aupr\u00e8s de nous. Les donn\u00e9es de transaction sont trait\u00e9es pour ex\u00e9cuter le contrat entre vous et nous et pour conserver des enregistrements appropri\u00e9s de ces transactions.<\/span><\/li>\n<li class=\"li2\"><span class=\"s2\"><b>Donn\u00e9es de notification\u00a0<\/b>\u2013 Si vous vous abonnez \u00e0 nos notifications par courriel ou via les bulletins d\u2019information. Les donn\u00e9es de notification peuvent \u00eatre trait\u00e9es aux fins de l\u2019envoi des notifications et\/ou des bulletins d\u2019information pertinents.<\/span><\/li>\n<\/ul>\n<p class=\"p1\" style=\"text-align: left;\">Lorsque des informations personnelles qui ont \u00e9t\u00e9 collect\u00e9es doivent \u00eatre utilis\u00e9es \u00e0 une fin non identifi\u00e9e ci-dessus, la nouvelle finalit\u00e9 vous sera communiqu\u00e9e avant que vos informations personnelles ne soient utilis\u00e9es \u00e0 cette fin. Vos informations personnelles ne seront pas utilis\u00e9es \u00e0 des fins non \u00e9num\u00e9r\u00e9es ci-dessus sans votre consentement pr\u00e9alable, sauf si la nouvelle finalit\u00e9 est requise par la loi.<\/p>\n<p class=\"p1\" style=\"text-align: left;\">Outre les finalit\u00e9s sp\u00e9cifiques pour lesquelles nous pouvons traiter vos donn\u00e9es \u00e0 caract\u00e8re personnel \u00e9nonc\u00e9es dans la pr\u00e9sente section 2, nous pouvons \u00e9galement traiter l\u2019une quelconque de vos donn\u00e9es \u00e0 caract\u00e8re personnel lorsque ce traitement est n\u00e9cessaire au respect d\u2019une obligation l\u00e9gale \u00e0 laquelle nous sommes soumis.<br \/>\n<b><br \/>\n3. Sauvegarde<\/b><\/p>\n<p class=\"p1\" style=\"text-align: left;\">L\u2019AIR fera tout son possible pour prot\u00e9ger vos informations personnelles par des mesures de protection adapt\u00e9es \u00e0 la sensibilit\u00e9 des informations afin de prot\u00e9ger vos informations personnelles contre la perte ou le vol, ainsi que l\u2019acc\u00e8s, la copie, l\u2019utilisation ou la modification non autoris\u00e9s. L\u2019acc\u00e8s \u00e0 vos informations personnelles sera limit\u00e9 au personnel qui a besoin de les conna\u00eetre et\/ou aux tiers mentionn\u00e9s dans la pr\u00e9sente politique. Malgr\u00e9 tous nos efforts, l\u2019AIR ne peut pas garantir que vos informations personnelles ne seront pas utilis\u00e9es ou divulgu\u00e9es de mani\u00e8re non sp\u00e9cifi\u00e9e dans la pr\u00e9sente politique.<\/p>\n<p class=\"p1\" style=\"text-align: left;\">RIA s\u2019efforcera de prot\u00e9ger vos informations personnelles en d\u00e9signant une personne responsable et en attribuant d\u2019autres responsabilit\u00e9s internes, en d\u00e9veloppant, en maintenant et en appliquant les pratiques n\u00e9cessaires \u00e0 la protection de vos informations personnelles et en fournissant des informations sur ces pratiques sur demande. L\u2019AIR fera des efforts raisonnables pour s\u2019assurer que les informations personnelles recueillies sont exactes et compl\u00e8tes.<\/p>\n<p class=\"p1\" style=\"text-align: left;\">En outre, l\u2019AIR enqu\u00eatera sur tous les incidents li\u00e9s \u00e0 la s\u00e9curit\u00e9 des donn\u00e9es et r\u00e9agira de mani\u00e8re appropri\u00e9e en vue de les comprendre, de les contenir, d\u2019att\u00e9nuer le potentiel de nuisance et d\u2019am\u00e9liorer les pratiques de sauvegarde afin d\u2019\u00e9viter de futurs incidents. L\u2019AIR notifiera les individus et les r\u00e9gulateurs des incidents de s\u00e9curit\u00e9 des donn\u00e9es conform\u00e9ment aux lois applicables et autrement, lorsqu\u2019elle conclut qu\u2019un incident donne lieu \u00e0 un risque r\u00e9el de pr\u00e9judice important.<\/p>\n<p class=\"p1\" style=\"text-align: left;\"><b>4. Autres sites Web<\/b><\/p>\n<p class=\"p1\" style=\"text-align: left;\">Pour votre commodit\u00e9, les sites Web de l\u2019AIR peuvent inclure des liens ou des r\u00e9f\u00e9rences \u00e0 d\u2019autres sites Web ou ressources et entreprises exploit\u00e9s par d\u2019autres personnes. L\u2019AIR n\u2019approuve pas et n\u2019a aucune responsabilit\u00e9 ni aucun contr\u00f4le sur les autres sites Web ou sur leur collecte, leur utilisation ou leur divulgation de vos informations personnelles. Nous vous encourageons \u00e0 lire les politiques ou d\u00e9clarations de confidentialit\u00e9 de ces autres sites Web pour savoir comment ils collectent, utilisent ou divulguent vos informations personnelles.<br \/>\n<b><br \/>\n5. Partager vos donn\u00e9es<\/b><\/p>\n<p class=\"p1\" style=\"text-align: left;\">Nous pouvons partager vos donn\u00e9es personnelles avec des tiers si n\u00e9cessaire pour faciliter nos \u00e9v\u00e9nements, s\u00e9minaires, webinaires et autres services similaires que nous offrons. Par exemple, dans certains cas, nous pouvons publier une liste de participants ou d\u2019intervenants. Les donn\u00e9es partag\u00e9es \u00e0 cette fin seront utilis\u00e9es conform\u00e9ment \u00e0 cette Politique.<\/p>\n<p class=\"p1\" style=\"text-align: left;\">Nous pouvons divulguer vos donn\u00e9es personnelles \u00e0 nos fournisseurs (par exemple, nos fournisseurs de vote \u00e0 distance, d\u2019applications mobiles et de services d\u2019administration d\u2019\u00e9v\u00e9nements) dans la mesure o\u00f9 cela est raisonnablement n\u00e9cessaire pour fournir un service. Ce faisant, l\u2019AIR prendra des mesures raisonnables pour identifier et s\u00e9lectionner des fournisseurs capables de conserver les informations personnelles de mani\u00e8re raisonnablement s\u00fbre. Dans la mesure du possible, l\u2019AIR conclura \u00e9galement des accords contractuels avec ses fournisseurs et d\u2019autres tiers sp\u00e9cifiant que ces derniers prendront des mesures raisonnables pour s\u2019assurer que les informations personnelles sont conserv\u00e9es de mani\u00e8re raisonnablement s\u00fbre.<\/p>\n<p class=\"p1\" style=\"text-align: left;\">Les transactions financi\u00e8res relatives \u00e0 nos sites Web et services sont trait\u00e9es par nos prestataires de services de paiement. Nous partagerons les donn\u00e9es de transaction avec nos fournisseurs de services de paiement uniquement dans la mesure n\u00e9cessaire pour traiter vos paiements, rembourser ces paiements et traiter les plaintes et les questions relatives \u00e0 ces paiements et remboursements.<\/p>\n<p class=\"p1\" style=\"text-align: left;\">In addition to the specific disclosures of personal data set out in this section 5, we may also disclose your personal data where such disclosure is necessary for compliance with a legal obligation to which we are subject.<br \/>\n<b><br \/>\n6. Conservation des donn\u00e9es<\/b><\/p>\n<p class=\"p1\" style=\"text-align: left;\">L\u2019AIR limitera sa collecte de renseignements personnels \u00e0 ceux qui sont n\u00e9cessaires aux fins identifi\u00e9es dans la pr\u00e9sente politique. L\u2019AIR ne conservera vos renseignements personnels que le temps n\u00e9cessaire \u00e0 la r\u00e9alisation des objectifs identifi\u00e9s.<\/p>\n<p class=\"p1\" style=\"text-align: left;\">Nous pouvons \u00e9galement conserver vos donn\u00e9es personnelles lorsque cette conservation est n\u00e9cessaire pour se conformer \u00e0 une obligation l\u00e9gale \u00e0 laquelle nous sommes soumis.<br \/>\n<b><br \/>\n7. Modifications<\/b><\/p>\n<p class=\"p1\" style=\"text-align: left;\">Nous pouvons mettre \u00e0 jour cette politique de temps \u00e0 autre en publiant une nouvelle version sur notre site Web. Veuillez consulter cette page \u00e0 l\u2019occasion pour vous assurer que vous \u00eates satisfait de tout changement apport\u00e9 \u00e0 cette politique. Nous pouvons vous informer des modifications apport\u00e9es \u00e0 cette politique par courriel.<br \/>\n<b><br \/>\n8. Vos droits<\/b><\/p>\n<p class=\"p1\" style=\"text-align: left;\">Vous pouvez nous demander de vous fournir les informations personnelles que nous d\u00e9tenons \u00e0 votre sujet. Nous pouvons vous demander de fournir des preuves appropri\u00e9es de votre identit\u00e9 au besoin.<\/p>\n<p class=\"p1\" style=\"text-align: left;\">Vous pouvez nous demander \u00e0 tout moment de ne pas traiter vos informations personnelles \u00e0 des fins de marketing. En pratique, soit vous acceptez \u00e0 l\u2019avance que nous utilisions vos informations personnelles \u00e0 des fins de marketing, soit nous vous donnons la possibilit\u00e9 de refuser l\u2019utilisation de vos informations personnelles \u00e0 des fins de marketing.<\/p>\n<p class=\"p1\" style=\"text-align: left;\">Vous pouvez \u00e9galement disposer d\u2019autres droits concernant les donn\u00e9es personnelles que nous d\u00e9tenons, notamment le droit de vous opposer et\/ou de retirer votre consentement au traitement de vos donn\u00e9es personnelles et la possibilit\u00e9 d\u2019effacer, de restreindre ou de corriger vos donn\u00e9es personnelles. Nous nous conformerons \u00e0 toute demande d\u2019exercice de vos droits conform\u00e9ment au droit applicable, mais vous devez noter qu\u2019il existe certaines situations o\u00f9 vos droits ne pourront pas \u00eatre exerc\u00e9s en raison d\u2019autres facteurs, ou lorsque vous n\u2019avez pas \u00e9tabli les crit\u00e8res n\u00e9cessaires \u00e0 l\u2019exercice d\u2019un droit particulier. Pour exercer vos droits, veuillez nous contacter en utilisant les m\u00e9thodes \u00e9num\u00e9r\u00e9es \u00e0 la section 10 ci-dessous.<br \/>\n<b><br \/>\n9. Cookies<\/b><\/p>\n<p class=\"p1\" style=\"text-align: left;\">Un cookie est un fichier contenant un identifiant (une cha\u00eene de lettres et de chiffres) qui est envoy\u00e9 par un serveur Web \u00e0 un navigateur Web et qui est stock\u00e9 par le navigateur. L\u2019identifiant est ensuite renvoy\u00e9 au serveur chaque fois que le navigateur demande une page au serveur. Les cookies ne contiennent g\u00e9n\u00e9ralement aucune information qui identifie personnellement un utilisateur, mais les informations personnelles que nous stockons \u00e0 votre sujet peuvent \u00eatre li\u00e9es aux informations stock\u00e9es dans les cookies et obtenues \u00e0 partir de ceux-ci.<\/p>\n<p class=\"p1\" style=\"text-align: left;\">Bien que les sites Web de l\u2019AIR n\u2019utilisent pas actuellement de cookies, nos prestataires de services tels que Google Analytics et d\u2019autres fournisseurs peuvent utiliser des cookies qui peuvent \u00eatre stock\u00e9s sur votre ordinateur lorsque vous visitez les sites Web de l\u2019AIR ou de nos prestataires de services.<\/p>\n<p class=\"p1\" style=\"text-align: left;\"><b>10. Nos renseignements<\/b><\/p>\n<p class=\"p1\" style=\"text-align: left;\">Ce site Web est d\u00e9tenu et g\u00e9r\u00e9 par l\u2019Association pour l\u2019investissement responsable (AIR). Nous sommes une organisation \u00e0 but non lucratif enregistr\u00e9e en vertu de la Loi canadienne sur les soci\u00e9t\u00e9s \u00e0 but non lucratif. Notre num\u00e9ro d\u2019entreprise est le 140374679RC0001 et notre num\u00e9ro de soci\u00e9t\u00e9 est le 264774-5. Notre chef de la direction agit \u00e0 titre de responsable de la protection de la vie priv\u00e9e.<\/p>\n<p class=\"p1\" style=\"text-align: left;\">Notre bureau est situ\u00e9 au :<\/p>\n<p class=\"p1\" style=\"text-align: left;\">P.O. Box 57086,<br \/>\nToronto, ON M5B 2P9<br \/>\nCanada<\/p>\n<p class=\"p1\" style=\"text-align: left;\">Vous pouvez nous contacter via les m\u00e9thodes suivantes\u00a0:<\/p>\n<ul class=\"ul1\">\n<li class=\"li2\" style=\"text-align: left;\"><span class=\"s2\">Par la poste, en utilisant l\u2019adresse postale indiqu\u00e9e ci-dessus.<\/span><\/li>\n<li class=\"li2\" style=\"text-align: left;\"><span class=\"s2\">\u00c0 l\u2019aide du formulaire de contact de notre site Web\u00a0<a href=\"http:\/\/www.riacanada.ca\/contact-us\/\"><span class=\"s3\">https:\/\/www.riacanada.ca\/fr\/nous-contacter\/<\/span><\/a><\/span><span class=\"s4\">.<\/span><\/li>\n<li class=\"li2\" style=\"text-align: left;\"><span class=\"s2\">Par t\u00e9l\u00e9phone, au num\u00e9ro publi\u00e9 sur notre site Internet.<\/span><\/li>\n<li class=\"li2\" style=\"text-align: left;\"><span class=\"s2\">Par courriel, en utilisant l&rsquo;adresse courriel privacy@riacanada.ca .<\/span><\/li>\n<\/ul>\n","protected":false},"excerpt":{"rendered":"<p>1. Introduction Cette politique de confidentialit\u00e9 explique et r\u00e9git la mani\u00e8re dont l\u2019Association pour l\u2019investissement responsable (AIR) traite les informations personnelles. Cette politique s\u2019applique aux sites Web de l\u2019AIR et aux autres moyens de collecte et de stockage des donn\u00e9es. L\u2019AIR peut collecter, utiliser et divulguer des informations personnelles sur ses utilisateurs conform\u00e9ment \u00e0 cette [&hellip;]<\/p>\n","protected":false},"author":7472,"featured_media":0,"parent":0,"menu_order":55,"comment_status":"closed","ping_status":"closed","template":"","meta":{"footnotes":""},"acf":[],"yoast_head":"<!-- This site is optimized with the Yoast SEO plugin v21.0 - https:\/\/yoast.com\/wordpress\/plugins\/seo\/ -->\n<title>Politique de confidentialit\u00e9 de l\u2019AIR - Responsible Investment Association<\/title>\n<meta name=\"robots\" content=\"index, follow, max-snippet:-1, max-image-preview:large, max-video-preview:-1\" \/>\n<link rel=\"canonical\" href=\"https:\/\/www.riacanada.ca\/fr\/politique-de-confidentialite-de-lair\/\" \/>\n<meta property=\"og:locale\" content=\"fr_FR\" \/>\n<meta property=\"og:type\" content=\"article\" \/>\n<meta property=\"og:title\" content=\"Politique de confidentialit\u00e9 de l\u2019AIR - Responsible Investment Association\" \/>\n<meta property=\"og:description\" content=\"1. Introduction Cette politique de confidentialit\u00e9 explique et r\u00e9git la mani\u00e8re dont l\u2019Association pour l\u2019investissement responsable (AIR) traite les informations personnelles. Cette politique s\u2019applique aux sites Web de l\u2019AIR et aux autres moyens de collecte et de stockage des donn\u00e9es. L\u2019AIR peut collecter, utiliser et divulguer des informations personnelles sur ses utilisateurs conform\u00e9ment \u00e0 cette [&hellip;]\" \/>\n<meta property=\"og:url\" content=\"https:\/\/www.riacanada.ca\/fr\/politique-de-confidentialite-de-lair\/\" \/>\n<meta property=\"og:site_name\" content=\"Responsible Investment Association\" \/>\n<meta property=\"article:modified_time\" content=\"2025-11-06T20:35:38+00:00\" \/>\n<meta name=\"twitter:card\" content=\"summary_large_image\" \/>\n<meta name=\"twitter:label1\" content=\"Est. reading time\" \/>\n\t<meta name=\"twitter:data1\" content=\"9 minutes\" \/>\n<script type=\"application\/ld+json\" class=\"yoast-schema-graph\">{\"@context\":\"https:\/\/schema.org\",\"@graph\":[{\"@type\":\"WebPage\",\"@id\":\"https:\/\/www.riacanada.ca\/fr\/politique-de-confidentialite-de-lair\/\",\"url\":\"https:\/\/www.riacanada.ca\/fr\/politique-de-confidentialite-de-lair\/\",\"name\":\"Politique de confidentialit\u00e9 de l\u2019AIR - Responsible Investment Association\",\"isPartOf\":{\"@id\":\"https:\/\/www.riacanada.ca\/fr\/#website\"},\"datePublished\":\"2019-10-22T18:45:23+00:00\",\"dateModified\":\"2025-11-06T20:35:38+00:00\",\"breadcrumb\":{\"@id\":\"https:\/\/www.riacanada.ca\/fr\/politique-de-confidentialite-de-lair\/#breadcrumb\"},\"inLanguage\":\"fr-CA\",\"potentialAction\":[{\"@type\":\"ReadAction\",\"target\":[\"https:\/\/www.riacanada.ca\/fr\/politique-de-confidentialite-de-lair\/\"]}]},{\"@type\":\"BreadcrumbList\",\"@id\":\"https:\/\/www.riacanada.ca\/fr\/politique-de-confidentialite-de-lair\/#breadcrumb\",\"itemListElement\":[{\"@type\":\"ListItem\",\"position\":1,\"name\":\"Home\",\"item\":\"https:\/\/www.riacanada.ca\/fr\/\"},{\"@type\":\"ListItem\",\"position\":2,\"name\":\"Politique de confidentialit\u00e9 de l\u2019AIR\"}]},{\"@type\":\"WebSite\",\"@id\":\"https:\/\/www.riacanada.ca\/fr\/#website\",\"url\":\"https:\/\/www.riacanada.ca\/fr\/\",\"name\":\"Responsible Investment Association\",\"description\":\"Canada&#039;s membership network for responsible investment\",\"potentialAction\":[{\"@type\":\"SearchAction\",\"target\":{\"@type\":\"EntryPoint\",\"urlTemplate\":\"https:\/\/www.riacanada.ca\/fr\/?s={search_term_string}\"},\"query-input\":\"required name=search_term_string\"}],\"inLanguage\":\"fr-CA\"}]}<\/script>\n<!-- \/ Yoast SEO plugin. -->","yoast_head_json":{"title":"Politique de confidentialit\u00e9 de l\u2019AIR - Responsible Investment Association","robots":{"index":"index","follow":"follow","max-snippet":"max-snippet:-1","max-image-preview":"max-image-preview:large","max-video-preview":"max-video-preview:-1"},"canonical":"https:\/\/www.riacanada.ca\/fr\/politique-de-confidentialite-de-lair\/","og_locale":"fr_FR","og_type":"article","og_title":"Politique de confidentialit\u00e9 de l\u2019AIR - Responsible Investment Association","og_description":"1. Introduction Cette politique de confidentialit\u00e9 explique et r\u00e9git la mani\u00e8re dont l\u2019Association pour l\u2019investissement responsable (AIR) traite les informations personnelles. Cette politique s\u2019applique aux sites Web de l\u2019AIR et aux autres moyens de collecte et de stockage des donn\u00e9es. L\u2019AIR peut collecter, utiliser et divulguer des informations personnelles sur ses utilisateurs conform\u00e9ment \u00e0 cette [&hellip;]","og_url":"https:\/\/www.riacanada.ca\/fr\/politique-de-confidentialite-de-lair\/","og_site_name":"Responsible Investment Association","article_modified_time":"2025-11-06T20:35:38+00:00","twitter_card":"summary_large_image","twitter_misc":{"Est. reading time":"9 minutes"},"schema":{"@context":"https:\/\/schema.org","@graph":[{"@type":"WebPage","@id":"https:\/\/www.riacanada.ca\/fr\/politique-de-confidentialite-de-lair\/","url":"https:\/\/www.riacanada.ca\/fr\/politique-de-confidentialite-de-lair\/","name":"Politique de confidentialit\u00e9 de l\u2019AIR - Responsible Investment Association","isPartOf":{"@id":"https:\/\/www.riacanada.ca\/fr\/#website"},"datePublished":"2019-10-22T18:45:23+00:00","dateModified":"2025-11-06T20:35:38+00:00","breadcrumb":{"@id":"https:\/\/www.riacanada.ca\/fr\/politique-de-confidentialite-de-lair\/#breadcrumb"},"inLanguage":"fr-CA","potentialAction":[{"@type":"ReadAction","target":["https:\/\/www.riacanada.ca\/fr\/politique-de-confidentialite-de-lair\/"]}]},{"@type":"BreadcrumbList","@id":"https:\/\/www.riacanada.ca\/fr\/politique-de-confidentialite-de-lair\/#breadcrumb","itemListElement":[{"@type":"ListItem","position":1,"name":"Home","item":"https:\/\/www.riacanada.ca\/fr\/"},{"@type":"ListItem","position":2,"name":"Politique de confidentialit\u00e9 de l\u2019AIR"}]},{"@type":"WebSite","@id":"https:\/\/www.riacanada.ca\/fr\/#website","url":"https:\/\/www.riacanada.ca\/fr\/","name":"Responsible Investment Association","description":"Canada&#039;s membership network for responsible investment","potentialAction":[{"@type":"SearchAction","target":{"@type":"EntryPoint","urlTemplate":"https:\/\/www.riacanada.ca\/fr\/?s={search_term_string}"},"query-input":"required name=search_term_string"}],"inLanguage":"fr-CA"}]}},"_links":{"self":[{"href":"https:\/\/www.riacanada.ca\/fr\/wp-json\/wp\/v2\/pages\/57322"}],"collection":[{"href":"https:\/\/www.riacanada.ca\/fr\/wp-json\/wp\/v2\/pages"}],"about":[{"href":"https:\/\/www.riacanada.ca\/fr\/wp-json\/wp\/v2\/types\/page"}],"author":[{"embeddable":true,"href":"https:\/\/www.riacanada.ca\/fr\/wp-json\/wp\/v2\/users\/7472"}],"replies":[{"embeddable":true,"href":"https:\/\/www.riacanada.ca\/fr\/wp-json\/wp\/v2\/comments?post=57322"}],"version-history":[{"count":5,"href":"https:\/\/www.riacanada.ca\/fr\/wp-json\/wp\/v2\/pages\/57322\/revisions"}],"predecessor-version":[{"id":116975,"href":"https:\/\/www.riacanada.ca\/fr\/wp-json\/wp\/v2\/pages\/57322\/revisions\/116975"}],"wp:attachment":[{"href":"https:\/\/www.riacanada.ca\/fr\/wp-json\/wp\/v2\/media?parent=57322"}],"curies":[{"name":"wp","href":"https:\/\/api.w.org\/{rel}","templated":true}]}}