{"id":57639,"date":"2021-10-27T00:17:18","date_gmt":"2021-10-27T04:17:18","guid":{"rendered":"https:\/\/www.riacanada.ca\/?page_id=57639"},"modified":"2021-10-27T00:17:18","modified_gmt":"2021-10-27T04:17:18","slug":"patrick-rondeau","status":"publish","type":"page","link":"https:\/\/www.riacanada.ca\/fr\/patrick-rondeau\/","title":{"rendered":"Patrick Rondeau"},"content":{"rendered":"<p><img decoding=\"async\" loading=\"lazy\" class=\"wp-image-57640 aligncenter\" src=\"https:\/\/www.riacanada.ca\/content\/uploads\/2021\/10\/Patrick-Rondeau.jpg\" alt=\"\" width=\"222\" height=\"222\" srcset=\"https:\/\/www.riacanada.ca\/content\/uploads\/2021\/10\/Patrick-Rondeau.jpg 731w, https:\/\/www.riacanada.ca\/content\/uploads\/2021\/10\/Patrick-Rondeau-150x150.jpg 150w, https:\/\/www.riacanada.ca\/content\/uploads\/2021\/10\/Patrick-Rondeau-500x500.jpg 500w\" sizes=\"(max-width: 222px) 100vw, 222px\" \/><\/p>\n<p style=\"text-align: center;\"><strong>Conseiller syndical \u2013 Environnement et transition juste,<br \/>\n<\/strong><strong>F\u00e9d\u00e9ration des travailleurs et des travailleuses du Qu\u00e9bec (FTQ)<\/strong><\/p>\n<p style=\"text-align: left;\">Patrick Rondeau est conseiller syndical \u2013 Environnement et transition juste pour la F\u00e9d\u00e9ration des travailleurs et des travailleuses du Qu\u00e9bec (FTQ) depuis 2019. Il a \u00e9t\u00e9 conseiller r\u00e9gional FTQ pour la grande r\u00e9gion m\u00e9tropolitaine de 2012 \u00e0 2019. Il a \u00e9galement eu la charge de la mobilisation et a coordonn\u00e9 plusieurs campagnes nationales \u00e0 la FTQ dont Minimum 15$.<\/p>\n<p style=\"text-align: left;\">Il a \u00e9t\u00e9 membre du comit\u00e9 de coordination du Front commun pour la transition \u00e9nerg\u00e9tique de 2016 \u00e0 2021. Il est membre du P\u00f4le d\u2019\u00e9conomie circulaire depuis 2019. En 2018, il a coordonn\u00e9 le Sommet pour une transition \u00e9nerg\u00e9tique juste, au Palais des congr\u00e8s, \u00e0 Montr\u00e9al. Il a \u00e9t\u00e9 membre du groupe de travail sur l\u2019\u00e9lectrification pour l\u2019\u00e9laboration du Plan d\u2019\u00e9lectrification et de lutte aux changements climatiques du gouvernement du Qu\u00e9bec et est pr\u00e9sentement membre du Conseil consultatif sur le d\u00e9veloppement durable du Gouvernement du Canada. Il a coordonn\u00e9 diff\u00e9rentes d\u00e9l\u00e9gations de la FTQ et du Fonds de solidarit\u00e9 FTQ aux Conf\u00e9rences des parties de l\u2019ONU (COP) depuis 2015. Patrick repr\u00e9sente \u00e9galement la constitution syndicale \u00e0 diff\u00e9rents forums et groupes d\u2019experts de la Convention-cadre des Nations Unies sur les changements climatiques portant sur la transition juste. Il a \u00e9galement particip\u00e9 \u00e0 divers groupes d\u2019experts et donner des conf\u00e9rences sur la transition juste au Qu\u00e9bec depuis 2016.<\/p>\n<p style=\"text-align: left;\">Patrick milite et travaille dans le mouvement syndical depuis 2000.<\/p>\n","protected":false},"excerpt":{"rendered":"<p>Conseiller syndical \u2013 Environnement et transition juste, F\u00e9d\u00e9ration des travailleurs et des travailleuses du Qu\u00e9bec (FTQ) Patrick Rondeau est conseiller syndical \u2013 Environnement et transition juste pour la F\u00e9d\u00e9ration des travailleurs et des travailleuses du Qu\u00e9bec (FTQ) depuis 2019. Il a \u00e9t\u00e9 conseiller r\u00e9gional FTQ pour la grande r\u00e9gion m\u00e9tropolitaine de 2012 \u00e0 2019. Il [&hellip;]<\/p>\n","protected":false},"author":7472,"featured_media":0,"parent":0,"menu_order":0,"comment_status":"closed","ping_status":"closed","template":"","meta":{"footnotes":""},"acf":[],"yoast_head":"<!-- This site is optimized with the Yoast SEO plugin v21.0 - https:\/\/yoast.com\/wordpress\/plugins\/seo\/ -->\n<title>Patrick Rondeau - Responsible Investment Association<\/title>\n<meta name=\"robots\" content=\"index, follow, max-snippet:-1, max-image-preview:large, max-video-preview:-1\" \/>\n<link rel=\"canonical\" href=\"https:\/\/www.riacanada.ca\/fr\/patrick-rondeau\/\" \/>\n<meta property=\"og:locale\" content=\"fr_FR\" \/>\n<meta property=\"og:type\" content=\"article\" \/>\n<meta property=\"og:title\" content=\"Patrick Rondeau - Responsible Investment Association\" \/>\n<meta property=\"og:description\" content=\"Conseiller syndical \u2013 Environnement et transition juste, F\u00e9d\u00e9ration des travailleurs et des travailleuses du Qu\u00e9bec (FTQ) Patrick Rondeau est conseiller syndical \u2013 Environnement et transition juste pour la F\u00e9d\u00e9ration des travailleurs et des travailleuses du Qu\u00e9bec (FTQ) depuis 2019. Il a \u00e9t\u00e9 conseiller r\u00e9gional FTQ pour la grande r\u00e9gion m\u00e9tropolitaine de 2012 \u00e0 2019. Il [&hellip;]\" \/>\n<meta property=\"og:url\" content=\"https:\/\/www.riacanada.ca\/fr\/patrick-rondeau\/\" \/>\n<meta property=\"og:site_name\" content=\"Responsible Investment Association\" \/>\n<meta property=\"og:image\" content=\"https:\/\/www.riacanada.ca\/content\/uploads\/2021\/10\/Patrick-Rondeau.jpg\" \/>\n<meta name=\"twitter:card\" content=\"summary_large_image\" \/>\n<meta name=\"twitter:label1\" content=\"Dur\u00e9e de lecture estim\u00e9e\" \/>\n\t<meta name=\"twitter:data1\" content=\"1 minute\" \/>\n<script type=\"application\/ld+json\" class=\"yoast-schema-graph\">{\"@context\":\"https:\/\/schema.org\",\"@graph\":[{\"@type\":\"WebPage\",\"@id\":\"https:\/\/www.riacanada.ca\/fr\/patrick-rondeau\/\",\"url\":\"https:\/\/www.riacanada.ca\/fr\/patrick-rondeau\/\",\"name\":\"Patrick Rondeau - Responsible Investment Association\",\"isPartOf\":{\"@id\":\"https:\/\/www.riacanada.ca\/fr\/#website\"},\"datePublished\":\"2021-10-27T04:17:18+00:00\",\"dateModified\":\"2021-10-27T04:17:18+00:00\",\"breadcrumb\":{\"@id\":\"https:\/\/www.riacanada.ca\/fr\/patrick-rondeau\/#breadcrumb\"},\"inLanguage\":\"fr-FR\",\"potentialAction\":[{\"@type\":\"ReadAction\",\"target\":[\"https:\/\/www.riacanada.ca\/fr\/patrick-rondeau\/\"]}]},{\"@type\":\"BreadcrumbList\",\"@id\":\"https:\/\/www.riacanada.ca\/fr\/patrick-rondeau\/#breadcrumb\",\"itemListElement\":[{\"@type\":\"ListItem\",\"position\":1,\"name\":\"Home\",\"item\":\"https:\/\/www.riacanada.ca\/fr\/\"},{\"@type\":\"ListItem\",\"position\":2,\"name\":\"Patrick Rondeau\"}]},{\"@type\":\"WebSite\",\"@id\":\"https:\/\/www.riacanada.ca\/fr\/#website\",\"url\":\"https:\/\/www.riacanada.ca\/fr\/\",\"name\":\"Responsible Investment Association\",\"description\":\"Canada&#039;s membership network for responsible investment\",\"potentialAction\":[{\"@type\":\"SearchAction\",\"target\":{\"@type\":\"EntryPoint\",\"urlTemplate\":\"https:\/\/www.riacanada.ca\/fr\/?s={search_term_string}\"},\"query-input\":\"required name=search_term_string\"}],\"inLanguage\":\"fr-FR\"}]}<\/script>\n<!-- \/ Yoast SEO plugin. -->","yoast_head_json":{"title":"Patrick Rondeau - Responsible Investment Association","robots":{"index":"index","follow":"follow","max-snippet":"max-snippet:-1","max-image-preview":"max-image-preview:large","max-video-preview":"max-video-preview:-1"},"canonical":"https:\/\/www.riacanada.ca\/fr\/patrick-rondeau\/","og_locale":"fr_FR","og_type":"article","og_title":"Patrick Rondeau - Responsible Investment Association","og_description":"Conseiller syndical \u2013 Environnement et transition juste, F\u00e9d\u00e9ration des travailleurs et des travailleuses du Qu\u00e9bec (FTQ) Patrick Rondeau est conseiller syndical \u2013 Environnement et transition juste pour la F\u00e9d\u00e9ration des travailleurs et des travailleuses du Qu\u00e9bec (FTQ) depuis 2019. Il a \u00e9t\u00e9 conseiller r\u00e9gional FTQ pour la grande r\u00e9gion m\u00e9tropolitaine de 2012 \u00e0 2019. Il [&hellip;]","og_url":"https:\/\/www.riacanada.ca\/fr\/patrick-rondeau\/","og_site_name":"Responsible Investment Association","og_image":[{"url":"https:\/\/www.riacanada.ca\/content\/uploads\/2021\/10\/Patrick-Rondeau.jpg"}],"twitter_card":"summary_large_image","twitter_misc":{"Dur\u00e9e de lecture estim\u00e9e":"1 minute"},"schema":{"@context":"https:\/\/schema.org","@graph":[{"@type":"WebPage","@id":"https:\/\/www.riacanada.ca\/fr\/patrick-rondeau\/","url":"https:\/\/www.riacanada.ca\/fr\/patrick-rondeau\/","name":"Patrick Rondeau - Responsible Investment Association","isPartOf":{"@id":"https:\/\/www.riacanada.ca\/fr\/#website"},"datePublished":"2021-10-27T04:17:18+00:00","dateModified":"2021-10-27T04:17:18+00:00","breadcrumb":{"@id":"https:\/\/www.riacanada.ca\/fr\/patrick-rondeau\/#breadcrumb"},"inLanguage":"fr-FR","potentialAction":[{"@type":"ReadAction","target":["https:\/\/www.riacanada.ca\/fr\/patrick-rondeau\/"]}]},{"@type":"BreadcrumbList","@id":"https:\/\/www.riacanada.ca\/fr\/patrick-rondeau\/#breadcrumb","itemListElement":[{"@type":"ListItem","position":1,"name":"Home","item":"https:\/\/www.riacanada.ca\/fr\/"},{"@type":"ListItem","position":2,"name":"Patrick Rondeau"}]},{"@type":"WebSite","@id":"https:\/\/www.riacanada.ca\/fr\/#website","url":"https:\/\/www.riacanada.ca\/fr\/","name":"Responsible Investment Association","description":"Canada&#039;s membership network for responsible investment","potentialAction":[{"@type":"SearchAction","target":{"@type":"EntryPoint","urlTemplate":"https:\/\/www.riacanada.ca\/fr\/?s={search_term_string}"},"query-input":"required name=search_term_string"}],"inLanguage":"fr-FR"}]}},"_links":{"self":[{"href":"https:\/\/www.riacanada.ca\/fr\/wp-json\/wp\/v2\/pages\/57639"}],"collection":[{"href":"https:\/\/www.riacanada.ca\/fr\/wp-json\/wp\/v2\/pages"}],"about":[{"href":"https:\/\/www.riacanada.ca\/fr\/wp-json\/wp\/v2\/types\/page"}],"author":[{"embeddable":true,"href":"https:\/\/www.riacanada.ca\/fr\/wp-json\/wp\/v2\/users\/7472"}],"replies":[{"embeddable":true,"href":"https:\/\/www.riacanada.ca\/fr\/wp-json\/wp\/v2\/comments?post=57639"}],"version-history":[{"count":2,"href":"https:\/\/www.riacanada.ca\/fr\/wp-json\/wp\/v2\/pages\/57639\/revisions"}],"predecessor-version":[{"id":57643,"href":"https:\/\/www.riacanada.ca\/fr\/wp-json\/wp\/v2\/pages\/57639\/revisions\/57643"}],"wp:attachment":[{"href":"https:\/\/www.riacanada.ca\/fr\/wp-json\/wp\/v2\/media?parent=57639"}],"curies":[{"name":"wp","href":"https:\/\/api.w.org\/{rel}","templated":true}]}}