{"id":57648,"date":"2021-10-27T01:12:17","date_gmt":"2021-10-27T05:12:17","guid":{"rendered":"https:\/\/www.riacanada.ca\/?page_id=57648"},"modified":"2021-10-27T01:12:17","modified_gmt":"2021-10-27T05:12:17","slug":"louis-marcotte","status":"publish","type":"page","link":"https:\/\/www.riacanada.ca\/fr\/louis-marcotte\/","title":{"rendered":"Louis Marcotte"},"content":{"rendered":"<p><img decoding=\"async\" loading=\"lazy\" class=\" wp-image-57649\" src=\"https:\/\/www.riacanada.ca\/content\/uploads\/2021\/10\/Louis-Marcotte.jpg\" alt=\"\" width=\"232\" height=\"232\" srcset=\"https:\/\/www.riacanada.ca\/content\/uploads\/2021\/10\/Louis-Marcotte.jpg 1054w, https:\/\/www.riacanada.ca\/content\/uploads\/2021\/10\/Louis-Marcotte-150x150.jpg 150w, https:\/\/www.riacanada.ca\/content\/uploads\/2021\/10\/Louis-Marcotte-500x500.jpg 500w, https:\/\/www.riacanada.ca\/content\/uploads\/2021\/10\/Louis-Marcotte-768x768.jpg 768w, https:\/\/www.riacanada.ca\/content\/uploads\/2021\/10\/Louis-Marcotte-1000x1000.jpg 1000w\" sizes=\"(max-width: 232px) 100vw, 232px\" \/><\/p>\n<p style=\"text-align: center;\"><strong>Chef des finances, Intact Financial Corporation et membre<\/strong><br \/>\n<strong>du Conseil d&rsquo;action en mati\u00e8re de finance durable<\/strong><\/p>\n<p style=\"text-align: left;\">En juin 2021, Louis Marcotte a \u00e9t\u00e9 nomm\u00e9 premier vice-pr\u00e9sident ex\u00e9cutif et chef des finances. Il encadre la gestion financi\u00e8re de l\u2019organisation \u00e0 l\u2019\u00e9chelle mondiale. Depuis d\u00e9cembre 2013, il occupait le poste de premier vice-pr\u00e9sident et chef des finances. M. Marcotte a \u00e9galement \u00e9t\u00e9 premier vice-pr\u00e9sident \u00e0 la distribution strat\u00e9gique, responsable des placements d\u2019Intact dans le r\u00e9seau de courtage et de l\u2019\u00e9laboration de solutions financi\u00e8res pour les courtiers et les partenaires de la soci\u00e9t\u00e9. Il a pr\u00e9c\u00e9demment \u00e9t\u00e9 tr\u00e9sorier de la soci\u00e9t\u00e9 et, \u00e0 ce titre, il dirigerait les relations avec les investisseurs, la planification financi\u00e8re et la tr\u00e9sorerie.<\/p>\n<p style=\"text-align: left;\">Marcotte compte plus de 30 ann\u00e9es d\u2019exp\u00e9rience internationale progressive dans la gestion financi\u00e8re. Ses champs d\u2019expertise incluent les fusions et les acquisitions, le financement, l\u2019implantation de syst\u00e8mes, la pr\u00e9sentation de rapports financiers de soci\u00e9t\u00e9s ouvertes et la planification fiscale.<\/p>\n<p style=\"text-align: left;\">Dipl\u00f4m\u00e9 de l\u2019Universit\u00e9 McGill, M. Marcotte est titulaire d\u2019une ma\u00eetrise en administration des affaires de la Vlerick Business School et membre de l\u2019Ordre des CPA du Qu\u00e9bec. Il si\u00e8ge \u00e9galement au conseil des gouverneurs de Finance Montr\u00e9al et au conseil d\u2019administration de la section du Qu\u00e9bec de l\u2019association Dirigeants financiers internationaux du Canada.<\/p>\n","protected":false},"excerpt":{"rendered":"<p>Chef des finances, Intact Financial Corporation et membre du Conseil d&rsquo;action en mati\u00e8re de finance durable En juin 2021, Louis Marcotte a \u00e9t\u00e9 nomm\u00e9 premier vice-pr\u00e9sident ex\u00e9cutif et chef des finances. Il encadre la gestion financi\u00e8re de l\u2019organisation \u00e0 l\u2019\u00e9chelle mondiale. Depuis d\u00e9cembre 2013, il occupait le poste de premier vice-pr\u00e9sident et chef des finances. [&hellip;]<\/p>\n","protected":false},"author":7472,"featured_media":0,"parent":0,"menu_order":0,"comment_status":"closed","ping_status":"closed","template":"","meta":{"footnotes":""},"acf":[],"yoast_head":"<!-- This site is optimized with the Yoast SEO plugin v21.0 - https:\/\/yoast.com\/wordpress\/plugins\/seo\/ -->\n<title>Louis Marcotte - Responsible Investment Association<\/title>\n<meta name=\"robots\" content=\"index, follow, max-snippet:-1, max-image-preview:large, max-video-preview:-1\" \/>\n<link rel=\"canonical\" href=\"https:\/\/www.riacanada.ca\/fr\/louis-marcotte\/\" \/>\n<meta property=\"og:locale\" content=\"fr_FR\" \/>\n<meta property=\"og:type\" content=\"article\" \/>\n<meta property=\"og:title\" content=\"Louis Marcotte - Responsible Investment Association\" \/>\n<meta property=\"og:description\" content=\"Chef des finances, Intact Financial Corporation et membre du Conseil d&rsquo;action en mati\u00e8re de finance durable En juin 2021, Louis Marcotte a \u00e9t\u00e9 nomm\u00e9 premier vice-pr\u00e9sident ex\u00e9cutif et chef des finances. Il encadre la gestion financi\u00e8re de l\u2019organisation \u00e0 l\u2019\u00e9chelle mondiale. Depuis d\u00e9cembre 2013, il occupait le poste de premier vice-pr\u00e9sident et chef des finances. [&hellip;]\" \/>\n<meta property=\"og:url\" content=\"https:\/\/www.riacanada.ca\/fr\/louis-marcotte\/\" \/>\n<meta property=\"og:site_name\" content=\"Responsible Investment Association\" \/>\n<meta property=\"og:image\" content=\"https:\/\/www.riacanada.ca\/content\/uploads\/2021\/10\/Louis-Marcotte.jpg\" \/>\n<meta name=\"twitter:card\" content=\"summary_large_image\" \/>\n<meta name=\"twitter:label1\" content=\"Est. reading time\" \/>\n\t<meta name=\"twitter:data1\" content=\"1 minute\" \/>\n<script type=\"application\/ld+json\" class=\"yoast-schema-graph\">{\"@context\":\"https:\/\/schema.org\",\"@graph\":[{\"@type\":\"WebPage\",\"@id\":\"https:\/\/www.riacanada.ca\/fr\/louis-marcotte\/\",\"url\":\"https:\/\/www.riacanada.ca\/fr\/louis-marcotte\/\",\"name\":\"Louis Marcotte - Responsible Investment Association\",\"isPartOf\":{\"@id\":\"https:\/\/www.riacanada.ca\/fr\/#website\"},\"datePublished\":\"2021-10-27T05:12:17+00:00\",\"dateModified\":\"2021-10-27T05:12:17+00:00\",\"breadcrumb\":{\"@id\":\"https:\/\/www.riacanada.ca\/fr\/louis-marcotte\/#breadcrumb\"},\"inLanguage\":\"fr-CA\",\"potentialAction\":[{\"@type\":\"ReadAction\",\"target\":[\"https:\/\/www.riacanada.ca\/fr\/louis-marcotte\/\"]}]},{\"@type\":\"BreadcrumbList\",\"@id\":\"https:\/\/www.riacanada.ca\/fr\/louis-marcotte\/#breadcrumb\",\"itemListElement\":[{\"@type\":\"ListItem\",\"position\":1,\"name\":\"Home\",\"item\":\"https:\/\/www.riacanada.ca\/fr\/\"},{\"@type\":\"ListItem\",\"position\":2,\"name\":\"Louis Marcotte\"}]},{\"@type\":\"WebSite\",\"@id\":\"https:\/\/www.riacanada.ca\/fr\/#website\",\"url\":\"https:\/\/www.riacanada.ca\/fr\/\",\"name\":\"Responsible Investment Association\",\"description\":\"Canada&#039;s membership network for responsible investment\",\"potentialAction\":[{\"@type\":\"SearchAction\",\"target\":{\"@type\":\"EntryPoint\",\"urlTemplate\":\"https:\/\/www.riacanada.ca\/fr\/?s={search_term_string}\"},\"query-input\":\"required name=search_term_string\"}],\"inLanguage\":\"fr-CA\"}]}<\/script>\n<!-- \/ Yoast SEO plugin. -->","yoast_head_json":{"title":"Louis Marcotte - Responsible Investment Association","robots":{"index":"index","follow":"follow","max-snippet":"max-snippet:-1","max-image-preview":"max-image-preview:large","max-video-preview":"max-video-preview:-1"},"canonical":"https:\/\/www.riacanada.ca\/fr\/louis-marcotte\/","og_locale":"fr_FR","og_type":"article","og_title":"Louis Marcotte - Responsible Investment Association","og_description":"Chef des finances, Intact Financial Corporation et membre du Conseil d&rsquo;action en mati\u00e8re de finance durable En juin 2021, Louis Marcotte a \u00e9t\u00e9 nomm\u00e9 premier vice-pr\u00e9sident ex\u00e9cutif et chef des finances. Il encadre la gestion financi\u00e8re de l\u2019organisation \u00e0 l\u2019\u00e9chelle mondiale. Depuis d\u00e9cembre 2013, il occupait le poste de premier vice-pr\u00e9sident et chef des finances. [&hellip;]","og_url":"https:\/\/www.riacanada.ca\/fr\/louis-marcotte\/","og_site_name":"Responsible Investment Association","og_image":[{"url":"https:\/\/www.riacanada.ca\/content\/uploads\/2021\/10\/Louis-Marcotte.jpg"}],"twitter_card":"summary_large_image","twitter_misc":{"Est. reading time":"1 minute"},"schema":{"@context":"https:\/\/schema.org","@graph":[{"@type":"WebPage","@id":"https:\/\/www.riacanada.ca\/fr\/louis-marcotte\/","url":"https:\/\/www.riacanada.ca\/fr\/louis-marcotte\/","name":"Louis Marcotte - Responsible Investment Association","isPartOf":{"@id":"https:\/\/www.riacanada.ca\/fr\/#website"},"datePublished":"2021-10-27T05:12:17+00:00","dateModified":"2021-10-27T05:12:17+00:00","breadcrumb":{"@id":"https:\/\/www.riacanada.ca\/fr\/louis-marcotte\/#breadcrumb"},"inLanguage":"fr-CA","potentialAction":[{"@type":"ReadAction","target":["https:\/\/www.riacanada.ca\/fr\/louis-marcotte\/"]}]},{"@type":"BreadcrumbList","@id":"https:\/\/www.riacanada.ca\/fr\/louis-marcotte\/#breadcrumb","itemListElement":[{"@type":"ListItem","position":1,"name":"Home","item":"https:\/\/www.riacanada.ca\/fr\/"},{"@type":"ListItem","position":2,"name":"Louis Marcotte"}]},{"@type":"WebSite","@id":"https:\/\/www.riacanada.ca\/fr\/#website","url":"https:\/\/www.riacanada.ca\/fr\/","name":"Responsible Investment Association","description":"Canada&#039;s membership network for responsible investment","potentialAction":[{"@type":"SearchAction","target":{"@type":"EntryPoint","urlTemplate":"https:\/\/www.riacanada.ca\/fr\/?s={search_term_string}"},"query-input":"required name=search_term_string"}],"inLanguage":"fr-CA"}]}},"_links":{"self":[{"href":"https:\/\/www.riacanada.ca\/fr\/wp-json\/wp\/v2\/pages\/57648"}],"collection":[{"href":"https:\/\/www.riacanada.ca\/fr\/wp-json\/wp\/v2\/pages"}],"about":[{"href":"https:\/\/www.riacanada.ca\/fr\/wp-json\/wp\/v2\/types\/page"}],"author":[{"embeddable":true,"href":"https:\/\/www.riacanada.ca\/fr\/wp-json\/wp\/v2\/users\/7472"}],"replies":[{"embeddable":true,"href":"https:\/\/www.riacanada.ca\/fr\/wp-json\/wp\/v2\/comments?post=57648"}],"version-history":[{"count":1,"href":"https:\/\/www.riacanada.ca\/fr\/wp-json\/wp\/v2\/pages\/57648\/revisions"}],"predecessor-version":[{"id":57652,"href":"https:\/\/www.riacanada.ca\/fr\/wp-json\/wp\/v2\/pages\/57648\/revisions\/57652"}],"wp:attachment":[{"href":"https:\/\/www.riacanada.ca\/fr\/wp-json\/wp\/v2\/media?parent=57648"}],"curies":[{"name":"wp","href":"https:\/\/api.w.org\/{rel}","templated":true}]}}