{"id":57653,"date":"2021-10-27T01:16:20","date_gmt":"2021-10-27T05:16:20","guid":{"rendered":"https:\/\/www.riacanada.ca\/?page_id=57653"},"modified":"2021-10-27T01:16:20","modified_gmt":"2021-10-27T05:16:20","slug":"deborah-debas","status":"publish","type":"page","link":"https:\/\/www.riacanada.ca\/fr\/deborah-debas\/","title":{"rendered":"Deborah Debas"},"content":{"rendered":"<p><img decoding=\"async\" loading=\"lazy\" class=\"wp-image-57654 aligncenter\" src=\"https:\/\/www.riacanada.ca\/content\/uploads\/2021\/10\/Deborah-Debas.jpg\" alt=\"\" width=\"242\" height=\"242\" srcset=\"https:\/\/www.riacanada.ca\/content\/uploads\/2021\/10\/Deborah-Debas.jpg 1717w, https:\/\/www.riacanada.ca\/content\/uploads\/2021\/10\/Deborah-Debas-150x150.jpg 150w, https:\/\/www.riacanada.ca\/content\/uploads\/2021\/10\/Deborah-Debas-500x500.jpg 500w, https:\/\/www.riacanada.ca\/content\/uploads\/2021\/10\/Deborah-Debas-768x768.jpg 768w, https:\/\/www.riacanada.ca\/content\/uploads\/2021\/10\/Deborah-Debas-1000x1000.jpg 1000w\" sizes=\"(max-width: 242px) 100vw, 242px\" \/><\/p>\n<p style=\"text-align: center;\"><strong>Sp\u00e9cialiste, investissement responsable,<br \/>\n<\/strong><strong>Solutions d&rsquo;investissement Desjardins<\/strong><\/p>\n<p style=\"text-align: left;\">Deborah Debas est sp\u00e9cialiste en investissement responsable (IR) chez Desjardins Gestion de patrimoine. Son principal mandat consiste \u00e0 informer et \u00e9duquer les conseillers et les investisseurs sur les diff\u00e9rentes approches utilis\u00e9es en IR et les divers types de produits de placement disponibles.<\/p>\n<p style=\"text-align: left;\">Deborah a commenc\u00e9 sa carri\u00e8re en communications en 1998. Chez Desjardins, elle a \u00e9t\u00e9 responsable du lancement des premiers portefeuilles d\u2019investissement responsable au Qu\u00e9bec en 2009. Apr\u00e8s cinq ans pass\u00e9s au sein du Mouvement Desjardins, Deborah devient entrepreneure en \u00c9quateur en 2015, puis revient chez Desjardins en 2018 pour mettre \u00e0 nouveau son expertise au service de l\u2019IR.<\/p>\n<p style=\"text-align: left;\">\u00c0 titre de sp\u00e9cialiste en investissement responsable, Deborah est \u00e0 l\u2019aff\u00fbt des tendances actuelles et futures dans ce secteur et analyse les enjeux environnementaux, sociaux et de gouvernance (ESG) auxquels sont confront\u00e9s nos soci\u00e9t\u00e9s et nos industries. Fi\u00e8re du leadership de Desjardins dans ce domaine, elle agit \u00e9galement \u00e0 titre de porte-parole du Mouvement Desjardins en IR.<br \/>\nDipl\u00f4m\u00e9e de l\u2019Universit\u00e9 de Montr\u00e9al en 2003, Deborah Debas est d\u00e9tentrice d\u2019un baccalaur\u00e9at en communication et sciences politiques. De 2014 \u00e0 2018, elle a \u00e9galement agi comme secr\u00e9taire du C.A. de la Fondation El Arenal qui offre des programmes parascolaire et alimentaire aux enfants de Cuenca, en \u00c9quateur.<\/p>\n","protected":false},"excerpt":{"rendered":"<p>Sp\u00e9cialiste, investissement responsable, Solutions d&rsquo;investissement Desjardins Deborah Debas est sp\u00e9cialiste en investissement responsable (IR) chez Desjardins Gestion de patrimoine. Son principal mandat consiste \u00e0 informer et \u00e9duquer les conseillers et les investisseurs sur les diff\u00e9rentes approches utilis\u00e9es en IR et les divers types de produits de placement disponibles. Deborah a commenc\u00e9 sa carri\u00e8re en communications [&hellip;]<\/p>\n","protected":false},"author":7472,"featured_media":0,"parent":0,"menu_order":0,"comment_status":"closed","ping_status":"closed","template":"","meta":{"footnotes":""},"acf":[],"yoast_head":"<!-- This site is optimized with the Yoast SEO plugin v21.0 - https:\/\/yoast.com\/wordpress\/plugins\/seo\/ -->\n<title>Deborah Debas - Responsible Investment Association<\/title>\n<meta name=\"robots\" content=\"index, follow, max-snippet:-1, max-image-preview:large, max-video-preview:-1\" \/>\n<link rel=\"canonical\" href=\"https:\/\/www.riacanada.ca\/fr\/deborah-debas\/\" \/>\n<meta property=\"og:locale\" content=\"fr_FR\" \/>\n<meta property=\"og:type\" content=\"article\" \/>\n<meta property=\"og:title\" content=\"Deborah Debas - Responsible Investment Association\" \/>\n<meta property=\"og:description\" content=\"Sp\u00e9cialiste, investissement responsable, Solutions d&rsquo;investissement Desjardins Deborah Debas est sp\u00e9cialiste en investissement responsable (IR) chez Desjardins Gestion de patrimoine. Son principal mandat consiste \u00e0 informer et \u00e9duquer les conseillers et les investisseurs sur les diff\u00e9rentes approches utilis\u00e9es en IR et les divers types de produits de placement disponibles. Deborah a commenc\u00e9 sa carri\u00e8re en communications [&hellip;]\" \/>\n<meta property=\"og:url\" content=\"https:\/\/www.riacanada.ca\/fr\/deborah-debas\/\" \/>\n<meta property=\"og:site_name\" content=\"Responsible Investment Association\" \/>\n<meta property=\"og:image\" content=\"https:\/\/www.riacanada.ca\/content\/uploads\/2021\/10\/Deborah-Debas.jpg\" \/>\n<meta name=\"twitter:card\" content=\"summary_large_image\" \/>\n<meta name=\"twitter:label1\" content=\"Dur\u00e9e de lecture estim\u00e9e\" \/>\n\t<meta name=\"twitter:data1\" content=\"1 minute\" \/>\n<script type=\"application\/ld+json\" class=\"yoast-schema-graph\">{\"@context\":\"https:\/\/schema.org\",\"@graph\":[{\"@type\":\"WebPage\",\"@id\":\"https:\/\/www.riacanada.ca\/fr\/deborah-debas\/\",\"url\":\"https:\/\/www.riacanada.ca\/fr\/deborah-debas\/\",\"name\":\"Deborah Debas - Responsible Investment Association\",\"isPartOf\":{\"@id\":\"https:\/\/www.riacanada.ca\/fr\/#website\"},\"datePublished\":\"2021-10-27T05:16:20+00:00\",\"dateModified\":\"2021-10-27T05:16:20+00:00\",\"breadcrumb\":{\"@id\":\"https:\/\/www.riacanada.ca\/fr\/deborah-debas\/#breadcrumb\"},\"inLanguage\":\"fr-FR\",\"potentialAction\":[{\"@type\":\"ReadAction\",\"target\":[\"https:\/\/www.riacanada.ca\/fr\/deborah-debas\/\"]}]},{\"@type\":\"BreadcrumbList\",\"@id\":\"https:\/\/www.riacanada.ca\/fr\/deborah-debas\/#breadcrumb\",\"itemListElement\":[{\"@type\":\"ListItem\",\"position\":1,\"name\":\"Home\",\"item\":\"https:\/\/www.riacanada.ca\/fr\/\"},{\"@type\":\"ListItem\",\"position\":2,\"name\":\"Deborah Debas\"}]},{\"@type\":\"WebSite\",\"@id\":\"https:\/\/www.riacanada.ca\/fr\/#website\",\"url\":\"https:\/\/www.riacanada.ca\/fr\/\",\"name\":\"Responsible Investment Association\",\"description\":\"Canada&#039;s membership network for responsible investment\",\"potentialAction\":[{\"@type\":\"SearchAction\",\"target\":{\"@type\":\"EntryPoint\",\"urlTemplate\":\"https:\/\/www.riacanada.ca\/fr\/?s={search_term_string}\"},\"query-input\":\"required name=search_term_string\"}],\"inLanguage\":\"fr-FR\"}]}<\/script>\n<!-- \/ Yoast SEO plugin. -->","yoast_head_json":{"title":"Deborah Debas - Responsible Investment Association","robots":{"index":"index","follow":"follow","max-snippet":"max-snippet:-1","max-image-preview":"max-image-preview:large","max-video-preview":"max-video-preview:-1"},"canonical":"https:\/\/www.riacanada.ca\/fr\/deborah-debas\/","og_locale":"fr_FR","og_type":"article","og_title":"Deborah Debas - Responsible Investment Association","og_description":"Sp\u00e9cialiste, investissement responsable, Solutions d&rsquo;investissement Desjardins Deborah Debas est sp\u00e9cialiste en investissement responsable (IR) chez Desjardins Gestion de patrimoine. Son principal mandat consiste \u00e0 informer et \u00e9duquer les conseillers et les investisseurs sur les diff\u00e9rentes approches utilis\u00e9es en IR et les divers types de produits de placement disponibles. Deborah a commenc\u00e9 sa carri\u00e8re en communications [&hellip;]","og_url":"https:\/\/www.riacanada.ca\/fr\/deborah-debas\/","og_site_name":"Responsible Investment Association","og_image":[{"url":"https:\/\/www.riacanada.ca\/content\/uploads\/2021\/10\/Deborah-Debas.jpg"}],"twitter_card":"summary_large_image","twitter_misc":{"Dur\u00e9e de lecture estim\u00e9e":"1 minute"},"schema":{"@context":"https:\/\/schema.org","@graph":[{"@type":"WebPage","@id":"https:\/\/www.riacanada.ca\/fr\/deborah-debas\/","url":"https:\/\/www.riacanada.ca\/fr\/deborah-debas\/","name":"Deborah Debas - Responsible Investment Association","isPartOf":{"@id":"https:\/\/www.riacanada.ca\/fr\/#website"},"datePublished":"2021-10-27T05:16:20+00:00","dateModified":"2021-10-27T05:16:20+00:00","breadcrumb":{"@id":"https:\/\/www.riacanada.ca\/fr\/deborah-debas\/#breadcrumb"},"inLanguage":"fr-FR","potentialAction":[{"@type":"ReadAction","target":["https:\/\/www.riacanada.ca\/fr\/deborah-debas\/"]}]},{"@type":"BreadcrumbList","@id":"https:\/\/www.riacanada.ca\/fr\/deborah-debas\/#breadcrumb","itemListElement":[{"@type":"ListItem","position":1,"name":"Home","item":"https:\/\/www.riacanada.ca\/fr\/"},{"@type":"ListItem","position":2,"name":"Deborah Debas"}]},{"@type":"WebSite","@id":"https:\/\/www.riacanada.ca\/fr\/#website","url":"https:\/\/www.riacanada.ca\/fr\/","name":"Responsible Investment Association","description":"Canada&#039;s membership network for responsible investment","potentialAction":[{"@type":"SearchAction","target":{"@type":"EntryPoint","urlTemplate":"https:\/\/www.riacanada.ca\/fr\/?s={search_term_string}"},"query-input":"required name=search_term_string"}],"inLanguage":"fr-FR"}]}},"_links":{"self":[{"href":"https:\/\/www.riacanada.ca\/fr\/wp-json\/wp\/v2\/pages\/57653"}],"collection":[{"href":"https:\/\/www.riacanada.ca\/fr\/wp-json\/wp\/v2\/pages"}],"about":[{"href":"https:\/\/www.riacanada.ca\/fr\/wp-json\/wp\/v2\/types\/page"}],"author":[{"embeddable":true,"href":"https:\/\/www.riacanada.ca\/fr\/wp-json\/wp\/v2\/users\/7472"}],"replies":[{"embeddable":true,"href":"https:\/\/www.riacanada.ca\/fr\/wp-json\/wp\/v2\/comments?post=57653"}],"version-history":[{"count":1,"href":"https:\/\/www.riacanada.ca\/fr\/wp-json\/wp\/v2\/pages\/57653\/revisions"}],"predecessor-version":[{"id":57656,"href":"https:\/\/www.riacanada.ca\/fr\/wp-json\/wp\/v2\/pages\/57653\/revisions\/57656"}],"wp:attachment":[{"href":"https:\/\/www.riacanada.ca\/fr\/wp-json\/wp\/v2\/media?parent=57653"}],"curies":[{"name":"wp","href":"https:\/\/api.w.org\/{rel}","templated":true}]}}