{"id":57657,"date":"2021-10-27T01:21:50","date_gmt":"2021-10-27T05:21:50","guid":{"rendered":"https:\/\/www.riacanada.ca\/?page_id=57657"},"modified":"2021-10-27T01:21:50","modified_gmt":"2021-10-27T05:21:50","slug":"jacques-deforges","status":"publish","type":"page","link":"https:\/\/www.riacanada.ca\/fr\/jacques-deforges\/","title":{"rendered":"Jacques Deforges"},"content":{"rendered":"<p><img decoding=\"async\" loading=\"lazy\" class=\"size-full wp-image-57658 aligncenter\" src=\"https:\/\/www.riacanada.ca\/content\/uploads\/2021\/10\/Jacques-Deforges.jpg\" alt=\"\" width=\"251\" height=\"251\" srcset=\"https:\/\/www.riacanada.ca\/content\/uploads\/2021\/10\/Jacques-Deforges.jpg 251w, https:\/\/www.riacanada.ca\/content\/uploads\/2021\/10\/Jacques-Deforges-150x150.jpg 150w\" sizes=\"(max-width: 251px) 100vw, 251px\" \/><\/p>\n<p style=\"text-align: center;\"><strong>Directeur g\u00e9n\u00e9ral,<\/strong><br \/>\n<strong>Finance Montr\u00e9al<\/strong><\/p>\n<p style=\"text-align: left;\">En tant que directeur g\u00e9n\u00e9ral de Finance Montr\u00e9al, Jacques dirige une \u00e9quipe qui a pour mandat de contribuer au d\u00e9veloppement et \u00e0 la promotion du Qu\u00e9bec comme place financi\u00e8re de classe mondiale, en collaboration avec les membres de Finance Montr\u00e9al et les intervenants du secteur financier.<\/p>\n<p style=\"text-align: left;\">Il est un dirigeant et leader aguerri poss\u00e9dant pr\u00e8s de 30 ann\u00e9es d\u2019exp\u00e9rience dans le secteur financier et des entreprises innovantes, incluant plus de 20 ans dans des r\u00f4les de cadre sup\u00e9rieur et ce, tant au sein de PME qu\u2019aupr\u00e8s de grandes entreprises priv\u00e9es ou publiques. Il a notamment \u00e9t\u00e9 auparavant Directeur g\u00e9n\u00e9ral de la Chambre des notaires du Qu\u00e9bec, menant la transformation de l\u2019organisation, et Premier vice-pr\u00e9sident, Entreprises et International, \u00e0 la Banque Nationale, o\u00f9 il \u00e9tait responsable de l\u2019ensemble des activit\u00e9s reli\u00e9es aux services aux entreprises et au service International. Du cot\u00e9 des entreprises, Jacques Deforges a agi comme haut dirigeant de multiples entreprises, publiques ou priv\u00e9es, locales ou internationales, \u00e9tablies ou en d\u00e9marrage, telles que T\u00e9l\u00e9globe, Adaltis, Celmed BioSciences et Rep\u00e9rages Boomerang.<\/p>\n<p style=\"text-align: left;\">Parall\u00e8lement \u00e0 ses activit\u00e9s professionnelles, M. Deforges est engag\u00e9 socialement. Il s\u2019implique dans l\u2019organisme Le Refuge des jeunes de Montr\u00e9al depuis pr\u00e8s de vingt-cinq ans, notamment \u00e0 titre de pr\u00e9sident de la campagne de financement \u00ab Dons d\u2019Avenir \u00bb, qui a permis de r\u00e9colter 1,5 million de dollars.<\/p>\n<p style=\"text-align: left;\">Dipl\u00f4m\u00e9 de l\u2019\u00c9cole des Hautes \u00c9tudes Commerciales de Paris (HEC), Jacques Deforges est titulaire d\u2019un MBA de l\u2019Universit\u00e9 Concordia et d\u00e9tient une accr\u00e9ditation ACC d\u00e9cern\u00e9e par l\u2019International Coach Federation (ICF).<\/p>\n","protected":false},"excerpt":{"rendered":"<p>Directeur g\u00e9n\u00e9ral, Finance Montr\u00e9al En tant que directeur g\u00e9n\u00e9ral de Finance Montr\u00e9al, Jacques dirige une \u00e9quipe qui a pour mandat de contribuer au d\u00e9veloppement et \u00e0 la promotion du Qu\u00e9bec comme place financi\u00e8re de classe mondiale, en collaboration avec les membres de Finance Montr\u00e9al et les intervenants du secteur financier. Il est un dirigeant et [&hellip;]<\/p>\n","protected":false},"author":7472,"featured_media":0,"parent":0,"menu_order":0,"comment_status":"closed","ping_status":"closed","template":"","meta":{"footnotes":""},"acf":[],"yoast_head":"<!-- This site is optimized with the Yoast SEO plugin v21.0 - https:\/\/yoast.com\/wordpress\/plugins\/seo\/ -->\n<title>Jacques Deforges - Responsible Investment Association<\/title>\n<meta name=\"robots\" content=\"index, follow, max-snippet:-1, max-image-preview:large, max-video-preview:-1\" \/>\n<link rel=\"canonical\" href=\"https:\/\/www.riacanada.ca\/fr\/jacques-deforges\/\" \/>\n<meta property=\"og:locale\" content=\"fr_FR\" \/>\n<meta property=\"og:type\" content=\"article\" \/>\n<meta property=\"og:title\" content=\"Jacques Deforges - Responsible Investment Association\" \/>\n<meta property=\"og:description\" content=\"Directeur g\u00e9n\u00e9ral, Finance Montr\u00e9al En tant que directeur g\u00e9n\u00e9ral de Finance Montr\u00e9al, Jacques dirige une \u00e9quipe qui a pour mandat de contribuer au d\u00e9veloppement et \u00e0 la promotion du Qu\u00e9bec comme place financi\u00e8re de classe mondiale, en collaboration avec les membres de Finance Montr\u00e9al et les intervenants du secteur financier. Il est un dirigeant et [&hellip;]\" \/>\n<meta property=\"og:url\" content=\"https:\/\/www.riacanada.ca\/fr\/jacques-deforges\/\" \/>\n<meta property=\"og:site_name\" content=\"Responsible Investment Association\" \/>\n<meta property=\"og:image\" content=\"https:\/\/www.riacanada.ca\/content\/uploads\/2021\/10\/Jacques-Deforges.jpg\" \/>\n<meta name=\"twitter:card\" content=\"summary_large_image\" \/>\n<meta name=\"twitter:label1\" content=\"Est. reading time\" \/>\n\t<meta name=\"twitter:data1\" content=\"1 minute\" \/>\n<script type=\"application\/ld+json\" class=\"yoast-schema-graph\">{\"@context\":\"https:\/\/schema.org\",\"@graph\":[{\"@type\":\"WebPage\",\"@id\":\"https:\/\/www.riacanada.ca\/fr\/jacques-deforges\/\",\"url\":\"https:\/\/www.riacanada.ca\/fr\/jacques-deforges\/\",\"name\":\"Jacques Deforges - Responsible Investment Association\",\"isPartOf\":{\"@id\":\"https:\/\/www.riacanada.ca\/fr\/#website\"},\"datePublished\":\"2021-10-27T05:21:50+00:00\",\"dateModified\":\"2021-10-27T05:21:50+00:00\",\"breadcrumb\":{\"@id\":\"https:\/\/www.riacanada.ca\/fr\/jacques-deforges\/#breadcrumb\"},\"inLanguage\":\"fr-CA\",\"potentialAction\":[{\"@type\":\"ReadAction\",\"target\":[\"https:\/\/www.riacanada.ca\/fr\/jacques-deforges\/\"]}]},{\"@type\":\"BreadcrumbList\",\"@id\":\"https:\/\/www.riacanada.ca\/fr\/jacques-deforges\/#breadcrumb\",\"itemListElement\":[{\"@type\":\"ListItem\",\"position\":1,\"name\":\"Home\",\"item\":\"https:\/\/www.riacanada.ca\/fr\/\"},{\"@type\":\"ListItem\",\"position\":2,\"name\":\"Jacques Deforges\"}]},{\"@type\":\"WebSite\",\"@id\":\"https:\/\/www.riacanada.ca\/fr\/#website\",\"url\":\"https:\/\/www.riacanada.ca\/fr\/\",\"name\":\"Responsible Investment Association\",\"description\":\"Canada&#039;s membership network for responsible investment\",\"potentialAction\":[{\"@type\":\"SearchAction\",\"target\":{\"@type\":\"EntryPoint\",\"urlTemplate\":\"https:\/\/www.riacanada.ca\/fr\/?s={search_term_string}\"},\"query-input\":\"required name=search_term_string\"}],\"inLanguage\":\"fr-CA\"}]}<\/script>\n<!-- \/ Yoast SEO plugin. -->","yoast_head_json":{"title":"Jacques Deforges - Responsible Investment Association","robots":{"index":"index","follow":"follow","max-snippet":"max-snippet:-1","max-image-preview":"max-image-preview:large","max-video-preview":"max-video-preview:-1"},"canonical":"https:\/\/www.riacanada.ca\/fr\/jacques-deforges\/","og_locale":"fr_FR","og_type":"article","og_title":"Jacques Deforges - Responsible Investment Association","og_description":"Directeur g\u00e9n\u00e9ral, Finance Montr\u00e9al En tant que directeur g\u00e9n\u00e9ral de Finance Montr\u00e9al, Jacques dirige une \u00e9quipe qui a pour mandat de contribuer au d\u00e9veloppement et \u00e0 la promotion du Qu\u00e9bec comme place financi\u00e8re de classe mondiale, en collaboration avec les membres de Finance Montr\u00e9al et les intervenants du secteur financier. Il est un dirigeant et [&hellip;]","og_url":"https:\/\/www.riacanada.ca\/fr\/jacques-deforges\/","og_site_name":"Responsible Investment Association","og_image":[{"url":"https:\/\/www.riacanada.ca\/content\/uploads\/2021\/10\/Jacques-Deforges.jpg"}],"twitter_card":"summary_large_image","twitter_misc":{"Est. reading time":"1 minute"},"schema":{"@context":"https:\/\/schema.org","@graph":[{"@type":"WebPage","@id":"https:\/\/www.riacanada.ca\/fr\/jacques-deforges\/","url":"https:\/\/www.riacanada.ca\/fr\/jacques-deforges\/","name":"Jacques Deforges - Responsible Investment Association","isPartOf":{"@id":"https:\/\/www.riacanada.ca\/fr\/#website"},"datePublished":"2021-10-27T05:21:50+00:00","dateModified":"2021-10-27T05:21:50+00:00","breadcrumb":{"@id":"https:\/\/www.riacanada.ca\/fr\/jacques-deforges\/#breadcrumb"},"inLanguage":"fr-CA","potentialAction":[{"@type":"ReadAction","target":["https:\/\/www.riacanada.ca\/fr\/jacques-deforges\/"]}]},{"@type":"BreadcrumbList","@id":"https:\/\/www.riacanada.ca\/fr\/jacques-deforges\/#breadcrumb","itemListElement":[{"@type":"ListItem","position":1,"name":"Home","item":"https:\/\/www.riacanada.ca\/fr\/"},{"@type":"ListItem","position":2,"name":"Jacques Deforges"}]},{"@type":"WebSite","@id":"https:\/\/www.riacanada.ca\/fr\/#website","url":"https:\/\/www.riacanada.ca\/fr\/","name":"Responsible Investment Association","description":"Canada&#039;s membership network for responsible investment","potentialAction":[{"@type":"SearchAction","target":{"@type":"EntryPoint","urlTemplate":"https:\/\/www.riacanada.ca\/fr\/?s={search_term_string}"},"query-input":"required name=search_term_string"}],"inLanguage":"fr-CA"}]}},"_links":{"self":[{"href":"https:\/\/www.riacanada.ca\/fr\/wp-json\/wp\/v2\/pages\/57657"}],"collection":[{"href":"https:\/\/www.riacanada.ca\/fr\/wp-json\/wp\/v2\/pages"}],"about":[{"href":"https:\/\/www.riacanada.ca\/fr\/wp-json\/wp\/v2\/types\/page"}],"author":[{"embeddable":true,"href":"https:\/\/www.riacanada.ca\/fr\/wp-json\/wp\/v2\/users\/7472"}],"replies":[{"embeddable":true,"href":"https:\/\/www.riacanada.ca\/fr\/wp-json\/wp\/v2\/comments?post=57657"}],"version-history":[{"count":2,"href":"https:\/\/www.riacanada.ca\/fr\/wp-json\/wp\/v2\/pages\/57657\/revisions"}],"predecessor-version":[{"id":57661,"href":"https:\/\/www.riacanada.ca\/fr\/wp-json\/wp\/v2\/pages\/57657\/revisions\/57661"}],"wp:attachment":[{"href":"https:\/\/www.riacanada.ca\/fr\/wp-json\/wp\/v2\/media?parent=57657"}],"curies":[{"name":"wp","href":"https:\/\/api.w.org\/{rel}","templated":true}]}}