{"id":57682,"date":"2021-01-15T10:26:57","date_gmt":"2021-01-15T15:26:57","guid":{"rendered":"https:\/\/www.riacanada.ca\/?page_id=57682"},"modified":"2021-10-27T12:06:07","modified_gmt":"2021-10-27T16:06:07","slug":"sarah-couturier-tanoh","status":"publish","type":"page","link":"https:\/\/www.riacanada.ca\/fr\/sarah-couturier-tanoh\/","title":{"rendered":"Sarah Couturier-Tanoh"},"content":{"rendered":"<p><img decoding=\"async\" loading=\"lazy\" class=\"wp-image-57680 aligncenter\" src=\"https:\/\/www.riacanada.ca\/content\/uploads\/2021\/10\/Sarah-Courturier.jpg\" alt=\"\" width=\"232\" height=\"232\" srcset=\"https:\/\/www.riacanada.ca\/content\/uploads\/2021\/10\/Sarah-Courturier.jpg 1231w, https:\/\/www.riacanada.ca\/content\/uploads\/2021\/10\/Sarah-Courturier-150x150.jpg 150w, https:\/\/www.riacanada.ca\/content\/uploads\/2021\/10\/Sarah-Courturier-500x500.jpg 500w, https:\/\/www.riacanada.ca\/content\/uploads\/2021\/10\/Sarah-Courturier-768x768.jpg 768w, https:\/\/www.riacanada.ca\/content\/uploads\/2021\/10\/Sarah-Courturier-1000x1000.jpg 1000w\" sizes=\"(max-width: 232px) 100vw, 232px\" \/><\/p>\n<p style=\"text-align: center;\"><strong>Responsable de l\u2019engagement\u00a0<\/strong><strong>et plaidoyer actionnarial,<\/strong><br \/>\nSHARE<\/p>\n<p style=\"text-align: left;\">En tant que Responsable de l\u2019engagement et plaidoyer actionnarial \u00e0 SHARE, Sarah d\u00e9veloppe des strat\u00e9gies d\u2019engagement aupr\u00e8s des entreprises cot\u00e9es et m\u00e8ne des engagements au Canada et \u00e0 l\u2019international afin de promouvoir des pratiques corporatives en ligne avec les attentes des investisseurs institutionnels. Sarah se concentre essentiellement autour des questions li\u00e9es au travail d\u00e9cent et aux droits humains. Son expertise s\u2019\u00e9tend \u00e9galement aux probl\u00e9matiques li\u00e9es au lobbyisme climatique et \u00e0 ses impacts sur les politiques publiques destin\u00e9es \u00e0 endiguer le rechauffement climatique. En compl\u00e9ment de ses responsabilit\u00e9s d\u2019engagement, Sarah produit des analyses sur ses sujets d\u2019expertise.<\/p>\n<p>Avant de rejoindre SHARE en 2019, Sarah a \u00e9t\u00e9 auditeur extra-financier dans un cabinet d\u2019audit en France et chercheur \u00e0 l\u2019Universit\u00e9 Laval ou elle explorait les questions de transparence dans l\u2019industrie extractive et les enjeux li\u00e9s a la transparence climatique des entreprises. Sarah d\u00e9tient une Maitrise en droit de l\u2019environnement de l\u2019Universite Laval, une Maitrise en affaires internationales sp\u00e9cialit\u00e9 developpement durable de l\u2019Universit\u00e9 Paris-Dauphine et une Maitrise en droit public compar\u00e9 de l\u2019Universit\u00e9 Pantheon-Assas.<\/p>\n","protected":false},"excerpt":{"rendered":"<p>Responsable de l\u2019engagement\u00a0et plaidoyer actionnarial, SHARE En tant que Responsable de l\u2019engagement et plaidoyer actionnarial \u00e0 SHARE, Sarah d\u00e9veloppe des strat\u00e9gies d\u2019engagement aupr\u00e8s des entreprises cot\u00e9es et m\u00e8ne des engagements au Canada et \u00e0 l\u2019international afin de promouvoir des pratiques corporatives en ligne avec les attentes des investisseurs institutionnels. Sarah se concentre essentiellement autour des [&hellip;]<\/p>\n","protected":false},"author":7472,"featured_media":0,"parent":0,"menu_order":0,"comment_status":"closed","ping_status":"closed","template":"","meta":{"footnotes":""},"acf":[],"yoast_head":"<!-- This site is optimized with the Yoast SEO plugin v21.0 - https:\/\/yoast.com\/wordpress\/plugins\/seo\/ -->\n<title>Sarah Couturier-Tanoh - Responsible Investment Association<\/title>\n<meta name=\"robots\" content=\"index, follow, max-snippet:-1, max-image-preview:large, max-video-preview:-1\" \/>\n<link rel=\"canonical\" href=\"https:\/\/www.riacanada.ca\/fr\/sarah-couturier-tanoh\/\" \/>\n<meta property=\"og:locale\" content=\"fr_FR\" \/>\n<meta property=\"og:type\" content=\"article\" \/>\n<meta property=\"og:title\" content=\"Sarah Couturier-Tanoh - Responsible Investment Association\" \/>\n<meta property=\"og:description\" content=\"Responsable de l\u2019engagement\u00a0et plaidoyer actionnarial, SHARE En tant que Responsable de l\u2019engagement et plaidoyer actionnarial \u00e0 SHARE, Sarah d\u00e9veloppe des strat\u00e9gies d\u2019engagement aupr\u00e8s des entreprises cot\u00e9es et m\u00e8ne des engagements au Canada et \u00e0 l\u2019international afin de promouvoir des pratiques corporatives en ligne avec les attentes des investisseurs institutionnels. Sarah se concentre essentiellement autour des [&hellip;]\" \/>\n<meta property=\"og:url\" content=\"https:\/\/www.riacanada.ca\/fr\/sarah-couturier-tanoh\/\" \/>\n<meta property=\"og:site_name\" content=\"Responsible Investment Association\" \/>\n<meta property=\"article:modified_time\" content=\"2021-10-27T16:06:07+00:00\" \/>\n<meta property=\"og:image\" content=\"https:\/\/www.riacanada.ca\/content\/uploads\/2021\/10\/Sarah-Courturier.jpg\" \/>\n<meta name=\"twitter:card\" content=\"summary_large_image\" \/>\n<meta name=\"twitter:label1\" content=\"Dur\u00e9e de lecture estim\u00e9e\" \/>\n\t<meta name=\"twitter:data1\" content=\"1 minute\" \/>\n<script type=\"application\/ld+json\" class=\"yoast-schema-graph\">{\"@context\":\"https:\/\/schema.org\",\"@graph\":[{\"@type\":\"WebPage\",\"@id\":\"https:\/\/www.riacanada.ca\/fr\/sarah-couturier-tanoh\/\",\"url\":\"https:\/\/www.riacanada.ca\/fr\/sarah-couturier-tanoh\/\",\"name\":\"Sarah Couturier-Tanoh - Responsible Investment Association\",\"isPartOf\":{\"@id\":\"https:\/\/www.riacanada.ca\/fr\/#website\"},\"datePublished\":\"2021-01-15T15:26:57+00:00\",\"dateModified\":\"2021-10-27T16:06:07+00:00\",\"breadcrumb\":{\"@id\":\"https:\/\/www.riacanada.ca\/fr\/sarah-couturier-tanoh\/#breadcrumb\"},\"inLanguage\":\"fr-FR\",\"potentialAction\":[{\"@type\":\"ReadAction\",\"target\":[\"https:\/\/www.riacanada.ca\/fr\/sarah-couturier-tanoh\/\"]}]},{\"@type\":\"BreadcrumbList\",\"@id\":\"https:\/\/www.riacanada.ca\/fr\/sarah-couturier-tanoh\/#breadcrumb\",\"itemListElement\":[{\"@type\":\"ListItem\",\"position\":1,\"name\":\"Home\",\"item\":\"https:\/\/www.riacanada.ca\/fr\/\"},{\"@type\":\"ListItem\",\"position\":2,\"name\":\"Sarah Couturier-Tanoh\"}]},{\"@type\":\"WebSite\",\"@id\":\"https:\/\/www.riacanada.ca\/fr\/#website\",\"url\":\"https:\/\/www.riacanada.ca\/fr\/\",\"name\":\"Responsible Investment Association\",\"description\":\"Canada&#039;s membership network for responsible investment\",\"potentialAction\":[{\"@type\":\"SearchAction\",\"target\":{\"@type\":\"EntryPoint\",\"urlTemplate\":\"https:\/\/www.riacanada.ca\/fr\/?s={search_term_string}\"},\"query-input\":\"required name=search_term_string\"}],\"inLanguage\":\"fr-FR\"}]}<\/script>\n<!-- \/ Yoast SEO plugin. -->","yoast_head_json":{"title":"Sarah Couturier-Tanoh - Responsible Investment Association","robots":{"index":"index","follow":"follow","max-snippet":"max-snippet:-1","max-image-preview":"max-image-preview:large","max-video-preview":"max-video-preview:-1"},"canonical":"https:\/\/www.riacanada.ca\/fr\/sarah-couturier-tanoh\/","og_locale":"fr_FR","og_type":"article","og_title":"Sarah Couturier-Tanoh - Responsible Investment Association","og_description":"Responsable de l\u2019engagement\u00a0et plaidoyer actionnarial, SHARE En tant que Responsable de l\u2019engagement et plaidoyer actionnarial \u00e0 SHARE, Sarah d\u00e9veloppe des strat\u00e9gies d\u2019engagement aupr\u00e8s des entreprises cot\u00e9es et m\u00e8ne des engagements au Canada et \u00e0 l\u2019international afin de promouvoir des pratiques corporatives en ligne avec les attentes des investisseurs institutionnels. Sarah se concentre essentiellement autour des [&hellip;]","og_url":"https:\/\/www.riacanada.ca\/fr\/sarah-couturier-tanoh\/","og_site_name":"Responsible Investment Association","article_modified_time":"2021-10-27T16:06:07+00:00","og_image":[{"url":"https:\/\/www.riacanada.ca\/content\/uploads\/2021\/10\/Sarah-Courturier.jpg"}],"twitter_card":"summary_large_image","twitter_misc":{"Dur\u00e9e de lecture estim\u00e9e":"1 minute"},"schema":{"@context":"https:\/\/schema.org","@graph":[{"@type":"WebPage","@id":"https:\/\/www.riacanada.ca\/fr\/sarah-couturier-tanoh\/","url":"https:\/\/www.riacanada.ca\/fr\/sarah-couturier-tanoh\/","name":"Sarah Couturier-Tanoh - Responsible Investment Association","isPartOf":{"@id":"https:\/\/www.riacanada.ca\/fr\/#website"},"datePublished":"2021-01-15T15:26:57+00:00","dateModified":"2021-10-27T16:06:07+00:00","breadcrumb":{"@id":"https:\/\/www.riacanada.ca\/fr\/sarah-couturier-tanoh\/#breadcrumb"},"inLanguage":"fr-FR","potentialAction":[{"@type":"ReadAction","target":["https:\/\/www.riacanada.ca\/fr\/sarah-couturier-tanoh\/"]}]},{"@type":"BreadcrumbList","@id":"https:\/\/www.riacanada.ca\/fr\/sarah-couturier-tanoh\/#breadcrumb","itemListElement":[{"@type":"ListItem","position":1,"name":"Home","item":"https:\/\/www.riacanada.ca\/fr\/"},{"@type":"ListItem","position":2,"name":"Sarah Couturier-Tanoh"}]},{"@type":"WebSite","@id":"https:\/\/www.riacanada.ca\/fr\/#website","url":"https:\/\/www.riacanada.ca\/fr\/","name":"Responsible Investment Association","description":"Canada&#039;s membership network for responsible investment","potentialAction":[{"@type":"SearchAction","target":{"@type":"EntryPoint","urlTemplate":"https:\/\/www.riacanada.ca\/fr\/?s={search_term_string}"},"query-input":"required name=search_term_string"}],"inLanguage":"fr-FR"}]}},"_links":{"self":[{"href":"https:\/\/www.riacanada.ca\/fr\/wp-json\/wp\/v2\/pages\/57682"}],"collection":[{"href":"https:\/\/www.riacanada.ca\/fr\/wp-json\/wp\/v2\/pages"}],"about":[{"href":"https:\/\/www.riacanada.ca\/fr\/wp-json\/wp\/v2\/types\/page"}],"author":[{"embeddable":true,"href":"https:\/\/www.riacanada.ca\/fr\/wp-json\/wp\/v2\/users\/7472"}],"replies":[{"embeddable":true,"href":"https:\/\/www.riacanada.ca\/fr\/wp-json\/wp\/v2\/comments?post=57682"}],"version-history":[{"count":2,"href":"https:\/\/www.riacanada.ca\/fr\/wp-json\/wp\/v2\/pages\/57682\/revisions"}],"predecessor-version":[{"id":57685,"href":"https:\/\/www.riacanada.ca\/fr\/wp-json\/wp\/v2\/pages\/57682\/revisions\/57685"}],"wp:attachment":[{"href":"https:\/\/www.riacanada.ca\/fr\/wp-json\/wp\/v2\/media?parent=57682"}],"curies":[{"name":"wp","href":"https:\/\/api.w.org\/{rel}","templated":true}]}}