{"id":57686,"date":"2021-10-27T12:09:24","date_gmt":"2021-10-27T16:09:24","guid":{"rendered":"https:\/\/www.riacanada.ca\/?page_id=57686"},"modified":"2021-10-27T12:09:24","modified_gmt":"2021-10-27T16:09:24","slug":"hugo-lacroix","status":"publish","type":"page","link":"https:\/\/www.riacanada.ca\/fr\/hugo-lacroix\/","title":{"rendered":"Hugo Lacroix"},"content":{"rendered":"<p><img decoding=\"async\" loading=\"lazy\" class=\"wp-image-57687 aligncenter\" src=\"https:\/\/www.riacanada.ca\/content\/uploads\/2021\/10\/Hugo-Lacroix.jpg\" alt=\"\" width=\"201\" height=\"201\" srcset=\"https:\/\/www.riacanada.ca\/content\/uploads\/2021\/10\/Hugo-Lacroix.jpg 3000w, https:\/\/www.riacanada.ca\/content\/uploads\/2021\/10\/Hugo-Lacroix-150x150.jpg 150w, https:\/\/www.riacanada.ca\/content\/uploads\/2021\/10\/Hugo-Lacroix-500x500.jpg 500w, https:\/\/www.riacanada.ca\/content\/uploads\/2021\/10\/Hugo-Lacroix-768x768.jpg 768w, https:\/\/www.riacanada.ca\/content\/uploads\/2021\/10\/Hugo-Lacroix-1000x1000.jpg 1000w, https:\/\/www.riacanada.ca\/content\/uploads\/2021\/10\/Hugo-Lacroix-1920x1920.jpg 1920w\" sizes=\"(max-width: 201px) 100vw, 201px\" \/><\/p>\n<p style=\"text-align: center;\"><strong>Surintendant des march\u00e9s de valeurs,<\/strong><br \/>\n<strong>Autorit\u00e9 des march\u00e9s financiers<\/strong><\/p>\n<p style=\"text-align: left;\">Hugo Lacroix s\u2019est joint \u00e0 l\u2019Autorit\u00e9 des march\u00e9s financiers en septembre 2011 et agit comme surintendant des march\u00e9s de valeurs depuis janvier 2019.<\/p>\n<p style=\"text-align: left;\">Il si\u00e8ge au comit\u00e9 de direction et mobilise une \u00e9quipe d\u2019une centaine d\u2019employ\u00e9s dont le mandat est d\u2019\u00e9laborer et de veiller \u00e0 l\u2019application de la r\u00e9glementation relative \u00e0 la mise en march\u00e9 des instruments d\u00e9riv\u00e9s, \u00e0 l\u2019appel public \u00e0 l\u2019\u00e9pargne des soci\u00e9t\u00e9s et des fonds d\u2019investissement, \u00e0 l\u2019information continue que doivent produire ces \u00e9metteurs et aux offres publiques d\u2019achat et de rachat. Cette \u00e9quipe assume \u00e9galement la supervision des activit\u00e9s au Qu\u00e9bec des structures de march\u00e9s, dont les bourses et chambres de compensation, et est responsable de la surveillance de l\u2019Organisme canadien de r\u00e9glementation du commerce des valeurs mobili\u00e8res (OCRCVM).<\/p>\n<p style=\"text-align: left;\">M. Lacroix prend part \u00e0 divers forums nationaux et internationaux et est r\u00e9guli\u00e8rement invit\u00e9 \u00e0 titre de conf\u00e9rencier pour \u00e9changer avec les diverses parties prenantes sur les enjeux d\u2019encadrement des march\u00e9s de capitaux. Il si\u00e8ge au Comit\u00e9 de coordination des politiques des Autorit\u00e9s canadiennes en valeurs mobili\u00e8res (ACVM), l\u2019organe responsable de la modernisation et l\u2019harmonisation de la r\u00e9glementation en valeurs mobili\u00e8res et en d\u00e9riv\u00e9s au Canada. Il est aussi membre du Sustainable Finance Task Force de l\u2019Organisation internationale des commissions de valeurs (OICV).<\/p>\n<p style=\"text-align: left;\">D\u00e9tenteur d\u2019un baccalaur\u00e9at en droit et membre du Barreau du Qu\u00e9bec, M. Lacroix a entam\u00e9 sa carri\u00e8re en \u0153uvrant au sein d\u2019institutions financi\u00e8res et de firmes de gestion d\u2019actifs, o\u00f9 il a occup\u00e9 des fonctions de conseiller juridique et de chef de la conformit\u00e9. Ces exp\u00e9riences ont nourri son sens de l\u2019\u00e9thique des affaires, qu\u2019il a perfectionn\u00e9 en obtenant un dipl\u00f4me d\u2019\u00e9tudes sup\u00e9rieures en \u00e9thique appliqu\u00e9e. M. Lacroix si\u00e8ge au comit\u00e9 directeur du Centre d\u2019expertise en gouvernance de soci\u00e9t\u00e9s de l\u2019Universit\u00e9 Laval.<\/p>\n","protected":false},"excerpt":{"rendered":"<p>Surintendant des march\u00e9s de valeurs, Autorit\u00e9 des march\u00e9s financiers Hugo Lacroix s\u2019est joint \u00e0 l\u2019Autorit\u00e9 des march\u00e9s financiers en septembre 2011 et agit comme surintendant des march\u00e9s de valeurs depuis janvier 2019. Il si\u00e8ge au comit\u00e9 de direction et mobilise une \u00e9quipe d\u2019une centaine d\u2019employ\u00e9s dont le mandat est d\u2019\u00e9laborer et de veiller \u00e0 l\u2019application [&hellip;]<\/p>\n","protected":false},"author":7472,"featured_media":0,"parent":0,"menu_order":0,"comment_status":"closed","ping_status":"closed","template":"","meta":{"footnotes":""},"acf":[],"yoast_head":"<!-- This site is optimized with the Yoast SEO plugin v21.0 - https:\/\/yoast.com\/wordpress\/plugins\/seo\/ -->\n<title>Hugo Lacroix - Responsible Investment Association<\/title>\n<meta name=\"robots\" content=\"index, follow, max-snippet:-1, max-image-preview:large, max-video-preview:-1\" \/>\n<link rel=\"canonical\" href=\"https:\/\/www.riacanada.ca\/fr\/hugo-lacroix\/\" \/>\n<meta property=\"og:locale\" content=\"fr_FR\" \/>\n<meta property=\"og:type\" content=\"article\" \/>\n<meta property=\"og:title\" content=\"Hugo Lacroix - Responsible Investment Association\" \/>\n<meta property=\"og:description\" content=\"Surintendant des march\u00e9s de valeurs, Autorit\u00e9 des march\u00e9s financiers Hugo Lacroix s\u2019est joint \u00e0 l\u2019Autorit\u00e9 des march\u00e9s financiers en septembre 2011 et agit comme surintendant des march\u00e9s de valeurs depuis janvier 2019. Il si\u00e8ge au comit\u00e9 de direction et mobilise une \u00e9quipe d\u2019une centaine d\u2019employ\u00e9s dont le mandat est d\u2019\u00e9laborer et de veiller \u00e0 l\u2019application [&hellip;]\" \/>\n<meta property=\"og:url\" content=\"https:\/\/www.riacanada.ca\/fr\/hugo-lacroix\/\" \/>\n<meta property=\"og:site_name\" content=\"Responsible Investment Association\" \/>\n<meta property=\"og:image\" content=\"https:\/\/www.riacanada.ca\/content\/uploads\/2021\/10\/Hugo-Lacroix.jpg\" \/>\n<meta name=\"twitter:card\" content=\"summary_large_image\" \/>\n<meta name=\"twitter:label1\" content=\"Est. reading time\" \/>\n\t<meta name=\"twitter:data1\" content=\"2 minutes\" \/>\n<script type=\"application\/ld+json\" class=\"yoast-schema-graph\">{\"@context\":\"https:\/\/schema.org\",\"@graph\":[{\"@type\":\"WebPage\",\"@id\":\"https:\/\/www.riacanada.ca\/fr\/hugo-lacroix\/\",\"url\":\"https:\/\/www.riacanada.ca\/fr\/hugo-lacroix\/\",\"name\":\"Hugo Lacroix - Responsible Investment Association\",\"isPartOf\":{\"@id\":\"https:\/\/www.riacanada.ca\/fr\/#website\"},\"datePublished\":\"2021-10-27T16:09:24+00:00\",\"dateModified\":\"2021-10-27T16:09:24+00:00\",\"breadcrumb\":{\"@id\":\"https:\/\/www.riacanada.ca\/fr\/hugo-lacroix\/#breadcrumb\"},\"inLanguage\":\"fr-CA\",\"potentialAction\":[{\"@type\":\"ReadAction\",\"target\":[\"https:\/\/www.riacanada.ca\/fr\/hugo-lacroix\/\"]}]},{\"@type\":\"BreadcrumbList\",\"@id\":\"https:\/\/www.riacanada.ca\/fr\/hugo-lacroix\/#breadcrumb\",\"itemListElement\":[{\"@type\":\"ListItem\",\"position\":1,\"name\":\"Home\",\"item\":\"https:\/\/www.riacanada.ca\/fr\/\"},{\"@type\":\"ListItem\",\"position\":2,\"name\":\"Hugo Lacroix\"}]},{\"@type\":\"WebSite\",\"@id\":\"https:\/\/www.riacanada.ca\/fr\/#website\",\"url\":\"https:\/\/www.riacanada.ca\/fr\/\",\"name\":\"Responsible Investment Association\",\"description\":\"Canada&#039;s membership network for responsible investment\",\"potentialAction\":[{\"@type\":\"SearchAction\",\"target\":{\"@type\":\"EntryPoint\",\"urlTemplate\":\"https:\/\/www.riacanada.ca\/fr\/?s={search_term_string}\"},\"query-input\":\"required name=search_term_string\"}],\"inLanguage\":\"fr-CA\"}]}<\/script>\n<!-- \/ Yoast SEO plugin. -->","yoast_head_json":{"title":"Hugo Lacroix - Responsible Investment Association","robots":{"index":"index","follow":"follow","max-snippet":"max-snippet:-1","max-image-preview":"max-image-preview:large","max-video-preview":"max-video-preview:-1"},"canonical":"https:\/\/www.riacanada.ca\/fr\/hugo-lacroix\/","og_locale":"fr_FR","og_type":"article","og_title":"Hugo Lacroix - Responsible Investment Association","og_description":"Surintendant des march\u00e9s de valeurs, Autorit\u00e9 des march\u00e9s financiers Hugo Lacroix s\u2019est joint \u00e0 l\u2019Autorit\u00e9 des march\u00e9s financiers en septembre 2011 et agit comme surintendant des march\u00e9s de valeurs depuis janvier 2019. Il si\u00e8ge au comit\u00e9 de direction et mobilise une \u00e9quipe d\u2019une centaine d\u2019employ\u00e9s dont le mandat est d\u2019\u00e9laborer et de veiller \u00e0 l\u2019application [&hellip;]","og_url":"https:\/\/www.riacanada.ca\/fr\/hugo-lacroix\/","og_site_name":"Responsible Investment Association","og_image":[{"url":"https:\/\/www.riacanada.ca\/content\/uploads\/2021\/10\/Hugo-Lacroix.jpg"}],"twitter_card":"summary_large_image","twitter_misc":{"Est. reading time":"2 minutes"},"schema":{"@context":"https:\/\/schema.org","@graph":[{"@type":"WebPage","@id":"https:\/\/www.riacanada.ca\/fr\/hugo-lacroix\/","url":"https:\/\/www.riacanada.ca\/fr\/hugo-lacroix\/","name":"Hugo Lacroix - Responsible Investment Association","isPartOf":{"@id":"https:\/\/www.riacanada.ca\/fr\/#website"},"datePublished":"2021-10-27T16:09:24+00:00","dateModified":"2021-10-27T16:09:24+00:00","breadcrumb":{"@id":"https:\/\/www.riacanada.ca\/fr\/hugo-lacroix\/#breadcrumb"},"inLanguage":"fr-CA","potentialAction":[{"@type":"ReadAction","target":["https:\/\/www.riacanada.ca\/fr\/hugo-lacroix\/"]}]},{"@type":"BreadcrumbList","@id":"https:\/\/www.riacanada.ca\/fr\/hugo-lacroix\/#breadcrumb","itemListElement":[{"@type":"ListItem","position":1,"name":"Home","item":"https:\/\/www.riacanada.ca\/fr\/"},{"@type":"ListItem","position":2,"name":"Hugo Lacroix"}]},{"@type":"WebSite","@id":"https:\/\/www.riacanada.ca\/fr\/#website","url":"https:\/\/www.riacanada.ca\/fr\/","name":"Responsible Investment Association","description":"Canada&#039;s membership network for responsible investment","potentialAction":[{"@type":"SearchAction","target":{"@type":"EntryPoint","urlTemplate":"https:\/\/www.riacanada.ca\/fr\/?s={search_term_string}"},"query-input":"required name=search_term_string"}],"inLanguage":"fr-CA"}]}},"_links":{"self":[{"href":"https:\/\/www.riacanada.ca\/fr\/wp-json\/wp\/v2\/pages\/57686"}],"collection":[{"href":"https:\/\/www.riacanada.ca\/fr\/wp-json\/wp\/v2\/pages"}],"about":[{"href":"https:\/\/www.riacanada.ca\/fr\/wp-json\/wp\/v2\/types\/page"}],"author":[{"embeddable":true,"href":"https:\/\/www.riacanada.ca\/fr\/wp-json\/wp\/v2\/users\/7472"}],"replies":[{"embeddable":true,"href":"https:\/\/www.riacanada.ca\/fr\/wp-json\/wp\/v2\/comments?post=57686"}],"version-history":[{"count":1,"href":"https:\/\/www.riacanada.ca\/fr\/wp-json\/wp\/v2\/pages\/57686\/revisions"}],"predecessor-version":[{"id":57689,"href":"https:\/\/www.riacanada.ca\/fr\/wp-json\/wp\/v2\/pages\/57686\/revisions\/57689"}],"wp:attachment":[{"href":"https:\/\/www.riacanada.ca\/fr\/wp-json\/wp\/v2\/media?parent=57686"}],"curies":[{"name":"wp","href":"https:\/\/api.w.org\/{rel}","templated":true}]}}