{"id":59510,"date":"2022-01-13T12:44:01","date_gmt":"2022-01-13T17:44:01","guid":{"rendered":"https:\/\/www.riacanada.ca\/?page_id=59510"},"modified":"2022-01-14T09:22:43","modified_gmt":"2022-01-14T14:22:43","slug":"fate-saghir","status":"publish","type":"page","link":"https:\/\/www.riacanada.ca\/fr\/fate-saghir\/","title":{"rendered":"Fate Saghir"},"content":{"rendered":"\n<div class=\"wp-block-image\"><figure class=\"aligncenter is-resized\"><img decoding=\"async\" loading=\"lazy\" src=\"https:\/\/www.riacanada.ca\/content\/uploads\/2021\/01\/Fate-Saghir.png\" alt=\"\" class=\"wp-image-50225\" width=\"228\" height=\"228\" srcset=\"https:\/\/www.riacanada.ca\/content\/uploads\/2021\/01\/Fate-Saghir.png 260w, https:\/\/www.riacanada.ca\/content\/uploads\/2021\/01\/Fate-Saghir-150x150.png 150w\" sizes=\"(max-width: 228px) 100vw, 228px\" \/><\/figure><\/div>\n\n\n\n<p style=\"text-align:center\"><strong>Vice-pr\u00e9sidente principale, responsable du d\u00e9veloppement durable<br><\/strong>Placements Mackenzie<\/p>\n\n\n\n<p style=\"text-align:left\"><br>Fate Saghir est responsable du d\u00e9veloppement durable chez Placements Mackenzie. Elle pr\u00e9side aussi le Comit\u00e9 directeur du d\u00e9veloppement durable et le Centre d\u2019excellence de l\u2019investissement durable de Mackenzie qui se consacre au d\u00e9veloppement des capacit\u00e9s et de l\u2019enrichissement des comp\u00e9tences techniques dans le domaine des facteurs environnementaux, sociaux et de gouvernance (ESG) afin d\u2019appuyer la strat\u00e9gie d\u2019entreprise, les pratiques de gestion des placements et l\u2019offre de produits d\u2019investissement durable. Mme Saghir offre un leadership intellectuel, de l\u2019information et des outils aux clients institutionnels, aux conseillers et aux investisseurs dans le but de cr\u00e9er des placements durables. Depuis son entr\u00e9e au service de Mackenzie en 2017, elle a dirig\u00e9 la conception et le lancement de Pr\u00e9cision, une technologie intuitive d\u2019analyse des placements qui aide les conseillers dans la recherche et l\u2019analyse des placements canadiens. Elle a par la suite mis sur pied une nouvelle fonction, celle de Strat\u00e9gie de march\u00e9 et innovation, ax\u00e9e sur la recherche, les donn\u00e9es strat\u00e9giques et l\u2019innovation pour permettre la prise de d\u00e9cision fond\u00e9e sur des faits et centr\u00e9e sur les clients chez IG Gestion de patrimoine et Placements Mackenzie.<\/p>\n\n\n\n<p style=\"text-align:left\">Elle compte plus de 14 ann\u00e9es d&rsquo;exp\u00e9rience dans le secteur des services financiers, ax\u00e9e sur la cr\u00e9ation de nouveaux mod\u00e8les d\u2019affaires durables pour lesquels ses recherches et r\u00e9flexions strat\u00e9giques, sa solide orientation client et son optique ax\u00e9e sur la valeur \u00e0 long terme pour tous les intervenants ont \u00e9t\u00e9 tr\u00e8s utiles.<\/p>\n\n\n\n<p style=\"text-align:left\">Mme Saghir si\u00e8ge aux conseils consultatifs de l\u2019organisation Timea\u2019s Cause vou\u00e9e \u00e0 la sensibilisation au sujet de la traite des personnes, et de Women\u2019s Collection, organisation qui se consacre \u00e0 la litt\u00e9ratie financi\u00e8re pour les femmes. En 2021, elle s\u2019est jointe au conseil de direction de l\u2019Association pour l\u2019investissement responsable. Elle a \u00e9galement \u00e9t\u00e9 nomm\u00e9e laur\u00e9ate du prix Clean50 2022 en reconnaissance de ses efforts pour faire progresser la cause de la durabilit\u00e9 et du capitalisme propre au Canada. Elle d\u00e9tient un baccalaur\u00e9at en commerce de l\u2019Universit\u00e9 de Windsor et elle est comptable professionnelle agr\u00e9\u00e9e (CPA, CMA).<\/p>\n","protected":false},"excerpt":{"rendered":"<p>Vice-pr\u00e9sidente principale, responsable du d\u00e9veloppement durablePlacements Mackenzie Fate Saghir est responsable du d\u00e9veloppement durable chez Placements Mackenzie. Elle pr\u00e9side aussi le Comit\u00e9 directeur du d\u00e9veloppement durable et le Centre d\u2019excellence de l\u2019investissement durable de Mackenzie qui se consacre au d\u00e9veloppement des capacit\u00e9s et de l\u2019enrichissement des comp\u00e9tences techniques dans le domaine des facteurs environnementaux, sociaux [&hellip;]<\/p>\n","protected":false},"author":7472,"featured_media":0,"parent":0,"menu_order":0,"comment_status":"closed","ping_status":"closed","template":"","meta":{"footnotes":""},"acf":[],"yoast_head":"<!-- This site is optimized with the Yoast SEO plugin v21.0 - https:\/\/yoast.com\/wordpress\/plugins\/seo\/ -->\n<title>Fate Saghir - Responsible Investment Association<\/title>\n<meta name=\"robots\" content=\"index, follow, max-snippet:-1, max-image-preview:large, max-video-preview:-1\" \/>\n<link rel=\"canonical\" href=\"https:\/\/www.riacanada.ca\/fr\/fate-saghir\/\" \/>\n<meta property=\"og:locale\" content=\"fr_FR\" \/>\n<meta property=\"og:type\" content=\"article\" \/>\n<meta property=\"og:title\" content=\"Fate Saghir - Responsible Investment Association\" \/>\n<meta property=\"og:description\" content=\"Vice-pr\u00e9sidente principale, responsable du d\u00e9veloppement durablePlacements Mackenzie Fate Saghir est responsable du d\u00e9veloppement durable chez Placements Mackenzie. Elle pr\u00e9side aussi le Comit\u00e9 directeur du d\u00e9veloppement durable et le Centre d\u2019excellence de l\u2019investissement durable de Mackenzie qui se consacre au d\u00e9veloppement des capacit\u00e9s et de l\u2019enrichissement des comp\u00e9tences techniques dans le domaine des facteurs environnementaux, sociaux [&hellip;]\" \/>\n<meta property=\"og:url\" content=\"https:\/\/www.riacanada.ca\/fr\/fate-saghir\/\" \/>\n<meta property=\"og:site_name\" content=\"Responsible Investment Association\" \/>\n<meta property=\"article:modified_time\" content=\"2022-01-14T14:22:43+00:00\" \/>\n<meta property=\"og:image\" content=\"https:\/\/www.riacanada.ca\/content\/uploads\/2021\/01\/Fate-Saghir.png\" \/>\n<meta name=\"twitter:card\" content=\"summary_large_image\" \/>\n<meta name=\"twitter:label1\" content=\"Est. reading time\" \/>\n\t<meta name=\"twitter:data1\" content=\"2 minutes\" \/>\n<script type=\"application\/ld+json\" class=\"yoast-schema-graph\">{\"@context\":\"https:\/\/schema.org\",\"@graph\":[{\"@type\":\"WebPage\",\"@id\":\"https:\/\/www.riacanada.ca\/fr\/fate-saghir\/\",\"url\":\"https:\/\/www.riacanada.ca\/fr\/fate-saghir\/\",\"name\":\"Fate Saghir - Responsible Investment Association\",\"isPartOf\":{\"@id\":\"https:\/\/www.riacanada.ca\/fr\/#website\"},\"datePublished\":\"2022-01-13T17:44:01+00:00\",\"dateModified\":\"2022-01-14T14:22:43+00:00\",\"breadcrumb\":{\"@id\":\"https:\/\/www.riacanada.ca\/fr\/fate-saghir\/#breadcrumb\"},\"inLanguage\":\"fr-CA\",\"potentialAction\":[{\"@type\":\"ReadAction\",\"target\":[\"https:\/\/www.riacanada.ca\/fr\/fate-saghir\/\"]}]},{\"@type\":\"BreadcrumbList\",\"@id\":\"https:\/\/www.riacanada.ca\/fr\/fate-saghir\/#breadcrumb\",\"itemListElement\":[{\"@type\":\"ListItem\",\"position\":1,\"name\":\"Home\",\"item\":\"https:\/\/www.riacanada.ca\/fr\/\"},{\"@type\":\"ListItem\",\"position\":2,\"name\":\"Fate Saghir\"}]},{\"@type\":\"WebSite\",\"@id\":\"https:\/\/www.riacanada.ca\/fr\/#website\",\"url\":\"https:\/\/www.riacanada.ca\/fr\/\",\"name\":\"Responsible Investment Association\",\"description\":\"Canada&#039;s membership network for responsible investment\",\"potentialAction\":[{\"@type\":\"SearchAction\",\"target\":{\"@type\":\"EntryPoint\",\"urlTemplate\":\"https:\/\/www.riacanada.ca\/fr\/?s={search_term_string}\"},\"query-input\":\"required name=search_term_string\"}],\"inLanguage\":\"fr-CA\"}]}<\/script>\n<!-- \/ Yoast SEO plugin. -->","yoast_head_json":{"title":"Fate Saghir - Responsible Investment Association","robots":{"index":"index","follow":"follow","max-snippet":"max-snippet:-1","max-image-preview":"max-image-preview:large","max-video-preview":"max-video-preview:-1"},"canonical":"https:\/\/www.riacanada.ca\/fr\/fate-saghir\/","og_locale":"fr_FR","og_type":"article","og_title":"Fate Saghir - Responsible Investment Association","og_description":"Vice-pr\u00e9sidente principale, responsable du d\u00e9veloppement durablePlacements Mackenzie Fate Saghir est responsable du d\u00e9veloppement durable chez Placements Mackenzie. Elle pr\u00e9side aussi le Comit\u00e9 directeur du d\u00e9veloppement durable et le Centre d\u2019excellence de l\u2019investissement durable de Mackenzie qui se consacre au d\u00e9veloppement des capacit\u00e9s et de l\u2019enrichissement des comp\u00e9tences techniques dans le domaine des facteurs environnementaux, sociaux [&hellip;]","og_url":"https:\/\/www.riacanada.ca\/fr\/fate-saghir\/","og_site_name":"Responsible Investment Association","article_modified_time":"2022-01-14T14:22:43+00:00","og_image":[{"url":"https:\/\/www.riacanada.ca\/content\/uploads\/2021\/01\/Fate-Saghir.png"}],"twitter_card":"summary_large_image","twitter_misc":{"Est. reading time":"2 minutes"},"schema":{"@context":"https:\/\/schema.org","@graph":[{"@type":"WebPage","@id":"https:\/\/www.riacanada.ca\/fr\/fate-saghir\/","url":"https:\/\/www.riacanada.ca\/fr\/fate-saghir\/","name":"Fate Saghir - Responsible Investment Association","isPartOf":{"@id":"https:\/\/www.riacanada.ca\/fr\/#website"},"datePublished":"2022-01-13T17:44:01+00:00","dateModified":"2022-01-14T14:22:43+00:00","breadcrumb":{"@id":"https:\/\/www.riacanada.ca\/fr\/fate-saghir\/#breadcrumb"},"inLanguage":"fr-CA","potentialAction":[{"@type":"ReadAction","target":["https:\/\/www.riacanada.ca\/fr\/fate-saghir\/"]}]},{"@type":"BreadcrumbList","@id":"https:\/\/www.riacanada.ca\/fr\/fate-saghir\/#breadcrumb","itemListElement":[{"@type":"ListItem","position":1,"name":"Home","item":"https:\/\/www.riacanada.ca\/fr\/"},{"@type":"ListItem","position":2,"name":"Fate Saghir"}]},{"@type":"WebSite","@id":"https:\/\/www.riacanada.ca\/fr\/#website","url":"https:\/\/www.riacanada.ca\/fr\/","name":"Responsible Investment Association","description":"Canada&#039;s membership network for responsible investment","potentialAction":[{"@type":"SearchAction","target":{"@type":"EntryPoint","urlTemplate":"https:\/\/www.riacanada.ca\/fr\/?s={search_term_string}"},"query-input":"required name=search_term_string"}],"inLanguage":"fr-CA"}]}},"_links":{"self":[{"href":"https:\/\/www.riacanada.ca\/fr\/wp-json\/wp\/v2\/pages\/59510"}],"collection":[{"href":"https:\/\/www.riacanada.ca\/fr\/wp-json\/wp\/v2\/pages"}],"about":[{"href":"https:\/\/www.riacanada.ca\/fr\/wp-json\/wp\/v2\/types\/page"}],"author":[{"embeddable":true,"href":"https:\/\/www.riacanada.ca\/fr\/wp-json\/wp\/v2\/users\/7472"}],"replies":[{"embeddable":true,"href":"https:\/\/www.riacanada.ca\/fr\/wp-json\/wp\/v2\/comments?post=59510"}],"version-history":[{"count":4,"href":"https:\/\/www.riacanada.ca\/fr\/wp-json\/wp\/v2\/pages\/59510\/revisions"}],"predecessor-version":[{"id":59539,"href":"https:\/\/www.riacanada.ca\/fr\/wp-json\/wp\/v2\/pages\/59510\/revisions\/59539"}],"wp:attachment":[{"href":"https:\/\/www.riacanada.ca\/fr\/wp-json\/wp\/v2\/media?parent=59510"}],"curies":[{"name":"wp","href":"https:\/\/api.w.org\/{rel}","templated":true}]}}