{"id":59529,"date":"2022-01-13T13:00:47","date_gmt":"2022-01-13T18:00:47","guid":{"rendered":"https:\/\/www.riacanada.ca\/?page_id=59529"},"modified":"2022-01-13T15:53:53","modified_gmt":"2022-01-13T20:53:53","slug":"gary-chateram","status":"publish","type":"page","link":"https:\/\/www.riacanada.ca\/fr\/gary-chateram\/","title":{"rendered":"Gary Chateram"},"content":{"rendered":"\n<div class=\"wp-block-image\"><figure class=\"aligncenter is-resized\"><img decoding=\"async\" loading=\"lazy\" src=\"https:\/\/www.riacanada.ca\/content\/uploads\/2022\/01\/gc-jpeg-1000x1000.jpeg\" alt=\"\" class=\"wp-image-59519\" width=\"231\" height=\"231\" srcset=\"https:\/\/www.riacanada.ca\/content\/uploads\/2022\/01\/gc-jpeg-1000x1000.jpeg 1000w, https:\/\/www.riacanada.ca\/content\/uploads\/2022\/01\/gc-jpeg-150x150.jpeg 150w, https:\/\/www.riacanada.ca\/content\/uploads\/2022\/01\/gc-jpeg-500x500.jpeg 500w, https:\/\/www.riacanada.ca\/content\/uploads\/2022\/01\/gc-jpeg-768x768.jpeg 768w, https:\/\/www.riacanada.ca\/content\/uploads\/2022\/01\/gc-jpeg.jpeg 1173w\" sizes=\"(max-width: 231px) 100vw, 231px\" \/><\/figure><\/div>\n\n\n\n<p style=\"text-align:center\"><strong>Vice-pr\u00e9sident principal, cochef de la distribution au d\u00e9tail<br><\/strong>Placements Mackenzie<\/p>\n\n\n\n<p style=\"text-align:left\"><br>Gary Chateram s&rsquo;est joint \u00e0 Placements Mackenzie en mars 2020 et occupe actuellement le poste de vice-pr\u00e9sident principal, cochef de la vente au d\u00e9tail. Avec plus de 13 ans d&rsquo;exp\u00e9rience dans l&rsquo;industrie des services financiers, Gary a commenc\u00e9 sa carri\u00e8re en 2004 chez AIC Ltd. En 2007, il est pass\u00e9 \u00e0 un poste chez Fidelity Investments couvrant les conseillers de l&rsquo;OCRCVM du centre-ville de Toronto. Il a ensuite \u00e9t\u00e9 promu \u00e0 un poste de ventes institutionnelles chez Fidelity en 2010, o\u00f9 il a couvert les r\u00e9gimes de retraite \u00e0 prestations d\u00e9finies et \u00e0 cotisations d\u00e9finies.<\/p>\n\n\n\n<p style=\"text-align:left\">La vaste exp\u00e9rience de Gary dans les services financiers est renforc\u00e9e par son engagement \u00e0 apprendre. Il a obtenu deux dipl\u00f4mes de premier cycle, l&rsquo;un en biologie mol\u00e9culaire et l&rsquo;autre en finances, \u00e0 l&rsquo;Universit\u00e9 Concordia, ainsi qu&rsquo;une ma\u00eetrise en administration de la John Molson School of Business. Il poss\u00e8de les titres de CIMA et de CIM et si\u00e8ge actuellement au conseil consultatif canadien de l&rsquo;Investment &amp; Wealth Institute. Gary a r\u00e9cemment obtenu le certificat sur la diversit\u00e9 et l&rsquo;inclusion de l&rsquo;Universit\u00e9 Cornell. Il est parfaitement bilingue et a \u00e9t\u00e9 \u00e9lu parmi les 50 meilleurs de moins de 50 ans de son alma mater, l&rsquo;Universit\u00e9 Concordia<\/p>\n","protected":false},"excerpt":{"rendered":"<p>Vice-pr\u00e9sident principal, cochef de la distribution au d\u00e9tailPlacements Mackenzie Gary Chateram s&rsquo;est joint \u00e0 Placements Mackenzie en mars 2020 et occupe actuellement le poste de vice-pr\u00e9sident principal, cochef de la vente au d\u00e9tail. Avec plus de 13 ans d&rsquo;exp\u00e9rience dans l&rsquo;industrie des services financiers, Gary a commenc\u00e9 sa carri\u00e8re en 2004 chez AIC Ltd. En [&hellip;]<\/p>\n","protected":false},"author":7472,"featured_media":0,"parent":0,"menu_order":0,"comment_status":"closed","ping_status":"closed","template":"","meta":{"footnotes":""},"acf":[],"yoast_head":"<!-- This site is optimized with the Yoast SEO plugin v21.0 - https:\/\/yoast.com\/wordpress\/plugins\/seo\/ -->\n<title>Gary Chateram - Responsible Investment Association<\/title>\n<meta name=\"robots\" content=\"index, follow, max-snippet:-1, max-image-preview:large, max-video-preview:-1\" \/>\n<link rel=\"canonical\" href=\"https:\/\/www.riacanada.ca\/fr\/gary-chateram\/\" \/>\n<meta property=\"og:locale\" content=\"fr_FR\" \/>\n<meta property=\"og:type\" content=\"article\" \/>\n<meta property=\"og:title\" content=\"Gary Chateram - Responsible Investment Association\" \/>\n<meta property=\"og:description\" content=\"Vice-pr\u00e9sident principal, cochef de la distribution au d\u00e9tailPlacements Mackenzie Gary Chateram s&rsquo;est joint \u00e0 Placements Mackenzie en mars 2020 et occupe actuellement le poste de vice-pr\u00e9sident principal, cochef de la vente au d\u00e9tail. Avec plus de 13 ans d&rsquo;exp\u00e9rience dans l&rsquo;industrie des services financiers, Gary a commenc\u00e9 sa carri\u00e8re en 2004 chez AIC Ltd. En [&hellip;]\" \/>\n<meta property=\"og:url\" content=\"https:\/\/www.riacanada.ca\/fr\/gary-chateram\/\" \/>\n<meta property=\"og:site_name\" content=\"Responsible Investment Association\" \/>\n<meta property=\"article:modified_time\" content=\"2022-01-13T20:53:53+00:00\" \/>\n<meta property=\"og:image\" content=\"https:\/\/www.riacanada.ca\/content\/uploads\/2022\/01\/gc-jpeg-1000x1000.jpeg\" \/>\n<meta name=\"twitter:card\" content=\"summary_large_image\" \/>\n<meta name=\"twitter:label1\" content=\"Est. reading time\" \/>\n\t<meta name=\"twitter:data1\" content=\"1 minute\" \/>\n<script type=\"application\/ld+json\" class=\"yoast-schema-graph\">{\"@context\":\"https:\/\/schema.org\",\"@graph\":[{\"@type\":\"WebPage\",\"@id\":\"https:\/\/www.riacanada.ca\/fr\/gary-chateram\/\",\"url\":\"https:\/\/www.riacanada.ca\/fr\/gary-chateram\/\",\"name\":\"Gary Chateram - Responsible Investment Association\",\"isPartOf\":{\"@id\":\"https:\/\/www.riacanada.ca\/fr\/#website\"},\"datePublished\":\"2022-01-13T18:00:47+00:00\",\"dateModified\":\"2022-01-13T20:53:53+00:00\",\"breadcrumb\":{\"@id\":\"https:\/\/www.riacanada.ca\/fr\/gary-chateram\/#breadcrumb\"},\"inLanguage\":\"fr-CA\",\"potentialAction\":[{\"@type\":\"ReadAction\",\"target\":[\"https:\/\/www.riacanada.ca\/fr\/gary-chateram\/\"]}]},{\"@type\":\"BreadcrumbList\",\"@id\":\"https:\/\/www.riacanada.ca\/fr\/gary-chateram\/#breadcrumb\",\"itemListElement\":[{\"@type\":\"ListItem\",\"position\":1,\"name\":\"Home\",\"item\":\"https:\/\/www.riacanada.ca\/fr\/\"},{\"@type\":\"ListItem\",\"position\":2,\"name\":\"Gary Chateram\"}]},{\"@type\":\"WebSite\",\"@id\":\"https:\/\/www.riacanada.ca\/fr\/#website\",\"url\":\"https:\/\/www.riacanada.ca\/fr\/\",\"name\":\"Responsible Investment Association\",\"description\":\"Canada&#039;s membership network for responsible investment\",\"potentialAction\":[{\"@type\":\"SearchAction\",\"target\":{\"@type\":\"EntryPoint\",\"urlTemplate\":\"https:\/\/www.riacanada.ca\/fr\/?s={search_term_string}\"},\"query-input\":\"required name=search_term_string\"}],\"inLanguage\":\"fr-CA\"}]}<\/script>\n<!-- \/ Yoast SEO plugin. -->","yoast_head_json":{"title":"Gary Chateram - Responsible Investment Association","robots":{"index":"index","follow":"follow","max-snippet":"max-snippet:-1","max-image-preview":"max-image-preview:large","max-video-preview":"max-video-preview:-1"},"canonical":"https:\/\/www.riacanada.ca\/fr\/gary-chateram\/","og_locale":"fr_FR","og_type":"article","og_title":"Gary Chateram - Responsible Investment Association","og_description":"Vice-pr\u00e9sident principal, cochef de la distribution au d\u00e9tailPlacements Mackenzie Gary Chateram s&rsquo;est joint \u00e0 Placements Mackenzie en mars 2020 et occupe actuellement le poste de vice-pr\u00e9sident principal, cochef de la vente au d\u00e9tail. Avec plus de 13 ans d&rsquo;exp\u00e9rience dans l&rsquo;industrie des services financiers, Gary a commenc\u00e9 sa carri\u00e8re en 2004 chez AIC Ltd. En [&hellip;]","og_url":"https:\/\/www.riacanada.ca\/fr\/gary-chateram\/","og_site_name":"Responsible Investment Association","article_modified_time":"2022-01-13T20:53:53+00:00","og_image":[{"url":"https:\/\/www.riacanada.ca\/content\/uploads\/2022\/01\/gc-jpeg-1000x1000.jpeg"}],"twitter_card":"summary_large_image","twitter_misc":{"Est. reading time":"1 minute"},"schema":{"@context":"https:\/\/schema.org","@graph":[{"@type":"WebPage","@id":"https:\/\/www.riacanada.ca\/fr\/gary-chateram\/","url":"https:\/\/www.riacanada.ca\/fr\/gary-chateram\/","name":"Gary Chateram - Responsible Investment Association","isPartOf":{"@id":"https:\/\/www.riacanada.ca\/fr\/#website"},"datePublished":"2022-01-13T18:00:47+00:00","dateModified":"2022-01-13T20:53:53+00:00","breadcrumb":{"@id":"https:\/\/www.riacanada.ca\/fr\/gary-chateram\/#breadcrumb"},"inLanguage":"fr-CA","potentialAction":[{"@type":"ReadAction","target":["https:\/\/www.riacanada.ca\/fr\/gary-chateram\/"]}]},{"@type":"BreadcrumbList","@id":"https:\/\/www.riacanada.ca\/fr\/gary-chateram\/#breadcrumb","itemListElement":[{"@type":"ListItem","position":1,"name":"Home","item":"https:\/\/www.riacanada.ca\/fr\/"},{"@type":"ListItem","position":2,"name":"Gary Chateram"}]},{"@type":"WebSite","@id":"https:\/\/www.riacanada.ca\/fr\/#website","url":"https:\/\/www.riacanada.ca\/fr\/","name":"Responsible Investment Association","description":"Canada&#039;s membership network for responsible investment","potentialAction":[{"@type":"SearchAction","target":{"@type":"EntryPoint","urlTemplate":"https:\/\/www.riacanada.ca\/fr\/?s={search_term_string}"},"query-input":"required name=search_term_string"}],"inLanguage":"fr-CA"}]}},"_links":{"self":[{"href":"https:\/\/www.riacanada.ca\/fr\/wp-json\/wp\/v2\/pages\/59529"}],"collection":[{"href":"https:\/\/www.riacanada.ca\/fr\/wp-json\/wp\/v2\/pages"}],"about":[{"href":"https:\/\/www.riacanada.ca\/fr\/wp-json\/wp\/v2\/types\/page"}],"author":[{"embeddable":true,"href":"https:\/\/www.riacanada.ca\/fr\/wp-json\/wp\/v2\/users\/7472"}],"replies":[{"embeddable":true,"href":"https:\/\/www.riacanada.ca\/fr\/wp-json\/wp\/v2\/comments?post=59529"}],"version-history":[{"count":1,"href":"https:\/\/www.riacanada.ca\/fr\/wp-json\/wp\/v2\/pages\/59529\/revisions"}],"predecessor-version":[{"id":59530,"href":"https:\/\/www.riacanada.ca\/fr\/wp-json\/wp\/v2\/pages\/59529\/revisions\/59530"}],"wp:attachment":[{"href":"https:\/\/www.riacanada.ca\/fr\/wp-json\/wp\/v2\/media?parent=59529"}],"curies":[{"name":"wp","href":"https:\/\/api.w.org\/{rel}","templated":true}]}}