{"id":61675,"date":"2022-03-01T10:55:24","date_gmt":"2022-03-01T15:55:24","guid":{"rendered":"https:\/\/www.riacanada.ca\/?page_id=61675"},"modified":"2022-03-02T12:05:49","modified_gmt":"2022-03-02T17:05:49","slug":"directives","status":"publish","type":"page","link":"https:\/\/www.riacanada.ca\/fr\/prix\/directives\/","title":{"rendered":"Directives sur les Prix de leadership de l\u2019AIR 2022"},"content":{"rendered":"\n<p style=\"text-align:left\"><strong>Cat\u00e9gories de prix<\/strong><\/p>\n\n\n\n<p style=\"text-align:left\">Les Prix du leadership de l&rsquo;AIR r\u00e9compensent les membres de l&rsquo;AIR qui ont fait preuve de leadership en stimulant la croissance et le d\u00e9veloppement de l&rsquo;investissement responsable au Canada au cours de l&rsquo;ann\u00e9e civile 2021.<\/p>\n\n\n\n<p style=\"text-align:left\">Les prix organisationnels et individuels seront d\u00e9cern\u00e9s dans cinq cat\u00e9gories :<\/p>\n\n\n\n<ul><li style=\"text-align:left\"><strong>\u00c9ducation du march\u00e9 :<\/strong> Sensibilisation et demande pour des investissements responsables<br>&gt;&nbsp;Ouvert aux membres organisationnels &#8211; Investisseurs institutionnels et institutions financi\u00e8res<\/li><li style=\"text-align:left\"><strong>Int\u00e9gration :<\/strong> D\u00e9velopper les comp\u00e9tences en mati\u00e8re d\u2019IR des professionnels de l\u2019investissement<br>&gt;&nbsp;Ouvert aux membres organisationnels &#8211; Investisseurs institutionnels<\/li><li style=\"text-align:left\"><strong>Intendance :<\/strong> Faire progresser les pratiques et les politiques pour soutenir l&rsquo;IR<br>&gt;&nbsp;Ouvert aux membres organisationnels &#8211; Investisseurs institutionnels<\/li><li style=\"text-align:left\"><strong>Leadership dans les services :<\/strong> Faire progresser les pratiques de march\u00e9 pour soutenir l\u2019IR<br>&gt;&nbsp;Ouvert aux membres organisationnels &#8211; Fournisseurs de services<\/li><li style=\"text-align:left\"><strong>Leadership individuel :<\/strong> Mettre en \u0153uvre des pratiques pour stimuler la sensibilisation et la demande d&rsquo;IR<br>&gt;&nbsp;Ouvert aux membres individuels &#8211; Conseillers financiers et professionnels<\/li><\/ul>\n\n\n\n<p style=\"text-align:left\"><strong>Dates cl\u00e9s des prix 2022<\/strong><\/p>\n\n\n\n<ul><li style=\"text-align:left\">2 mars au 7 avril 2022: P\u00e9riode de soumission<\/li><li style=\"text-align:left\">mi-avril \u00e0 la mi-mai 2022 : P\u00e9riode d\u2019\u00e9valuation &#8211; les juges soumettent leurs fiches de r\u00e9sultats \u00e0 l\u2019AIR pour la compilation des r\u00e9sultats<\/li><li style=\"text-align:left\">7 juin 2022 : Les gagnants sont annonc\u00e9s \u00e0 la Conf\u00e9rence Virtuelle AIR.<\/li><\/ul>\n\n\n\n<p style=\"text-align:left\"><strong>Admissibilit\u00e9<\/strong><\/p>\n\n\n\n<p style=\"text-align:left\">Pour \u00eatre admissibles \u00e0 un Prix de leadership de l\u2019AIR, les candidatures doivent r\u00e9pondre aux crit\u00e8res suivants :<\/p>\n\n\n\n<ul><li style=\"text-align:left\"><strong>Adh\u00e9sion &#8211;<\/strong> Tous les candidats aux prix doivent \u00eatre membres de l&rsquo;AIR depuis au moins un an \u00e0 compter du 1er janvier 2022. Les candidats aux prix doivent \u00eatre membres en r\u00e8gle de l&rsquo;AIR \u00e0 la date de leur soumission et le 6 juin 2022 lorsque les prix sont pr\u00e9sent\u00e9s. Les prix sont disponibles pour les cat\u00e9gories de membres organisationnels et individuels de l&rsquo;AIR.<\/li><li style=\"text-align:left\"><strong>Remarque : Chaque prix organisationnel a \u00e9galement des crit\u00e8res d\u2019admissibilit\u00e9 sectoriels sp\u00e9cifiques qui vont comme suit :<\/strong> <ul><li style=\"text-align:left\">\u00c9ducation du march\u00e9 : Investisseurs institutionnels, y compris les propri\u00e9taires d&rsquo;actifs et les gestionnaires d&rsquo;actifs, et les institutions financi\u00e8res, y compris les banques et les coop\u00e9ratives de cr\u00e9dit<\/li><li style=\"text-align:left\">Int\u00e9gration : Investisseurs institutionnels, y compris les propri\u00e9taires d&rsquo;actifs et les gestionnaires d&rsquo;actifs<\/li><li style=\"text-align:left\">Intendance : Investisseurs institutionnels, y compris les propri\u00e9taires d&rsquo;actifs et les gestionnaires d&rsquo;actifs<\/li><li style=\"text-align:left\">Leadership dans les services : Fournisseurs de services ESG\/d\u2019IR, y compris les fournisseurs de recherche et de donn\u00e9es ESG, de reporting et d\u2019assurance ESG, de conseil en investissement, de consultation ESG, de vote par procuration et de services d\u2019engagement <\/li><\/ul><\/li><li style=\"text-align:left\"><strong>Projets collaboratifs \u2013<\/strong> Les projets collaboratifs peuvent \u00eatre soumis, \u00e0 condition qu\u2019au moins 50 % des participants au projet soient membres de l\u2019AIR, ou que les membres de l\u2019AIR aient contribu\u00e9 activement \u00e0 au moins 50 % de l\u2019effort pour le projet. Le simple fait de parrainer un projet ne r\u00e9pond pas aux crit\u00e8res d\u2019admissibilit\u00e9. Tous les participants doivent accepter de concourir pour le Prix avant d\u2019envoyer leur candidature. Les demandes multiples pour un projet collaboratif ne seront pas autoris\u00e9es\u2009; si plusieurs demandes sont re\u00e7ues, l\u2019AIR encourage les participants \u00e0 soumettre une seule demande commune.<\/li><li style=\"text-align:left\"><strong>\u00c9ch\u00e9ancier\/emplacement du projet \u2013<\/strong> Les activit\u00e9s d\u00e9crites dans la soumission doivent avoir eu lieu ou avoir \u00e9t\u00e9 mises en \u0153uvre au Canada au cours de l\u2019ann\u00e9e civile 2021. Les prix sont ouverts aux projets en cours et termin\u00e9s. Bien que les activit\u00e9s aient pu \u00eatre amorc\u00e9es avant 2021 ou se terminer apr\u00e8s 2021, la soumission sera \u00e9valu\u00e9e en fonction des r\u00e9sultats d\u00e9clar\u00e9s au cours de l\u2019ann\u00e9e civile 2021.<\/li><li style=\"text-align:left\">Les laur\u00e9ats pr\u00e9c\u00e9dents sont invit\u00e9s \u00e0 soumettre une candidature aux Prix de leadership de l\u2019AIR 2022, \u00e0 condition que leur soumission 2022 se rapporte \u00e0 une activit\u00e9 diff\u00e9rente de celle soumise pr\u00e9c\u00e9demment.<\/li><\/ul>\n\n\n\n<p style=\"text-align:left\"><strong>Processus de soumission<\/strong><\/p>\n\n\n\n<p style=\"text-align:left\">La p\u00e9riode de soumission\/mise en candidature sera ouverte du 2 mars 2022 au 7 avril 2022. Tous les candidats aux prix doivent \u00eatre membres de l\u2019AIR depuis au moins un an \u00e0 compter du 1er janvier 2022. Les candidats aux prix doivent \u00eatre des membres en r\u00e8gle de l\u2019AIR \u00e0 la date o\u00f9 leur demande est soumise et lors de la remise des prix le 6 juin 2022. Un individuel ou une organisation peut \u00eatre nomm\u00e9 par un autre membre de l\u2019AIR. L\u2019AIR informera le candidat de sa candidature, et le candidat sera alors responsable de soumettre sa propre candidature. <\/p>\n\n\n\n<p style=\"text-align:left\">Informations additionnelles :<\/p>\n\n\n\n<ul><li style=\"text-align:left\">Les soumissions doivent \u00eatre faites au nom d&rsquo;un membre organisationnel de l\u2019AIR ou d&rsquo;un membre individuel de l\u2019AIR.<\/li><li style=\"text-align:left\">Les projets collaboratifs sont les bienvenus pour les deux types de demandes (voir les instructions suppl\u00e9mentaires sur le formulaire de soumission).<\/li><li style=\"text-align:left\">Il y a une limite de une (1)&nbsp; soumission par organisation\/individu par cat\u00e9gorie et une limite de deux (2) soumissions par organisation au total.<\/li><li style=\"text-align:left\">Les soumissions, les documents de soutien et les liens peuvent tous \u00eatre soumis dans l\u2019une ou l\u2019autre des langues officielles.<\/li><\/ul>\n\n\n\n<p style=\"text-align:left\"><strong>Format de la soumission<\/strong><\/p>\n\n\n\n<ul><li style=\"text-align:left\">Coordonn\u00e9es<\/li><li style=\"text-align:left\">Description du projet<\/li><li style=\"text-align:left\">Th\u00e8mes cl\u00e9s : Questions d\u00e9taill\u00e9es sur l\u2019originalit\u00e9, la conception et la r\u00e9alisation, et l\u2019influence du projet<\/li><li style=\"text-align:left\">Mat\u00e9riel \u00e0 l\u2019appui : Documents suppl\u00e9mentaires \u00e0 l\u2019appui de la demande<\/li><\/ul>\n\n\n\n<p style=\"text-align:left\">Pour r\u00e9pondre aux pr\u00e9occupations de confidentialit\u00e9, les soumissions doivent indiquer toute information exclusive ou confidentielle. L\u2019AIR, le Comit\u00e9 des prix et les juges pourront consulter les informations confidentielles. La plupart des informations fournies devraient \u00eatre publiques.<\/p>\n\n\n\n<p style=\"text-align:left\"><strong>Gouvernance du programme de prix<\/strong><\/p>\n\n\n\n<p style=\"text-align:left\">Il y a trois niveaux de supervision pour le Programme de prix de l\u2019AIR :<\/p>\n\n\n\n<ul><li style=\"text-align:left\"><strong>Gestion par l\u2019AIR<\/strong> <strong>\u2013 <\/strong>Responsable de l\u2019administration g\u00e9n\u00e9rale du Programme de prix. La s\u00e9lection initiale des candidatures pour les juges ainsi que des soumissions pour les prix sera effectu\u00e9e par l\u2019AIR afin de s\u2019assurer que l\u2019information fournie est compl\u00e8te et pertinente. L\u2019AIR est \u00e9galement charg\u00e9e de veiller au respect de la Politique sur les conflits d\u2019int\u00e9r\u00eats des Prix de leadership de l\u2019AIR (voir ci-dessous).<\/li><li style=\"text-align:left\"><strong>Comit\u00e9 des prix&nbsp;\u2013<\/strong> Un comit\u00e9 de travail compos\u00e9 de membres du conseil d\u2019administration de l\u2019AIR et d\u2019autres personnes nomm\u00e9es par ce dernier pour guider la direction de l\u2019AIR dans l\u2019\u00e9laboration du Programme de prix. Le Comit\u00e9 repr\u00e9sente une diversit\u00e9 de points de vue, y compris des participants de divers segments du march\u00e9. Toute anomalie ou probl\u00e8me de notation sera signal\u00e9 au Comit\u00e9 des prix de l\u2019AIR pour d\u00e9lib\u00e9ration.<br><\/li><li style=\"text-align:left\"><strong>Jury \u2013<\/strong> Un jury form\u00e9 de 11 juges sera charg\u00e9 d\u2019\u00e9valuer ind\u00e9pendamment chaque soumission en fonction de trois th\u00e8mes pond\u00e9r\u00e9s \u00e9galement. Les juges utiliseront un cadre de notation normalis\u00e9 et transparent, des crit\u00e8res d\u2019\u00e9valuation et une fiche de pointage.<br><\/li><\/ul>\n\n\n\n<p style=\"text-align:left\"><strong>Processus d\u2019\u00e9valuation&nbsp;<\/strong><\/p>\n\n\n\n<p style=\"text-align:left\">La p\u00e9riode d\u2019\u00e9valuation se d\u00e9roulera de la <strong><em>mi-avril \u00e0 la mi-mai 2022<\/em><\/strong>. Les juges \u00e9valueront de mani\u00e8re ind\u00e9pendante chaque soumission sur la base de trois th\u00e8mes \u00e0 pond\u00e9ration \u00e9gale en utilisant un cadre de notation normalis\u00e9 et transparent, des crit\u00e8res d\u2019\u00e9valuation et un tableau de bord. Les juges soumettront leurs tableaux de bord \u00e0 l\u2019AIR pour compiler les r\u00e9sultats.<\/p>\n\n\n\n<ul><li style=\"text-align:left\"><strong>Conflits d\u2019int\u00e9r\u00eats \u2013<\/strong> Les juges doivent signer un accord pour d\u00e9clarer leur engagement \u00e0 agir de mani\u00e8re impartiale. Les juges seront automatiquement r\u00e9cus\u00e9s de l\u2019\u00e9valuation des demandes dans une cat\u00e9gorie si eux-m\u00eames, leur cabinet ou soci\u00e9t\u00e9 s\u0153ur\/filiale figurent parmi les inscriptions.<\/li><\/ul>\n\n\n\n<p style=\"text-align:left\"><strong>S\u00e9lection des juges<\/strong><\/p>\n\n\n\n<p style=\"text-align:left\">Les juges seront choisis selon les crit\u00e8res de qualit\u00e9 suivants :<\/p>\n\n\n\n<ul><li style=\"text-align:left\">Alignement \u2013 Le dossier et les actions du juge sont align\u00e9s sur les objectifs de l\u2019investissement responsable.<\/li><li style=\"text-align:left\">Cr\u00e9dibilit\u00e9 \u2013 Le juge est consid\u00e9r\u00e9 comme un arbitre cr\u00e9dible des initiatives d\u2019investissement responsable.<\/li><li style=\"text-align:left\">\u00c9quit\u00e9 \u2013 Le juge est consid\u00e9r\u00e9 comme juste et impartial.<\/li><li style=\"text-align:left\">Neutralit\u00e9 \u2013 Le juge est consid\u00e9r\u00e9 comme n\u2019ayant pas de conflit d\u2019int\u00e9r\u00eats.<\/li><li style=\"text-align:left\">Expertise \u2013 Le juge est r\u00e9put\u00e9 poss\u00e9der l\u2019expertise commerciale et de la cat\u00e9gorie n\u00e9cessaire pour \u00e9valuer la demande.<br><\/li><\/ul>\n\n\n\n<p style=\"text-align:left\">Le jury sera compos\u00e9 de 11 b\u00e9n\u00e9voles. La composition du jury tiendra compte de facteurs tels que la g\u00e9ographie, le sexe et la diversit\u00e9 raciale, conform\u00e9ment \u00e0 la Politique de diversit\u00e9 du Conseil d\u2019administration de l\u2019AIR, et pr\u00e9voit une repr\u00e9sentation \u00e9quilibr\u00e9e des secteurs suivants :<\/p>\n\n\n\n<ul><li style=\"text-align:left\">Universitaires<\/li><li style=\"text-align:left\">Conseillers<\/li><li style=\"text-align:left\">Gestionnaires d\u2019actifs<\/li><li style=\"text-align:left\">D\u00e9tenteurs d\u2019actifs<\/li><li style=\"text-align:left\">Entreprise\/Consultant\/Fournisseur de service<\/li><li style=\"text-align:left\">Institutions financi\u00e8res (banques et coop\u00e9ratives de cr\u00e9dit)<\/li><li style=\"text-align:left\">M\u00e9dias<\/li><li style=\"text-align:left\">Organisations d\u2019IR<\/li><\/ul>\n\n\n\n<p style=\"text-align:left\">REMARQUE IMPORTANTE : Les juges adh\u00e9reront aux politiques sur les conflits d\u2019int\u00e9r\u00eats et signeront une entente pour d\u00e9clarer leur engagement \u00e0 agir de mani\u00e8re impartiale.<\/p>\n\n\n\n<p style=\"text-align:left\">Tous les juges s\u00e9lectionn\u00e9s qui sont membres de l\u2019AIR doivent \u00eatre en r\u00e8gle avec l\u2019AIR.<\/p>\n\n\n\n<p style=\"text-align:left\"><em>Les opinions des juges ne refl\u00e8tent pas n\u00e9cessairement les opinions de l&rsquo;AIR.<\/em><\/p>\n\n\n\n<p style=\"text-align:left\"><strong>Cadre de notation et fiche de pointage&nbsp;<\/strong><\/p>\n\n\n\n<p style=\"text-align:left\">Chaque juge arrivera \u00e0 sa propre note ind\u00e9pendamment et la moyenne de toutes les notes sera calcul\u00e9e pour arriver \u00e0 la note finale combin\u00e9e pour chaque demande. Les participants recevront une copie de leur fiche de pointage. La fiche de pointage compl\u00e8te des 2 premier positions des Finalistes de chaque cat\u00e9gorie sera mise \u00e0 la disposition du public, ainsi que la variation des pointages pour tous les autres participants. Le gagnant de chaque cat\u00e9gorie sera annonc\u00e9 lors de la Conf\u00e9rence Virtuelle AIR. <em>Les notes accord\u00e9es par les juges sont d\u00e9finitives<\/em>.<\/p>\n","protected":false},"excerpt":{"rendered":"<p>Cat\u00e9gories de prix Les Prix du leadership de l&rsquo;AIR r\u00e9compensent les membres de l&rsquo;AIR qui ont fait preuve de leadership en stimulant la croissance et le d\u00e9veloppement de l&rsquo;investissement responsable au Canada au cours de l&rsquo;ann\u00e9e civile 2021. Les prix organisationnels et individuels seront d\u00e9cern\u00e9s dans cinq cat\u00e9gories : \u00c9ducation du march\u00e9 : Sensibilisation et [&hellip;]<\/p>\n","protected":false},"author":7472,"featured_media":0,"parent":40315,"menu_order":0,"comment_status":"closed","ping_status":"closed","template":"","meta":{"footnotes":""},"acf":[],"yoast_head":"<!-- This site is optimized with the Yoast SEO plugin v21.0 - https:\/\/yoast.com\/wordpress\/plugins\/seo\/ -->\n<title>Directives sur les Prix de leadership de l\u2019AIR 2022 - Responsible Investment Association<\/title>\n<meta name=\"robots\" content=\"index, follow, max-snippet:-1, max-image-preview:large, max-video-preview:-1\" \/>\n<link rel=\"canonical\" href=\"https:\/\/www.riacanada.ca\/fr\/prix\/directives\/\" \/>\n<meta property=\"og:locale\" content=\"fr_FR\" \/>\n<meta property=\"og:type\" content=\"article\" \/>\n<meta property=\"og:title\" content=\"Directives sur les Prix de leadership de l\u2019AIR 2022 - Responsible Investment Association\" \/>\n<meta property=\"og:description\" content=\"Cat\u00e9gories de prix Les Prix du leadership de l&rsquo;AIR r\u00e9compensent les membres de l&rsquo;AIR qui ont fait preuve de leadership en stimulant la croissance et le d\u00e9veloppement de l&rsquo;investissement responsable au Canada au cours de l&rsquo;ann\u00e9e civile 2021. Les prix organisationnels et individuels seront d\u00e9cern\u00e9s dans cinq cat\u00e9gories : \u00c9ducation du march\u00e9 : Sensibilisation et [&hellip;]\" \/>\n<meta property=\"og:url\" content=\"https:\/\/www.riacanada.ca\/fr\/prix\/directives\/\" \/>\n<meta property=\"og:site_name\" content=\"Responsible Investment Association\" \/>\n<meta property=\"article:modified_time\" content=\"2022-03-02T17:05:49+00:00\" \/>\n<meta name=\"twitter:card\" content=\"summary_large_image\" \/>\n<meta name=\"twitter:label1\" content=\"Est. reading time\" \/>\n\t<meta name=\"twitter:data1\" content=\"8 minutes\" \/>\n<script type=\"application\/ld+json\" class=\"yoast-schema-graph\">{\"@context\":\"https:\/\/schema.org\",\"@graph\":[{\"@type\":\"WebPage\",\"@id\":\"https:\/\/www.riacanada.ca\/fr\/prix\/directives\/\",\"url\":\"https:\/\/www.riacanada.ca\/fr\/prix\/directives\/\",\"name\":\"Directives sur les Prix de leadership de l\u2019AIR 2022 - Responsible Investment Association\",\"isPartOf\":{\"@id\":\"https:\/\/www.riacanada.ca\/fr\/#website\"},\"datePublished\":\"2022-03-01T15:55:24+00:00\",\"dateModified\":\"2022-03-02T17:05:49+00:00\",\"breadcrumb\":{\"@id\":\"https:\/\/www.riacanada.ca\/fr\/prix\/directives\/#breadcrumb\"},\"inLanguage\":\"fr-CA\",\"potentialAction\":[{\"@type\":\"ReadAction\",\"target\":[\"https:\/\/www.riacanada.ca\/fr\/prix\/directives\/\"]}]},{\"@type\":\"BreadcrumbList\",\"@id\":\"https:\/\/www.riacanada.ca\/fr\/prix\/directives\/#breadcrumb\",\"itemListElement\":[{\"@type\":\"ListItem\",\"position\":1,\"name\":\"Home\",\"item\":\"https:\/\/www.riacanada.ca\/fr\/\"},{\"@type\":\"ListItem\",\"position\":2,\"name\":\"Prix\",\"item\":\"https:\/\/www.riacanada.ca\/fr\/prix\/\"},{\"@type\":\"ListItem\",\"position\":3,\"name\":\"Directives sur les Prix de leadership de l\u2019AIR 2022\"}]},{\"@type\":\"WebSite\",\"@id\":\"https:\/\/www.riacanada.ca\/fr\/#website\",\"url\":\"https:\/\/www.riacanada.ca\/fr\/\",\"name\":\"Responsible Investment Association\",\"description\":\"Canada&#039;s membership network for responsible investment\",\"potentialAction\":[{\"@type\":\"SearchAction\",\"target\":{\"@type\":\"EntryPoint\",\"urlTemplate\":\"https:\/\/www.riacanada.ca\/fr\/?s={search_term_string}\"},\"query-input\":\"required name=search_term_string\"}],\"inLanguage\":\"fr-CA\"}]}<\/script>\n<!-- \/ Yoast SEO plugin. -->","yoast_head_json":{"title":"Directives sur les Prix de leadership de l\u2019AIR 2022 - Responsible Investment Association","robots":{"index":"index","follow":"follow","max-snippet":"max-snippet:-1","max-image-preview":"max-image-preview:large","max-video-preview":"max-video-preview:-1"},"canonical":"https:\/\/www.riacanada.ca\/fr\/prix\/directives\/","og_locale":"fr_FR","og_type":"article","og_title":"Directives sur les Prix de leadership de l\u2019AIR 2022 - Responsible Investment Association","og_description":"Cat\u00e9gories de prix Les Prix du leadership de l&rsquo;AIR r\u00e9compensent les membres de l&rsquo;AIR qui ont fait preuve de leadership en stimulant la croissance et le d\u00e9veloppement de l&rsquo;investissement responsable au Canada au cours de l&rsquo;ann\u00e9e civile 2021. Les prix organisationnels et individuels seront d\u00e9cern\u00e9s dans cinq cat\u00e9gories : \u00c9ducation du march\u00e9 : Sensibilisation et [&hellip;]","og_url":"https:\/\/www.riacanada.ca\/fr\/prix\/directives\/","og_site_name":"Responsible Investment Association","article_modified_time":"2022-03-02T17:05:49+00:00","twitter_card":"summary_large_image","twitter_misc":{"Est. reading time":"8 minutes"},"schema":{"@context":"https:\/\/schema.org","@graph":[{"@type":"WebPage","@id":"https:\/\/www.riacanada.ca\/fr\/prix\/directives\/","url":"https:\/\/www.riacanada.ca\/fr\/prix\/directives\/","name":"Directives sur les Prix de leadership de l\u2019AIR 2022 - Responsible Investment Association","isPartOf":{"@id":"https:\/\/www.riacanada.ca\/fr\/#website"},"datePublished":"2022-03-01T15:55:24+00:00","dateModified":"2022-03-02T17:05:49+00:00","breadcrumb":{"@id":"https:\/\/www.riacanada.ca\/fr\/prix\/directives\/#breadcrumb"},"inLanguage":"fr-CA","potentialAction":[{"@type":"ReadAction","target":["https:\/\/www.riacanada.ca\/fr\/prix\/directives\/"]}]},{"@type":"BreadcrumbList","@id":"https:\/\/www.riacanada.ca\/fr\/prix\/directives\/#breadcrumb","itemListElement":[{"@type":"ListItem","position":1,"name":"Home","item":"https:\/\/www.riacanada.ca\/fr\/"},{"@type":"ListItem","position":2,"name":"Prix","item":"https:\/\/www.riacanada.ca\/fr\/prix\/"},{"@type":"ListItem","position":3,"name":"Directives sur les Prix de leadership de l\u2019AIR 2022"}]},{"@type":"WebSite","@id":"https:\/\/www.riacanada.ca\/fr\/#website","url":"https:\/\/www.riacanada.ca\/fr\/","name":"Responsible Investment Association","description":"Canada&#039;s membership network for responsible investment","potentialAction":[{"@type":"SearchAction","target":{"@type":"EntryPoint","urlTemplate":"https:\/\/www.riacanada.ca\/fr\/?s={search_term_string}"},"query-input":"required name=search_term_string"}],"inLanguage":"fr-CA"}]}},"_links":{"self":[{"href":"https:\/\/www.riacanada.ca\/fr\/wp-json\/wp\/v2\/pages\/61675"}],"collection":[{"href":"https:\/\/www.riacanada.ca\/fr\/wp-json\/wp\/v2\/pages"}],"about":[{"href":"https:\/\/www.riacanada.ca\/fr\/wp-json\/wp\/v2\/types\/page"}],"author":[{"embeddable":true,"href":"https:\/\/www.riacanada.ca\/fr\/wp-json\/wp\/v2\/users\/7472"}],"replies":[{"embeddable":true,"href":"https:\/\/www.riacanada.ca\/fr\/wp-json\/wp\/v2\/comments?post=61675"}],"version-history":[{"count":7,"href":"https:\/\/www.riacanada.ca\/fr\/wp-json\/wp\/v2\/pages\/61675\/revisions"}],"predecessor-version":[{"id":61822,"href":"https:\/\/www.riacanada.ca\/fr\/wp-json\/wp\/v2\/pages\/61675\/revisions\/61822"}],"up":[{"embeddable":true,"href":"https:\/\/www.riacanada.ca\/fr\/wp-json\/wp\/v2\/pages\/40315"}],"wp:attachment":[{"href":"https:\/\/www.riacanada.ca\/fr\/wp-json\/wp\/v2\/media?parent=61675"}],"curies":[{"name":"wp","href":"https:\/\/api.w.org\/{rel}","templated":true}]}}