{"id":62005,"date":"2020-06-07T17:15:49","date_gmt":"2020-06-07T21:15:49","guid":{"rendered":"https:\/\/www.riacanada.ca\/?page_id=62005"},"modified":"2022-03-10T09:00:11","modified_gmt":"2022-03-10T14:00:11","slug":"gagnant-du-leadership-individuel","status":"publish","type":"page","link":"https:\/\/www.riacanada.ca\/fr\/prix\/gagnant-du-leadership-individuel\/","title":{"rendered":"Gagnant du Leadership individuel"},"content":{"rendered":"\n<div class=\"wp-block-image\"><figure class=\"aligncenter is-resized\"><img decoding=\"async\" loading=\"lazy\" src=\"https:\/\/www.riacanada.ca\/content\/uploads\/2020\/06\/Winner-4.png\" alt=\"\" class=\"wp-image-42378\" width=\"212\" height=\"178\"\/><\/figure><\/div>\n\n\n\n<p style=\"text-align:center\"><strong>Tim Nash<\/strong><\/p>\n\n\n\n<p style=\"text-align:center\"><em><strong>Projet\u00a0<\/strong><\/em><strong>: \u00c9ducation du march\u00e9 &#8211; Sensibilisation du public<\/strong><\/p>\n\n\n\n<p style=\"text-align:left\">Les membres de l&rsquo;AIR savent qu&rsquo;il y a un \u00e9norme manque de connaissances et que beaucoup de Canadiens s&rsquo;int\u00e9ressent \u00e0 l&rsquo;ISR, mais que peu le pratiquent r\u00e9ellement. Tout au long de l&rsquo;ann\u00e9e 2019, Tim Nash s&rsquo;est donn\u00e9 pour mission de sensibiliser les investisseurs r\u00e9guliers aux investissements socialement responsables et verts. Vous trouverez ci-dessous une liste de ses initiatives en mati\u00e8re d&rsquo;\u00e9ducation de la population :<\/p>\n\n\n\n<ul><li style=\"text-align:left\">Il est apparu sept fois sur BNNBloomberg, dont cinq apparitions dans Market Call , une \u00e9mission d&rsquo;une heure recevant des appels en direct, pour r\u00e9pondre aux questions des investisseurs.<\/li><li style=\"text-align:left\">Il a travaill\u00e9 avec des journalistes de CBC sur deux reportages pour The National \u2013 le premier sur la r\u00e9duction de l&#8217;empreinte carbone de vos investissements et le second sur la sortie des armes de votre portefeuille.<\/li><li style=\"text-align:left\">Il est apparu \u00e0 l&rsquo;\u00e9mission Your Morning de CTV pour discuter du nombre de Canadiens qui poss\u00e8dent des stocks d&rsquo;armes \u00e0 feu.<\/li><li style=\"text-align:left\">Il a \u00e9t\u00e9 cit\u00e9 dans des articles sur les investissements socialement responsables, soit trois fois dans le Globe &amp; Mail et le Toronto Star, deux fois dans le National Post, et une fois dans Ch\u00e2telaine.<\/li><li style=\"text-align:left\">Il est apparu dans cinq podcasts et trois \u00e9missions de radio et a anim\u00e9 un Ask Me Anything sur Reddit.<\/li><li style=\"text-align:left\">Il a r\u00e9dig\u00e9 quinze articles pour le magazine Corporate Knights, la plupart d&rsquo;entre eux \u00e9tant des confrontations d&rsquo;actions durables qui mettent deux entreprises face \u00e0 face sur des questions ESG. Il a \u00e9galement \u00e9crit un article pour MoneySense sur les FNB ESG de Vanguard.<\/li><li style=\"text-align:left\">Il a donn\u00e9 des s\u00e9minaires en personne \u00e0 des investisseurs \u00e0 Toronto, Ottawa, North Bay et Sudbury.<\/li><li style=\"text-align:left\">Il a eu 15 000 visiteurs uniques sur son blogue.<\/li><\/ul>\n\n\n\n<p style=\"text-align:left\">Tim a accompli tout cela tout en g\u00e9rant son entreprise et en aidant directement 92 clients \u00e0 convertir leurs investissements en portefeuilles socialement responsables.<\/p>\n\n\n\n<p style=\"text-align:left\"><strong><em>Finaliste<\/em>: Gabriel Flores<br><\/strong><em><strong>Projet<\/strong><\/em><strong>: \u00c9ducation au march\u00e9 &#8211; Montrer l&rsquo;exemple<\/strong><\/p>\n\n\n\n<p style=\"text-align:left\"><a href=\"https:\/\/www.riacanada.ca\/news\/2020-ria-leadership-award-winners\/\">En savoir plus sur les Prix de leadership de l&rsquo;AIR 2020.<\/a><\/p>\n","protected":false},"excerpt":{"rendered":"<p>Tim Nash Projet\u00a0: \u00c9ducation du march\u00e9 &#8211; Sensibilisation du public Les membres de l&rsquo;AIR savent qu&rsquo;il y a un \u00e9norme manque de connaissances et que beaucoup de Canadiens s&rsquo;int\u00e9ressent \u00e0 l&rsquo;ISR, mais que peu le pratiquent r\u00e9ellement. Tout au long de l&rsquo;ann\u00e9e 2019, Tim Nash s&rsquo;est donn\u00e9 pour mission de sensibiliser les investisseurs r\u00e9guliers aux [&hellip;]<\/p>\n","protected":false},"author":7472,"featured_media":0,"parent":40315,"menu_order":0,"comment_status":"closed","ping_status":"closed","template":"","meta":{"footnotes":""},"acf":[],"yoast_head":"<!-- This site is optimized with the Yoast SEO plugin v21.0 - https:\/\/yoast.com\/wordpress\/plugins\/seo\/ -->\n<title>Gagnant du Leadership individuel - Responsible Investment Association<\/title>\n<meta name=\"robots\" content=\"index, follow, max-snippet:-1, max-image-preview:large, max-video-preview:-1\" \/>\n<link rel=\"canonical\" href=\"https:\/\/www.riacanada.ca\/fr\/prix\/gagnant-du-leadership-individuel\/\" \/>\n<meta property=\"og:locale\" content=\"fr_FR\" \/>\n<meta property=\"og:type\" content=\"article\" \/>\n<meta property=\"og:title\" content=\"Gagnant du Leadership individuel - Responsible Investment Association\" \/>\n<meta property=\"og:description\" content=\"Tim Nash Projet\u00a0: \u00c9ducation du march\u00e9 &#8211; Sensibilisation du public Les membres de l&rsquo;AIR savent qu&rsquo;il y a un \u00e9norme manque de connaissances et que beaucoup de Canadiens s&rsquo;int\u00e9ressent \u00e0 l&rsquo;ISR, mais que peu le pratiquent r\u00e9ellement. Tout au long de l&rsquo;ann\u00e9e 2019, Tim Nash s&rsquo;est donn\u00e9 pour mission de sensibiliser les investisseurs r\u00e9guliers aux [&hellip;]\" \/>\n<meta property=\"og:url\" content=\"https:\/\/www.riacanada.ca\/fr\/prix\/gagnant-du-leadership-individuel\/\" \/>\n<meta property=\"og:site_name\" content=\"Responsible Investment Association\" \/>\n<meta property=\"article:modified_time\" content=\"2022-03-10T14:00:11+00:00\" \/>\n<meta property=\"og:image\" content=\"https:\/\/www.riacanada.ca\/content\/uploads\/2020\/06\/Winner-4.png\" \/>\n<meta name=\"twitter:card\" content=\"summary_large_image\" \/>\n<meta name=\"twitter:label1\" content=\"Est. reading time\" \/>\n\t<meta name=\"twitter:data1\" content=\"2 minutes\" \/>\n<script type=\"application\/ld+json\" class=\"yoast-schema-graph\">{\"@context\":\"https:\/\/schema.org\",\"@graph\":[{\"@type\":\"WebPage\",\"@id\":\"https:\/\/www.riacanada.ca\/fr\/prix\/gagnant-du-leadership-individuel\/\",\"url\":\"https:\/\/www.riacanada.ca\/fr\/prix\/gagnant-du-leadership-individuel\/\",\"name\":\"Gagnant du Leadership individuel - Responsible Investment Association\",\"isPartOf\":{\"@id\":\"https:\/\/www.riacanada.ca\/fr\/#website\"},\"datePublished\":\"2020-06-07T21:15:49+00:00\",\"dateModified\":\"2022-03-10T14:00:11+00:00\",\"breadcrumb\":{\"@id\":\"https:\/\/www.riacanada.ca\/fr\/prix\/gagnant-du-leadership-individuel\/#breadcrumb\"},\"inLanguage\":\"fr-CA\",\"potentialAction\":[{\"@type\":\"ReadAction\",\"target\":[\"https:\/\/www.riacanada.ca\/fr\/prix\/gagnant-du-leadership-individuel\/\"]}]},{\"@type\":\"BreadcrumbList\",\"@id\":\"https:\/\/www.riacanada.ca\/fr\/prix\/gagnant-du-leadership-individuel\/#breadcrumb\",\"itemListElement\":[{\"@type\":\"ListItem\",\"position\":1,\"name\":\"Home\",\"item\":\"https:\/\/www.riacanada.ca\/fr\/\"},{\"@type\":\"ListItem\",\"position\":2,\"name\":\"Prix\",\"item\":\"https:\/\/www.riacanada.ca\/fr\/prix\/\"},{\"@type\":\"ListItem\",\"position\":3,\"name\":\"Gagnant du Leadership individuel\"}]},{\"@type\":\"WebSite\",\"@id\":\"https:\/\/www.riacanada.ca\/fr\/#website\",\"url\":\"https:\/\/www.riacanada.ca\/fr\/\",\"name\":\"Responsible Investment Association\",\"description\":\"Canada&#039;s membership network for responsible investment\",\"potentialAction\":[{\"@type\":\"SearchAction\",\"target\":{\"@type\":\"EntryPoint\",\"urlTemplate\":\"https:\/\/www.riacanada.ca\/fr\/?s={search_term_string}\"},\"query-input\":\"required name=search_term_string\"}],\"inLanguage\":\"fr-CA\"}]}<\/script>\n<!-- \/ Yoast SEO plugin. -->","yoast_head_json":{"title":"Gagnant du Leadership individuel - Responsible Investment Association","robots":{"index":"index","follow":"follow","max-snippet":"max-snippet:-1","max-image-preview":"max-image-preview:large","max-video-preview":"max-video-preview:-1"},"canonical":"https:\/\/www.riacanada.ca\/fr\/prix\/gagnant-du-leadership-individuel\/","og_locale":"fr_FR","og_type":"article","og_title":"Gagnant du Leadership individuel - Responsible Investment Association","og_description":"Tim Nash Projet\u00a0: \u00c9ducation du march\u00e9 &#8211; Sensibilisation du public Les membres de l&rsquo;AIR savent qu&rsquo;il y a un \u00e9norme manque de connaissances et que beaucoup de Canadiens s&rsquo;int\u00e9ressent \u00e0 l&rsquo;ISR, mais que peu le pratiquent r\u00e9ellement. Tout au long de l&rsquo;ann\u00e9e 2019, Tim Nash s&rsquo;est donn\u00e9 pour mission de sensibiliser les investisseurs r\u00e9guliers aux [&hellip;]","og_url":"https:\/\/www.riacanada.ca\/fr\/prix\/gagnant-du-leadership-individuel\/","og_site_name":"Responsible Investment Association","article_modified_time":"2022-03-10T14:00:11+00:00","og_image":[{"url":"https:\/\/www.riacanada.ca\/content\/uploads\/2020\/06\/Winner-4.png"}],"twitter_card":"summary_large_image","twitter_misc":{"Est. reading time":"2 minutes"},"schema":{"@context":"https:\/\/schema.org","@graph":[{"@type":"WebPage","@id":"https:\/\/www.riacanada.ca\/fr\/prix\/gagnant-du-leadership-individuel\/","url":"https:\/\/www.riacanada.ca\/fr\/prix\/gagnant-du-leadership-individuel\/","name":"Gagnant du Leadership individuel - Responsible Investment Association","isPartOf":{"@id":"https:\/\/www.riacanada.ca\/fr\/#website"},"datePublished":"2020-06-07T21:15:49+00:00","dateModified":"2022-03-10T14:00:11+00:00","breadcrumb":{"@id":"https:\/\/www.riacanada.ca\/fr\/prix\/gagnant-du-leadership-individuel\/#breadcrumb"},"inLanguage":"fr-CA","potentialAction":[{"@type":"ReadAction","target":["https:\/\/www.riacanada.ca\/fr\/prix\/gagnant-du-leadership-individuel\/"]}]},{"@type":"BreadcrumbList","@id":"https:\/\/www.riacanada.ca\/fr\/prix\/gagnant-du-leadership-individuel\/#breadcrumb","itemListElement":[{"@type":"ListItem","position":1,"name":"Home","item":"https:\/\/www.riacanada.ca\/fr\/"},{"@type":"ListItem","position":2,"name":"Prix","item":"https:\/\/www.riacanada.ca\/fr\/prix\/"},{"@type":"ListItem","position":3,"name":"Gagnant du Leadership individuel"}]},{"@type":"WebSite","@id":"https:\/\/www.riacanada.ca\/fr\/#website","url":"https:\/\/www.riacanada.ca\/fr\/","name":"Responsible Investment Association","description":"Canada&#039;s membership network for responsible investment","potentialAction":[{"@type":"SearchAction","target":{"@type":"EntryPoint","urlTemplate":"https:\/\/www.riacanada.ca\/fr\/?s={search_term_string}"},"query-input":"required name=search_term_string"}],"inLanguage":"fr-CA"}]}},"_links":{"self":[{"href":"https:\/\/www.riacanada.ca\/fr\/wp-json\/wp\/v2\/pages\/62005"}],"collection":[{"href":"https:\/\/www.riacanada.ca\/fr\/wp-json\/wp\/v2\/pages"}],"about":[{"href":"https:\/\/www.riacanada.ca\/fr\/wp-json\/wp\/v2\/types\/page"}],"author":[{"embeddable":true,"href":"https:\/\/www.riacanada.ca\/fr\/wp-json\/wp\/v2\/users\/7472"}],"replies":[{"embeddable":true,"href":"https:\/\/www.riacanada.ca\/fr\/wp-json\/wp\/v2\/comments?post=62005"}],"version-history":[{"count":4,"href":"https:\/\/www.riacanada.ca\/fr\/wp-json\/wp\/v2\/pages\/62005\/revisions"}],"predecessor-version":[{"id":62022,"href":"https:\/\/www.riacanada.ca\/fr\/wp-json\/wp\/v2\/pages\/62005\/revisions\/62022"}],"up":[{"embeddable":true,"href":"https:\/\/www.riacanada.ca\/fr\/wp-json\/wp\/v2\/pages\/40315"}],"wp:attachment":[{"href":"https:\/\/www.riacanada.ca\/fr\/wp-json\/wp\/v2\/media?parent=62005"}],"curies":[{"name":"wp","href":"https:\/\/api.w.org\/{rel}","templated":true}]}}