{"id":62026,"date":"2020-06-07T18:27:46","date_gmt":"2020-06-07T22:27:46","guid":{"rendered":"https:\/\/www.riacanada.ca\/?page_id=62026"},"modified":"2022-03-10T09:18:26","modified_gmt":"2022-03-10T14:18:26","slug":"finaliste-en-leadership-individuel","status":"publish","type":"page","link":"https:\/\/www.riacanada.ca\/fr\/prix\/finaliste-en-leadership-individuel\/","title":{"rendered":"Finaliste en Leadership individuel"},"content":{"rendered":"\n<div class=\"wp-block-image\"><figure class=\"aligncenter is-resized\"><img decoding=\"async\" loading=\"lazy\" src=\"https:\/\/www.riacanada.ca\/content\/uploads\/2020\/06\/Gabriel-Flores.png\" alt=\"\" class=\"wp-image-42472\" width=\"203\" height=\"170\"\/><\/figure><\/div>\n\n\n\n<p style=\"text-align:center\"><strong>Gabriel Flores<\/strong><\/p>\n\n\n\n<p style=\"text-align:center\"><strong><em>Projet\u00a0:<\/em> \u00c9ducation du march\u00e9 &#8211; Montrer l&rsquo;exemple<\/strong><\/p>\n\n\n\n<p style=\"text-align:left\">Au cours de la derni\u00e8re ann\u00e9e, j&rsquo;ai organis\u00e9 des s\u00e9minaires pour les investisseurs afin d&rsquo;\u00e9duquer et d&rsquo;informer le public ainsi que mes coll\u00e8gues de la Banque Royale sur l&rsquo;investissement responsable.<\/p>\n\n\n\n<p style=\"text-align:left\">S&rsquo;exprimer publiquement sur les diff\u00e9rentes questions relatives \u00e0 l&rsquo;IR consiste notamment \u00e0 d\u00e9boulonner les mythes, \u00e0 d\u00e9finir les termes, \u00e0 identifier les risques d&rsquo;inertie et les opportunit\u00e9s que repr\u00e9sente l&rsquo;IR.<\/p>\n\n\n\n<p style=\"text-align:left\">Le leadership d&rsquo;un mouvement d&rsquo;investissement a n\u00e9cessit\u00e9 l&rsquo;\u00e9laboration d&rsquo;une pr\u00e9sentation qui fournit tous les points de donn\u00e9es les plus r\u00e9cents, mais aussi un appel \u00e0 l&rsquo;action distinct pour que les investisseurs apportent un changement avec leur capital.<\/p>\n\n\n\n<p style=\"text-align:left\">La capacit\u00e9 de tirer parti de la plateforme que RBC m&rsquo;a offerte pour parler de l&rsquo;IR a, esp\u00e9rons-le, favoris\u00e9 la cause et permis aux investisseurs de mieux comprendre le changement qu&rsquo;ils peuvent avoir gr\u00e2ce \u00e0 une allocation responsable de leur capital.<\/p>\n\n\n\n<p style=\"text-align:left\">L&rsquo;initiative a n\u00e9cessit\u00e9 des recherches rigoureuses pour pr\u00e9senter les preuves empiriques de la fa\u00e7on dont l&rsquo;IR peut faire une diff\u00e9rence significative dans les r\u00e9sultats d&rsquo;investissement, ainsi que pour r\u00e9pondre \u00e0 un besoin refoul\u00e9 du grand public de trouver des conseils d&rsquo;investissement professionnels qui peuvent les guider vers leurs objectifs d&rsquo;une mani\u00e8re responsable.<\/p>\n\n\n\n<p style=\"text-align:left\"><a href=\"https:\/\/www.riacanada.ca\/news\/2020-ria-leadership-award-winners\/\">En savoir plus sur les Prix de leadership de l&rsquo;AIR 2020.<\/a><\/p>\n","protected":false},"excerpt":{"rendered":"<p>Gabriel Flores Projet\u00a0: \u00c9ducation du march\u00e9 &#8211; Montrer l&rsquo;exemple Au cours de la derni\u00e8re ann\u00e9e, j&rsquo;ai organis\u00e9 des s\u00e9minaires pour les investisseurs afin d&rsquo;\u00e9duquer et d&rsquo;informer le public ainsi que mes coll\u00e8gues de la Banque Royale sur l&rsquo;investissement responsable. S&rsquo;exprimer publiquement sur les diff\u00e9rentes questions relatives \u00e0 l&rsquo;IR consiste notamment \u00e0 d\u00e9boulonner les mythes, \u00e0 [&hellip;]<\/p>\n","protected":false},"author":7472,"featured_media":0,"parent":40315,"menu_order":0,"comment_status":"closed","ping_status":"closed","template":"","meta":{"footnotes":""},"acf":[],"yoast_head":"<!-- This site is optimized with the Yoast SEO plugin v21.0 - https:\/\/yoast.com\/wordpress\/plugins\/seo\/ -->\n<title>Finaliste en Leadership individuel - Responsible Investment Association<\/title>\n<meta name=\"robots\" content=\"index, follow, max-snippet:-1, max-image-preview:large, max-video-preview:-1\" \/>\n<link rel=\"canonical\" href=\"https:\/\/www.riacanada.ca\/fr\/prix\/finaliste-en-leadership-individuel\/\" \/>\n<meta property=\"og:locale\" content=\"fr_FR\" \/>\n<meta property=\"og:type\" content=\"article\" \/>\n<meta property=\"og:title\" content=\"Finaliste en Leadership individuel - Responsible Investment Association\" \/>\n<meta property=\"og:description\" content=\"Gabriel Flores Projet\u00a0: \u00c9ducation du march\u00e9 &#8211; Montrer l&rsquo;exemple Au cours de la derni\u00e8re ann\u00e9e, j&rsquo;ai organis\u00e9 des s\u00e9minaires pour les investisseurs afin d&rsquo;\u00e9duquer et d&rsquo;informer le public ainsi que mes coll\u00e8gues de la Banque Royale sur l&rsquo;investissement responsable. S&rsquo;exprimer publiquement sur les diff\u00e9rentes questions relatives \u00e0 l&rsquo;IR consiste notamment \u00e0 d\u00e9boulonner les mythes, \u00e0 [&hellip;]\" \/>\n<meta property=\"og:url\" content=\"https:\/\/www.riacanada.ca\/fr\/prix\/finaliste-en-leadership-individuel\/\" \/>\n<meta property=\"og:site_name\" content=\"Responsible Investment Association\" \/>\n<meta property=\"article:modified_time\" content=\"2022-03-10T14:18:26+00:00\" \/>\n<meta property=\"og:image\" content=\"https:\/\/www.riacanada.ca\/content\/uploads\/2020\/06\/Gabriel-Flores.png\" \/>\n<meta name=\"twitter:card\" content=\"summary_large_image\" \/>\n<meta name=\"twitter:label1\" content=\"Est. reading time\" \/>\n\t<meta name=\"twitter:data1\" content=\"1 minute\" \/>\n<script type=\"application\/ld+json\" class=\"yoast-schema-graph\">{\"@context\":\"https:\/\/schema.org\",\"@graph\":[{\"@type\":\"WebPage\",\"@id\":\"https:\/\/www.riacanada.ca\/fr\/prix\/finaliste-en-leadership-individuel\/\",\"url\":\"https:\/\/www.riacanada.ca\/fr\/prix\/finaliste-en-leadership-individuel\/\",\"name\":\"Finaliste en Leadership individuel - Responsible Investment Association\",\"isPartOf\":{\"@id\":\"https:\/\/www.riacanada.ca\/fr\/#website\"},\"datePublished\":\"2020-06-07T22:27:46+00:00\",\"dateModified\":\"2022-03-10T14:18:26+00:00\",\"breadcrumb\":{\"@id\":\"https:\/\/www.riacanada.ca\/fr\/prix\/finaliste-en-leadership-individuel\/#breadcrumb\"},\"inLanguage\":\"fr-CA\",\"potentialAction\":[{\"@type\":\"ReadAction\",\"target\":[\"https:\/\/www.riacanada.ca\/fr\/prix\/finaliste-en-leadership-individuel\/\"]}]},{\"@type\":\"BreadcrumbList\",\"@id\":\"https:\/\/www.riacanada.ca\/fr\/prix\/finaliste-en-leadership-individuel\/#breadcrumb\",\"itemListElement\":[{\"@type\":\"ListItem\",\"position\":1,\"name\":\"Home\",\"item\":\"https:\/\/www.riacanada.ca\/fr\/\"},{\"@type\":\"ListItem\",\"position\":2,\"name\":\"Prix\",\"item\":\"https:\/\/www.riacanada.ca\/fr\/prix\/\"},{\"@type\":\"ListItem\",\"position\":3,\"name\":\"Finaliste en Leadership individuel\"}]},{\"@type\":\"WebSite\",\"@id\":\"https:\/\/www.riacanada.ca\/fr\/#website\",\"url\":\"https:\/\/www.riacanada.ca\/fr\/\",\"name\":\"Responsible Investment Association\",\"description\":\"Canada&#039;s membership network for responsible investment\",\"potentialAction\":[{\"@type\":\"SearchAction\",\"target\":{\"@type\":\"EntryPoint\",\"urlTemplate\":\"https:\/\/www.riacanada.ca\/fr\/?s={search_term_string}\"},\"query-input\":\"required name=search_term_string\"}],\"inLanguage\":\"fr-CA\"}]}<\/script>\n<!-- \/ Yoast SEO plugin. -->","yoast_head_json":{"title":"Finaliste en Leadership individuel - Responsible Investment Association","robots":{"index":"index","follow":"follow","max-snippet":"max-snippet:-1","max-image-preview":"max-image-preview:large","max-video-preview":"max-video-preview:-1"},"canonical":"https:\/\/www.riacanada.ca\/fr\/prix\/finaliste-en-leadership-individuel\/","og_locale":"fr_FR","og_type":"article","og_title":"Finaliste en Leadership individuel - Responsible Investment Association","og_description":"Gabriel Flores Projet\u00a0: \u00c9ducation du march\u00e9 &#8211; Montrer l&rsquo;exemple Au cours de la derni\u00e8re ann\u00e9e, j&rsquo;ai organis\u00e9 des s\u00e9minaires pour les investisseurs afin d&rsquo;\u00e9duquer et d&rsquo;informer le public ainsi que mes coll\u00e8gues de la Banque Royale sur l&rsquo;investissement responsable. S&rsquo;exprimer publiquement sur les diff\u00e9rentes questions relatives \u00e0 l&rsquo;IR consiste notamment \u00e0 d\u00e9boulonner les mythes, \u00e0 [&hellip;]","og_url":"https:\/\/www.riacanada.ca\/fr\/prix\/finaliste-en-leadership-individuel\/","og_site_name":"Responsible Investment Association","article_modified_time":"2022-03-10T14:18:26+00:00","og_image":[{"url":"https:\/\/www.riacanada.ca\/content\/uploads\/2020\/06\/Gabriel-Flores.png"}],"twitter_card":"summary_large_image","twitter_misc":{"Est. reading time":"1 minute"},"schema":{"@context":"https:\/\/schema.org","@graph":[{"@type":"WebPage","@id":"https:\/\/www.riacanada.ca\/fr\/prix\/finaliste-en-leadership-individuel\/","url":"https:\/\/www.riacanada.ca\/fr\/prix\/finaliste-en-leadership-individuel\/","name":"Finaliste en Leadership individuel - Responsible Investment Association","isPartOf":{"@id":"https:\/\/www.riacanada.ca\/fr\/#website"},"datePublished":"2020-06-07T22:27:46+00:00","dateModified":"2022-03-10T14:18:26+00:00","breadcrumb":{"@id":"https:\/\/www.riacanada.ca\/fr\/prix\/finaliste-en-leadership-individuel\/#breadcrumb"},"inLanguage":"fr-CA","potentialAction":[{"@type":"ReadAction","target":["https:\/\/www.riacanada.ca\/fr\/prix\/finaliste-en-leadership-individuel\/"]}]},{"@type":"BreadcrumbList","@id":"https:\/\/www.riacanada.ca\/fr\/prix\/finaliste-en-leadership-individuel\/#breadcrumb","itemListElement":[{"@type":"ListItem","position":1,"name":"Home","item":"https:\/\/www.riacanada.ca\/fr\/"},{"@type":"ListItem","position":2,"name":"Prix","item":"https:\/\/www.riacanada.ca\/fr\/prix\/"},{"@type":"ListItem","position":3,"name":"Finaliste en Leadership individuel"}]},{"@type":"WebSite","@id":"https:\/\/www.riacanada.ca\/fr\/#website","url":"https:\/\/www.riacanada.ca\/fr\/","name":"Responsible Investment Association","description":"Canada&#039;s membership network for responsible investment","potentialAction":[{"@type":"SearchAction","target":{"@type":"EntryPoint","urlTemplate":"https:\/\/www.riacanada.ca\/fr\/?s={search_term_string}"},"query-input":"required name=search_term_string"}],"inLanguage":"fr-CA"}]}},"_links":{"self":[{"href":"https:\/\/www.riacanada.ca\/fr\/wp-json\/wp\/v2\/pages\/62026"}],"collection":[{"href":"https:\/\/www.riacanada.ca\/fr\/wp-json\/wp\/v2\/pages"}],"about":[{"href":"https:\/\/www.riacanada.ca\/fr\/wp-json\/wp\/v2\/types\/page"}],"author":[{"embeddable":true,"href":"https:\/\/www.riacanada.ca\/fr\/wp-json\/wp\/v2\/users\/7472"}],"replies":[{"embeddable":true,"href":"https:\/\/www.riacanada.ca\/fr\/wp-json\/wp\/v2\/comments?post=62026"}],"version-history":[{"count":1,"href":"https:\/\/www.riacanada.ca\/fr\/wp-json\/wp\/v2\/pages\/62026\/revisions"}],"predecessor-version":[{"id":62031,"href":"https:\/\/www.riacanada.ca\/fr\/wp-json\/wp\/v2\/pages\/62026\/revisions\/62031"}],"up":[{"embeddable":true,"href":"https:\/\/www.riacanada.ca\/fr\/wp-json\/wp\/v2\/pages\/40315"}],"wp:attachment":[{"href":"https:\/\/www.riacanada.ca\/fr\/wp-json\/wp\/v2\/media?parent=62026"}],"curies":[{"name":"wp","href":"https:\/\/api.w.org\/{rel}","templated":true}]}}