{"id":65090,"date":"2022-06-06T08:46:31","date_gmt":"2022-06-06T12:46:31","guid":{"rendered":"https:\/\/www.riacanada.ca\/?page_id=65090"},"modified":"2022-06-06T08:48:32","modified_gmt":"2022-06-06T12:48:32","slug":"gagnant-de-lintendance-2022","status":"publish","type":"page","link":"https:\/\/www.riacanada.ca\/fr\/gagnant-de-lintendance-2022\/","title":{"rendered":"Gagnant de l\u2019Intendance (2022)"},"content":{"rendered":"\n<div class=\"wp-block-image\"><figure class=\"aligncenter is-resized\"><img decoding=\"async\" loading=\"lazy\" src=\"https:\/\/www.riacanada.ca\/content\/uploads\/2021\/06\/BMO-GAM-TEST-FR.png\" alt=\"\" class=\"wp-image-54566\" width=\"274\" height=\"227\"\/><\/figure><\/div>\n\n\n\n<p style=\"text-align:center\"><strong>BMO Gestion mondiale d\u2019actifs<\/strong><br><br><strong><em>Projet<\/em> : Action climatique : Une approche globale pour faire progresser la transition \u00e9nerg\u00e9tique au Canada<\/strong><\/p>\n\n\n\n<p style=\"text-align:left\">De nombreuses entreprises ont pris des engagements nets z\u00e9ro d\u2019ici 2050. Le th\u00e8me de l\u2019action climatique de BMO Gestion mondiale d\u2019actifs (BMO GMA) encourage des feuilles de route solides pour atteindre z\u00e9ro \u00e9mission nette en mettant de l\u2019ordre dans les affaires de BMO GMA, en s\u2019engageant sur les risques de transition juste dans les secteurs de l\u2019\u00e9nergie traditionnelle et renouvelable et en assurant une voix unifi\u00e9e des investisseurs aupr\u00e8s de l\u2019industrie et du gouvernement. &nbsp;<br><\/p>\n\n\n\n<p style=\"text-align:left\">En tant que l\u2019un des deux th\u00e8mes cl\u00e9s de son approche en mati\u00e8re d\u2019IR, BMO GMA a fait progresser Action Climat Canada par les moyens suivants<\/p>\n\n\n\n<p style=\"text-align:left\"><strong>1. Intendance d\u2019entreprise&nbsp;:&nbsp;<br><\/strong>-44 engagements, 12&nbsp;\u00e9tapes<br>-Vote contre un candidat canadien au poste d\u2019administrateur dans un secteur \u00e0 fort impact, qui ne dispose pas d\u2019informations solides sur les objectifs de r\u00e9duction des \u00e9missions et la gestion des risques li\u00e9s au climat.<\/p>\n\n\n\n<p style=\"text-align:left\"><strong>2. Les soumissions de consultation des d\u00e9cideurs, groupes de l\u2019industrie (par exemple, l\u2019ACGA) et collaboration&nbsp;:<\/strong> par exemple, les recommandations sur les divulgations li\u00e9es au climat, \u00e9labor\u00e9es en collaboration avec des investisseurs pairs, ont \u00e9t\u00e9 incluses par le Groupe de travail sur la modernisation&nbsp;relative aux&nbsp;march\u00e9s financiers de l\u2019Ontario.<br><\/p>\n\n\n\n<p style=\"text-align:left\"><strong>3. Initiatives de collaboration&nbsp;:<\/strong> co-auteur de la D\u00e9claration des investisseurs canadiens sur les changements climatiques, signataire fondateur et membre du comit\u00e9 directeur d\u2019Engagement climatique Canada.<br><\/p>\n\n\n\n<p style=\"text-align:left\"><strong>4. Leadership en mati\u00e8re de climat&nbsp;: <\/strong>communication \u00e0 des milliers de parties prenantes, notamment sur les cinq d\u00e9fis de l\u2019investissement \u00e0 z\u00e9ro \u00e9mission nette, le lien entre la transition et les droits des autochtones, et les questions \u00e0 poser sur le consentement pr\u00e9alable, libre et \u00e9clair\u00e9 (CPLE).<br><\/p>\n\n\n\n<p style=\"text-align:left\"><strong>Objectif global&nbsp;:<\/strong> Alors que la feuille de route d\u00e9cennale de BMO GMA est ax\u00e9e sur l\u2019obtention de r\u00e9sultats concrets gr\u00e2ce \u00e0 une action significative en faveur du climat, les objectifs de 2021 \u00e9taient les suivants&nbsp;:&nbsp;<br><\/p>\n\n\n\n<p style=\"text-align:left\">1) Reconstruire l\u2019expertise climatique interne&nbsp;<\/p>\n\n\n\n<p style=\"text-align:left\">2) Aller au-del\u00e0 des engagements nets z\u00e9ro dans le cadre de la mise en \u0153uvre<\/p>\n\n\n\n<p style=\"text-align:left\">3) Inclure l\u2019accent sur les risques \u00ab&nbsp;S&nbsp;\u00bb connexes<br><\/p>\n\n\n\n<hr class=\"wp-block-separator\"\/>\n\n\n\n<p style=\"text-align:left\"><strong><em>Finaliste<\/em>: Ninety&nbsp;One<\/strong><br><strong><em>Projet<\/em>: Intendance chez Ninety One<\/strong><\/p>\n\n\n\n<p style=\"text-align:left\">Les fiches de pointage des gagnants et des finalistes sont disponibles\u00a0<a href=\"https:\/\/www.riacanada.ca\/content\/uploads\/2022\/06\/2022-Awards-Winner-Finalist-Scorecard-PUBLIC.xlsx-Stewardship.pdf\" target=\"_blank\" rel=\"noreferrer noopener\" aria-label=\"ici (opens in a new tab)\">ici<\/a>.<br><br><a href=\"https:\/\/www.riacanada.ca\/fr\/news\/prix-du-leadership-de-lair-2022-gagnants-et-finalistes\/\">En savoir plus sur les Prix du leadership de l\u2019AIR 2022.<\/a><br><\/p>\n","protected":false},"excerpt":{"rendered":"<p>BMO Gestion mondiale d\u2019actifs Projet : Action climatique : Une approche globale pour faire progresser la transition \u00e9nerg\u00e9tique au Canada De nombreuses entreprises ont pris des engagements nets z\u00e9ro d\u2019ici 2050. Le th\u00e8me de l\u2019action climatique de BMO Gestion mondiale d\u2019actifs (BMO GMA) encourage des feuilles de route solides pour atteindre z\u00e9ro \u00e9mission nette en [&hellip;]<\/p>\n","protected":false},"author":7472,"featured_media":0,"parent":0,"menu_order":0,"comment_status":"closed","ping_status":"closed","template":"","meta":{"footnotes":""},"acf":[],"yoast_head":"<!-- This site is optimized with the Yoast SEO plugin v21.0 - https:\/\/yoast.com\/wordpress\/plugins\/seo\/ -->\n<title>Gagnant de l\u2019Intendance (2022) - Responsible Investment Association<\/title>\n<meta name=\"robots\" content=\"index, follow, max-snippet:-1, max-image-preview:large, max-video-preview:-1\" \/>\n<link rel=\"canonical\" href=\"https:\/\/www.riacanada.ca\/fr\/gagnant-de-lintendance-2022\/\" \/>\n<meta property=\"og:locale\" content=\"fr_FR\" \/>\n<meta property=\"og:type\" content=\"article\" \/>\n<meta property=\"og:title\" content=\"Gagnant de l\u2019Intendance (2022) - Responsible Investment Association\" \/>\n<meta property=\"og:description\" content=\"BMO Gestion mondiale d\u2019actifs Projet : Action climatique : Une approche globale pour faire progresser la transition \u00e9nerg\u00e9tique au Canada De nombreuses entreprises ont pris des engagements nets z\u00e9ro d\u2019ici 2050. Le th\u00e8me de l\u2019action climatique de BMO Gestion mondiale d\u2019actifs (BMO GMA) encourage des feuilles de route solides pour atteindre z\u00e9ro \u00e9mission nette en [&hellip;]\" \/>\n<meta property=\"og:url\" content=\"https:\/\/www.riacanada.ca\/fr\/gagnant-de-lintendance-2022\/\" \/>\n<meta property=\"og:site_name\" content=\"Responsible Investment Association\" \/>\n<meta property=\"article:modified_time\" content=\"2022-06-06T12:48:32+00:00\" \/>\n<meta property=\"og:image\" content=\"https:\/\/www.riacanada.ca\/content\/uploads\/2021\/06\/BMO-GAM-TEST-FR.png\" \/>\n<meta name=\"twitter:card\" content=\"summary_large_image\" \/>\n<meta name=\"twitter:label1\" content=\"Est. reading time\" \/>\n\t<meta name=\"twitter:data1\" content=\"2 minutes\" \/>\n<script type=\"application\/ld+json\" class=\"yoast-schema-graph\">{\"@context\":\"https:\/\/schema.org\",\"@graph\":[{\"@type\":\"WebPage\",\"@id\":\"https:\/\/www.riacanada.ca\/fr\/gagnant-de-lintendance-2022\/\",\"url\":\"https:\/\/www.riacanada.ca\/fr\/gagnant-de-lintendance-2022\/\",\"name\":\"Gagnant de l\u2019Intendance (2022) - Responsible Investment Association\",\"isPartOf\":{\"@id\":\"https:\/\/www.riacanada.ca\/fr\/#website\"},\"datePublished\":\"2022-06-06T12:46:31+00:00\",\"dateModified\":\"2022-06-06T12:48:32+00:00\",\"breadcrumb\":{\"@id\":\"https:\/\/www.riacanada.ca\/fr\/gagnant-de-lintendance-2022\/#breadcrumb\"},\"inLanguage\":\"fr-CA\",\"potentialAction\":[{\"@type\":\"ReadAction\",\"target\":[\"https:\/\/www.riacanada.ca\/fr\/gagnant-de-lintendance-2022\/\"]}]},{\"@type\":\"BreadcrumbList\",\"@id\":\"https:\/\/www.riacanada.ca\/fr\/gagnant-de-lintendance-2022\/#breadcrumb\",\"itemListElement\":[{\"@type\":\"ListItem\",\"position\":1,\"name\":\"Home\",\"item\":\"https:\/\/www.riacanada.ca\/fr\/\"},{\"@type\":\"ListItem\",\"position\":2,\"name\":\"Gagnant de l\u2019Intendance (2022)\"}]},{\"@type\":\"WebSite\",\"@id\":\"https:\/\/www.riacanada.ca\/fr\/#website\",\"url\":\"https:\/\/www.riacanada.ca\/fr\/\",\"name\":\"Responsible Investment Association\",\"description\":\"Canada&#039;s membership network for responsible investment\",\"potentialAction\":[{\"@type\":\"SearchAction\",\"target\":{\"@type\":\"EntryPoint\",\"urlTemplate\":\"https:\/\/www.riacanada.ca\/fr\/?s={search_term_string}\"},\"query-input\":\"required name=search_term_string\"}],\"inLanguage\":\"fr-CA\"}]}<\/script>\n<!-- \/ Yoast SEO plugin. -->","yoast_head_json":{"title":"Gagnant de l\u2019Intendance (2022) - Responsible Investment Association","robots":{"index":"index","follow":"follow","max-snippet":"max-snippet:-1","max-image-preview":"max-image-preview:large","max-video-preview":"max-video-preview:-1"},"canonical":"https:\/\/www.riacanada.ca\/fr\/gagnant-de-lintendance-2022\/","og_locale":"fr_FR","og_type":"article","og_title":"Gagnant de l\u2019Intendance (2022) - Responsible Investment Association","og_description":"BMO Gestion mondiale d\u2019actifs Projet : Action climatique : Une approche globale pour faire progresser la transition \u00e9nerg\u00e9tique au Canada De nombreuses entreprises ont pris des engagements nets z\u00e9ro d\u2019ici 2050. Le th\u00e8me de l\u2019action climatique de BMO Gestion mondiale d\u2019actifs (BMO GMA) encourage des feuilles de route solides pour atteindre z\u00e9ro \u00e9mission nette en [&hellip;]","og_url":"https:\/\/www.riacanada.ca\/fr\/gagnant-de-lintendance-2022\/","og_site_name":"Responsible Investment Association","article_modified_time":"2022-06-06T12:48:32+00:00","og_image":[{"url":"https:\/\/www.riacanada.ca\/content\/uploads\/2021\/06\/BMO-GAM-TEST-FR.png"}],"twitter_card":"summary_large_image","twitter_misc":{"Est. reading time":"2 minutes"},"schema":{"@context":"https:\/\/schema.org","@graph":[{"@type":"WebPage","@id":"https:\/\/www.riacanada.ca\/fr\/gagnant-de-lintendance-2022\/","url":"https:\/\/www.riacanada.ca\/fr\/gagnant-de-lintendance-2022\/","name":"Gagnant de l\u2019Intendance (2022) - Responsible Investment Association","isPartOf":{"@id":"https:\/\/www.riacanada.ca\/fr\/#website"},"datePublished":"2022-06-06T12:46:31+00:00","dateModified":"2022-06-06T12:48:32+00:00","breadcrumb":{"@id":"https:\/\/www.riacanada.ca\/fr\/gagnant-de-lintendance-2022\/#breadcrumb"},"inLanguage":"fr-CA","potentialAction":[{"@type":"ReadAction","target":["https:\/\/www.riacanada.ca\/fr\/gagnant-de-lintendance-2022\/"]}]},{"@type":"BreadcrumbList","@id":"https:\/\/www.riacanada.ca\/fr\/gagnant-de-lintendance-2022\/#breadcrumb","itemListElement":[{"@type":"ListItem","position":1,"name":"Home","item":"https:\/\/www.riacanada.ca\/fr\/"},{"@type":"ListItem","position":2,"name":"Gagnant de l\u2019Intendance (2022)"}]},{"@type":"WebSite","@id":"https:\/\/www.riacanada.ca\/fr\/#website","url":"https:\/\/www.riacanada.ca\/fr\/","name":"Responsible Investment Association","description":"Canada&#039;s membership network for responsible investment","potentialAction":[{"@type":"SearchAction","target":{"@type":"EntryPoint","urlTemplate":"https:\/\/www.riacanada.ca\/fr\/?s={search_term_string}"},"query-input":"required name=search_term_string"}],"inLanguage":"fr-CA"}]}},"_links":{"self":[{"href":"https:\/\/www.riacanada.ca\/fr\/wp-json\/wp\/v2\/pages\/65090"}],"collection":[{"href":"https:\/\/www.riacanada.ca\/fr\/wp-json\/wp\/v2\/pages"}],"about":[{"href":"https:\/\/www.riacanada.ca\/fr\/wp-json\/wp\/v2\/types\/page"}],"author":[{"embeddable":true,"href":"https:\/\/www.riacanada.ca\/fr\/wp-json\/wp\/v2\/users\/7472"}],"replies":[{"embeddable":true,"href":"https:\/\/www.riacanada.ca\/fr\/wp-json\/wp\/v2\/comments?post=65090"}],"version-history":[{"count":4,"href":"https:\/\/www.riacanada.ca\/fr\/wp-json\/wp\/v2\/pages\/65090\/revisions"}],"predecessor-version":[{"id":65231,"href":"https:\/\/www.riacanada.ca\/fr\/wp-json\/wp\/v2\/pages\/65090\/revisions\/65231"}],"wp:attachment":[{"href":"https:\/\/www.riacanada.ca\/fr\/wp-json\/wp\/v2\/media?parent=65090"}],"curies":[{"name":"wp","href":"https:\/\/api.w.org\/{rel}","templated":true}]}}