{"id":65098,"date":"2022-06-06T08:49:22","date_gmt":"2022-06-06T12:49:22","guid":{"rendered":"https:\/\/www.riacanada.ca\/?page_id=65098"},"modified":"2022-06-06T08:49:48","modified_gmt":"2022-06-06T12:49:48","slug":"finaliste-de-lintendance-2022","status":"publish","type":"page","link":"https:\/\/www.riacanada.ca\/fr\/finaliste-de-lintendance-2022\/","title":{"rendered":"Finaliste de l\u2019Intendance (2022)"},"content":{"rendered":"\n<div class=\"wp-block-image\"><figure class=\"aligncenter is-resized\"><img decoding=\"async\" loading=\"lazy\" src=\"https:\/\/www.riacanada.ca\/content\/uploads\/2021\/04\/Ocean-Teal_HEXlogo_91-1000x491.png\" alt=\"\" class=\"wp-image-53576\" width=\"273\" height=\"133\" srcset=\"https:\/\/www.riacanada.ca\/content\/uploads\/2021\/04\/Ocean-Teal_HEXlogo_91-1000x491.png 1000w, https:\/\/www.riacanada.ca\/content\/uploads\/2021\/04\/Ocean-Teal_HEXlogo_91-500x246.png 500w, https:\/\/www.riacanada.ca\/content\/uploads\/2021\/04\/Ocean-Teal_HEXlogo_91-768x377.png 768w, https:\/\/www.riacanada.ca\/content\/uploads\/2021\/04\/Ocean-Teal_HEXlogo_91.png 1401w\" sizes=\"(max-width: 273px) 100vw, 273px\" \/><figcaption><br><\/figcaption><\/figure><\/div>\n\n\n\n<p style=\"text-align:center\"><strong>Ninety One<br><br><em>Projet<\/em>&nbsp;: Intendance chez Ninety One<\/strong><\/p>\n\n\n\n<p style=\"text-align:left\">Ninety One estime que son r\u00f4le d\u2019investisseur actif n\u00e9cessite une approche holistique de la durabilit\u00e9. Cela inclut un engagement envers le plaidoyer o\u00f9 Ninety One peut influencer les clients, les parties prenantes et les d\u00e9cideurs.&nbsp;<\/p>\n\n\n\n<p style=\"text-align:left\">Un exemple qui d\u00e9montre le leadership dans ce domaine est l\u2019initiative de Ninety One visant \u00e0 d\u00e9velopper deux outils importants et uniques pour \u00e9valuer les risques climatiques et l\u2019action climatique dans les \u00c9tats souverains. Bien que certains indices soient disponibles, l\u2019analyse de Ninety One a montr\u00e9 qu\u2019ils manquaient d\u2019ampleur, \u00e9taient souvent de nature trop r\u00e9trograde et ne couvraient g\u00e9n\u00e9ralement qu\u2019un petit sous-ensemble des pays de l\u2019univers d\u2019investissement.&nbsp;<\/p>\n\n\n\n<p style=\"text-align:left\">C\u2019est pourquoi, en collaboration avec le WWF, Ninety One a d\u2019abord d\u00e9velopp\u00e9 le Climate and Nature Sovereign Index (CNSI). Lanc\u00e9 en 2020, le CNSI s\u2019appuie sur un cadre innovant qui utilise des indicateurs en temps r\u00e9el et prospectifs pour \u00e9valuer les risques \u00e0 long terme li\u00e9s au changement climatique et \u00e0 la perte de nature au niveau des pays. Par la suite, Ninety One a d\u00e9velopp\u00e9 l\u2019indice Net Zero Sovereign, avec la contribution du WWF et d\u2019autres. Cet indice \u00e9value sp\u00e9cifiquement l\u2019action climatique des gouvernements, en analysant les tendances des \u00e9missions, de la consommation d\u2019\u00e9nergie, de l\u2019utilisation des terres, des \u00e9nergies renouvelables et des politiques. Il est important de noter que Ninety One comprend \u00e9galement des indicateurs de voies \u00e9quitables, qui tiennent compte de l\u2019\u00e9tat de d\u00e9veloppement et des niveaux de pauvret\u00e9 de ces pays. Ninety One appelle cela une approche de \u00ab&nbsp;transition juste&nbsp;\u00bb.<\/p>\n\n\n\n<p style=\"text-align:left\">Ces cadres, qui sont publics, devraient contribuer \u00e0 une int\u00e9gration plus solide du risque environnemental dans la classe d\u2019actifs de la dette souveraine &#8211; dont on estime qu\u2019elle atteindra plus de 50\u2009000&nbsp;billions de dollars am\u00e9ricains cette ann\u00e9e.<\/p>\n\n\n\n<hr class=\"wp-block-separator\"\/>\n\n\n\n<p>Les fiches de pointage des gagnants et des finalistes sont disponibles\u00a0<a href=\"https:\/\/www.riacanada.ca\/content\/uploads\/2022\/06\/2022-Awards-Winner-Finalist-Scorecard-PUBLIC.xlsx-Stewardship.pdf\" target=\"_blank\" rel=\"noreferrer noopener\" aria-label=\"ici (opens in a new tab)\">ici<\/a>.<\/p>\n\n\n\n<p><a href=\"https:\/\/www.riacanada.ca\/fr\/news\/prix-du-leadership-de-lair-2022-gagnants-et-finalistes\/\">En savoir plus sur les Prix du leadership de l\u2019AIR 2022.\ufeff<\/a><br><\/p>\n","protected":false},"excerpt":{"rendered":"<p>Ninety One Projet&nbsp;: Intendance chez Ninety One Ninety One estime que son r\u00f4le d\u2019investisseur actif n\u00e9cessite une approche holistique de la durabilit\u00e9. Cela inclut un engagement envers le plaidoyer o\u00f9 Ninety One peut influencer les clients, les parties prenantes et les d\u00e9cideurs.&nbsp; Un exemple qui d\u00e9montre le leadership dans ce domaine est l\u2019initiative de Ninety [&hellip;]<\/p>\n","protected":false},"author":7472,"featured_media":0,"parent":0,"menu_order":0,"comment_status":"closed","ping_status":"closed","template":"","meta":{"footnotes":""},"acf":[],"yoast_head":"<!-- This site is optimized with the Yoast SEO plugin v21.0 - https:\/\/yoast.com\/wordpress\/plugins\/seo\/ -->\n<title>Finaliste de l\u2019Intendance (2022) - Responsible Investment Association<\/title>\n<meta name=\"robots\" content=\"index, follow, max-snippet:-1, max-image-preview:large, max-video-preview:-1\" \/>\n<link rel=\"canonical\" href=\"https:\/\/www.riacanada.ca\/fr\/finaliste-de-lintendance-2022\/\" \/>\n<meta property=\"og:locale\" content=\"fr_FR\" \/>\n<meta property=\"og:type\" content=\"article\" \/>\n<meta property=\"og:title\" content=\"Finaliste de l\u2019Intendance (2022) - Responsible Investment Association\" \/>\n<meta property=\"og:description\" content=\"Ninety One Projet&nbsp;: Intendance chez Ninety One Ninety One estime que son r\u00f4le d\u2019investisseur actif n\u00e9cessite une approche holistique de la durabilit\u00e9. Cela inclut un engagement envers le plaidoyer o\u00f9 Ninety One peut influencer les clients, les parties prenantes et les d\u00e9cideurs.&nbsp; Un exemple qui d\u00e9montre le leadership dans ce domaine est l\u2019initiative de Ninety [&hellip;]\" \/>\n<meta property=\"og:url\" content=\"https:\/\/www.riacanada.ca\/fr\/finaliste-de-lintendance-2022\/\" \/>\n<meta property=\"og:site_name\" content=\"Responsible Investment Association\" \/>\n<meta property=\"article:modified_time\" content=\"2022-06-06T12:49:48+00:00\" \/>\n<meta property=\"og:image\" content=\"https:\/\/www.riacanada.ca\/content\/uploads\/2021\/04\/Ocean-Teal_HEXlogo_91-1000x491.png\" \/>\n<meta name=\"twitter:card\" content=\"summary_large_image\" \/>\n<meta name=\"twitter:label1\" content=\"Est. reading time\" \/>\n\t<meta name=\"twitter:data1\" content=\"2 minutes\" \/>\n<script type=\"application\/ld+json\" class=\"yoast-schema-graph\">{\"@context\":\"https:\/\/schema.org\",\"@graph\":[{\"@type\":\"WebPage\",\"@id\":\"https:\/\/www.riacanada.ca\/fr\/finaliste-de-lintendance-2022\/\",\"url\":\"https:\/\/www.riacanada.ca\/fr\/finaliste-de-lintendance-2022\/\",\"name\":\"Finaliste de l\u2019Intendance (2022) - Responsible Investment Association\",\"isPartOf\":{\"@id\":\"https:\/\/www.riacanada.ca\/fr\/#website\"},\"datePublished\":\"2022-06-06T12:49:22+00:00\",\"dateModified\":\"2022-06-06T12:49:48+00:00\",\"breadcrumb\":{\"@id\":\"https:\/\/www.riacanada.ca\/fr\/finaliste-de-lintendance-2022\/#breadcrumb\"},\"inLanguage\":\"fr-CA\",\"potentialAction\":[{\"@type\":\"ReadAction\",\"target\":[\"https:\/\/www.riacanada.ca\/fr\/finaliste-de-lintendance-2022\/\"]}]},{\"@type\":\"BreadcrumbList\",\"@id\":\"https:\/\/www.riacanada.ca\/fr\/finaliste-de-lintendance-2022\/#breadcrumb\",\"itemListElement\":[{\"@type\":\"ListItem\",\"position\":1,\"name\":\"Home\",\"item\":\"https:\/\/www.riacanada.ca\/fr\/\"},{\"@type\":\"ListItem\",\"position\":2,\"name\":\"Finaliste de l\u2019Intendance (2022)\"}]},{\"@type\":\"WebSite\",\"@id\":\"https:\/\/www.riacanada.ca\/fr\/#website\",\"url\":\"https:\/\/www.riacanada.ca\/fr\/\",\"name\":\"Responsible Investment Association\",\"description\":\"Canada&#039;s membership network for responsible investment\",\"potentialAction\":[{\"@type\":\"SearchAction\",\"target\":{\"@type\":\"EntryPoint\",\"urlTemplate\":\"https:\/\/www.riacanada.ca\/fr\/?s={search_term_string}\"},\"query-input\":\"required name=search_term_string\"}],\"inLanguage\":\"fr-CA\"}]}<\/script>\n<!-- \/ Yoast SEO plugin. -->","yoast_head_json":{"title":"Finaliste de l\u2019Intendance (2022) - Responsible Investment Association","robots":{"index":"index","follow":"follow","max-snippet":"max-snippet:-1","max-image-preview":"max-image-preview:large","max-video-preview":"max-video-preview:-1"},"canonical":"https:\/\/www.riacanada.ca\/fr\/finaliste-de-lintendance-2022\/","og_locale":"fr_FR","og_type":"article","og_title":"Finaliste de l\u2019Intendance (2022) - Responsible Investment Association","og_description":"Ninety One Projet&nbsp;: Intendance chez Ninety One Ninety One estime que son r\u00f4le d\u2019investisseur actif n\u00e9cessite une approche holistique de la durabilit\u00e9. Cela inclut un engagement envers le plaidoyer o\u00f9 Ninety One peut influencer les clients, les parties prenantes et les d\u00e9cideurs.&nbsp; Un exemple qui d\u00e9montre le leadership dans ce domaine est l\u2019initiative de Ninety [&hellip;]","og_url":"https:\/\/www.riacanada.ca\/fr\/finaliste-de-lintendance-2022\/","og_site_name":"Responsible Investment Association","article_modified_time":"2022-06-06T12:49:48+00:00","og_image":[{"url":"https:\/\/www.riacanada.ca\/content\/uploads\/2021\/04\/Ocean-Teal_HEXlogo_91-1000x491.png"}],"twitter_card":"summary_large_image","twitter_misc":{"Est. reading time":"2 minutes"},"schema":{"@context":"https:\/\/schema.org","@graph":[{"@type":"WebPage","@id":"https:\/\/www.riacanada.ca\/fr\/finaliste-de-lintendance-2022\/","url":"https:\/\/www.riacanada.ca\/fr\/finaliste-de-lintendance-2022\/","name":"Finaliste de l\u2019Intendance (2022) - Responsible Investment Association","isPartOf":{"@id":"https:\/\/www.riacanada.ca\/fr\/#website"},"datePublished":"2022-06-06T12:49:22+00:00","dateModified":"2022-06-06T12:49:48+00:00","breadcrumb":{"@id":"https:\/\/www.riacanada.ca\/fr\/finaliste-de-lintendance-2022\/#breadcrumb"},"inLanguage":"fr-CA","potentialAction":[{"@type":"ReadAction","target":["https:\/\/www.riacanada.ca\/fr\/finaliste-de-lintendance-2022\/"]}]},{"@type":"BreadcrumbList","@id":"https:\/\/www.riacanada.ca\/fr\/finaliste-de-lintendance-2022\/#breadcrumb","itemListElement":[{"@type":"ListItem","position":1,"name":"Home","item":"https:\/\/www.riacanada.ca\/fr\/"},{"@type":"ListItem","position":2,"name":"Finaliste de l\u2019Intendance (2022)"}]},{"@type":"WebSite","@id":"https:\/\/www.riacanada.ca\/fr\/#website","url":"https:\/\/www.riacanada.ca\/fr\/","name":"Responsible Investment Association","description":"Canada&#039;s membership network for responsible investment","potentialAction":[{"@type":"SearchAction","target":{"@type":"EntryPoint","urlTemplate":"https:\/\/www.riacanada.ca\/fr\/?s={search_term_string}"},"query-input":"required name=search_term_string"}],"inLanguage":"fr-CA"}]}},"_links":{"self":[{"href":"https:\/\/www.riacanada.ca\/fr\/wp-json\/wp\/v2\/pages\/65098"}],"collection":[{"href":"https:\/\/www.riacanada.ca\/fr\/wp-json\/wp\/v2\/pages"}],"about":[{"href":"https:\/\/www.riacanada.ca\/fr\/wp-json\/wp\/v2\/types\/page"}],"author":[{"embeddable":true,"href":"https:\/\/www.riacanada.ca\/fr\/wp-json\/wp\/v2\/users\/7472"}],"replies":[{"embeddable":true,"href":"https:\/\/www.riacanada.ca\/fr\/wp-json\/wp\/v2\/comments?post=65098"}],"version-history":[{"count":3,"href":"https:\/\/www.riacanada.ca\/fr\/wp-json\/wp\/v2\/pages\/65098\/revisions"}],"predecessor-version":[{"id":65233,"href":"https:\/\/www.riacanada.ca\/fr\/wp-json\/wp\/v2\/pages\/65098\/revisions\/65233"}],"wp:attachment":[{"href":"https:\/\/www.riacanada.ca\/fr\/wp-json\/wp\/v2\/media?parent=65098"}],"curies":[{"name":"wp","href":"https:\/\/api.w.org\/{rel}","templated":true}]}}